{"id":1300,"date":"2021-11-17T09:38:29","date_gmt":"2021-11-17T08:38:29","guid":{"rendered":"https:\/\/pb.edu.pl\/brpm\/?page_id=1300"},"modified":"2021-11-17T10:14:33","modified_gmt":"2021-11-17T09:14:33","slug":"inno-eko-tech","status":"publish","type":"page","link":"https:\/\/pb.edu.pl\/brpm\/projekty-pb\/programy-ue\/projekty-zrealizowane\/inno-eko-tech\/","title":{"rendered":"INNO-EKO-TECH"},"content":{"rendered":"<p><img loading=\"lazy\" decoding=\"async\" class=\"aligncenter size-full wp-image-1301\" src=\"https:\/\/pb.edu.pl\/brpm\/wp-content\/uploads\/sites\/6\/2021\/11\/Logo-IS.png\" alt=\"\" width=\"940\" height=\"100\" srcset=\"https:\/\/pb.edu.pl\/brpm\/wp-content\/uploads\/sites\/6\/2021\/11\/Logo-IS.png 940w, https:\/\/pb.edu.pl\/brpm\/wp-content\/uploads\/sites\/6\/2021\/11\/Logo-IS-300x32.png 300w, https:\/\/pb.edu.pl\/brpm\/wp-content\/uploads\/sites\/6\/2021\/11\/Logo-IS-768x82.png 768w\" sizes=\"auto, (max-width: 940px) 100vw, 940px\" \/><\/p>\n<h2><strong>&#8222;INNO \u2013 EKO \u2013 TECH\u201d Innowacyjne centrum dydaktyczno \u2013 badawcze alternatywnych \u017ar\u00f3de\u0142 energii, budownictwa energooszcz\u0119dnego i ochrony \u015brodowiska Politechniki Bia\u0142ostockiej<\/strong> \u2013 projekt zrealizowany przez Politechnik\u0119 Bia\u0142ostock\u0105, wsp\u00f3\u0142finansowany przez Uni\u0119 Europejsk\u0105&nbsp; ze \u015brodk\u00f3w Europejskiego Funduszu Rozwoju Regionalnego w ramach Programu Infrastruktura i \u015arodowisko.<\/h2>\n<h3>Projekt zrealizowany zosta\u0142 w latach 2008-2015, a jego ca\u0142kowity koszt wyni\u00f3s\u0142 80 995 055,46 PLN z czego 80 405 769,85 PLN stanowi\u0142o dofinansowanie z Programu Operacyjnego Infrastruktura i \u015arodowisko.<\/h3>\n<p>G\u0142\u00f3wnym celem projektu by\u0142a budowa i wyposa\u017cenie nowoczesnego Centrum dydaktyczno \u2013 badawczego alternatywnych \u017ar\u00f3de\u0142 energii, budownictwa energooszcz\u0119dnego i ochrony \u015brodowiska przy Wydziale Budownictwa i In\u017cynierii \u015arodowiska PB (WBiI\u015a), a tak\u017ce podniesienie jako\u015bci kszta\u0142cenia poprzez wykorzystanie w procesie dydaktycznym nowoczesnych rozwi\u0105za\u0144 ICT (Information and Communications Technology).<\/p>\n<p>W wyniku realizacji projektu wsparcie uzyska\u0142o 36 laboratori\u00f3w i pracowni dydaktycznych. Powsta\u0142y 673 stanowiska badawcze, wyposa\u017cone w nowoczesny sprz\u0119t badawczo \u2013 pomiarowy. Infrastruktura ICT umo\u017cliwia studentom nabycie praktycznych umiej\u0119tno\u015bci wykonywania bada\u0144, kt\u00f3re znajduj\u0105 swoje zastosowanie w praktyce in\u017cynierskiej.<\/p>\n<p>Centrum umo\u017cliwia dzia\u0142alno\u015b\u0107 dydaktyczn\u0105 oraz prowadzenie bada\u0144 naukowych nie tylko WBiI\u015a, ale tak\u017ce innym wydzia\u0142om Uczelni z zakresu rozwi\u0105za\u0144 i technologii innowacyjnych ze szczeg\u00f3lnym uwzgl\u0119dnieniem minimalizacji koszt\u00f3w technologii wytwarzania energii.<\/p>\n<p>Powsta\u0142e Centrum pozwoli\u0142o stworzy\u0107 na Politechnice Bia\u0142ostockiej nowy kierunek: biotechnologi\u0119, makrokierunek \u2013 ekoenergetyk\u0119 wsp\u00f3\u0142tworzony przez WBiI\u015a (Wydzia\u0142 Budownictwa i In\u017cynierii \u015arodowiska), WE (Wydzia\u0142 Elektryczny) i WM (Wydzia\u0142 Mechaniczny) oraz Systemy Mechatroniczne i Materia\u0142y. Realizacja projektu umo\u017cliwi\u0142a zatem zwi\u0119kszenie liczby student\u00f3w zainteresowanych nauk\u0105 w tym zakresie na kierunkach oferowanych na PB: architektura krajobrazu, budownictwo, gospodarka przestrzenna, in\u017cynieria \u015brodowiska, ochrona \u015brodowiska, elektronika i telekomunikacja, elektrotechnika, automatyka i robotyka, mechanika i budowa maszyn.<\/p>\n","protected":false},"excerpt":{"rendered":"<p>&#8222;INNO \u2013 EKO \u2013 TECH\u201d Innowacyjne centrum dydaktyczno \u2013 badawcze alternatywnych \u017ar\u00f3de\u0142 energii, budownictwa energooszcz\u0119dnego<\/p>\n","protected":false},"author":33,"featured_media":0,"parent":89,"menu_order":0,"comment_status":"closed","ping_status":"closed","template":"","meta":{"_acf_changed":false,"ngg_post_thumbnail":0,"footnotes":""},"class_list":["post-1300","page","type-page","status-publish","hentry"],"acf":[],"_links":{"self":[{"href":"https:\/\/pb.edu.pl\/brpm\/wp-json\/wp\/v2\/pages\/1300","targetHints":{"allow":["GET"]}}],"collection":[{"href":"https:\/\/pb.edu.pl\/brpm\/wp-json\/wp\/v2\/pages"}],"about":[{"href":"https:\/\/pb.edu.pl\/brpm\/wp-json\/wp\/v2\/types\/page"}],"author":[{"embeddable":true,"href":"https:\/\/pb.edu.pl\/brpm\/wp-json\/wp\/v2\/users\/33"}],"replies":[{"embeddable":true,"href":"https:\/\/pb.edu.pl\/brpm\/wp-json\/wp\/v2\/comments?post=1300"}],"version-history":[{"count":0,"href":"https:\/\/pb.edu.pl\/brpm\/wp-json\/wp\/v2\/pages\/1300\/revisions"}],"up":[{"embeddable":true,"href":"https:\/\/pb.edu.pl\/brpm\/wp-json\/wp\/v2\/pages\/89"}],"wp:attachment":[{"href":"https:\/\/pb.edu.pl\/brpm\/wp-json\/wp\/v2\/media?parent=1300"}],"curies":[{"name":"wp","href":"https:\/\/api.w.org\/{rel}","templated":true}]}}