{"id":129,"date":"2017-12-28T23:01:30","date_gmt":"2017-12-28T22:01:30","guid":{"rendered":"https:\/\/pb.edu.pl\/brpm\/?page_id=129"},"modified":"2025-06-30T21:52:24","modified_gmt":"2025-06-30T19:52:24","slug":"cbse","status":"publish","type":"page","link":"https:\/\/pb.edu.pl\/brpm\/projekty-pb\/programy-ue\/projekty-realizowane\/cbse\/","title":{"rendered":"CBSE"},"content":{"rendered":"<p><img loading=\"lazy\" decoding=\"async\" class=\"alignnone wp-image-568 size-full\" src=\"https:\/\/pb.edu.pl\/brpm\/wp-content\/uploads\/sites\/6\/2018\/09\/FE_POWER_poziom_pl-jpg.jpg\" alt=\"\" width=\"5883\" height=\"756\" srcset=\"https:\/\/pb.edu.pl\/brpm\/wp-content\/uploads\/sites\/6\/2018\/09\/FE_POWER_poziom_pl-jpg.jpg 5883w, https:\/\/pb.edu.pl\/brpm\/wp-content\/uploads\/sites\/6\/2018\/09\/FE_POWER_poziom_pl-jpg-300x39.jpg 300w, https:\/\/pb.edu.pl\/brpm\/wp-content\/uploads\/sites\/6\/2018\/09\/FE_POWER_poziom_pl-jpg-768x99.jpg 768w, https:\/\/pb.edu.pl\/brpm\/wp-content\/uploads\/sites\/6\/2018\/09\/FE_POWER_poziom_pl-jpg-1024x132.jpg 1024w\" sizes=\"auto, (max-width: 5883px) 100vw, 5883px\" \/><\/p>\n<h2>CBSE \u2013 Interdyscyplinarny kierunek Construction and Building Engineering na studiach I stopnia na WBiI\u015a Politechniki Bia\u0142ostockiej\u201d w ramach POWER 2014-2020 Dzia\u0142anie 3.3. Umi\u0119dzynarodowienie polskiego szkolnictwa wy\u017cszego.<\/h2>\n<p>W ramach projektu przewiduje si\u0119 <strong>uruchomienie nowego interdyscyplinarnego kierunku CBSE na studiach stacjonarnych<\/strong> I stopnia z j\u0119zykiem wyk\u0142adowym angielskim w roku akademickim 2017\/2018.<\/p>\n<p>W ramach nowego interdyscyplinarnego kierunku Construction and Building Systems Engineering (CBSE) na studiach stacjonarnych I stopnia na Wydziale Budownictwa i In\u017cynierii \u015arodowiska Politechniki Bia\u0142ostockiej przewiduje si\u0119 przyj\u0119cie 40 student\u00f3w (w tym minimum 60% cudzoziemc\u00f3w, ze szczeg\u00f3lnym uwzgl\u0119dnieniem kandydat\u00f3w zza wschodniej granicy, tj. z Bia\u0142orusi, Litwy, Ukrainy, Kazachstanu etc. oraz zachowanie co najmniej 15% miejsc dla Polak\u00f3w, aby zapewni\u0107 lepsz\u0105 integracj\u0119 na kierunku i adaptacj\u0119 student\u00f3w zagranicznych do nowych warunk\u00f3w).<\/p>\n<p>Zaproponowany kierunek wychodzi naprzeciw oczekiwaniom zar\u00f3wno najlepszych maturzyst\u00f3w z naszego kraju, jak i obcokrajowc\u00f3w pragn\u0105cych studiowa\u0107 na naszej Uczelni. Inicjatorzy angloj\u0119zycznych studi\u00f3w s\u0105 przekonani o roli mi\u0119dzynarodowego wykszta\u0142cenia in\u017cynierskiego, jako wi\u0119kszej szansy na rynku pracy i przy podejmowaniu kszta\u0142cenia na poziomie magisterskim.<\/p>\n<p>Studenci b\u0119d\u0105 korzysta\u0107 z infrastruktury \u201eINNO-EKO-TECH-u\u201d innowacyjnego centrum dydaktyczno \u2013 badawczego alternatywnych \u017ar\u00f3de\u0142 energii, budownictwa energooszcz\u0119dnego i ochrony \u015brodowiska przy Wydziale Budownictwa i In\u017cynierii \u015arodowiska. Centrum jest wyposa\u017cone w nowoczesny sprz\u0119t badawczo-pomiarowy, infrastruktur\u0119 ICT, umo\u017cliwiaj\u0105ce studentom nabycie praktycznych umiej\u0119tno\u015bci wykonywania bada\u0144 w aspekcie p\u00f3\u017aniejszych zastosowa\u0144 w praktyce in\u017cynierskiej.<\/p>\n<p>Studenci podczas studi\u00f3w b\u0119d\u0105 mogli uczestniczy\u0107 i korzysta\u0107 z nowoczesnych, wyposa\u017conych na skal\u0119 \u015bwiatow\u0105 laboratori\u00f3w. Realizacja wybranych zaj\u0119\u0107 laboratoryjnych odbywa\u0107 si\u0119 b\u0119dzie bezpo\u015brednio w przedsi\u0119biorstwach. Do prowadzenia zaj\u0119\u0107 projektowych w\u0142\u0105czani b\u0119d\u0105 wybitni praktycy z danej dziedziny. Wszyscy studenci b\u0119d\u0105 zobligowani do odbycia praktyk zawodowych trwaj\u0105cych 6 tygodni. Prace dyplomowe b\u0119d\u0105 realizowane przy wsp\u00f3\u0142udziale pracodawc\u00f3w. Planuje si\u0119 tak\u017ce, \u017ce poza obowi\u0105zuj\u0105cym planem studi\u00f3w b\u0119d\u0105 organizowane wraz z pracodawcami liczne seminaria, wizyty studyjne, szkolenia, warsztaty, kt\u00f3re umo\u017cliwi\u0105 poszerzenie i pog\u0142\u0119bienie wiedzy i umiej\u0119tno\u015bci student\u00f3w i zapewni\u0105 lepsz\u0105 znajomo\u015b\u0107 bran\u017cy oraz kontakt z przemys\u0142em.<\/p>\n<div class=\"h4\">Studentom zapewniamy<\/div>\n<ul>\n<li>nowoczesny, interdyscyplinarny kierunek kszta\u0142cenia w j\u0119zyku angielskim,<\/li>\n<li>wysoko wykwalifikowan\u0105, \u017cyczliw\u0105 kadr\u0119 naukow\u0105,<\/li>\n<li>wspomaganie procesu dydaktycznego przez do\u015bwiadczonych praktyk\u00f3w,<\/li>\n<li>kontakt z przysz\u0142ymi pracodawcami,<\/li>\n<li>europejski system punkt\u00f3w kredytowych (ECTS),<\/li>\n<li>dobre przygotowanie do kontynuacji studi\u00f3w na stopniu magisterskim,<\/li>\n<li>nowoczesn\u0105 baz\u0119 dydaktyczn\u0105 i badawcz\u0105,<\/li>\n<li>mo\u017cliwo\u015b\u0107 uzyskania certyfikat\u00f3w specjalistycznych,<\/li>\n<li>nieodp\u0142atny dost\u0119p do szerokopasmowego Internetu,<\/li>\n<li>Centrum Nowoczesnego Kszta\u0142cenia z bibliotek\u0105 i czytelni\u0105 oraz pomieszczeniami dla samodzielnej pracy student\u00f3w,<\/li>\n<li>tematyczne ko\u0142a naukowe,<\/li>\n<li>nauk\u0119 j\u0119zyk\u00f3w obcych,<\/li>\n<li>zaj\u0119cia sportowe,<\/li>\n<li>stypendium dla Cudzoziemc\u00f3w w wysoko\u015bci 1500 z\u0142 miesi\u0119cznie,<\/li>\n<li>zakwaterowanie w Domach Studenta na terenie kampusu,<\/li>\n<li>opiek\u0119 i wsparcie Koordynatora,<\/li>\n<li>pomoc w znalezieniu pracy po uko\u0144czeniu studi\u00f3w.<\/li>\n<\/ul>\n<p><strong>Okres realizacji projektu:<\/strong> 2017.01.01. do 2021.12.31<\/p>\n<p><strong>Warto\u015b\u0107 projektu:<\/strong> 2 774 074,65 z\u0142<\/p>\n","protected":false},"excerpt":{"rendered":"<p>CBSE \u2013 Interdyscyplinarny kierunek Construction and Building Engineering na studiach I stopnia na WBiI\u015a Politechniki<\/p>\n","protected":false},"author":2,"featured_media":0,"parent":94,"menu_order":4,"comment_status":"closed","ping_status":"closed","template":"","meta":{"_acf_changed":false,"ngg_post_thumbnail":0,"footnotes":""},"class_list":["post-129","page","type-page","status-publish","hentry"],"acf":[],"_links":{"self":[{"href":"https:\/\/pb.edu.pl\/brpm\/wp-json\/wp\/v2\/pages\/129","targetHints":{"allow":["GET"]}}],"collection":[{"href":"https:\/\/pb.edu.pl\/brpm\/wp-json\/wp\/v2\/pages"}],"about":[{"href":"https:\/\/pb.edu.pl\/brpm\/wp-json\/wp\/v2\/types\/page"}],"author":[{"embeddable":true,"href":"https:\/\/pb.edu.pl\/brpm\/wp-json\/wp\/v2\/users\/2"}],"replies":[{"embeddable":true,"href":"https:\/\/pb.edu.pl\/brpm\/wp-json\/wp\/v2\/comments?post=129"}],"version-history":[{"count":0,"href":"https:\/\/pb.edu.pl\/brpm\/wp-json\/wp\/v2\/pages\/129\/revisions"}],"up":[{"embeddable":true,"href":"https:\/\/pb.edu.pl\/brpm\/wp-json\/wp\/v2\/pages\/94"}],"wp:attachment":[{"href":"https:\/\/pb.edu.pl\/brpm\/wp-json\/wp\/v2\/media?parent=129"}],"curies":[{"name":"wp","href":"https:\/\/api.w.org\/{rel}","templated":true}]}}