{"id":1287,"date":"2021-11-16T14:26:59","date_gmt":"2021-11-16T13:26:59","guid":{"rendered":"https:\/\/pb.edu.pl\/brpm\/?page_id=1287"},"modified":"2026-03-05T09:52:56","modified_gmt":"2026-03-05T08:52:56","slug":"mechatroniczny-aparat","status":"publish","type":"page","link":"https:\/\/pb.edu.pl\/brpm\/projekty-pb\/programy-krajowe\/projekty-realizowane\/mechatroniczny-aparat\/","title":{"rendered":"Mechatroniczny aparat do wspomagania zachowania r\u00f3wnowagi w trakcie lokomocji z funkcj\u0105 rejestracji parametr\u00f3w kinematycznych chodu"},"content":{"rendered":"<p><img loading=\"lazy\" decoding=\"async\" class=\"aligncenter size-full wp-image-2958\" src=\"https:\/\/pb.edu.pl\/brpm\/wp-content\/uploads\/sites\/6\/2026\/03\/logo-ncbir-flaga-1024x291-1.jpg\" alt=\"\" width=\"1024\" height=\"291\" srcset=\"https:\/\/pb.edu.pl\/brpm\/wp-content\/uploads\/sites\/6\/2026\/03\/logo-ncbir-flaga-1024x291-1.jpg 1024w, https:\/\/pb.edu.pl\/brpm\/wp-content\/uploads\/sites\/6\/2026\/03\/logo-ncbir-flaga-1024x291-1-300x85.jpg 300w, https:\/\/pb.edu.pl\/brpm\/wp-content\/uploads\/sites\/6\/2026\/03\/logo-ncbir-flaga-1024x291-1-768x218.jpg 768w\" sizes=\"auto, (max-width: 1024px) 100vw, 1024px\" \/><\/p>\n<h2>Projekt Mechatroniczny aparat do wspomagania zachowania r\u00f3wnowagi w trakcie lokomocji z funkcj\u0105 rejestracji parametr\u00f3w kinematycznych chodu finansowany przez Narodowe Centrum Bada\u0144 i Rozwoju w ramach programu Dost\u0119pno\u015b\u0107 Plus. Projekt realizowany w ramach konkursu \u201eRzeczy s\u0105 dla ludzi\u201d &#8211; zadanie zlecone przez Ministerstwo Nauki i Szkolnictwa Wy\u017cszego, finansowane ze \u015brodk\u00f3w dotacji celowej. Umowa o dofinansowanie Rzeczy s\u0105 dla ludzi\/0009\/2020-00 z dnia 16.08.2021 r.<\/h2>\n<p><strong>Celem projektu jest<\/strong> opracowanie i wykonanie mechatronicznego aparatu przeznaczonego do wspomagania zachowania r\u00f3wnowagi w trakcie codziennego funkcjonowania os\u00f3b starszych. Projektowane urz\u0105dzenie b\u0119dzie mog\u0142o rejestrowa\u0107 parametry kinematyczne cia\u0142a cz\u0142owieka, wychwytywa\u0107 symptomy utraty r\u00f3wnowagi i wspiera\u0107 osoby z zaburzeniami r\u00f3wnowagi poprzez aktywizacj\u0119 mechanizm\u00f3w kompensacyjnych.<\/p>\n<h3>W trakcie realizacji projektu planowane jest:<\/h3>\n<ul>\n<li>opracowanie koncepcji i wykonanie prototypu przewodowej wersji aparatu,<\/li>\n<li>optymalizacja konstrukcji pod k\u0105tem zapewnienia mo\u017cliwie najwy\u017cszej dok\u0142adno\u015bci pomiarowej i efektywno\u015bci diagnostycznej przy minimalnej liczbie u\u017cytych czujnik\u00f3w,<\/li>\n<li>opracowanie projektu i wykonanie prototypu bezprzewodowej wersji aparatu,<\/li>\n<li>wykonanie serii pr\u00f3bnej aparat\u00f3w do wspomagania zachowania r\u00f3wnowagi o przeprowadzenie oceny ich funkcjonalno\u015bci,<\/li>\n<li>przeprowadzenie procesu certyfikacji opracowanego urz\u0105dzenia.<\/li>\n<\/ul>\n<p><strong>Grupa docelowa: <\/strong>Osoby starsze -osoby ze szczeg\u00f3lnymi potrzebami.<\/p>\n<h3>Rezultaty projektu:<\/h3>\n<p>W ramach projektu zostanie opracowany projekt oraz wykonane i przebadane prototypy mechatronicznego aparatu przeznaczonego do wspomagania zachowania r\u00f3wnowagi w trakcie codziennego funkcjonowania os\u00f3b starszych.<\/p>\n<p><strong>Dofinansowanie:<\/strong> 1&nbsp;861&nbsp;052,13 z\u0142<\/p>\n<p><strong>Warto\u015b\u0107 projektu:<\/strong> 1&nbsp;861&nbsp;052,13 z\u0142<\/p>\n<p><strong>Okres realizacji:<\/strong> 01.09.2021-31.08.2026<\/p>\n<p><strong>Kierownik Zarz\u0105dzaj\u0105cy Projektu:<\/strong> mgr Tomasz Charkiewicz<\/p>\n<p><strong>Kierownik B+R:<\/strong> dr hab. in\u017c. Szczepan Piszczatowski, prof. PB.<\/p>\n","protected":false},"excerpt":{"rendered":"<p>Projekt Mechatroniczny aparat do wspomagania zachowania r\u00f3wnowagi w trakcie lokomocji z funkcj\u0105 rejestracji parametr\u00f3w kinematycznych<\/p>\n","protected":false},"author":16,"featured_media":0,"parent":1520,"menu_order":0,"comment_status":"closed","ping_status":"closed","template":"","meta":{"_acf_changed":false,"ngg_post_thumbnail":0,"footnotes":""},"class_list":["post-1287","page","type-page","status-publish","hentry"],"acf":[],"_links":{"self":[{"href":"https:\/\/pb.edu.pl\/brpm\/wp-json\/wp\/v2\/pages\/1287","targetHints":{"allow":["GET"]}}],"collection":[{"href":"https:\/\/pb.edu.pl\/brpm\/wp-json\/wp\/v2\/pages"}],"about":[{"href":"https:\/\/pb.edu.pl\/brpm\/wp-json\/wp\/v2\/types\/page"}],"author":[{"embeddable":true,"href":"https:\/\/pb.edu.pl\/brpm\/wp-json\/wp\/v2\/users\/16"}],"replies":[{"embeddable":true,"href":"https:\/\/pb.edu.pl\/brpm\/wp-json\/wp\/v2\/comments?post=1287"}],"version-history":[{"count":4,"href":"https:\/\/pb.edu.pl\/brpm\/wp-json\/wp\/v2\/pages\/1287\/revisions"}],"predecessor-version":[{"id":2959,"href":"https:\/\/pb.edu.pl\/brpm\/wp-json\/wp\/v2\/pages\/1287\/revisions\/2959"}],"up":[{"embeddable":true,"href":"https:\/\/pb.edu.pl\/brpm\/wp-json\/wp\/v2\/pages\/1520"}],"wp:attachment":[{"href":"https:\/\/pb.edu.pl\/brpm\/wp-json\/wp\/v2\/media?parent=1287"}],"curies":[{"name":"wp","href":"https:\/\/api.w.org\/{rel}","templated":true}]}}