{"id":1257,"date":"2021-05-14T12:04:36","date_gmt":"2021-05-14T10:04:36","guid":{"rendered":"https:\/\/pb.edu.pl\/brpm\/?page_id=1257"},"modified":"2024-01-31T22:50:43","modified_gmt":"2024-01-31T21:50:43","slug":"pko","status":"publish","type":"page","link":"https:\/\/pb.edu.pl\/brpm\/projekty-pb\/programy-ue\/projekty-zrealizowane\/pko\/","title":{"rendered":"Praca zlecona przez PKO Bank Polski S.A."},"content":{"rendered":"<h2>Praca zlecona przez Powszechn\u0105 Kas\u0119 Oszcz\u0119dno\u015bci Bankiem Polskim Sp\u00f3\u0142k\u0105 Akcyjn\u0105 w ramach projektu: \u201eModel audytu oparty na metodyce ci\u0105g\u0142ej oceny ryzyka i mechanizm\u00f3w kontrolnych z wykorzystaniem metod statystycznych i sztucznej inteligencji\u201d<\/h2>\n<p><strong>Finansowanie w ramach:<\/strong> Dzia\u0142ania 1.1 \u201eProjekty B+R Przedsi\u0119biorstw\u201d, Podzia\u0142ania 1.1.1 \u201eBadania przemys\u0142owe i prace rozwojowe realizowane przez przedsi\u0119biorstwa\u201d Programu Operacyjnego Inteligentny Rozw\u00f3j 2014-2020 wsp\u00f3\u0142finansowanego ze \u015brodk\u00f3w Europejskiego Funduszu Rozwoju Regionalnego.<\/p>\n<p><strong>Warto\u015b\u0107 zlecenia:<\/strong> 2 985 230,96 z\u0142 brutto<\/p>\n<p><strong>Okres realizacji pracy:<\/strong> 01.01.2021r. \u2013 31.08.2023r.<\/p>\n<p><strong>Jednostka realizuj\u0105ca:<\/strong> Wydzia\u0142 Informatyki Politechniki Bia\u0142ostockiej<\/p>\n<p><strong>Kierownik Pracy: <\/strong> dr hab. in\u017c. Marek Kr\u0119towski<\/p>\n","protected":false},"excerpt":{"rendered":"<p>Praca zlecona przez Powszechn\u0105 Kas\u0119 Oszcz\u0119dno\u015bci Bankiem Polskim Sp\u00f3\u0142k\u0105 Akcyjn\u0105 w ramach projektu: \u201eModel audytu<\/p>\n","protected":false},"author":33,"featured_media":0,"parent":89,"menu_order":0,"comment_status":"closed","ping_status":"closed","template":"","meta":{"_acf_changed":false,"ngg_post_thumbnail":0,"footnotes":""},"class_list":["post-1257","page","type-page","status-publish","hentry"],"acf":[],"_links":{"self":[{"href":"https:\/\/pb.edu.pl\/brpm\/wp-json\/wp\/v2\/pages\/1257","targetHints":{"allow":["GET"]}}],"collection":[{"href":"https:\/\/pb.edu.pl\/brpm\/wp-json\/wp\/v2\/pages"}],"about":[{"href":"https:\/\/pb.edu.pl\/brpm\/wp-json\/wp\/v2\/types\/page"}],"author":[{"embeddable":true,"href":"https:\/\/pb.edu.pl\/brpm\/wp-json\/wp\/v2\/users\/33"}],"replies":[{"embeddable":true,"href":"https:\/\/pb.edu.pl\/brpm\/wp-json\/wp\/v2\/comments?post=1257"}],"version-history":[{"count":0,"href":"https:\/\/pb.edu.pl\/brpm\/wp-json\/wp\/v2\/pages\/1257\/revisions"}],"up":[{"embeddable":true,"href":"https:\/\/pb.edu.pl\/brpm\/wp-json\/wp\/v2\/pages\/89"}],"wp:attachment":[{"href":"https:\/\/pb.edu.pl\/brpm\/wp-json\/wp\/v2\/media?parent=1257"}],"curies":[{"name":"wp","href":"https:\/\/api.w.org\/{rel}","templated":true}]}}