{"id":1249,"date":"2021-04-26T12:44:30","date_gmt":"2021-04-26T10:44:30","guid":{"rendered":"https:\/\/pb.edu.pl\/brpm\/?page_id=1249"},"modified":"2024-01-31T22:19:46","modified_gmt":"2024-01-31T21:19:46","slug":"inteligentna-siec-wodociagowa","status":"publish","type":"page","link":"https:\/\/pb.edu.pl\/brpm\/projekty-pb\/programy-ue\/projekty-zrealizowane\/inteligentna-siec-wodociagowa\/","title":{"rendered":"Inteligentna sie\u0107 wodoci\u0105gowa &#8211; Platforma danych komunalnych"},"content":{"rendered":"<h2><img loading=\"lazy\" decoding=\"async\" class=\"alignnone size-full wp-image-1525\" src=\"https:\/\/pb.edu.pl\/brpm\/wp-content\/uploads\/sites\/6\/2022\/10\/belka-POIR_pl.jpg\" alt=\"\" width=\"1778\" height=\"181\" srcset=\"https:\/\/pb.edu.pl\/brpm\/wp-content\/uploads\/sites\/6\/2022\/10\/belka-POIR_pl.jpg 1778w, https:\/\/pb.edu.pl\/brpm\/wp-content\/uploads\/sites\/6\/2022\/10\/belka-POIR_pl-300x31.jpg 300w, https:\/\/pb.edu.pl\/brpm\/wp-content\/uploads\/sites\/6\/2022\/10\/belka-POIR_pl-1024x104.jpg 1024w, https:\/\/pb.edu.pl\/brpm\/wp-content\/uploads\/sites\/6\/2022\/10\/belka-POIR_pl-768x78.jpg 768w, https:\/\/pb.edu.pl\/brpm\/wp-content\/uploads\/sites\/6\/2022\/10\/belka-POIR_pl-1536x156.jpg 1536w\" sizes=\"auto, (max-width: 1778px) 100vw, 1778px\" \/>Projekt \u201eInteligentna sie\u0107 wodoci\u0105gowa &#8211; Platforma danych komunalnych\u201d realizowany jest w ramach Dzia\u0142ania 1.1 Programu Operacyjnego Inteligentny Rozw\u00f3j 2014-2020 wsp\u00f3\u0142finansowanego ze \u015brodk\u00f3w Europejskiego Funduszu Rozwoju Regionalnego, Poddzia\u0142anie 1.1.1 \u201eBadania przemys\u0142owe i prace rozwojowe realizowane przez przedsi\u0119biorstwa\u201d.<\/h2>\n<p><strong>Celem projektu jest<\/strong> opracowanie innowacyjnego rozwi\u0105zania teleinformatycznego (innowacja procesowa), czyli komplet instrument\u00f3w umo\u017cliwiaj\u0105cych optymalizacj\u0119 proces\u00f3w operacyjnych opartych o g\u0142\u0119bok\u0105 integracj\u0119 oprogramowania biznesowego, urz\u0105dze\u0144 wytworzonych w trakcie bada\u0144 przemys\u0142owych (innowacja produktowa \u2013 wodomierze ultrad\u017awi\u0119kowe, ci\u015bnieniomierze i koncentratory z komunikacj\u0105 LoRaWAN) oraz narz\u0119dzi analitycznych wykonanych na podstawie przeprowadzonych prac badawczo-rozwojowych.<\/p>\n<h3>Projekt realizowany jest przez Konsorcjum w sk\u0142adzie:<\/h3>\n<ul>\n<li>Netproces Sp\u00f3\u0142ka z o.o. &#8211; lider<\/li>\n<li>Moder Anna P.H.U. &#8222;METERING&#8221; &#8211; partner projektu<\/li>\n<li>Politechnika Bia\u0142ostocka (Wydzia\u0142 Budownictwa i Nauk o \u015arodowisku) &#8211; partner projektu<\/li>\n<\/ul>\n<p><strong>Bud\u017cet projektu:<\/strong> 5 817 248,88 PLN (PB &#8211; 660 627,54 PLN)<br \/>\n<strong>Termin realizacji:<\/strong> 01.12.2020 \u2013 31.12.2023<\/p>\n","protected":false},"excerpt":{"rendered":"<p>Projekt \u201eInteligentna sie\u0107 wodoci\u0105gowa &#8211; Platforma danych komunalnych\u201d realizowany jest w ramach Dzia\u0142ania 1.1 Programu<\/p>\n","protected":false},"author":33,"featured_media":0,"parent":89,"menu_order":0,"comment_status":"closed","ping_status":"closed","template":"","meta":{"_acf_changed":false,"ngg_post_thumbnail":0,"footnotes":""},"class_list":["post-1249","page","type-page","status-publish","hentry"],"acf":[],"_links":{"self":[{"href":"https:\/\/pb.edu.pl\/brpm\/wp-json\/wp\/v2\/pages\/1249","targetHints":{"allow":["GET"]}}],"collection":[{"href":"https:\/\/pb.edu.pl\/brpm\/wp-json\/wp\/v2\/pages"}],"about":[{"href":"https:\/\/pb.edu.pl\/brpm\/wp-json\/wp\/v2\/types\/page"}],"author":[{"embeddable":true,"href":"https:\/\/pb.edu.pl\/brpm\/wp-json\/wp\/v2\/users\/33"}],"replies":[{"embeddable":true,"href":"https:\/\/pb.edu.pl\/brpm\/wp-json\/wp\/v2\/comments?post=1249"}],"version-history":[{"count":0,"href":"https:\/\/pb.edu.pl\/brpm\/wp-json\/wp\/v2\/pages\/1249\/revisions"}],"up":[{"embeddable":true,"href":"https:\/\/pb.edu.pl\/brpm\/wp-json\/wp\/v2\/pages\/89"}],"wp:attachment":[{"href":"https:\/\/pb.edu.pl\/brpm\/wp-json\/wp\/v2\/media?parent=1249"}],"curies":[{"name":"wp","href":"https:\/\/api.w.org\/{rel}","templated":true}]}}