{"id":1232,"date":"2021-04-07T07:55:22","date_gmt":"2021-04-07T05:55:22","guid":{"rendered":"https:\/\/pb.edu.pl\/brpm\/?page_id=1232"},"modified":"2022-10-13T15:11:42","modified_gmt":"2022-10-13T13:11:42","slug":"mobibip","status":"publish","type":"page","link":"https:\/\/pb.edu.pl\/brpm\/projekty-pb\/programy-ue\/projekty-zrealizowane\/mobibip\/","title":{"rendered":"MOBIBIP"},"content":{"rendered":"<p><img loading=\"lazy\" decoding=\"async\" class=\"aligncenter size-full wp-image-704\" src=\"https:\/\/pb.edu.pl\/brpm\/wp-content\/uploads\/sites\/6\/2019\/05\/FE_POPC_poziom_pl-1_rgb.jpg\" alt=\"\" width=\"5426\" height=\"756\" srcset=\"https:\/\/pb.edu.pl\/brpm\/wp-content\/uploads\/sites\/6\/2019\/05\/FE_POPC_poziom_pl-1_rgb.jpg 5426w, https:\/\/pb.edu.pl\/brpm\/wp-content\/uploads\/sites\/6\/2019\/05\/FE_POPC_poziom_pl-1_rgb-300x42.jpg 300w, https:\/\/pb.edu.pl\/brpm\/wp-content\/uploads\/sites\/6\/2019\/05\/FE_POPC_poziom_pl-1_rgb-768x107.jpg 768w, https:\/\/pb.edu.pl\/brpm\/wp-content\/uploads\/sites\/6\/2019\/05\/FE_POPC_poziom_pl-1_rgb-1024x143.jpg 1024w\" sizes=\"auto, (max-width: 5426px) 100vw, 5426px\" \/><\/p>\n<h2>Projekt MOBIBIP jest realizowany w ramach Osi priorytetowej II E-administracja i otwarty rz\u0105d Dzia\u0142ania 2.4 Tworzenie us\u0142ug i aplikacji wykorzystuj\u0105cych e-us\u0142ugi publiczne i informacje sektora publicznego &nbsp;Programu Operacyjnego Polska Cyfrowa.<\/h2>\n<p>Przedmiotem projektu jest udost\u0119pnienie odbiorcom nowej aplikacji mobilnej MobiBIP dost\u0119pu do informacji sektora publicznego w tym g\u0142\u00f3wnie publikowanych w systemach podmiotowych BIP oraz udost\u0119pnienie e-us\u0142ugi zaawansowanej wyszukiwarki informacji sektora publicznego. Projekt obejmuje wytworzenie nowego oprogramowania oraz zbudowanie aplikacji mobilnej.<\/p>\n<p>G\u0142\u00f3wnym celem projektu jest umo\u017cliwienie u\u017cytkownikom (mieszka\u0144com, przedsi\u0119biorcom, pracownikom firm, pracownikom instytucji publicznych, mediom, organizacjom pozarz\u0105dowym) szybkiego, efektywnego, bezpiecznego oraz funkcjonalnego dost\u0119pu do pewnych, zweryfikowanych i potwierdzonych informacji sektora publicznego, w tym g\u0142\u00f3wnie z system\u00f3w BIP. Konieczne jest dostarczenie specjalizowanego narz\u0119dzia wyszukiwania, kt\u00f3re przez wykorzystanie specyfiki oraz zestandaryzowanie wymiany informacji z systemami informatycznymi ISP przede wszystkim w znacz\u0105cy spos\u00f3b przyspieszy i u\u0142atwi dost\u0119p do ISP. Umo\u017cliwi \u0142atwe zarz\u0105dzanie w\u0142asnym \u201cportfelem\u201d temat\u00f3w, tre\u015bci, link\u00f3w i kana\u0142\u00f3w komunikacji z ISP. Aplikacja MobiBIP wraz z systemem zaawansowanej wyszukiwarki ISP przeszuka, skataloguje oraz udost\u0119pni informacje oczekiwane przez u\u017cytkownika ISP. Dzi\u0119ki wieloletniemu do\u015bwiadczeniu w projektowaniu, utrzymaniu oraz \u015bwiadczeniu us\u0142ugi operatora BIP partner i wnioskodawca wiedz\u0105 jak rozwi\u0105za\u0107 problemy techniczne oraz jakie mechanizmy wynikaj\u0105ce ze specyfiki tre\u015bci ISP wykorzysta\u0107, aby stworzy\u0107 efektywne narz\u0119dzie dost\u0119pu mieszka\u0144c\u00f3w, pracownik\u00f3w podmiot\u00f3w oraz przedsi\u0119biorcom do tre\u015bci BIP bez wzgl\u0119du na informatyczne rozwi\u0105zania techniczne zastosowane do zapisu, przechowywania oraz publikowania ISP. Warto\u015bci\u0105 dodan\u0105 jest wiedza merytoryczna partnera w zakresie mechanizm\u00f3w i algorytm\u00f3w przeszukiwania tre\u015bci. Aplikacja MobiBIP oraz e-us\u0142uga &#8211; zaawansowana internetowa wyszukiwarka tre\u015bci ISP b\u0119dzie korzysta\u0142a przede wszystkim z zasob\u00f3w ISP zgromadzonych w podmiotowych BIP oraz dane.gov.pl. W przypadku dane.gov.pl przewiduje si\u0119 w pierwszej kolejno\u015bci u\u0142atwienie dost\u0119pu do tych zasob\u00f3w, kt\u00f3re s\u0105 publikowane w formie plik\u00f3w. Przewiduje si\u0119 jednak w kolejnym etapie rozwoju systemu umo\u017cliwienie wyszukiwania tre\u015bci w wybranych zasobach skatalogowanych w dane.gov.pl przez wykorzystanie udost\u0119pnionych API. Z uwagi na zidentyfikowan\u0105 wysok\u0105 u\u017cyteczno\u015b\u0107 wykorzystywania informacji z podmiotowych BIP przygotowanie zintegrowanego jednego narz\u0119dzia do ich przeszukiwania pozwoli na szybkie monitorowanie przez grupy docelowe aktualno\u015bci w serwisach informacji publicznej. Stosowane narz\u0119dzie publikacji BIP dodatkowo utrudniaj\u0105 prawid\u0142owe indeksowanie i katalogowanie tre\u015bci BIP przez co uniemo\u017cliwiaj\u0105 swobodny dost\u0119p do tych informacji. Istnieje du\u017ca liczba nieaktualnych lub nieautoryzowanych, wr\u0119cz fa\u0142szywych serwis\u00f3w informacyjnych. Lub mo\u017cliwe jest nieefektywne wyszukiwanie lokalne. Z uwagi na panuj\u0105cy chaos informacyjny, \u017cadna grupa docelowa (mieszka\u0144cy, przedsi\u0119biorcy, pracownicy urz\u0119d\u00f3w, instytucje non-profit i media) nie jest w stanie szybko, sprawnie i bez frustracji wyszuka\u0107 informacji. Na problem zwi\u0105zany z wyszukiwarkami lokalnymi nieprawid\u0142owo dzia\u0142aj\u0105cymi nawet lokalnie wskazano w pracy, podanej w cz\u0119\u015bci Analiza popytu, [2]. Poszukuj\u0105cy informacji mieszkaniec gminy oczekuje, \u017ce b\u0119dzie ona sprofilowana, ukierunkowana pod konkretnego odbiorc\u0119 i kompletna. I takie funkcjonalno\u015bci ma zapewni\u0107 aplikacja MobiBIP oraz e-us\u0142uga &#8211; zaawansowana internetowa wyszukiwarka tre\u015bci ISP. Oba zaproponowane narz\u0119dzia b\u0119d\u0105 realizowa\u0142y potrzeby spo\u0142eczne zwi\u0105zane z dost\u0119pem do otwartych danych sektora publicznego, co przek\u0142ada si\u0119 na wzrost wiarygodno\u015bci i transparentno\u015bci tej sfery, otwiera nowe mo\u017cliwo\u015bci dla przedsi\u0119biorc\u00f3w oraz zwi\u0119ksza zaanga\u017cowanie obywateli w sprawy pa\u0144stwa.<\/p>\n<p>Celem biznesowym partner\u00f3w jest uzyskanie przychodu ze sprzeda\u017cy us\u0142ug i aplikacji mobilnej oraz sprzeda\u017cy us\u0142ug dodatkowych.<\/p>\n<p>Umow\u0105 dofinansowania nr POPC.02.04.00-00-0053\/20-00 zawarta z Centrum Projekt\u00f3w Polska Cyfrowa w dn. 09 pa\u017adziernika 2020 r..<\/p>\n<h3>Projekt jest realizowany w partnerstwie:<\/h3>\n<ul>\n<li>Firma InConTech Sp. z o.o. z Bia\u0142egostoku &#8211; Lider przedsi\u0119wzi\u0119cia<\/li>\n<li>Politechnika Bia\u0142ostocka (WI) &#8211; Partner<\/li>\n<\/ul>\n<p><strong>Warto\u015b\u0107 projektu:<\/strong>&nbsp;1 009 356,00 PLN,<\/p>\n<p><strong>Warto\u015b\u0107 projektu na PB:<\/strong> 176 410,00 PLN<\/p>\n<p><strong>Okres realizacji:&nbsp; <\/strong>01 lipiec 2020 &nbsp;\u2013 30 czerwiec 2022 r.<\/p>\n<p><strong>&nbsp;<\/strong><\/p>\n","protected":false},"excerpt":{"rendered":"<p>Projekt MOBIBIP jest realizowany w ramach Osi priorytetowej II E-administracja i otwarty rz\u0105d Dzia\u0142ania 2.4<\/p>\n","protected":false},"author":33,"featured_media":0,"parent":89,"menu_order":0,"comment_status":"closed","ping_status":"closed","template":"","meta":{"_acf_changed":false,"ngg_post_thumbnail":0,"footnotes":""},"class_list":["post-1232","page","type-page","status-publish","hentry"],"acf":[],"_links":{"self":[{"href":"https:\/\/pb.edu.pl\/brpm\/wp-json\/wp\/v2\/pages\/1232","targetHints":{"allow":["GET"]}}],"collection":[{"href":"https:\/\/pb.edu.pl\/brpm\/wp-json\/wp\/v2\/pages"}],"about":[{"href":"https:\/\/pb.edu.pl\/brpm\/wp-json\/wp\/v2\/types\/page"}],"author":[{"embeddable":true,"href":"https:\/\/pb.edu.pl\/brpm\/wp-json\/wp\/v2\/users\/33"}],"replies":[{"embeddable":true,"href":"https:\/\/pb.edu.pl\/brpm\/wp-json\/wp\/v2\/comments?post=1232"}],"version-history":[{"count":0,"href":"https:\/\/pb.edu.pl\/brpm\/wp-json\/wp\/v2\/pages\/1232\/revisions"}],"up":[{"embeddable":true,"href":"https:\/\/pb.edu.pl\/brpm\/wp-json\/wp\/v2\/pages\/89"}],"wp:attachment":[{"href":"https:\/\/pb.edu.pl\/brpm\/wp-json\/wp\/v2\/media?parent=1232"}],"curies":[{"name":"wp","href":"https:\/\/api.w.org\/{rel}","templated":true}]}}