{"id":123,"date":"2017-12-28T22:53:28","date_gmt":"2017-12-28T21:53:28","guid":{"rendered":"https:\/\/pb.edu.pl\/brpm\/?page_id=123"},"modified":"2022-01-10T08:54:04","modified_gmt":"2022-01-10T07:54:04","slug":"before","status":"publish","type":"page","link":"https:\/\/pb.edu.pl\/brpm\/projekty-pb\/programy-ue\/projekty-zrealizowane\/before\/","title":{"rendered":"beFORE"},"content":{"rendered":"<p><img loading=\"lazy\" decoding=\"async\" class=\"wp-image-211 aligncenter\" src=\"https:\/\/pb.edu.pl\/brpm\/wp-content\/uploads\/sites\/6\/2018\/04\/erasmus-plus-VIPSKILLS-MELES-beFORE.png\" alt=\"logo programu operacyjnego\" width=\"415\" height=\"100\" srcset=\"https:\/\/pb.edu.pl\/brpm\/wp-content\/uploads\/sites\/6\/2018\/04\/erasmus-plus-VIPSKILLS-MELES-beFORE.png 652w, https:\/\/pb.edu.pl\/brpm\/wp-content\/uploads\/sites\/6\/2018\/04\/erasmus-plus-VIPSKILLS-MELES-beFORE-300x72.png 300w\" sizes=\"auto, (max-width: 415px) 100vw, 415px\" \/><\/p>\n<h2 style=\"text-align: left\">Becoming Future-ORiented Entrepreneurs in universities and companies \u2013 beFORE.<\/h2>\n<p style=\"text-align: left\">G\u0142\u00f3wny cel projektu to <strong>podniesienie kwalifikacji przedsi\u0119biorc\u00f3w, student\u00f3w i kadry akademickiej w dziedzinie foresightu<\/strong> zgodnie z koncepcj\u0105 Futures Literacy.<br \/>\nPartnerzy konsorcjum opracuj\u0105 oraz pilota\u017cowo wdro\u017c\u0105 program <strong>szkolenia e-learningowego<\/strong> (w zakresie foresightu) w Polsce, w Hiszpanii, we W\u0142oszech i w Niemczech. Projekt zosta\u0142 sfinansowany w ramach Programu Erasmus+ Knowledge Alliance \u201eWsp\u00f3\u0142praca na rzecz innowacji i dobrych praktyk \u2013 Sojusze na rzecz wiedzy\u201d.<\/p>\n<p style=\"text-align: left\">Ca\u0142kowity bud\u017cet projektu: <b>748 211 euro<\/b><br \/>\nTermin realizacji: <b>01.01.2017 \u2013 31.12.2019<\/b><\/p>\n<h3 style=\"text-align: left\">Partnerzy projektu:<\/h3>\n<ul style=\"text-align: left\">\n<li>Instytut Technologii Eksploatacji \u2013 Pa\u0144stwowy Instytut Badawczy w Radomiu \u2013 lider<\/li>\n<li>Politechnika Bia\u0142ostocka (Polska)<\/li>\n<li>4CF (Polska)<\/li>\n<li>University of Pisa (W\u0142ochy)<\/li>\n<li>Mondragon University (Hiszpania)<\/li>\n<li>Free University (Niemcy)<\/li>\n<li>Valuedo (W\u0142ochy)<\/li>\n<li>Erre Quadro (W\u0142ochy)<\/li>\n<li>Prospektiker (Hiszpania)<\/li>\n<li>Aveniture (Niemcy)<\/li>\n<\/ul>\n<p style=\"text-align: left\">Link do strony projektu: <a title=\"Strona otworzy si\u0119 w nowym oknie.\" href=\"https:\/\/wiz.pb.edu.pl\/projekty\/before\/\" target=\"_blank\" rel=\"noopener\">wiz.pb.edu.pl\/projekty\/before<\/a><\/p>\n","protected":false},"excerpt":{"rendered":"<p>Becoming Future-ORiented Entrepreneurs in universities and companies \u2013 beFORE. G\u0142\u00f3wny cel projektu to podniesienie kwalifikacji<\/p>\n","protected":false},"author":2,"featured_media":0,"parent":89,"menu_order":3,"comment_status":"closed","ping_status":"closed","template":"","meta":{"_acf_changed":false,"ngg_post_thumbnail":0,"footnotes":""},"class_list":["post-123","page","type-page","status-publish","hentry"],"acf":[],"_links":{"self":[{"href":"https:\/\/pb.edu.pl\/brpm\/wp-json\/wp\/v2\/pages\/123","targetHints":{"allow":["GET"]}}],"collection":[{"href":"https:\/\/pb.edu.pl\/brpm\/wp-json\/wp\/v2\/pages"}],"about":[{"href":"https:\/\/pb.edu.pl\/brpm\/wp-json\/wp\/v2\/types\/page"}],"author":[{"embeddable":true,"href":"https:\/\/pb.edu.pl\/brpm\/wp-json\/wp\/v2\/users\/2"}],"replies":[{"embeddable":true,"href":"https:\/\/pb.edu.pl\/brpm\/wp-json\/wp\/v2\/comments?post=123"}],"version-history":[{"count":0,"href":"https:\/\/pb.edu.pl\/brpm\/wp-json\/wp\/v2\/pages\/123\/revisions"}],"up":[{"embeddable":true,"href":"https:\/\/pb.edu.pl\/brpm\/wp-json\/wp\/v2\/pages\/89"}],"wp:attachment":[{"href":"https:\/\/pb.edu.pl\/brpm\/wp-json\/wp\/v2\/media?parent=123"}],"curies":[{"name":"wp","href":"https:\/\/api.w.org\/{rel}","templated":true}]}}