{"id":1216,"date":"2021-04-02T11:47:03","date_gmt":"2021-04-02T09:47:03","guid":{"rendered":"https:\/\/pb.edu.pl\/brpm\/?page_id=1216"},"modified":"2024-01-31T22:18:46","modified_gmt":"2024-01-31T21:18:46","slug":"rekonfigurowalny-system-zasilania-statkow-powietrznych-270v-28-v-d-c","status":"publish","type":"page","link":"https:\/\/pb.edu.pl\/brpm\/projekty-pb\/programy-ue\/projekty-zrealizowane\/rekonfigurowalny-system-zasilania-statkow-powietrznych-270v-28-v-d-c\/","title":{"rendered":"Rekonfigurowalny system zasilania statk\u00f3w powietrznych 270V -28 V d.c"},"content":{"rendered":"<p><img loading=\"lazy\" decoding=\"async\" class=\"alignnone size-full wp-image-1525\" src=\"https:\/\/pb.edu.pl\/brpm\/wp-content\/uploads\/sites\/6\/2022\/10\/belka-POIR_pl.jpg\" alt=\"\" width=\"1778\" height=\"181\" srcset=\"https:\/\/pb.edu.pl\/brpm\/wp-content\/uploads\/sites\/6\/2022\/10\/belka-POIR_pl.jpg 1778w, https:\/\/pb.edu.pl\/brpm\/wp-content\/uploads\/sites\/6\/2022\/10\/belka-POIR_pl-300x31.jpg 300w, https:\/\/pb.edu.pl\/brpm\/wp-content\/uploads\/sites\/6\/2022\/10\/belka-POIR_pl-1024x104.jpg 1024w, https:\/\/pb.edu.pl\/brpm\/wp-content\/uploads\/sites\/6\/2022\/10\/belka-POIR_pl-768x78.jpg 768w, https:\/\/pb.edu.pl\/brpm\/wp-content\/uploads\/sites\/6\/2022\/10\/belka-POIR_pl-1536x156.jpg 1536w\" sizes=\"auto, (max-width: 1778px) 100vw, 1778px\" \/><\/p>\n<h2>Rekonfigurowalny system zasilania statk\u00f3w powietrznych 270V -28 V d.c. Projekt<b> <\/b>realizowany jest w ramach Dzia\u0142ania 1.1.1 Badania przemys\u0142owe i prace rozwojowe realizowane przez przedsi\u0119biorstwa &nbsp;Programu Operacyjnego Inteligentny Rozw\u00f3j 2014-2020.<\/h2>\n<p>Celem projektu jest skonstruowanie Rekonfigurowanego Systemu Zasilania Statk\u00f3w Powietrznych 270V d.c.-28V d.c. charakteryzuj\u0105cego si\u0119 g\u0142\u00f3wnie:<\/p>\n<ul>\n<li>mo\u017cliwo\u015bci\u0105 zasilania z trzech standard\u00f3w napi\u0119\u0107 przemiennych, tj. 400V\/50Hz, 480V\/60Hz, 200V\/400Hz;&nbsp;<\/li>\n<li>wi\u0119ksz\u0105 liczb\u0105 obs\u0142ugiwanych statk\u00f3w powietrznych.<\/li>\n<\/ul>\n<h3>Sk\u0142ad konsorcjum:<\/h3>\n<ul>\n<li>Wojskowe Centralne Biuro Konstrukcyjno-Technologiczne S.A. &nbsp;\u2013 Lider<\/li>\n<li>Politechnika Bia\u0142ostocka &nbsp;\u2013 Partner<\/li>\n<\/ul>\n<p><strong>Bud\u017cet projektu:<\/strong> 9 544 224,51 z\u0142 (PB \u2013 4.179.485,49 z\u0142)<\/p>\n<p><strong>Okres realizacji:<\/strong>&nbsp;od 04.01.2021 r. do 29.12.2023 r.<\/p>\n","protected":false},"excerpt":{"rendered":"<p>Rekonfigurowalny system zasilania statk\u00f3w powietrznych 270V -28 V d.c. Projekt realizowany jest w ramach Dzia\u0142ania<\/p>\n","protected":false},"author":33,"featured_media":0,"parent":89,"menu_order":0,"comment_status":"closed","ping_status":"closed","template":"","meta":{"_acf_changed":false,"ngg_post_thumbnail":0,"footnotes":""},"class_list":["post-1216","page","type-page","status-publish","hentry"],"acf":[],"_links":{"self":[{"href":"https:\/\/pb.edu.pl\/brpm\/wp-json\/wp\/v2\/pages\/1216","targetHints":{"allow":["GET"]}}],"collection":[{"href":"https:\/\/pb.edu.pl\/brpm\/wp-json\/wp\/v2\/pages"}],"about":[{"href":"https:\/\/pb.edu.pl\/brpm\/wp-json\/wp\/v2\/types\/page"}],"author":[{"embeddable":true,"href":"https:\/\/pb.edu.pl\/brpm\/wp-json\/wp\/v2\/users\/33"}],"replies":[{"embeddable":true,"href":"https:\/\/pb.edu.pl\/brpm\/wp-json\/wp\/v2\/comments?post=1216"}],"version-history":[{"count":0,"href":"https:\/\/pb.edu.pl\/brpm\/wp-json\/wp\/v2\/pages\/1216\/revisions"}],"up":[{"embeddable":true,"href":"https:\/\/pb.edu.pl\/brpm\/wp-json\/wp\/v2\/pages\/89"}],"wp:attachment":[{"href":"https:\/\/pb.edu.pl\/brpm\/wp-json\/wp\/v2\/media?parent=1216"}],"curies":[{"name":"wp","href":"https:\/\/api.w.org\/{rel}","templated":true}]}}