{"id":1193,"date":"2021-02-10T08:54:39","date_gmt":"2021-02-10T07:54:39","guid":{"rendered":"https:\/\/pb.edu.pl\/brpm\/?page_id=1193"},"modified":"2022-06-22T10:35:49","modified_gmt":"2022-06-22T08:35:49","slug":"gosmartexcel-bsr","status":"publish","type":"page","link":"https:\/\/pb.edu.pl\/brpm\/projekty-pb\/programy-ue\/projekty-zrealizowane\/gosmartexcel-bsr\/","title":{"rendered":"GoSmart&amp;Excel BSR \u2013 Wzmocnienie inteligentnej specjalizacji poprzez wspieranie wsp\u00f3\u0142pracy transnarodowej i praktyczne zastosowanie nowatorskich rozwi\u0105za\u0144 dla region\u00f3w i M\u015aP"},"content":{"rendered":"<p><img loading=\"lazy\" decoding=\"async\" class=\"aligncenter wp-image-619\" src=\"https:\/\/pb.edu.pl\/brpm\/wp-content\/uploads\/sites\/6\/2018\/11\/IBSR-logo.jpg\" alt=\"Logotyp Interregu Morza Ba\u0142tyckiego i flaga Unii Europejskiej\" width=\"600\" height=\"163\" srcset=\"https:\/\/pb.edu.pl\/brpm\/wp-content\/uploads\/sites\/6\/2018\/11\/IBSR-logo.jpg 900w, https:\/\/pb.edu.pl\/brpm\/wp-content\/uploads\/sites\/6\/2018\/11\/IBSR-logo-300x81.jpg 300w, https:\/\/pb.edu.pl\/brpm\/wp-content\/uploads\/sites\/6\/2018\/11\/IBSR-logo-768x208.jpg 768w\" sizes=\"auto, (max-width: 600px) 100vw, 600px\" \/><\/p>\n<h2>GoSmart&amp;Excel BSR \u2013 Wzmocnienie inteligentnej specjalizacji poprzez wspieranie wsp\u00f3\u0142pracy transnarodowej i praktyczne zastosowanie nowatorskich rozwi\u0105za\u0144 dla region\u00f3w i M\u015aP. Projekt jest realizowany w ramach programu Interreg Baltic Sea Region 2014-2020, (Interreg Regionu Morza Ba\u0142tyckiego 2014-2020), Priorytet 1. Potencja\u0142 dla innowacji, Dzia\u0142anie 1.2. Inteligentna specjalizacja.<\/h2>\n<p>Projekt GoSmart &amp; Excel BSR koncentruje si\u0119 na zwi\u0119kszaniu zdolno\u015bci podmiot\u00f3w innowacyjnych w regionie Morza Ba\u0142tyckiego (i poza nim) do praktycznego i wsp\u00f3lnego stosowania podej\u015bcia strategii inteligentnych specjalizacji (S3). Projekt jest w pe\u0142ni zintegrowany z podej\u015bciem S3 i ma na celu wspieranie efektywnej wsp\u00f3\u0142pracy w podej\u015bciu ponadnarodowym pomi\u0119dzy gospodark\u0105, sektorem B+R i w\u0142adzami publicznymi. W szczeg\u00f3lno\u015bci projekt koncentruje si\u0119 na czterech regionach: podlaskim (Polska), kowie\u0144skim (Litwa), Vidzeme (\u0141otwa) i po\u0142udniowo-esto\u0144skim (Estonia). Z kolei regiony: Syddanmark (Dania), Hamburg (Niemcy), Kymenlaakso, Zachodnia Finlandia (Finlandia), Zachodnia Szwecja (Szwecja) s\u0105 zaawansowane w zakresie bada\u0144 i rozwoju, innowacji, jak r\u00f3wnie\u017c dzia\u0142alno\u015bci zorientowanej na internacjonalizacje innowacji. Jednocze\u015bnie obie kategorie region\u00f3w, a tak\u017ce pozosta\u0142e obszary Regionu Morza Ba\u0142tyckiego b\u0119d\u0105 mog\u0142y skorzysta\u0107 z intensywnej wsp\u00f3\u0142pracy gospodarczej, wypracowanych do\u015bwiadcze\u0144 oraz system\u00f3w wsparcia.<\/p>\n<p><strong>Oczekiwane rezultaty<\/strong><\/p>\n<ol>\n<li>Transnarodowy obszar S3 dla regionu Morza Ba\u0142tyckiego \u2013 do przyj\u0119cia i wykorzystania przez wszystkie podmioty innowacyjne w regionie Morza Ba\u0142tyckiego w celu ustalenia priorytet\u00f3w wsp\u00f3lnych dzia\u0142a\u0144, a tak\u017ce w celu zainspirowania innych makroregion\u00f3w Unii Europejskiej do wypracowania w\u0142asnych obszar\u00f3w S3.<\/li>\n<li>Funkcjonuj\u0105cy, rozwijaj\u0105cy si\u0119 i zr\u00f3wnowa\u017cony Transnarodowy System Po\u015brednictwa Innowacji w Regionie Morza Ba\u0142tyckiego \u2013 korzystaj\u0105c z tego systemu, wiele M\u015aP b\u0119dzie wstanie wdra\u017ca\u0107 Wsp\u00f3lne Transnarodowe Inteligentne Strategie, kt\u00f3re przyczyni\u0105 si\u0119 do ich umi\u0119dzynarodowienia, implementuj\u0105c innowacje w ca\u0142ym regionie Morza Ba\u0142tyckiego.<\/li>\n<\/ol>\n<p>Projekt \u201eGoSmart &amp; Excel BSR\u201d jest kontynuacj\u0105 projektu \u201eGoSmart BSR\u201d, kt\u00f3ry umo\u017cliwi praktyczne zastosowanie metodologii Transnarodowej S3 i Transnarodowego Systemu Brokerskiego Innowacji opartego na wsp\u00f3lnej ocenie i planowaniu zr\u00f3wnowa\u017conego rozwoju przez partner\u00f3w projektu.<\/p>\n<p>Projekt jest realizowany w partnerstwie instytucji z o\u015bmiu kraj\u00f3w, spo\u015br\u00f3d kt\u00f3rych Politechnika Bia\u0142ostocka jest liderem projektu. Pozostali partnerzy to:<\/p>\n<ol>\n<li>Podlaska Fundacja Rozwoju Regionalnego \u2013 partner regionalny (Polska)<\/li>\n<li>Vidzeme Planning Region (\u0141otwa)<\/li>\n<li>Miasto Valga (Estonia)<\/li>\n<li>Lithuanian Innovation Center (Litwa)<\/li>\n<li>Kouvola Innovation Ltd (Finlandia)<\/li>\n<li>Hamburg Institute of International Economics (Niemcy)<\/li>\n<li>Baltic Institute of Finland (Finlandia)<\/li>\n<li>RISE Szwecja (Szwecja)<\/li>\n<li>Biuro UE w Danii P\u00f3\u0142nocnej (Dania)<\/li>\n<\/ol>\n<p><strong>Kierownik Projektu:<\/strong> dr hab. in\u017c. Wies\u0142aw Urban, prof. nzw.<\/p>\n<p><strong>Numer umowy:<\/strong> #X012<\/p>\n<p><strong>\u0179r\u00f3d\u0142o finansowania:<\/strong> Interreg Baltic Sea Region<\/p>\n<p><strong>Czas trwania projektu:<\/strong> 01.04.2021 &#8211; 31.03.2022<\/p>\n<p><strong>Ca\u0142kowita warto\u015b\u0107 projektu:<\/strong> 770,860.00 \u20ac<\/p>\n<p><strong>Wk\u0142ad w\u0142asny:<\/strong> 154 750,40 \u20ac<\/p>\n<p><strong>Udzia\u0142 PB:<\/strong> 76 465,00 \u20ac<\/p>\n","protected":false},"excerpt":{"rendered":"<p>GoSmart&amp;Excel BSR \u2013 Wzmocnienie inteligentnej specjalizacji poprzez wspieranie wsp\u00f3\u0142pracy transnarodowej i praktyczne zastosowanie nowatorskich rozwi\u0105za\u0144<\/p>\n","protected":false},"author":33,"featured_media":0,"parent":89,"menu_order":0,"comment_status":"closed","ping_status":"closed","template":"","meta":{"_acf_changed":false,"ngg_post_thumbnail":0,"footnotes":""},"class_list":["post-1193","page","type-page","status-publish","hentry"],"acf":[],"_links":{"self":[{"href":"https:\/\/pb.edu.pl\/brpm\/wp-json\/wp\/v2\/pages\/1193","targetHints":{"allow":["GET"]}}],"collection":[{"href":"https:\/\/pb.edu.pl\/brpm\/wp-json\/wp\/v2\/pages"}],"about":[{"href":"https:\/\/pb.edu.pl\/brpm\/wp-json\/wp\/v2\/types\/page"}],"author":[{"embeddable":true,"href":"https:\/\/pb.edu.pl\/brpm\/wp-json\/wp\/v2\/users\/33"}],"replies":[{"embeddable":true,"href":"https:\/\/pb.edu.pl\/brpm\/wp-json\/wp\/v2\/comments?post=1193"}],"version-history":[{"count":0,"href":"https:\/\/pb.edu.pl\/brpm\/wp-json\/wp\/v2\/pages\/1193\/revisions"}],"up":[{"embeddable":true,"href":"https:\/\/pb.edu.pl\/brpm\/wp-json\/wp\/v2\/pages\/89"}],"wp:attachment":[{"href":"https:\/\/pb.edu.pl\/brpm\/wp-json\/wp\/v2\/media?parent=1193"}],"curies":[{"name":"wp","href":"https:\/\/api.w.org\/{rel}","templated":true}]}}