{"id":1187,"date":"2021-02-01T09:22:09","date_gmt":"2021-02-01T08:22:09","guid":{"rendered":"https:\/\/pb.edu.pl\/brpm\/?page_id=1187"},"modified":"2024-01-31T22:17:55","modified_gmt":"2024-01-31T21:17:55","slug":"pionier-lab","status":"publish","type":"page","link":"https:\/\/pb.edu.pl\/brpm\/projekty-pb\/programy-ue\/projekty-zrealizowane\/pionier-lab\/","title":{"rendered":"PIONIER LAB"},"content":{"rendered":"<p><img loading=\"lazy\" decoding=\"async\" class=\"alignnone size-full wp-image-1525\" src=\"https:\/\/pb.edu.pl\/brpm\/wp-content\/uploads\/sites\/6\/2022\/10\/belka-POIR_pl.jpg\" alt=\"\" width=\"1778\" height=\"181\" srcset=\"https:\/\/pb.edu.pl\/brpm\/wp-content\/uploads\/sites\/6\/2022\/10\/belka-POIR_pl.jpg 1778w, https:\/\/pb.edu.pl\/brpm\/wp-content\/uploads\/sites\/6\/2022\/10\/belka-POIR_pl-300x31.jpg 300w, https:\/\/pb.edu.pl\/brpm\/wp-content\/uploads\/sites\/6\/2022\/10\/belka-POIR_pl-1024x104.jpg 1024w, https:\/\/pb.edu.pl\/brpm\/wp-content\/uploads\/sites\/6\/2022\/10\/belka-POIR_pl-768x78.jpg 768w, https:\/\/pb.edu.pl\/brpm\/wp-content\/uploads\/sites\/6\/2022\/10\/belka-POIR_pl-1536x156.jpg 1536w\" sizes=\"auto, (max-width: 1778px) 100vw, 1778px\" \/><\/p>\n<h2>,,PIONIER-LAB &#8211; Krajowa Platforma Integracji Infrastruktur Badawczych z Ekosystemami Innowacji\u201d &#8211; projekt realizowany w ramach Dzia\u0142ania 4.2 Programu Operacyjnego Inteligentny Rozw\u00f3j 2014-2020, wsp\u00f3\u0142finansowanego ze \u015arodk\u00f3w Europejskiego Funduszu Rozwoju Regionalnego.<\/h2>\n<p>Projekt PIONIER-LAB \u2013 Krajowa Platforma Integracji Infrastruktur Badawczych z Ekosystemami Innowacji zak\u0142ada budow\u0119 nowych, unikalnych laboratori\u00f3w badawczych i wykorzystanie istniej\u0105cej krajowej sieci \u015bwiat\u0142owodowej PIONIER. G\u0142\u00f3wnym za\u0142o\u017ceniem projektu PIONIER-LAB, kt\u00f3ry znajduje si\u0119 na Polskiej Mapie Drogowej Infrastruktury Badawczej, jest udost\u0119pnienie platformy dla jednostek naukowych, przedsi\u0119biorc\u00f3w i innych podmiot\u00f3w zainteresowanych prowadzeniem bada\u0144 naukowych oraz prac rozwojowych. W ramach projektu PIONIER-LAB planowane jest utworzenie 8 specjalizowanych laboratori\u00f3w.<\/p>\n<h3>Politechnika Bia\u0142ostocka bierze udzia\u0142 w tworzeniu:<\/h3>\n<ul>\n<li>Laboratorium Innowacyjnych Technologii Sieciowych;<\/li>\n<li>Rozproszonego Laboratorium Czasu i Cz\u0119stotliwo\u015bci;<\/li>\n<li>Smart Kampusu jako Laboratorium Smart City.<\/li>\n<\/ul>\n<p><strong>Bud\u017cet projektu:<\/strong>525 012 372,78 PLN (PB \u2013 6&nbsp;458&nbsp;751,49 PLN)<\/p>\n<p><strong>Termin realizacji:<\/strong> 01.01.2018 &#8211; 31.12.2023 projekt podlega\u0142 notyfikacji w Unii Europejskiej, aneks rozpoczynaj\u0105cy realizacj\u0119 projektu zosta\u0142 podpisany z OPI w dniu 09.12.2020.&nbsp;<\/p>\n<p>Konsorcjum PIONIER-LAB sk\u0142ada si\u0119 z 21 wiod\u0105cych jednostek naukowo-badawczych oraz uczelni w Polsce:<\/p>\n<ul>\n<li>Instytutu Chemii Bioorganicznej PAN \u2013 PCSS &#8211; Lider Konsorcjum,<\/li>\n<\/ul>\n<h3>Partnerzy:<\/h3>\n<ul>\n<li>Akademickie Centrum Komputerowe Cyfronet Akademii G\u00f3rniczo-Hutniczej im. Stanis\u0142awa Staszica;<\/li>\n<li>Instytut Uprawy Nawo\u017cenia i Gleboznawstwa Pa\u0144stwowy Instytut Badawczy;<\/li>\n<li>Naukowa i Akademicka Sie\u0107 Komputerowa Pa\u0144stwowy Instytut Badawczy;<\/li>\n<li><strong> Politechnika Bia\u0142ostocka;<\/strong><\/li>\n<li>Politechnika Cz\u0119stochowska;<\/li>\n<li>Politechnika Gda\u0144ska;<\/li>\n<li>Politechnika Koszali\u0144ska;<\/li>\n<li>Politechnika \u0141\u00f3dzka;<\/li>\n<li>Politechnika Rzeszowska;<\/li>\n<li>Politechnika \u015awi\u0119tokrzyska;<\/li>\n<li>Politechnika Wroc\u0142awska;<\/li>\n<li>Uniwersytet Marii Curie-Sk\u0142odowskiej;<\/li>\n<li>Uniwersytet Miko\u0142aja Kopernika;<\/li>\n<li>Uniwersytet Opolski;<\/li>\n<li>Uniwersytet Technologiczno-Humanistyczny w Radomiu;<\/li>\n<li>Uniwersytet Technologiczno-Przyrodniczy w Bydgoszczy;<\/li>\n<li>Uniwersytet Warmi\u0144sko-Mazurski w Olsztynie;<\/li>\n<li>Uniwersytet Warszawski, Interdyscyplinarne Centrum Modelowania Matematycznego i Komputerowego;<\/li>\n<li>Uniwersytet Zielonog\u00f3rski;<\/li>\n<li>Zachodniopomorski Uniwersytet Technologiczny w Szczecinie.<\/li>\n<\/ul>\n","protected":false},"excerpt":{"rendered":"<p>,,PIONIER-LAB &#8211; Krajowa Platforma Integracji Infrastruktur Badawczych z Ekosystemami Innowacji\u201d &#8211; projekt realizowany w ramach<\/p>\n","protected":false},"author":33,"featured_media":0,"parent":89,"menu_order":0,"comment_status":"closed","ping_status":"closed","template":"","meta":{"_acf_changed":false,"ngg_post_thumbnail":0,"footnotes":""},"class_list":["post-1187","page","type-page","status-publish","hentry"],"acf":[],"_links":{"self":[{"href":"https:\/\/pb.edu.pl\/brpm\/wp-json\/wp\/v2\/pages\/1187","targetHints":{"allow":["GET"]}}],"collection":[{"href":"https:\/\/pb.edu.pl\/brpm\/wp-json\/wp\/v2\/pages"}],"about":[{"href":"https:\/\/pb.edu.pl\/brpm\/wp-json\/wp\/v2\/types\/page"}],"author":[{"embeddable":true,"href":"https:\/\/pb.edu.pl\/brpm\/wp-json\/wp\/v2\/users\/33"}],"replies":[{"embeddable":true,"href":"https:\/\/pb.edu.pl\/brpm\/wp-json\/wp\/v2\/comments?post=1187"}],"version-history":[{"count":0,"href":"https:\/\/pb.edu.pl\/brpm\/wp-json\/wp\/v2\/pages\/1187\/revisions"}],"up":[{"embeddable":true,"href":"https:\/\/pb.edu.pl\/brpm\/wp-json\/wp\/v2\/pages\/89"}],"wp:attachment":[{"href":"https:\/\/pb.edu.pl\/brpm\/wp-json\/wp\/v2\/media?parent=1187"}],"curies":[{"name":"wp","href":"https:\/\/api.w.org\/{rel}","templated":true}]}}