{"id":115,"date":"2017-12-28T22:42:59","date_gmt":"2017-12-28T21:42:59","guid":{"rendered":"https:\/\/pb.edu.pl\/brpm\/?page_id=115"},"modified":"2022-01-10T08:59:55","modified_gmt":"2022-01-10T07:59:55","slug":"aval","status":"publish","type":"page","link":"https:\/\/pb.edu.pl\/brpm\/projekty-pb\/programy-ue\/projekty-zrealizowane\/aval\/","title":{"rendered":"AVAL"},"content":{"rendered":"<p><img loading=\"lazy\" decoding=\"async\" class=\"alignnone wp-image-683 size-full\" src=\"https:\/\/pb.edu.pl\/brpm\/wp-content\/uploads\/sites\/6\/2019\/05\/FE_POIR_poziom_pl-1_rgb.jpg\" alt=\"\" width=\"5496\" height=\"756\" srcset=\"https:\/\/pb.edu.pl\/brpm\/wp-content\/uploads\/sites\/6\/2019\/05\/FE_POIR_poziom_pl-1_rgb.jpg 5496w, https:\/\/pb.edu.pl\/brpm\/wp-content\/uploads\/sites\/6\/2019\/05\/FE_POIR_poziom_pl-1_rgb-300x41.jpg 300w, https:\/\/pb.edu.pl\/brpm\/wp-content\/uploads\/sites\/6\/2019\/05\/FE_POIR_poziom_pl-1_rgb-768x106.jpg 768w, https:\/\/pb.edu.pl\/brpm\/wp-content\/uploads\/sites\/6\/2019\/05\/FE_POIR_poziom_pl-1_rgb-1024x141.jpg 1024w\" sizes=\"auto, (max-width: 5496px) 100vw, 5496px\" \/><\/p>\n<h2>AVAL \u2013 Autonomous Vessel with an Air Look \u201cBadania aplikacyjne w obszarze technologii nawigacji, sterowania, komunikacji i wymiany danych pomi\u0119dzy autonomicznym statkiem p\u0142ywaj\u0105cym i statkiem powietrznym\u201d. Projekt jest wsp\u00f3\u0142finansowany w ramach Dzia\u0142ania 4.1 Programu Operacyjnego Inteligentny Rozw\u00f3j 2014-2020 wsp\u00f3\u0142finansowanego ze \u015brodk\u00f3w Europejskiego Funduszu Rozwoju Regionalnego, Poddzia\u0142anie 4.1.4 \u201eBadania aplikacyjne\u201d.<\/h2>\n<p>Bud\u017cet projektu wynosi <strong>10 341 336,94 z\u0142<\/strong> a warto\u015b\u0107 przyznanego dofinansowania to <strong>9 272 030,64 z\u0142<\/strong>.<\/p>\n<p>Termin realizacji: <strong>01.06.2017 &#8211; 28.12.2020<\/strong><\/p>\n<p>Celem projektu jest przeprowadzenie bada\u0144 przemys\u0142owych oraz rozwojowych, kt\u00f3rych efekty zostan\u0105 zastosowane w technologii <strong>autonomicznego statku morskiego<\/strong>. G\u0142\u00f3wnym elementem technologii jest system innowacyjnej nawigacji morskiej wykorzystuj\u0105cy, opr\u00f3cz urz\u0105dze\u0144 nawigacyjnych zainstalowanych na statku, dane z obserwacji wizyjnej prowadzonej przez bezza\u0142ogowy statek powietrzny.<\/p>\n<p>Wyniki realizacji projektu zostan\u0105 zastosowane w produkcie opartym o technologi\u0119 AVAL, i zostanie wdro\u017cony na rynku transportu morskiego w 2021.<\/p>\n<p><strong>Technologia AVAL<\/strong><\/p>\n<ul>\n<li>Technologia Bezza\u0142ogowych Statk\u00f3w Morskich (BSM). Sercem BSM jest komponent przeciwdzia\u0142aj\u0105cy zderzeniom i system komunikacji z Bezza\u0142ogowym Statkiem Powietrznym(BSP).<\/li>\n<li>Technologia BSP jest wsparciem dla systemu nawigacji morskiej w sytuacjach kolizyjnych. BSP jest wyposa\u017cony w kamer\u0119 i czujniki do rejestrowania i przesy\u0142ania danych wideo i hydrometeorologii do BSP.<\/li>\n<li>Technologia Przetwarzania Obrazu (TPO). Kluczowym elementem TPO jest algorytm wykrywania i rozpoznawania obiekt\u00f3w niebezpiecze\u0144stwa na morzu (na przyk\u0142ad \u0142odzi ratowniczych, g\u00f3r lodowych, wieloryb\u00f3w itp.) w obrazach zarejestrowanych kamer\u0105 BSP.<\/li>\n<\/ul>\n<p>Projekt jest <strong>realizowany przez multidyscyplinarne konsorcjum naukowo-przemys\u0142owe<\/strong> w sk\u0142adzie: lider konsorcjum \u2013 Politechnika Bia\u0142ostocka (Wydzia\u0142 Informatyki oraz Wydzia\u0142 Mechaniczny), Fundacja Bezpiecze\u0144stwa \u017beglugi i Ochrony \u015arodowiska w I\u0142awie oraz firmy akademickie: Sup4NAV sp. z o.o. i UpLogic sp. z o. o. spin-off Politechniki Bia\u0142ostockiej.<\/p>\n<p>Link do strony projektu: <a title=\"Strona otworzy si\u0119 w nowym oknie.\" href=\"http:\/\/avalproject.pl\" target=\"_blank\" rel=\"noopener\">avalproject.pl<\/a><\/p>\n","protected":false},"excerpt":{"rendered":"<p>AVAL \u2013 Autonomous Vessel with an Air Look \u201cBadania aplikacyjne w obszarze technologii nawigacji, sterowania,<\/p>\n","protected":false},"author":2,"featured_media":0,"parent":89,"menu_order":2,"comment_status":"closed","ping_status":"closed","template":"","meta":{"_acf_changed":false,"ngg_post_thumbnail":0,"footnotes":""},"class_list":["post-115","page","type-page","status-publish","hentry"],"acf":[],"_links":{"self":[{"href":"https:\/\/pb.edu.pl\/brpm\/wp-json\/wp\/v2\/pages\/115","targetHints":{"allow":["GET"]}}],"collection":[{"href":"https:\/\/pb.edu.pl\/brpm\/wp-json\/wp\/v2\/pages"}],"about":[{"href":"https:\/\/pb.edu.pl\/brpm\/wp-json\/wp\/v2\/types\/page"}],"author":[{"embeddable":true,"href":"https:\/\/pb.edu.pl\/brpm\/wp-json\/wp\/v2\/users\/2"}],"replies":[{"embeddable":true,"href":"https:\/\/pb.edu.pl\/brpm\/wp-json\/wp\/v2\/comments?post=115"}],"version-history":[{"count":0,"href":"https:\/\/pb.edu.pl\/brpm\/wp-json\/wp\/v2\/pages\/115\/revisions"}],"up":[{"embeddable":true,"href":"https:\/\/pb.edu.pl\/brpm\/wp-json\/wp\/v2\/pages\/89"}],"wp:attachment":[{"href":"https:\/\/pb.edu.pl\/brpm\/wp-json\/wp\/v2\/media?parent=115"}],"curies":[{"name":"wp","href":"https:\/\/api.w.org\/{rel}","templated":true}]}}