{"id":110,"date":"2017-12-28T22:37:33","date_gmt":"2017-12-28T21:37:33","guid":{"rendered":"https:\/\/pb.edu.pl\/brpm\/?page_id=110"},"modified":"2025-06-30T21:51:29","modified_gmt":"2025-06-30T19:51:29","slug":"2-work","status":"publish","type":"page","link":"https:\/\/pb.edu.pl\/brpm\/projekty-pb\/programy-ue\/projekty-zrealizowane\/2-work\/","title":{"rendered":"2 WORK"},"content":{"rendered":"<p><img loading=\"lazy\" decoding=\"async\" class=\"alignnone wp-image-568 size-full\" src=\"https:\/\/pb.edu.pl\/brpm\/wp-content\/uploads\/sites\/6\/2018\/09\/FE_POWER_poziom_pl-jpg.jpg\" alt=\"\" width=\"5883\" height=\"756\" srcset=\"https:\/\/pb.edu.pl\/brpm\/wp-content\/uploads\/sites\/6\/2018\/09\/FE_POWER_poziom_pl-jpg.jpg 5883w, https:\/\/pb.edu.pl\/brpm\/wp-content\/uploads\/sites\/6\/2018\/09\/FE_POWER_poziom_pl-jpg-300x39.jpg 300w, https:\/\/pb.edu.pl\/brpm\/wp-content\/uploads\/sites\/6\/2018\/09\/FE_POWER_poziom_pl-jpg-768x99.jpg 768w, https:\/\/pb.edu.pl\/brpm\/wp-content\/uploads\/sites\/6\/2018\/09\/FE_POWER_poziom_pl-jpg-1024x132.jpg 1024w\" sizes=\"auto, (max-width: 5883px) 100vw, 5883px\" \/><\/p>\n<h2>&#8222;2WORK kompleksowy program kszta\u0142tuj\u0105cy kompetencje i kwalifikacje, zwi\u0119kszaj\u0105cy szanse absolwent\u00f3w na rynku pracy\u201d jest realizowany w ramach POWER 2014-2020, Dzia\u0142anie 3.1.<\/h2>\n<p><strong>Celem projektu 2WORK jest podniesienie konkurencyjno\u015bci absolwent\u00f3w<\/strong> Politechniki Bia\u0142ostockiej na rynku pracy poprzez zwi\u0119kszenie kompetencji 245 student\u00f3w w zakresie oczekiwanym przez pracodawc\u00f3w. Projekt 2WORK <strong>jest uzupe\u0142nieniem oferty programu kszta\u0142cenia<\/strong> Uczelni, maj\u0105cy na celu podniesienie kompetencji student\u00f3w. Zaprogramowane dzia\u0142ania pozwol\u0105 na zwi\u0119kszenie studentom kompetencji zawodowych, komunikacyjnych, przedsi\u0119biorczych, j\u0119zykowych, informatycznych i analitycznych, zgodnie z oczekiwaniami rynku pracy.<\/p>\n<div class=\"h4\">W ramach projektu przewidziano 6 form wsparcia:<\/div>\n<ul>\n<li>warsztaty kszta\u0142c\u0105ce kompetencje,<\/li>\n<li>bran\u017cowe warsztaty j\u0119zykowe &#8222;Business&#8221;,<\/li>\n<li>certyfikowane szkolenia,<\/li>\n<li>dodatkowe zadania praktyczne dla student\u00f3w,<\/li>\n<li>wizyty studyjne u pracodawc\u00f3w,<\/li>\n<li>dodatkowe zaj\u0119cia realizowane wsp\u00f3lnie z pracodawcami.<\/li>\n<\/ul>\n<p>Wsparcie b\u0119dzie oferowane studentom 8 kierunk\u00f3w:<\/p>\n<ul>\n<li>Budownictwo (I, II),<\/li>\n<li>In\u017cynieria \u015brodowiska (I, II),<\/li>\n<li>Architektura krajobrazu (I, II),<\/li>\n<li>Gospodarka przestrzenna (I, II),<\/li>\n<li>Zarz\u0105dzanie (I, II),<\/li>\n<li>Zarz\u0105dzanie i In\u017cynieria produkcji (I, II),<\/li>\n<li>Logistyka (I, II),<\/li>\n<li>Le\u015bnictwo (I).<\/li>\n<\/ul>\n<p>Poprzez uczestnictwo w projekcie studenci nab\u0119d\u0105 umiej\u0119tno\u015bci menad\u017cerskich, kompetencje poznawcze, samoorganizacyjne i umiej\u0119tno\u015bci spo\u0142eczne. Poprzez zaj\u0119cia warsztatowe zdob\u0119d\u0105 praktyczne przygotowanie do zawodu. Dzi\u0119ki szkoleniom certyfikowanym uzyskaj\u0105 dokumenty potwierdzaj\u0105ce nabyte umiej\u0119tno\u015bci. Udzia\u0142 pracodawc\u00f3w zaanga\u017cowanych do projektu w procesie kszta\u0142cenia mo\u017ce sta\u0107 si\u0119 pierwszym krokiem do nawi\u0105zania sta\u0142ej wsp\u00f3\u0142pracy student\u00f3w z firmami. Zwi\u0119kszony poziom kompetencji student\u00f3w ostatnich semestr\u00f3w studi\u00f3w I i II stopnia u\u0142atwi uczestnikom projektu znalezienie zatrudnienia lub zach\u0119ci do kontynuacji kszta\u0142cenia.<\/p>\n<p>W projekcie przewidziano min. 3 formy wsparcia dla ka\u017cdego uczestnika indywidualn\u0105 \u015bcie\u017ck\u0119 dla ka\u017cdego z nich okre\u015bli wst\u0119pny Bilans Kompetencji. Warto\u015b\u0107 wsparcia na 1 uczestnika nie przekroczy 20 ty\u015b. z\u0142.<\/p>\n<p>Szkolenia s\u0105 finansowane w 100% ze \u015brodk\u00f3w Europejskiego Funduszu Spo\u0142ecznego i bud\u017cetu pa\u0144stwa. Uczestnicy nie ponosz\u0105 \u017cadnych koszt\u00f3w zwi\u0105zanych bezpo\u015brednio z udzia\u0142em w szkoleniach. Warto\u015b\u0107 projektu ze \u015brodk\u00f3w europejskich 1 286 446,31 z\u0142 i 194 049,41 z\u0142 z dotacji celowej.<\/p>\n","protected":false},"excerpt":{"rendered":"<p>&#8222;2WORK kompleksowy program kszta\u0142tuj\u0105cy kompetencje i kwalifikacje, zwi\u0119kszaj\u0105cy szanse absolwent\u00f3w na rynku pracy\u201d jest realizowany<\/p>\n","protected":false},"author":2,"featured_media":0,"parent":89,"menu_order":1,"comment_status":"closed","ping_status":"closed","template":"","meta":{"_acf_changed":false,"ngg_post_thumbnail":0,"footnotes":""},"class_list":["post-110","page","type-page","status-publish","hentry"],"acf":[],"_links":{"self":[{"href":"https:\/\/pb.edu.pl\/brpm\/wp-json\/wp\/v2\/pages\/110","targetHints":{"allow":["GET"]}}],"collection":[{"href":"https:\/\/pb.edu.pl\/brpm\/wp-json\/wp\/v2\/pages"}],"about":[{"href":"https:\/\/pb.edu.pl\/brpm\/wp-json\/wp\/v2\/types\/page"}],"author":[{"embeddable":true,"href":"https:\/\/pb.edu.pl\/brpm\/wp-json\/wp\/v2\/users\/2"}],"replies":[{"embeddable":true,"href":"https:\/\/pb.edu.pl\/brpm\/wp-json\/wp\/v2\/comments?post=110"}],"version-history":[{"count":0,"href":"https:\/\/pb.edu.pl\/brpm\/wp-json\/wp\/v2\/pages\/110\/revisions"}],"up":[{"embeddable":true,"href":"https:\/\/pb.edu.pl\/brpm\/wp-json\/wp\/v2\/pages\/89"}],"wp:attachment":[{"href":"https:\/\/pb.edu.pl\/brpm\/wp-json\/wp\/v2\/media?parent=110"}],"curies":[{"name":"wp","href":"https:\/\/api.w.org\/{rel}","templated":true}]}}