{"id":1000,"date":"2020-12-23T15:04:02","date_gmt":"2020-12-23T14:04:02","guid":{"rendered":"https:\/\/pb.edu.pl\/brpm\/?page_id=1000"},"modified":"2023-10-18T15:16:56","modified_gmt":"2023-10-18T13:16:56","slug":"rhodiola","status":"publish","type":"page","link":"https:\/\/pb.edu.pl\/brpm\/projekty-pb\/programy-ue\/projekty-zrealizowane\/rhodiola\/","title":{"rendered":"Rhodiola"},"content":{"rendered":"<p><img loading=\"lazy\" decoding=\"async\" class=\"size-full wp-image-1003 aligncenter\" src=\"https:\/\/pb.edu.pl\/brpm\/wp-content\/uploads\/sites\/6\/2020\/12\/logo-arimr.jpg\" alt=\"\" width=\"570\" height=\"80\" srcset=\"https:\/\/pb.edu.pl\/brpm\/wp-content\/uploads\/sites\/6\/2020\/12\/logo-arimr.jpg 570w, https:\/\/pb.edu.pl\/brpm\/wp-content\/uploads\/sites\/6\/2020\/12\/logo-arimr-300x42.jpg 300w\" sizes=\"auto, (max-width: 570px) 100vw, 570px\" \/><\/p>\n<h2>Projekt \u201eRhodiola \u2013 r\u00f3\u017ceniec g\u00f3rski \u2013 innowacyjna uprawa, innowacyjny surowiec\u201d w ramach dzia\u0142ania M16 \u2013 \u201eWsp\u00f3\u0142praca\u201d Agencja Restrukturyzacji i Modernizacji Rolnictwa obj\u0119tego Programem Rozwoju Obszar\u00f3w Wiejskich na lata 2014-2020.<\/h2>\n<p><strong>Celem g\u0142\u00f3wnym<\/strong> projektu jest poprawa efektywno\u015bci uprawy ro\u015bliny leczniczej R\u00f3\u017cenca g\u00f3rskiego (Rhodiola rosea L.) poprzez zastosowanie biotechnologicznej metody mikroklonalnego rozmna\u017cania rzadkich gatunk\u00f3w ro\u015blin a tak\u017ce znacznie udoskonalonej technologii ci\u0119cia i suszenia surowca- k\u0142\u0105czy z korzeniami. Celem nast\u0119pczym jest opracowanie i wdro\u017cenie innowacji w zakresie nowego produktu \u2013 ekstraktu z R\u00f3\u017ce\u0144ca g\u00f3rskiego.<\/p>\n<h3>Zakres przedmiotowy obejmuje:<\/h3>\n<ul>\n<li>Identyfikacja zwi\u0105zk\u00f3w biologicznie aktywnych i optymalizacja procesu ich ilo\u015bciowego oznaczania w ekstrakcie z k\u0142\u0105cza z korzeniami r\u00f3\u017cnych populacji R\u00f3\u017ce\u0144ca g\u00f3rskiego Rhodiola rosea L..;<\/li>\n<li>Opracowanie technologii hodowli mikroklonalnej wybranej populacji R\u00f3\u017ce\u0144ca g\u00f3rskiego;<\/li>\n<li>Uprawa i przygotowanie surowca z znacznie udoskonalonego produktu R\u00f3\u017ce\u0144ca g\u00f3rskiego;<\/li>\n<li>Opracowanie chemicznych metod skriningowych monitorowania jako\u015bci gotowego surowca \u2013 k\u0142\u0105cza z korzeniami R\u00f3\u017ce\u0144ca g\u00f3rskiego Rhodiola rosea L.;<\/li>\n<li>Opracowanie i optymalizacja produkcji ekstraktu standaryzowanego z k\u0142\u0105cza z korzeniami R\u00f3\u017ce\u0144ca g\u00f3rskiego Rhodiola rosea L. przy wykorzystaniu r\u00f3\u017cnych technik ekstrakcji w skali laboratoryjnej;<\/li>\n<li>Pilota\u017cowanie produkcji innowacyjnego produktu \u2013 ekstraktu standaryzowanego z k\u0142\u0105cza z korzeniami R\u00f3\u017ce\u0144ca g\u00f3rskiego Rhodiola rosea L. w warunkach p\u00f3\u0142przemys\u0142owych;<\/li>\n<li>Konferencja podsumowuj\u0105ca projekt (zaprezentowanie wynik\u00f3w realizacji operacji).<\/li>\n<\/ul>\n<p><strong>Okres realizacji projektu:<\/strong> 01.02.2021 \u2013 30.04.2023 r.<\/p>\n<p><strong>Ca\u0142kowita warto\u015b\u0107 operacji:<\/strong> 2 705 077,89 z\u0142<\/p>\n<p><strong>Ca\u0142kowite koszty kwalifikowalne:<\/strong> 2 427 283,20 z\u0142<\/p>\n<p><strong>Wnioskowana kwota pomocy:<\/strong> 1 741 888,00 z\u0142<\/p>\n<h3>Projekt realizowany jest przez Konsorcjum w sk\u0142adzie:<\/h3>\n<ul>\n<li>Politechnika Bia\u0142ostocka &#8211; Lider.<\/li>\n<li>Gospodarstwo Rolne Alina Romaniuk &#8211; partner.<\/li>\n<li>Podlaski O\u015brodek Doradztwa Rolniczego w Szepietowie &#8211; partner.<\/li>\n<\/ul>\n","protected":false},"excerpt":{"rendered":"<p>Projekt \u201eRhodiola \u2013 r\u00f3\u017ceniec g\u00f3rski \u2013 innowacyjna uprawa, innowacyjny surowiec\u201d w ramach dzia\u0142ania M16 \u2013<\/p>\n","protected":false},"author":33,"featured_media":0,"parent":89,"menu_order":0,"comment_status":"closed","ping_status":"closed","template":"","meta":{"_acf_changed":false,"ngg_post_thumbnail":0,"footnotes":""},"class_list":["post-1000","page","type-page","status-publish","hentry"],"acf":[],"_links":{"self":[{"href":"https:\/\/pb.edu.pl\/brpm\/wp-json\/wp\/v2\/pages\/1000","targetHints":{"allow":["GET"]}}],"collection":[{"href":"https:\/\/pb.edu.pl\/brpm\/wp-json\/wp\/v2\/pages"}],"about":[{"href":"https:\/\/pb.edu.pl\/brpm\/wp-json\/wp\/v2\/types\/page"}],"author":[{"embeddable":true,"href":"https:\/\/pb.edu.pl\/brpm\/wp-json\/wp\/v2\/users\/33"}],"replies":[{"embeddable":true,"href":"https:\/\/pb.edu.pl\/brpm\/wp-json\/wp\/v2\/comments?post=1000"}],"version-history":[{"count":0,"href":"https:\/\/pb.edu.pl\/brpm\/wp-json\/wp\/v2\/pages\/1000\/revisions"}],"up":[{"embeddable":true,"href":"https:\/\/pb.edu.pl\/brpm\/wp-json\/wp\/v2\/pages\/89"}],"wp:attachment":[{"href":"https:\/\/pb.edu.pl\/brpm\/wp-json\/wp\/v2\/media?parent=1000"}],"curies":[{"name":"wp","href":"https:\/\/api.w.org\/{rel}","templated":true}]}}