{"id":97,"date":"2021-02-15T20:21:07","date_gmt":"2021-02-15T19:21:07","guid":{"rendered":"https:\/\/pb.edu.pl\/bon\/?page_id=97"},"modified":"2021-07-13T01:01:29","modified_gmt":"2021-07-12T23:01:29","slug":"aktualnosci","status":"publish","type":"page","link":"https:\/\/pb.edu.pl\/bon\/aktualnosci\/","title":{"rendered":"Aktualno\u015bci"},"content":{"rendered":"\t\t<div class=\"box news-box \">\n\t\t<div class=\"row\">\n\t\t\t\n\t\t\t\n\t\t\t\t\n\t\t\t\t\t\t\t\t\t\t<div class=\"col-sm-3\">\n\t\t\t\t\t\t\t\n<article class=\"format-standard\">\n    <span class=\"date text-right\"><i class=\"fal fa-calendar-alt\"><\/i> 16-04-2026<\/span>\n    <a href=\"https:\/\/pb.edu.pl\/bon\/2026\/04\/16\/wyklad-neuroprotekcja-na-co-dzien-22-04-2026\/\">\n      <div class=\"article-image\">\n        <img loading=\"lazy\" decoding=\"async\" width=\"480\" height=\"300\" src=\"https:\/\/pb.edu.pl\/bon\/wp-content\/uploads\/sites\/61\/2026\/04\/2026-04-pzp-neuroprotekcja-www-480x300-1.jpg\" class=\"attachment-medium-image-16x10 size-medium-image-16x10 wp-post-image\" alt=\"\" srcset=\"https:\/\/pb.edu.pl\/bon\/wp-content\/uploads\/sites\/61\/2026\/04\/2026-04-pzp-neuroprotekcja-www-480x300-1.jpg 480w, https:\/\/pb.edu.pl\/bon\/wp-content\/uploads\/sites\/61\/2026\/04\/2026-04-pzp-neuroprotekcja-www-480x300-1-300x188.jpg 300w\" sizes=\"auto, (max-width: 480px) 100vw, 480px\" \/>      <\/div>\n      <h3>Wyk\u0142ad &#8222;Neuroprotekcja na co dzie\u0144&#8221; 22.04.2026<\/h3>\n      Zapraszamy na kolejny wyk\u0142ad w ramach profilaktyki zdrowia psychicznego w Politechnice    <\/a>\n<\/article>\t\t\t\t\t\t<\/div>\n\t\t\t\t\t\t\t\t\t\t\t<div class=\"col-sm-3\">\n\t\t\t\t\t\t\t\n<article class=\"format-standard\">\n    <span class=\"date text-right\"><i class=\"fal fa-calendar-alt\"><\/i> 10-04-2026<\/span>\n    <a href=\"https:\/\/pb.edu.pl\/bon\/2026\/04\/10\/informator-dla-osob-z-niepelnosprawnoscia-2026\/\">\n      <div class=\"article-image\">\n        <img loading=\"lazy\" decoding=\"async\" width=\"326\" height=\"300\" src=\"https:\/\/pb.edu.pl\/bon\/wp-content\/uploads\/sites\/61\/2022\/07\/informator_PFRON_2021.png\" class=\"attachment-medium-image-16x10 size-medium-image-16x10 wp-post-image\" alt=\"\" srcset=\"https:\/\/pb.edu.pl\/bon\/wp-content\/uploads\/sites\/61\/2022\/07\/informator_PFRON_2021.png 782w, https:\/\/pb.edu.pl\/bon\/wp-content\/uploads\/sites\/61\/2022\/07\/informator_PFRON_2021-300x276.png 300w, https:\/\/pb.edu.pl\/bon\/wp-content\/uploads\/sites\/61\/2022\/07\/informator_PFRON_2021-768x706.png 768w\" sizes=\"auto, (max-width: 326px) 100vw, 326px\" \/>      <\/div>\n      <h3>Informator dla os\u00f3b z niepe\u0142nosprawno\u015bci\u0105 2026<\/h3>\n      Zapraszamy do lektury nowego wydania \u201eInformatora dla os\u00f3b z niepe\u0142nosprawno\u015bci\u0105\u201d. Publikacja    <\/a>\n<\/article>\t\t\t\t\t\t<\/div>\n\t\t\t\t\t\t\t\t\t\t\t<div class=\"col-sm-3\">\n\t\t\t\t\t\t\t\n<article class=\"format-standard\">\n    <span class=\"date text-right\"><i class=\"fal fa-calendar-alt\"><\/i> 10-04-2026<\/span>\n    <a href=\"https:\/\/pb.edu.pl\/bon\/2026\/04\/10\/harmonogram-bezplatnych-porad-prawnych-w-kwietniu-2026-r\/\">\n      <div class=\"article-image\">\n        <img loading=\"lazy\" decoding=\"async\" width=\"450\" height=\"300\" src=\"https:\/\/pb.edu.pl\/bon\/wp-content\/uploads\/sites\/61\/2021\/06\/ikona-punkt-wsparcia.jpg\" class=\"attachment-medium-image-16x10 size-medium-image-16x10 wp-post-image\" alt=\"\" srcset=\"https:\/\/pb.edu.pl\/bon\/wp-content\/uploads\/sites\/61\/2021\/06\/ikona-punkt-wsparcia.jpg 600w, https:\/\/pb.edu.pl\/bon\/wp-content\/uploads\/sites\/61\/2021\/06\/ikona-punkt-wsparcia-300x200.jpg 300w, https:\/\/pb.edu.pl\/bon\/wp-content\/uploads\/sites\/61\/2021\/06\/ikona-punkt-wsparcia-480x320.jpg 480w\" sizes=\"auto, (max-width: 450px) 100vw, 450px\" \/>      <\/div>\n      <h3>Harmonogram bezp\u0142atnych porad prawnych w kwietniu 2026 r.<\/h3>\n      Jeste\u015b studentem, doktorantem lub pracownikiem Politechniki Bia\u0142ostockiej i masz szczeg\u00f3lne potrzeby?    <\/a>\n<\/article>\t\t\t\t\t\t<\/div>\n\t\t\t\t\t\t\t\t\t\t\t<div class=\"col-sm-3\">\n\t\t\t\t\t\t\t\n<article class=\"format-standard\">\n    <span class=\"date text-right\"><i class=\"fal fa-calendar-alt\"><\/i> 08-04-2026<\/span>\n    <a href=\"https:\/\/pb.edu.pl\/bon\/2026\/04\/08\/bezplatne-warsztaty-o-zdrowiu-psychicznym-dla-studentow-i-pracownikow\/\">\n      <div class=\"article-image\">\n        <img loading=\"lazy\" decoding=\"async\" width=\"480\" height=\"300\" src=\"https:\/\/pb.edu.pl\/bon\/wp-content\/uploads\/sites\/61\/2026\/04\/2026-03-pzp-warsztaty-www-2048x1280-1-480x300.jpg\" class=\"attachment-medium-image-16x10 size-medium-image-16x10 wp-post-image\" alt=\"\" srcset=\"https:\/\/pb.edu.pl\/bon\/wp-content\/uploads\/sites\/61\/2026\/04\/2026-03-pzp-warsztaty-www-2048x1280-1-480x300.jpg 480w, https:\/\/pb.edu.pl\/bon\/wp-content\/uploads\/sites\/61\/2026\/04\/2026-03-pzp-warsztaty-www-2048x1280-1-300x188.jpg 300w, https:\/\/pb.edu.pl\/bon\/wp-content\/uploads\/sites\/61\/2026\/04\/2026-03-pzp-warsztaty-www-2048x1280-1-1024x640.jpg 1024w, https:\/\/pb.edu.pl\/bon\/wp-content\/uploads\/sites\/61\/2026\/04\/2026-03-pzp-warsztaty-www-2048x1280-1-768x480.jpg 768w, https:\/\/pb.edu.pl\/bon\/wp-content\/uploads\/sites\/61\/2026\/04\/2026-03-pzp-warsztaty-www-2048x1280-1-1536x960.jpg 1536w, https:\/\/pb.edu.pl\/bon\/wp-content\/uploads\/sites\/61\/2026\/04\/2026-03-pzp-warsztaty-www-2048x1280-1.jpg 2048w\" sizes=\"auto, (max-width: 480px) 100vw, 480px\" \/>      <\/div>\n      <h3>Bezp\u0142atne warsztaty o zdrowiu psychicznym. Dla Student\u00f3w i Pracownik\u00f3w<\/h3>\n      Zapraszamy na cykl 10 wyj\u0105tkowych spotka\u0144 z ekspertami z Centrum Zdrowia    <\/a>\n<\/article>\t\t\t\t\t\t<\/div>\n\t\t\t\t\t\t\t\t\t\t\t<div class=\"col-sm-3\">\n\t\t\t\t\t\t\t\n<article class=\"format-standard\">\n    <span class=\"date text-right\"><i class=\"fal fa-calendar-alt\"><\/i> 03-04-2026<\/span>\n    <a href=\"https:\/\/pb.edu.pl\/bon\/2026\/04\/03\/darmowe-szkolenia-z-dostepnosci-cyfrowej-14-kwietnia-formularze-dostepne-cyfrowo\/\">\n      <div class=\"article-image\">\n        <img loading=\"lazy\" decoding=\"async\" width=\"450\" height=\"300\" src=\"https:\/\/pb.edu.pl\/bon\/wp-content\/uploads\/sites\/61\/2021\/08\/235155319_4368352316521586_1346686901878909181_n.jpg\" class=\"attachment-medium-image-16x10 size-medium-image-16x10 wp-post-image\" alt=\"\" srcset=\"https:\/\/pb.edu.pl\/bon\/wp-content\/uploads\/sites\/61\/2021\/08\/235155319_4368352316521586_1346686901878909181_n.jpg 1920w, https:\/\/pb.edu.pl\/bon\/wp-content\/uploads\/sites\/61\/2021\/08\/235155319_4368352316521586_1346686901878909181_n-300x200.jpg 300w, https:\/\/pb.edu.pl\/bon\/wp-content\/uploads\/sites\/61\/2021\/08\/235155319_4368352316521586_1346686901878909181_n-1024x683.jpg 1024w, https:\/\/pb.edu.pl\/bon\/wp-content\/uploads\/sites\/61\/2021\/08\/235155319_4368352316521586_1346686901878909181_n-768x512.jpg 768w, https:\/\/pb.edu.pl\/bon\/wp-content\/uploads\/sites\/61\/2021\/08\/235155319_4368352316521586_1346686901878909181_n-1536x1024.jpg 1536w, https:\/\/pb.edu.pl\/bon\/wp-content\/uploads\/sites\/61\/2021\/08\/235155319_4368352316521586_1346686901878909181_n-480x320.jpg 480w\" sizes=\"auto, (max-width: 450px) 100vw, 450px\" \/>      <\/div>\n      <h3>Darmowe szkolenia z dost\u0119pno\u015bci cyfrowej  \u2014 14 kwietnia Formularze dost\u0119pne cyfrowo<\/h3>\n      Zach\u0119camy do udzia\u0142u w darmowych szkoleniach z dost\u0119pno\u015bci cyfrowej prowadzonych przez    <\/a>\n<\/article>\t\t\t\t\t\t<\/div>\n\t\t\t\t\t\t\t\t\t\t\t<div class=\"col-sm-3\">\n\t\t\t\t\t\t\t\n<article class=\"format-standard\">\n    <span class=\"date text-right\"><i class=\"fal fa-calendar-alt\"><\/i> 01-04-2026<\/span>\n    <a href=\"https:\/\/pb.edu.pl\/bon\/2026\/04\/01\/dzialanie-bon-w-kwietniu-2026\/\">\n      <div class=\"article-image\">\n        <img loading=\"lazy\" decoding=\"async\" width=\"450\" height=\"300\" src=\"https:\/\/pb.edu.pl\/bon\/wp-content\/uploads\/sites\/61\/2021\/06\/ikona-opiekunowie.jpg\" class=\"attachment-medium-image-16x10 size-medium-image-16x10 wp-post-image\" alt=\"\" srcset=\"https:\/\/pb.edu.pl\/bon\/wp-content\/uploads\/sites\/61\/2021\/06\/ikona-opiekunowie.jpg 600w, https:\/\/pb.edu.pl\/bon\/wp-content\/uploads\/sites\/61\/2021\/06\/ikona-opiekunowie-300x200.jpg 300w, https:\/\/pb.edu.pl\/bon\/wp-content\/uploads\/sites\/61\/2021\/06\/ikona-opiekunowie-480x320.jpg 480w\" sizes=\"auto, (max-width: 450px) 100vw, 450px\" \/>      <\/div>\n      <h3>Dzia\u0142anie BON w kwietniu 2026<\/h3>\n      W dniach 7-9.04.2026 siedziba Biura ds. Os\u00f3b z Niepe\u0142nosprawno\u015bciami b\u0119dzie zamkni\u0119ta.    <\/a>\n<\/article>\t\t\t\t\t\t<\/div>\n\t\t\t\t\t\t\t\t\t\t\t<div class=\"col-sm-3\">\n\t\t\t\t\t\t\t\n<article class=\"format-standard\">\n    <span class=\"date text-right\"><i class=\"fal fa-calendar-alt\"><\/i> 31-03-2026<\/span>\n    <a href=\"https:\/\/pb.edu.pl\/bon\/2026\/03\/31\/prace-remontowe-na-parkingu-przy-budynku-sigma\/\">\n      <div class=\"article-image\">\n        <img loading=\"lazy\" decoding=\"async\" width=\"300\" height=\"265\" src=\"https:\/\/pb.edu.pl\/bon\/wp-content\/uploads\/sites\/61\/2022\/12\/A-14.png\" class=\"attachment-medium-image-16x10 size-medium-image-16x10 wp-post-image\" alt=\"\" \/>      <\/div>\n      <h3>Prace remontowe na parkingu przy budynku Sigma<\/h3>\n      W \u015brod\u0119 1.04. rozpoczn\u0105 si\u0119 prace na parkingu z p\u0142yt a\u017curowych    <\/a>\n<\/article>\t\t\t\t\t\t<\/div>\n\t\t\t\t\t\t\t\t\t\t\t<div class=\"col-sm-3\">\n\t\t\t\t\t\t\t\n<article class=\"format-standard\">\n    <span class=\"date text-right\"><i class=\"fal fa-calendar-alt\"><\/i> 30-03-2026<\/span>\n    <a href=\"https:\/\/pb.edu.pl\/bon\/2026\/03\/30\/zmiana-w-dyzurze-punktu-konsultacji-psychologicznych-30-03-2026\/\">\n      <div class=\"article-image\">\n        <img loading=\"lazy\" decoding=\"async\" width=\"450\" height=\"300\" src=\"https:\/\/pb.edu.pl\/bon\/wp-content\/uploads\/sites\/61\/2021\/07\/pomoc-psychologiczna.jpg\" class=\"attachment-medium-image-16x10 size-medium-image-16x10 wp-post-image\" alt=\"\" srcset=\"https:\/\/pb.edu.pl\/bon\/wp-content\/uploads\/sites\/61\/2021\/07\/pomoc-psychologiczna.jpg 600w, https:\/\/pb.edu.pl\/bon\/wp-content\/uploads\/sites\/61\/2021\/07\/pomoc-psychologiczna-300x200.jpg 300w, https:\/\/pb.edu.pl\/bon\/wp-content\/uploads\/sites\/61\/2021\/07\/pomoc-psychologiczna-480x320.jpg 480w\" sizes=\"auto, (max-width: 450px) 100vw, 450px\" \/>      <\/div>\n      <h3>Zmiana w dy\u017curze punktu konsultacji psychologicznych marzec &#8211; kwiecie\u0144 2026<\/h3>\n      W dniach 30.03-03.04 punkt konsultacji psychologicznych (pok\u00f3j nr 6 w DS.    <\/a>\n<\/article>\t\t\t\t\t\t<\/div>\n\t\t\t\t\t\t\t\t\t\t\t<div class=\"col-sm-3\">\n\t\t\t\t\t\t\t\n<article class=\"format-standard\">\n    <span class=\"date text-right\"><i class=\"fal fa-calendar-alt\"><\/i> 27-03-2026<\/span>\n    <a href=\"https:\/\/pb.edu.pl\/bon\/2026\/03\/27\/prace-remontowe-przy-ds-5-epsilon\/\">\n      <div class=\"article-image\">\n        <img loading=\"lazy\" decoding=\"async\" width=\"300\" height=\"265\" src=\"https:\/\/pb.edu.pl\/bon\/wp-content\/uploads\/sites\/61\/2022\/12\/A-14.png\" class=\"attachment-medium-image-16x10 size-medium-image-16x10 wp-post-image\" alt=\"\" \/>      <\/div>\n      <h3>Prace remontowe przy DS 5 Epsilon<\/h3>\n      Od \u015brody 1 kwietnia 2026 rozpoczn\u0105 si\u0119 prace zwi\u0105zane z remontami    <\/a>\n<\/article>\t\t\t\t\t\t<\/div>\n\t\t\t\t\t\t\t\t\t\t\t<div class=\"col-sm-3\">\n\t\t\t\t\t\t\t\n<article class=\"format-standard\">\n    <span class=\"date text-right\"><i class=\"fal fa-calendar-alt\"><\/i> 24-03-2026<\/span>\n    <a href=\"https:\/\/pb.edu.pl\/bon\/2026\/03\/24\/wyklad-meska-sila-zdefiniowana-na-nowo-wiecej-niz-twardosc-wiecej-niz-pozory-27-03-2026\/\">\n      <div class=\"article-image\">\n        <img loading=\"lazy\" decoding=\"async\" width=\"480\" height=\"300\" src=\"https:\/\/pb.edu.pl\/bon\/wp-content\/uploads\/sites\/61\/2026\/03\/2026-03-mateusz-banaszkiewicz-www-480x300-1.jpg\" class=\"attachment-medium-image-16x10 size-medium-image-16x10 wp-post-image\" alt=\"\" srcset=\"https:\/\/pb.edu.pl\/bon\/wp-content\/uploads\/sites\/61\/2026\/03\/2026-03-mateusz-banaszkiewicz-www-480x300-1.jpg 480w, https:\/\/pb.edu.pl\/bon\/wp-content\/uploads\/sites\/61\/2026\/03\/2026-03-mateusz-banaszkiewicz-www-480x300-1-300x188.jpg 300w\" sizes=\"auto, (max-width: 480px) 100vw, 480px\" \/>      <\/div>\n      <h3>Wyk\u0142ad &#8222;M\u0119ska si\u0142a zdefiniowana na nowo. Wi\u0119cej ni\u017c twardo\u015b\u0107, wi\u0119cej ni\u017c pozory&#8221; 27.03.2026<\/h3>\n      Zapraszamy na kolejny wyk\u0142ad w ramach profilaktyki zdrowia psychicznego w Politechnice    <\/a>\n<\/article>\t\t\t\t\t\t<\/div>\n\t\t\t\t\t\t\t\t\t\t\t<div class=\"col-sm-3\">\n\t\t\t\t\t\t\t\n<article class=\"format-standard\">\n    <span class=\"date text-right\"><i class=\"fal fa-calendar-alt\"><\/i> 24-03-2026<\/span>\n    <a href=\"https:\/\/pb.edu.pl\/bon\/2026\/03\/24\/prace-remontowe-na-parkingu-wydzialu-budownictwa-i-nauk-o-srodowisku\/\">\n      <div class=\"article-image\">\n        <img loading=\"lazy\" decoding=\"async\" width=\"300\" height=\"265\" src=\"https:\/\/pb.edu.pl\/bon\/wp-content\/uploads\/sites\/61\/2022\/12\/A-14.png\" class=\"attachment-medium-image-16x10 size-medium-image-16x10 wp-post-image\" alt=\"\" \/>      <\/div>\n      <h3>Prace remontowe na parkingu Wydzia\u0142u Budownictwa i Nauk o \u015arodowisku<\/h3>\n      Od \u015brody 25 marca 2026 rozpoczn\u0105 si\u0119 prace przy parkingu przy    <\/a>\n<\/article>\t\t\t\t\t\t<\/div>\n\t\t\t\t\t\t\t\t\t\t\t<div class=\"col-sm-3\">\n\t\t\t\t\t\t\t\n<article class=\"format-standard\">\n    <span class=\"date text-right\"><i class=\"fal fa-calendar-alt\"><\/i> 18-03-2026<\/span>\n    <a href=\"https:\/\/pb.edu.pl\/bon\/2026\/03\/18\/prace-przy-parkingu-wydzialu-mechanicznego\/\">\n      <div class=\"article-image\">\n        <img loading=\"lazy\" decoding=\"async\" width=\"300\" height=\"265\" src=\"https:\/\/pb.edu.pl\/bon\/wp-content\/uploads\/sites\/61\/2022\/12\/A-14.png\" class=\"attachment-medium-image-16x10 size-medium-image-16x10 wp-post-image\" alt=\"\" \/>      <\/div>\n      <h3>Prace przy parkingu Wydzia\u0142u Mechanicznego<\/h3>\n      Od czwartku 19 marca rozpocz\u0119te zostan\u0105 roboty budowlane zwi\u0105zane z remontem    <\/a>\n<\/article>\t\t\t\t\t\t<\/div>\n\t\t\t\t\t\n\t\t\t\t\n\t\t\t\t\t<\/div>\n\t\t\n\t<nav class=\"navigation pagination\" aria-label=\"Stronicowanie wpis\u00f3w\">\n\t\t<h2 class=\"screen-reader-text\">Stronicowanie wpis\u00f3w<\/h2>\n\t\t<div class=\"nav-links\"><span aria-current=\"page\" class=\"page-numbers current\">1<\/span>\n<a class=\"page-numbers\" href=\"https:\/\/pb.edu.pl\/bon\/wp-json\/wp\/v2\/pages\/97\/page\/2\/\">2<\/a>\n<a class=\"page-numbers\" href=\"https:\/\/pb.edu.pl\/bon\/wp-json\/wp\/v2\/pages\/97\/page\/3\/\">3<\/a>\n<span class=\"page-numbers dots\">&hellip;<\/span>\n<a class=\"page-numbers\" href=\"https:\/\/pb.edu.pl\/bon\/wp-json\/wp\/v2\/pages\/97\/page\/37\/\">37<\/a>\n<a class=\"next page-numbers\" href=\"https:\/\/pb.edu.pl\/bon\/wp-json\/wp\/v2\/pages\/97\/page\/2\/\">Nast\u0119pne<\/a><\/div>\n\t<\/nav>\t\t\t<\/div>\n\n<p><a class=\"h2 text-center\" style=\"display: block\" href=\"https:\/\/pb.edu.pl\/studenci\/studenci-z-niepelnosprawnoscia\/aktualnosci\/\">Aktualno\u015bci opublikowane przed 27.05.2021<\/a><\/p>\n","protected":false},"excerpt":{"rendered":"<p>Aktualno\u015bci opublikowane przed 27.05.2021<\/p>\n","protected":false},"author":2,"featured_media":0,"parent":0,"menu_order":0,"comment_status":"closed","ping_status":"closed","template":"","meta":{"_acf_changed":false,"ngg_post_thumbnail":0,"footnotes":""},"class_list":["post-97","page","type-page","status-publish","hentry"],"acf":[],"yoast_head":"<!-- This site is optimized with the Yoast SEO plugin v27.0 - https:\/\/yoast.com\/product\/yoast-seo-wordpress\/ -->\n<title>Aktualno\u015bci - Biuro ds. Os\u00f3b z Niepe\u0142nosprawno\u015bciami PB<\/title>\n<meta name=\"description\" content=\"Aktualno\u015bci opublikowane przed 27.05.2021\" \/>\n<meta name=\"robots\" content=\"index, follow, max-snippet:-1, max-image-preview:large, max-video-preview:-1\" \/>\n<link rel=\"canonical\" href=\"https:\/\/pb.edu.pl\/bon\/aktualnosci\/\" \/>\n<meta property=\"og:locale\" content=\"pl_PL\" \/>\n<meta property=\"og:type\" content=\"article\" \/>\n<meta property=\"og:title\" content=\"Aktualno\u015bci - Biuro ds. Os\u00f3b z Niepe\u0142nosprawno\u015bciami PB\" \/>\n<meta property=\"og:description\" content=\"Aktualno\u015bci opublikowane przed 27.05.2021\" \/>\n<meta property=\"og:url\" content=\"https:\/\/pb.edu.pl\/bon\/aktualnosci\/\" \/>\n<meta property=\"og:site_name\" content=\"Biuro ds. Os\u00f3b z Niepe\u0142nosprawno\u015bciami PB\" \/>\n<meta property=\"article:modified_time\" content=\"2021-07-12T23:01:29+00:00\" \/>\n<meta name=\"twitter:card\" content=\"summary_large_image\" \/>\n<script type=\"application\/ld+json\" class=\"yoast-schema-graph\">{\"@context\":\"https:\/\/schema.org\",\"@graph\":[{\"@type\":\"WebPage\",\"@id\":\"https:\/\/pb.edu.pl\/bon\/aktualnosci\/\",\"url\":\"https:\/\/pb.edu.pl\/bon\/aktualnosci\/\",\"name\":\"Aktualno\u015bci - Biuro ds. Os\u00f3b z Niepe\u0142nosprawno\u015bciami PB\",\"isPartOf\":{\"@id\":\"https:\/\/pb.edu.pl\/bon\/#website\"},\"datePublished\":\"2021-02-15T19:21:07+00:00\",\"dateModified\":\"2021-07-12T23:01:29+00:00\",\"description\":\"Aktualno\u015bci opublikowane przed 27.05.2021\",\"breadcrumb\":{\"@id\":\"https:\/\/pb.edu.pl\/bon\/aktualnosci\/#breadcrumb\"},\"inLanguage\":\"pl-PL\",\"potentialAction\":[{\"@type\":\"ReadAction\",\"target\":[\"https:\/\/pb.edu.pl\/bon\/aktualnosci\/\"]}]},{\"@type\":\"BreadcrumbList\",\"@id\":\"https:\/\/pb.edu.pl\/bon\/aktualnosci\/#breadcrumb\",\"itemListElement\":[{\"@type\":\"ListItem\",\"position\":1,\"name\":\"Strona g\u0142\u00f3wna\",\"item\":\"https:\/\/pb.edu.pl\/bon\/\"},{\"@type\":\"ListItem\",\"position\":2,\"name\":\"Aktualno\u015bci\"}]},{\"@type\":\"WebSite\",\"@id\":\"https:\/\/pb.edu.pl\/bon\/#website\",\"url\":\"https:\/\/pb.edu.pl\/bon\/\",\"name\":\"Biuro ds. Os\u00f3b z Niepe\u0142nosprawno\u015bciami PB\",\"description\":\"Politechniki Bia\u0142ostockiej\",\"potentialAction\":[{\"@type\":\"SearchAction\",\"target\":{\"@type\":\"EntryPoint\",\"urlTemplate\":\"https:\/\/pb.edu.pl\/bon\/?s={search_term_string}\"},\"query-input\":{\"@type\":\"PropertyValueSpecification\",\"valueRequired\":true,\"valueName\":\"search_term_string\"}}],\"inLanguage\":\"pl-PL\"}]}<\/script>\n<!-- \/ Yoast SEO plugin. -->","yoast_head_json":{"title":"Aktualno\u015bci - Biuro ds. Os\u00f3b z Niepe\u0142nosprawno\u015bciami PB","description":"Aktualno\u015bci opublikowane przed 27.05.2021","robots":{"index":"index","follow":"follow","max-snippet":"max-snippet:-1","max-image-preview":"max-image-preview:large","max-video-preview":"max-video-preview:-1"},"canonical":"https:\/\/pb.edu.pl\/bon\/aktualnosci\/","og_locale":"pl_PL","og_type":"article","og_title":"Aktualno\u015bci - Biuro ds. Os\u00f3b z Niepe\u0142nosprawno\u015bciami PB","og_description":"Aktualno\u015bci opublikowane przed 27.05.2021","og_url":"https:\/\/pb.edu.pl\/bon\/aktualnosci\/","og_site_name":"Biuro ds. Os\u00f3b z Niepe\u0142nosprawno\u015bciami PB","article_modified_time":"2021-07-12T23:01:29+00:00","twitter_card":"summary_large_image","schema":{"@context":"https:\/\/schema.org","@graph":[{"@type":"WebPage","@id":"https:\/\/pb.edu.pl\/bon\/aktualnosci\/","url":"https:\/\/pb.edu.pl\/bon\/aktualnosci\/","name":"Aktualno\u015bci - Biuro ds. Os\u00f3b z Niepe\u0142nosprawno\u015bciami PB","isPartOf":{"@id":"https:\/\/pb.edu.pl\/bon\/#website"},"datePublished":"2021-02-15T19:21:07+00:00","dateModified":"2021-07-12T23:01:29+00:00","description":"Aktualno\u015bci opublikowane przed 27.05.2021","breadcrumb":{"@id":"https:\/\/pb.edu.pl\/bon\/aktualnosci\/#breadcrumb"},"inLanguage":"pl-PL","potentialAction":[{"@type":"ReadAction","target":["https:\/\/pb.edu.pl\/bon\/aktualnosci\/"]}]},{"@type":"BreadcrumbList","@id":"https:\/\/pb.edu.pl\/bon\/aktualnosci\/#breadcrumb","itemListElement":[{"@type":"ListItem","position":1,"name":"Strona g\u0142\u00f3wna","item":"https:\/\/pb.edu.pl\/bon\/"},{"@type":"ListItem","position":2,"name":"Aktualno\u015bci"}]},{"@type":"WebSite","@id":"https:\/\/pb.edu.pl\/bon\/#website","url":"https:\/\/pb.edu.pl\/bon\/","name":"Biuro ds. Os\u00f3b z Niepe\u0142nosprawno\u015bciami PB","description":"Politechniki Bia\u0142ostockiej","potentialAction":[{"@type":"SearchAction","target":{"@type":"EntryPoint","urlTemplate":"https:\/\/pb.edu.pl\/bon\/?s={search_term_string}"},"query-input":{"@type":"PropertyValueSpecification","valueRequired":true,"valueName":"search_term_string"}}],"inLanguage":"pl-PL"}]}},"_links":{"self":[{"href":"https:\/\/pb.edu.pl\/bon\/wp-json\/wp\/v2\/pages\/97","targetHints":{"allow":["GET"]}}],"collection":[{"href":"https:\/\/pb.edu.pl\/bon\/wp-json\/wp\/v2\/pages"}],"about":[{"href":"https:\/\/pb.edu.pl\/bon\/wp-json\/wp\/v2\/types\/page"}],"author":[{"embeddable":true,"href":"https:\/\/pb.edu.pl\/bon\/wp-json\/wp\/v2\/users\/2"}],"replies":[{"embeddable":true,"href":"https:\/\/pb.edu.pl\/bon\/wp-json\/wp\/v2\/comments?post=97"}],"version-history":[{"count":0,"href":"https:\/\/pb.edu.pl\/bon\/wp-json\/wp\/v2\/pages\/97\/revisions"}],"wp:attachment":[{"href":"https:\/\/pb.edu.pl\/bon\/wp-json\/wp\/v2\/media?parent=97"}],"curies":[{"name":"wp","href":"https:\/\/api.w.org\/{rel}","templated":true}]}}