{"id":715,"date":"2021-11-13T17:49:55","date_gmt":"2021-11-13T16:49:55","guid":{"rendered":"https:\/\/pb.edu.pl\/bon\/?page_id=715"},"modified":"2025-03-06T13:22:44","modified_gmt":"2025-03-06T12:22:44","slug":"informacje-o-biurze-ds-osob-z-niepelnosprawnosciami-w-tekscie-latwym-do-czytania-etr","status":"publish","type":"page","link":"https:\/\/pb.edu.pl\/bon\/warto-wiedziec\/informacje-o-biurze-ds-osob-z-niepelnosprawnosciami-w-tekscie-latwym-do-czytania-etr\/","title":{"rendered":"Informacje o Biurze ds. Os\u00f3b z Niepe\u0142nosprawno\u015bciami w tek\u015bcie \u0142atwym do czytania \u2013 ETR"},"content":{"rendered":"<div style=\"font-size: 1.8rem\">\n<p><a href=\"https:\/\/pb.edu.pl\/bon\/\">Biuro ds. Os\u00f3b z Niepe\u0142nosprawno\u015bciami<\/a> pomaga osobom z niepe\u0142nosprawno\u015bciami na Politechnice Bia\u0142ostockiej.<\/p>\n<p>Na wydzia\u0142ach, w Bibliotece, Studium Wychowania Fizycznego i Sportu oraz w Studium J\u0119zyk\u00f3w mo\u017cesz otrzyma\u0107 pomoc od<br \/>\n<a href=\"https:\/\/pb.edu.pl\/bon\/opiekunowie-ozn\/\">Opiekun\u00f3w ds. Os\u00f3b z Niepe\u0142nosprawno\u015bciami<\/a>.<\/p>\n<p>W <a href=\"https:\/\/pb.edu.pl\/bon\/punkt-wsparcia-ozn\/\">Punkcie Wsparcia<\/a> mo\u017cesz skorzysta\u0107 z darmowej pomocy konsultanta procesu kszta\u0142cenia.<\/p>\n<p>Z orzeczeniem mo\u017cesz otrzyma\u0107 stypendium oraz wsparcia z PFRON.<br \/>\n&nbsp;<br \/>\nMo\u017cesz przyj\u015b\u0107 do Biura od poniedzia\u0142ku do pi\u0105tku, w godzinach 8:00-15:00.<\/p>\n<p>Biuro znajduje si\u0119 w budynku g\u0142\u00f3wnym uczelni, przy ulicy Wiejskiej 45A, w pokoju 39C.<\/p>\n<p>Mo\u017cesz skontaktowa\u0107 si\u0119 dzwoni\u0105c na numer 85 746 91 42 lub poczt\u0105 elektroniczn\u0105: wsparcie.bon[at]pb.edu.pl<\/p>\n<\/div>\n<p>&nbsp;<\/p>\n","protected":false},"excerpt":{"rendered":"<p>Biuro ds. Os\u00f3b z Niepe\u0142nosprawno\u015bciami pomaga osobom z niepe\u0142nosprawno\u015bciami na Politechnice Bia\u0142ostockiej. Na wydzia\u0142ach, w<\/p>\n","protected":false},"author":2,"featured_media":0,"parent":51,"menu_order":1,"comment_status":"closed","ping_status":"closed","template":"","meta":{"_acf_changed":false,"ngg_post_thumbnail":0,"footnotes":""},"class_list":["post-715","page","type-page","status-publish","hentry"],"acf":[],"yoast_head":"<!-- This site is optimized with the Yoast SEO plugin v27.0 - https:\/\/yoast.com\/product\/yoast-seo-wordpress\/ -->\n<title>Informacje o Biurze ds. Os\u00f3b z Niepe\u0142nosprawno\u015bciami w tek\u015bcie \u0142atwym do czytania \u2013 ETR - Biuro ds. Os\u00f3b z Niepe\u0142nosprawno\u015bciami PB<\/title>\n<meta name=\"description\" content=\"Biuro ds. Os\u00f3b z Niepe\u0142nosprawno\u015bciami pomaga osobom z niepe\u0142nosprawno\u015bciami na Politechnice Bia\u0142ostockiej. Na wydzia\u0142ach, w Bibliotece, Studium\" \/>\n<meta name=\"robots\" content=\"index, follow, max-snippet:-1, max-image-preview:large, max-video-preview:-1\" \/>\n<link rel=\"canonical\" href=\"https:\/\/pb.edu.pl\/bon\/warto-wiedziec\/informacje-o-biurze-ds-osob-z-niepelnosprawnosciami-w-tekscie-latwym-do-czytania-etr\/\" \/>\n<meta property=\"og:locale\" content=\"pl_PL\" \/>\n<meta property=\"og:type\" content=\"article\" \/>\n<meta property=\"og:title\" content=\"Informacje o Biurze ds. Os\u00f3b z Niepe\u0142nosprawno\u015bciami w tek\u015bcie \u0142atwym do czytania \u2013 ETR - Biuro ds. Os\u00f3b z Niepe\u0142nosprawno\u015bciami PB\" \/>\n<meta property=\"og:description\" content=\"Biuro ds. Os\u00f3b z Niepe\u0142nosprawno\u015bciami pomaga osobom z niepe\u0142nosprawno\u015bciami na Politechnice Bia\u0142ostockiej. Na wydzia\u0142ach, w Bibliotece, Studium\" \/>\n<meta property=\"og:url\" content=\"https:\/\/pb.edu.pl\/bon\/warto-wiedziec\/informacje-o-biurze-ds-osob-z-niepelnosprawnosciami-w-tekscie-latwym-do-czytania-etr\/\" \/>\n<meta property=\"og:site_name\" content=\"Biuro ds. Os\u00f3b z Niepe\u0142nosprawno\u015bciami PB\" \/>\n<meta property=\"article:modified_time\" content=\"2025-03-06T12:22:44+00:00\" \/>\n<meta name=\"twitter:card\" content=\"summary_large_image\" \/>\n<meta name=\"twitter:label1\" content=\"Szacowany czas czytania\" \/>\n\t<meta name=\"twitter:data1\" content=\"1 minuta\" \/>\n<script type=\"application\/ld+json\" class=\"yoast-schema-graph\">{\"@context\":\"https:\/\/schema.org\",\"@graph\":[{\"@type\":\"WebPage\",\"@id\":\"https:\/\/pb.edu.pl\/bon\/warto-wiedziec\/informacje-o-biurze-ds-osob-z-niepelnosprawnosciami-w-tekscie-latwym-do-czytania-etr\/\",\"url\":\"https:\/\/pb.edu.pl\/bon\/warto-wiedziec\/informacje-o-biurze-ds-osob-z-niepelnosprawnosciami-w-tekscie-latwym-do-czytania-etr\/\",\"name\":\"Informacje o Biurze ds. Os\u00f3b z Niepe\u0142nosprawno\u015bciami w tek\u015bcie \u0142atwym do czytania \u2013 ETR - Biuro ds. Os\u00f3b z Niepe\u0142nosprawno\u015bciami PB\",\"isPartOf\":{\"@id\":\"https:\/\/pb.edu.pl\/bon\/#website\"},\"datePublished\":\"2021-11-13T16:49:55+00:00\",\"dateModified\":\"2025-03-06T12:22:44+00:00\",\"description\":\"Biuro ds. Os\u00f3b z Niepe\u0142nosprawno\u015bciami pomaga osobom z niepe\u0142nosprawno\u015bciami na Politechnice Bia\u0142ostockiej. Na wydzia\u0142ach, w Bibliotece, Studium\",\"breadcrumb\":{\"@id\":\"https:\/\/pb.edu.pl\/bon\/warto-wiedziec\/informacje-o-biurze-ds-osob-z-niepelnosprawnosciami-w-tekscie-latwym-do-czytania-etr\/#breadcrumb\"},\"inLanguage\":\"pl-PL\",\"potentialAction\":[{\"@type\":\"ReadAction\",\"target\":[\"https:\/\/pb.edu.pl\/bon\/warto-wiedziec\/informacje-o-biurze-ds-osob-z-niepelnosprawnosciami-w-tekscie-latwym-do-czytania-etr\/\"]}]},{\"@type\":\"BreadcrumbList\",\"@id\":\"https:\/\/pb.edu.pl\/bon\/warto-wiedziec\/informacje-o-biurze-ds-osob-z-niepelnosprawnosciami-w-tekscie-latwym-do-czytania-etr\/#breadcrumb\",\"itemListElement\":[{\"@type\":\"ListItem\",\"position\":1,\"name\":\"Strona g\u0142\u00f3wna\",\"item\":\"https:\/\/pb.edu.pl\/bon\/\"},{\"@type\":\"ListItem\",\"position\":2,\"name\":\"Warto wiedzie\u0107\",\"item\":\"https:\/\/pb.edu.pl\/bon\/warto-wiedziec\/\"},{\"@type\":\"ListItem\",\"position\":3,\"name\":\"Informacje o Biurze ds. Os\u00f3b z Niepe\u0142nosprawno\u015bciami w tek\u015bcie \u0142atwym do czytania \u2013 ETR\"}]},{\"@type\":\"WebSite\",\"@id\":\"https:\/\/pb.edu.pl\/bon\/#website\",\"url\":\"https:\/\/pb.edu.pl\/bon\/\",\"name\":\"Biuro ds. Os\u00f3b z Niepe\u0142nosprawno\u015bciami PB\",\"description\":\"Politechniki Bia\u0142ostockiej\",\"potentialAction\":[{\"@type\":\"SearchAction\",\"target\":{\"@type\":\"EntryPoint\",\"urlTemplate\":\"https:\/\/pb.edu.pl\/bon\/?s={search_term_string}\"},\"query-input\":{\"@type\":\"PropertyValueSpecification\",\"valueRequired\":true,\"valueName\":\"search_term_string\"}}],\"inLanguage\":\"pl-PL\"}]}<\/script>\n<!-- \/ Yoast SEO plugin. -->","yoast_head_json":{"title":"Informacje o Biurze ds. Os\u00f3b z Niepe\u0142nosprawno\u015bciami w tek\u015bcie \u0142atwym do czytania \u2013 ETR - Biuro ds. Os\u00f3b z Niepe\u0142nosprawno\u015bciami PB","description":"Biuro ds. Os\u00f3b z Niepe\u0142nosprawno\u015bciami pomaga osobom z niepe\u0142nosprawno\u015bciami na Politechnice Bia\u0142ostockiej. Na wydzia\u0142ach, w Bibliotece, Studium","robots":{"index":"index","follow":"follow","max-snippet":"max-snippet:-1","max-image-preview":"max-image-preview:large","max-video-preview":"max-video-preview:-1"},"canonical":"https:\/\/pb.edu.pl\/bon\/warto-wiedziec\/informacje-o-biurze-ds-osob-z-niepelnosprawnosciami-w-tekscie-latwym-do-czytania-etr\/","og_locale":"pl_PL","og_type":"article","og_title":"Informacje o Biurze ds. Os\u00f3b z Niepe\u0142nosprawno\u015bciami w tek\u015bcie \u0142atwym do czytania \u2013 ETR - Biuro ds. Os\u00f3b z Niepe\u0142nosprawno\u015bciami PB","og_description":"Biuro ds. Os\u00f3b z Niepe\u0142nosprawno\u015bciami pomaga osobom z niepe\u0142nosprawno\u015bciami na Politechnice Bia\u0142ostockiej. Na wydzia\u0142ach, w Bibliotece, Studium","og_url":"https:\/\/pb.edu.pl\/bon\/warto-wiedziec\/informacje-o-biurze-ds-osob-z-niepelnosprawnosciami-w-tekscie-latwym-do-czytania-etr\/","og_site_name":"Biuro ds. Os\u00f3b z Niepe\u0142nosprawno\u015bciami PB","article_modified_time":"2025-03-06T12:22:44+00:00","twitter_card":"summary_large_image","twitter_misc":{"Szacowany czas czytania":"1 minuta"},"schema":{"@context":"https:\/\/schema.org","@graph":[{"@type":"WebPage","@id":"https:\/\/pb.edu.pl\/bon\/warto-wiedziec\/informacje-o-biurze-ds-osob-z-niepelnosprawnosciami-w-tekscie-latwym-do-czytania-etr\/","url":"https:\/\/pb.edu.pl\/bon\/warto-wiedziec\/informacje-o-biurze-ds-osob-z-niepelnosprawnosciami-w-tekscie-latwym-do-czytania-etr\/","name":"Informacje o Biurze ds. Os\u00f3b z Niepe\u0142nosprawno\u015bciami w tek\u015bcie \u0142atwym do czytania \u2013 ETR - Biuro ds. Os\u00f3b z Niepe\u0142nosprawno\u015bciami PB","isPartOf":{"@id":"https:\/\/pb.edu.pl\/bon\/#website"},"datePublished":"2021-11-13T16:49:55+00:00","dateModified":"2025-03-06T12:22:44+00:00","description":"Biuro ds. Os\u00f3b z Niepe\u0142nosprawno\u015bciami pomaga osobom z niepe\u0142nosprawno\u015bciami na Politechnice Bia\u0142ostockiej. Na wydzia\u0142ach, w Bibliotece, Studium","breadcrumb":{"@id":"https:\/\/pb.edu.pl\/bon\/warto-wiedziec\/informacje-o-biurze-ds-osob-z-niepelnosprawnosciami-w-tekscie-latwym-do-czytania-etr\/#breadcrumb"},"inLanguage":"pl-PL","potentialAction":[{"@type":"ReadAction","target":["https:\/\/pb.edu.pl\/bon\/warto-wiedziec\/informacje-o-biurze-ds-osob-z-niepelnosprawnosciami-w-tekscie-latwym-do-czytania-etr\/"]}]},{"@type":"BreadcrumbList","@id":"https:\/\/pb.edu.pl\/bon\/warto-wiedziec\/informacje-o-biurze-ds-osob-z-niepelnosprawnosciami-w-tekscie-latwym-do-czytania-etr\/#breadcrumb","itemListElement":[{"@type":"ListItem","position":1,"name":"Strona g\u0142\u00f3wna","item":"https:\/\/pb.edu.pl\/bon\/"},{"@type":"ListItem","position":2,"name":"Warto wiedzie\u0107","item":"https:\/\/pb.edu.pl\/bon\/warto-wiedziec\/"},{"@type":"ListItem","position":3,"name":"Informacje o Biurze ds. Os\u00f3b z Niepe\u0142nosprawno\u015bciami w tek\u015bcie \u0142atwym do czytania \u2013 ETR"}]},{"@type":"WebSite","@id":"https:\/\/pb.edu.pl\/bon\/#website","url":"https:\/\/pb.edu.pl\/bon\/","name":"Biuro ds. Os\u00f3b z Niepe\u0142nosprawno\u015bciami PB","description":"Politechniki Bia\u0142ostockiej","potentialAction":[{"@type":"SearchAction","target":{"@type":"EntryPoint","urlTemplate":"https:\/\/pb.edu.pl\/bon\/?s={search_term_string}"},"query-input":{"@type":"PropertyValueSpecification","valueRequired":true,"valueName":"search_term_string"}}],"inLanguage":"pl-PL"}]}},"_links":{"self":[{"href":"https:\/\/pb.edu.pl\/bon\/wp-json\/wp\/v2\/pages\/715","targetHints":{"allow":["GET"]}}],"collection":[{"href":"https:\/\/pb.edu.pl\/bon\/wp-json\/wp\/v2\/pages"}],"about":[{"href":"https:\/\/pb.edu.pl\/bon\/wp-json\/wp\/v2\/types\/page"}],"author":[{"embeddable":true,"href":"https:\/\/pb.edu.pl\/bon\/wp-json\/wp\/v2\/users\/2"}],"replies":[{"embeddable":true,"href":"https:\/\/pb.edu.pl\/bon\/wp-json\/wp\/v2\/comments?post=715"}],"version-history":[{"count":0,"href":"https:\/\/pb.edu.pl\/bon\/wp-json\/wp\/v2\/pages\/715\/revisions"}],"up":[{"embeddable":true,"href":"https:\/\/pb.edu.pl\/bon\/wp-json\/wp\/v2\/pages\/51"}],"wp:attachment":[{"href":"https:\/\/pb.edu.pl\/bon\/wp-json\/wp\/v2\/media?parent=715"}],"curies":[{"name":"wp","href":"https:\/\/api.w.org\/{rel}","templated":true}]}}