{"id":60,"date":"2021-02-15T18:40:23","date_gmt":"2021-02-15T17:40:23","guid":{"rendered":"https:\/\/pb.edu.pl\/bon\/?page_id=60"},"modified":"2025-11-03T11:45:30","modified_gmt":"2025-11-03T10:45:30","slug":"kontakt","status":"publish","type":"page","link":"https:\/\/pb.edu.pl\/bon\/kontakt\/","title":{"rendered":"Kontakt"},"content":{"rendered":"<div class=\"h3\">Biuro ds. Os\u00f3b z Niepe\u0142nosprawno\u015bciami Politechniki Bia\u0142ostockiej<\/div>\n<p>Dom Studenta nr 2 Beta<br \/>\nul. Zwierzyniecka 12<br \/>\npok\u00f3j nr 5, parter<\/p>\n<p>poniedzia\u0142ek &#8211; pi\u0105tek w godz. 8.00 -15.00<\/p>\n<p><i class=\"fal fa-phone\"><\/i> 85 746 91 42<\/p>\n<p><i class=\"fal fa-envelope\"><\/i> <a href=\"#\" rel=\"nofollow\"  onclick=\"this.href='mailto:' + 'wsparcie.bon' + '@' + 'pb.edu.pl'\">wsparcie.bon [at] pb.edu.pl<\/a>\n<p>&nbsp;<\/p>\n<p><strong>Tomasz Jastrz\u0119bski<\/strong><br \/>\nPe\u0142nomocnik Rektora ds. Os\u00f3b z Niepe\u0142nosprawno\u015bciami<br \/>\n<i class=\"fal fa-envelope\"><\/i> <a href=\"#\" rel=\"nofollow\"  onclick=\"this.href='mailto:' + 't.jastrzebski' + '@' + 'pb.edu.pl'\">t.jastrzebski [at] pb.edu.pl<\/a>\n<p><i class=\"fal fa-mobile\"><\/i> 501 032 551<\/p>\n<p>&nbsp;<br \/>\n<strong>Monika Karpiuk<\/strong><br \/>\n<i class=\"fal fa-envelope\"><\/i> <a href=\"#\" rel=\"nofollow\"  onclick=\"this.href='mailto:' + 'm.karpiuk' + '@' + 'pb.edu.pl'\">m.karpiuk [at] pb.edu.pl<\/a>\n<p><i class=\"fal fa-phone\"><\/i> 85 746 71 77<br \/>\n&nbsp;<\/p>\n<div class=\"h3\">Centrum Wsparcia<\/div>\n<p>Dom Studenta nr 2 Beta<br \/>\nul. Zwierzyniecka 12<br \/>\npok\u00f3j nr 6, parter<\/p>\n<p><strong>Magdalena Narewska-\u015awirydziuk<\/strong><br \/>\n<a href=\"https:\/\/pb.edu.pl\/uczelnia\/psycholog-psychologiczny-konsultant-procesu-studiowania\/\">Psychologiczny konsultant ds. procesu studiowania<\/a><\/p>\n<p><i class=\"fal fa-envelope\"><\/i> <a href=\"#\" rel=\"nofollow\"  onclick=\"this.href='mailto:' + 'm.narewska' + '@' + 'pb.edu.pl'\">m.narewska [at] pb.edu.pl<\/a>\n<p><i class=\"fal fa-mobile\"><\/i> 797 520 670<\/p>\n<p id=\"isPasted\">Konsultacje: poniedzia\u0142ek \u2013 czwartek 8.30 \u2013 12.30 lub w ustalonym indywidualnie terminie.<\/p>\n<p>&nbsp;<\/p>\n<p>&nbsp;<\/p>\n","protected":false},"excerpt":{"rendered":"<p>Biuro ds. Os\u00f3b z Niepe\u0142nosprawno\u015bciami Politechniki Bia\u0142ostockiej Dom Studenta nr 2 Beta ul. Zwierzyniecka 12<\/p>\n","protected":false},"author":2,"featured_media":0,"parent":0,"menu_order":11,"comment_status":"closed","ping_status":"closed","template":"","meta":{"_acf_changed":false,"ngg_post_thumbnail":0,"footnotes":""},"class_list":["post-60","page","type-page","status-publish","hentry"],"acf":[],"yoast_head":"<!-- This site is optimized with the Yoast SEO plugin v27.0 - https:\/\/yoast.com\/product\/yoast-seo-wordpress\/ -->\n<title>Kontakt - Biuro ds. Os\u00f3b z Niepe\u0142nosprawno\u015bciami PB<\/title>\n<meta name=\"description\" content=\"Biuro ds. Os\u00f3b z Niepe\u0142nosprawno\u015bciami Politechniki Bia\u0142ostockiej Dom Studenta nr 2 Beta ul. Zwierzyniecka 12 pok\u00f3j nr 5, parter poniedzia\u0142ek - pi\u0105tek w\" \/>\n<meta name=\"robots\" content=\"index, follow, max-snippet:-1, max-image-preview:large, max-video-preview:-1\" \/>\n<link rel=\"canonical\" href=\"https:\/\/pb.edu.pl\/bon\/kontakt\/\" \/>\n<meta property=\"og:locale\" content=\"pl_PL\" \/>\n<meta property=\"og:type\" content=\"article\" \/>\n<meta property=\"og:title\" content=\"Kontakt - Biuro ds. Os\u00f3b z Niepe\u0142nosprawno\u015bciami PB\" \/>\n<meta property=\"og:description\" content=\"Biuro ds. Os\u00f3b z Niepe\u0142nosprawno\u015bciami Politechniki Bia\u0142ostockiej Dom Studenta nr 2 Beta ul. Zwierzyniecka 12 pok\u00f3j nr 5, parter poniedzia\u0142ek - pi\u0105tek w\" \/>\n<meta property=\"og:url\" content=\"https:\/\/pb.edu.pl\/bon\/kontakt\/\" \/>\n<meta property=\"og:site_name\" content=\"Biuro ds. Os\u00f3b z Niepe\u0142nosprawno\u015bciami PB\" \/>\n<meta property=\"article:modified_time\" content=\"2025-11-03T10:45:30+00:00\" \/>\n<meta name=\"twitter:card\" content=\"summary_large_image\" \/>\n<meta name=\"twitter:label1\" content=\"Szacowany czas czytania\" \/>\n\t<meta name=\"twitter:data1\" content=\"1 minuta\" \/>\n<script type=\"application\/ld+json\" class=\"yoast-schema-graph\">{\"@context\":\"https:\/\/schema.org\",\"@graph\":[{\"@type\":\"WebPage\",\"@id\":\"https:\/\/pb.edu.pl\/bon\/kontakt\/\",\"url\":\"https:\/\/pb.edu.pl\/bon\/kontakt\/\",\"name\":\"Kontakt - Biuro ds. Os\u00f3b z Niepe\u0142nosprawno\u015bciami PB\",\"isPartOf\":{\"@id\":\"https:\/\/pb.edu.pl\/bon\/#website\"},\"datePublished\":\"2021-02-15T17:40:23+00:00\",\"dateModified\":\"2025-11-03T10:45:30+00:00\",\"description\":\"Biuro ds. Os\u00f3b z Niepe\u0142nosprawno\u015bciami Politechniki Bia\u0142ostockiej Dom Studenta nr 2 Beta ul. Zwierzyniecka 12 pok\u00f3j nr 5, parter poniedzia\u0142ek - pi\u0105tek w\",\"breadcrumb\":{\"@id\":\"https:\/\/pb.edu.pl\/bon\/kontakt\/#breadcrumb\"},\"inLanguage\":\"pl-PL\",\"potentialAction\":[{\"@type\":\"ReadAction\",\"target\":[\"https:\/\/pb.edu.pl\/bon\/kontakt\/\"]}]},{\"@type\":\"BreadcrumbList\",\"@id\":\"https:\/\/pb.edu.pl\/bon\/kontakt\/#breadcrumb\",\"itemListElement\":[{\"@type\":\"ListItem\",\"position\":1,\"name\":\"Strona g\u0142\u00f3wna\",\"item\":\"https:\/\/pb.edu.pl\/bon\/\"},{\"@type\":\"ListItem\",\"position\":2,\"name\":\"Kontakt\"}]},{\"@type\":\"WebSite\",\"@id\":\"https:\/\/pb.edu.pl\/bon\/#website\",\"url\":\"https:\/\/pb.edu.pl\/bon\/\",\"name\":\"Biuro ds. Os\u00f3b z Niepe\u0142nosprawno\u015bciami PB\",\"description\":\"Politechniki Bia\u0142ostockiej\",\"potentialAction\":[{\"@type\":\"SearchAction\",\"target\":{\"@type\":\"EntryPoint\",\"urlTemplate\":\"https:\/\/pb.edu.pl\/bon\/?s={search_term_string}\"},\"query-input\":{\"@type\":\"PropertyValueSpecification\",\"valueRequired\":true,\"valueName\":\"search_term_string\"}}],\"inLanguage\":\"pl-PL\"}]}<\/script>\n<!-- \/ Yoast SEO plugin. -->","yoast_head_json":{"title":"Kontakt - Biuro ds. Os\u00f3b z Niepe\u0142nosprawno\u015bciami PB","description":"Biuro ds. Os\u00f3b z Niepe\u0142nosprawno\u015bciami Politechniki Bia\u0142ostockiej Dom Studenta nr 2 Beta ul. Zwierzyniecka 12 pok\u00f3j nr 5, parter poniedzia\u0142ek - pi\u0105tek w","robots":{"index":"index","follow":"follow","max-snippet":"max-snippet:-1","max-image-preview":"max-image-preview:large","max-video-preview":"max-video-preview:-1"},"canonical":"https:\/\/pb.edu.pl\/bon\/kontakt\/","og_locale":"pl_PL","og_type":"article","og_title":"Kontakt - Biuro ds. Os\u00f3b z Niepe\u0142nosprawno\u015bciami PB","og_description":"Biuro ds. Os\u00f3b z Niepe\u0142nosprawno\u015bciami Politechniki Bia\u0142ostockiej Dom Studenta nr 2 Beta ul. Zwierzyniecka 12 pok\u00f3j nr 5, parter poniedzia\u0142ek - pi\u0105tek w","og_url":"https:\/\/pb.edu.pl\/bon\/kontakt\/","og_site_name":"Biuro ds. Os\u00f3b z Niepe\u0142nosprawno\u015bciami PB","article_modified_time":"2025-11-03T10:45:30+00:00","twitter_card":"summary_large_image","twitter_misc":{"Szacowany czas czytania":"1 minuta"},"schema":{"@context":"https:\/\/schema.org","@graph":[{"@type":"WebPage","@id":"https:\/\/pb.edu.pl\/bon\/kontakt\/","url":"https:\/\/pb.edu.pl\/bon\/kontakt\/","name":"Kontakt - Biuro ds. Os\u00f3b z Niepe\u0142nosprawno\u015bciami PB","isPartOf":{"@id":"https:\/\/pb.edu.pl\/bon\/#website"},"datePublished":"2021-02-15T17:40:23+00:00","dateModified":"2025-11-03T10:45:30+00:00","description":"Biuro ds. Os\u00f3b z Niepe\u0142nosprawno\u015bciami Politechniki Bia\u0142ostockiej Dom Studenta nr 2 Beta ul. Zwierzyniecka 12 pok\u00f3j nr 5, parter poniedzia\u0142ek - pi\u0105tek w","breadcrumb":{"@id":"https:\/\/pb.edu.pl\/bon\/kontakt\/#breadcrumb"},"inLanguage":"pl-PL","potentialAction":[{"@type":"ReadAction","target":["https:\/\/pb.edu.pl\/bon\/kontakt\/"]}]},{"@type":"BreadcrumbList","@id":"https:\/\/pb.edu.pl\/bon\/kontakt\/#breadcrumb","itemListElement":[{"@type":"ListItem","position":1,"name":"Strona g\u0142\u00f3wna","item":"https:\/\/pb.edu.pl\/bon\/"},{"@type":"ListItem","position":2,"name":"Kontakt"}]},{"@type":"WebSite","@id":"https:\/\/pb.edu.pl\/bon\/#website","url":"https:\/\/pb.edu.pl\/bon\/","name":"Biuro ds. Os\u00f3b z Niepe\u0142nosprawno\u015bciami PB","description":"Politechniki Bia\u0142ostockiej","potentialAction":[{"@type":"SearchAction","target":{"@type":"EntryPoint","urlTemplate":"https:\/\/pb.edu.pl\/bon\/?s={search_term_string}"},"query-input":{"@type":"PropertyValueSpecification","valueRequired":true,"valueName":"search_term_string"}}],"inLanguage":"pl-PL"}]}},"_links":{"self":[{"href":"https:\/\/pb.edu.pl\/bon\/wp-json\/wp\/v2\/pages\/60","targetHints":{"allow":["GET"]}}],"collection":[{"href":"https:\/\/pb.edu.pl\/bon\/wp-json\/wp\/v2\/pages"}],"about":[{"href":"https:\/\/pb.edu.pl\/bon\/wp-json\/wp\/v2\/types\/page"}],"author":[{"embeddable":true,"href":"https:\/\/pb.edu.pl\/bon\/wp-json\/wp\/v2\/users\/2"}],"replies":[{"embeddable":true,"href":"https:\/\/pb.edu.pl\/bon\/wp-json\/wp\/v2\/comments?post=60"}],"version-history":[{"count":0,"href":"https:\/\/pb.edu.pl\/bon\/wp-json\/wp\/v2\/pages\/60\/revisions"}],"wp:attachment":[{"href":"https:\/\/pb.edu.pl\/bon\/wp-json\/wp\/v2\/media?parent=60"}],"curies":[{"name":"wp","href":"https:\/\/api.w.org\/{rel}","templated":true}]}}