{"id":57,"date":"2021-02-15T18:40:07","date_gmt":"2021-02-15T17:40:07","guid":{"rendered":"https:\/\/pb.edu.pl\/bon\/?page_id=57"},"modified":"2025-10-29T13:51:56","modified_gmt":"2025-10-29T12:51:56","slug":"dostepnosc","status":"publish","type":"page","link":"https:\/\/pb.edu.pl\/bon\/dostepnosc\/","title":{"rendered":"Dost\u0119pno\u015b\u0107"},"content":{"rendered":"<div class=\"h2\">Dost\u0119pno\u015b\u0107 architektoniczna<\/div>\n<p>Politechnika Bia\u0142ostocka jest uczelni\u0105 dysponuj\u0105c\u0105, w wi\u0119kszo\u015bci, wieloletnimi budynkami, kt\u00f3re wymagaj\u0105 ich dostosowania do potrzeb os\u00f3b z r\u00f3\u017cnymi niepe\u0142nosprawno\u015bciami. W miar\u0119 mo\u017cliwo\u015bci technicznych i finansowych Uczelnia sukcesywnie modernizuje budynki i ich otoczenia, tak aby stawa\u0142y si\u0119 w bardziej dost\u0119pne dla wszystkich u\u017cytkownik\u00f3w.<\/p>\n<p>Informacja o dost\u0119pno\u015bci budynk\u00f3w znajduj\u0119 si\u0119 na stronie&nbsp; <a href=\"https:\/\/pb.edu.pl\/dostepnosc-cyfrowa\/dostepnosc-architektoniczna-budynkow-pb\/\">dost\u0119pno\u015b\u0107 architektoniczna budynk\u00f3w Politechniki Bia\u0142ostockiej<\/a><br \/>\n&nbsp;<\/p>\n<div class=\"h2\">Dost\u0119pno\u015b\u0107 informacyjno-komunikacyjna<\/div>\n<p>Politechnika Bia\u0142ostocka zapewnia bezp\u0142atny dost\u0119p do us\u0142ugi t\u0142umaczenia Polskiego J\u0119zyka Migowego online.<\/p>\n<p><a href=\"https:\/\/pb.edu.pl\/dostepnosc-cyfrowa\/informacje-na-temat-korzystania-z-uslugi-tlumaczenia-polskiego-jezyka-migowego-online\/\">Informacje na temat korzystania z us\u0142ugi t\u0142umaczenia Polskiego J\u0119zyka Migowego online<\/a><br \/>\n<a id=\"petle-induktofoniczne\"><\/a><br \/>\n&nbsp;<\/p>\n<div class=\"h2\">Urz\u0105dzenia wspieraj\u0105ce s\u0142yszenie<\/div>\n<p>Politechnika Bia\u0142ostocka zwi\u0119ksza liczb\u0119 miejsc wyposa\u017conych w sprz\u0119t przeznaczony dla os\u00f3b z zaburzeniami s\u0142uchu, m.in. p\u0119tle induktofoniczne zar\u00f3wno w salach dydaktycznych, jak i w miejscach obs\u0142ugi.<\/p>\n<div class=\"h3\">Wykaz miejsc, w kt\u00f3rych dost\u0119pne s\u0105 urz\u0105dzenia wspieraj\u0105ce s\u0142yszenie<\/div>\n<ul>\n<li><strong>Wydzia\u0142 Architektury, ul. Sosnowskiego 11<\/strong><br \/>\nP\u0119tle induktofoniczne w aulach\/salach: Hala (\u015brodkowa cz\u0119\u015b\u0107), sala 106, sala 204;<br \/>\nP\u0119tle stanowiskowe w miejscach obs\u0142ugi: Szatnia, Dziekanat p. 003, Biblioteka Wydzia\u0142u p. 010A;<\/li>\n<li><strong>Wydzia\u0142 Budownictwa i Nauk o \u015arodowisku, ul. Wiejska 45 E<\/strong><br \/>\nP\u0119tle induktofoniczne w aulach\/salach: Aula B, sala 134A, sala 205;<br \/>\nP\u0119tle stanowiskowe w miejscach obs\u0142ugi: Portiernia, Dziekanat p. 12, Portiernia Inno-Eko-Tech;<\/li>\n<li><strong>Wydzia\u0142 Elektryczny, ul. Wiejska 45D<\/strong><br \/>\nP\u0119tle induktofoniczne w aulach\/salach: Aula 030, sala 029, sala 109;<br \/>\nZesp\u00f3\u0142 auli wyposa\u017cony w zestaw Monacor ATS-20 (nadajnik i 10 odbiornik\u00f3w).<br \/>\nP\u0119tle stanowiskowe w miejscach obs\u0142ugi: Szatnia, Dziekanat p. 001;<\/li>\n<li><strong>Wydzia\u0142 Informatyki, Obiekt Og\u00f3lnotechniczny, ul. Wiejska 45A<\/strong><br \/>\nP\u0119tle induktofoniczne w aulach\/salach: aula C25, aula B5, sala B11, sala A114, sala A211, sala C21;<br \/>\nP\u0119tle stanowiskowe w miejscach obs\u0142ugi: Portiernia A9, Biuro Podawcze A17, Dziekanat Wydzia\u0142u Informatyki A120, Sekretariat Prorektora ds. Studenckich A18;<\/li>\n<li><strong>Wydzia\u0142 In\u017cynierii Zarz\u0105dzania, ul. Tarasiuka 2, Kleosin<\/strong><br \/>\nP\u0119tle induktofoniczne w aulach\/salach: Aula 18 (Hala Berlin), Aula 24 (Hala Berlin), sala 4 (Hala Berlin), sala 105 (Hala Berlin);<br \/>\nP\u0119tle stanowiskowe w miejscach obs\u0142ugi: budynek Dziekanat, p. 6 (pok\u00f3j kierownika dziekanatu); budynek Hala Berlin &#8211; portiernia, budynek Hala Berlin &#8211; Biblioteka Wydzia\u0142u p.16; budynek Filadelfia &#8211; portiernia;<\/li>\n<li><strong>Wydzia\u0142 Mechaniczny, ul. Wiejska 45C<\/strong><br \/>\nP\u0119tle induktofoniczne w aulach\/salach: Aula 447, Aula 449, sala 107 (Rada Wydzia\u0142u), sala 116;<br \/>\nP\u0119tle stanowiskowe w miejscach obs\u0142ugi: Portiernia, Dziekanat p. 121-123;<\/li>\n<li><strong>Akademickie Centrum Sportu, ul. Wiejska 41<\/strong><br \/>\nP\u0119tle stanowiskowe w miejscach obs\u0142ugi: Portiernia, Sekretariat SWFiS, pok. B-14;<\/li>\n<li><strong>Centrum Nowoczesnego Kszta\u0142cenia, ul. Zwierzyniecka 16<br \/>\n<\/strong>P\u0119tle induktofoniczne w aulach\/salach: Aula P0\/33, sala P2\/02, sala P2\/19;<br \/>\nP\u0119tle stanowiskowe w miejscach obs\u0142ugi: Portiernia, Biblioteka &#8211; Wypo\u017cyczalnia Og\u00f3lna poziom P0, Biblioteka &#8211; Informatorium poziom P0,<br \/>\nBiblioteka &#8211; czytelnia czasopism poziom P0, Biblioteka &#8211; du\u017ca czytelnia ksi\u0105\u017cek poziom P1, Biblioteka &#8211; ma\u0142a czytelnia ksi\u0105\u017cek poziom P1, Centrum Spraw Studenckich, Dydaktyki i Rekrutacji P1\/07, Studium J\u0119zyk\u00f3w Obcych P2\/12;<\/li>\n<li><strong>Zwierzyniecka 10<br \/>\n<\/strong>P\u0119tle stanowiskowe w miejscach obs\u0142ugi: Sekretariat Kanclerza;<\/li>\n<li><strong>DS nr 3, ul. Zwierzyniecka 8<br \/>\n<\/strong>P\u0119tle stanowiskowe w miejscach obs\u0142ugi: Centrum Obs\u0142ugi Mieszka\u0144c\u00f3w Osiedla Akademickiego;<\/li>\n<li><strong>Centrum Naukowo-Badawcze Instytutu Nauk Le\u015bnych w Hajn\u00f3wce, ul. Pi\u0142sudskiego 1 A, Hajn\u00f3wka<br \/>\n<\/strong>P\u0119tle stanowiskowe w miejscach obs\u0142ugi: Sekretariat&nbsp;<\/li>\n<\/ul>\n<div><span style=\"font-size: 18pt\">System nawigacji Intonavi&nbsp;<\/span><\/div>\n<div>\n<p>System nawigacji INTONAVI ma za zadanie u\u0142atwi\u0107 przemieszczanie oraz zorientowanie si\u0119 w terenie u\u017cytkownikom, w tym osobom z niepe\u0142nosprawno\u015bciami. Dzi\u0119ki obs\u0142udze wielu j\u0119zyk\u00f3w wspiera r\u00f3wnie\u017c osoby z zagranicy.<\/p>\n<p>Znaczniki g\u0142osowe systemu zosta\u0142y zamontowane w wej\u015bciach do budynk\u00f3w oraz na portierniach budynk\u00f3w dydaktycznych. Znacznik po wykryciu przez u\u017cytkownika aktywuje informacj\u0119 o lokalizacji jako komunikat g\u0142osowy oraz komunikat na urz\u0105dzeniu u\u017cytkownika.<\/p>\n<p>U\u017cytkownik za pomoc\u0105 aplikacji mo\u017ce wybra\u0107 konkretny znacznik zamontowany na kampusach Uczelni&nbsp;\u2013 w aplikacji nale\u017cy wybra\u0107 \u201eZnaczniki&#8221; \u201eWszystkie&#8221; i wybra\u0107 \u201ePolitechnika Bia\u0142ostocka&#8221;, zostanie wyznaczona trasa prowadz\u0105ca u\u017cytkownika do miejsca docelowego.<\/p>\n<p>Aby m\u00f3c korzysta\u0107 ze&nbsp;znacznik\u00f3w, nale\u017cy zainstalowa\u0107 aplikacj\u0119 IntoNavi korzystaj\u0105c ze&nbsp;sklep\u00f3w z&nbsp;aplikacjami:<\/p>\n<ul type=\"disc\">\n<li>Android \u2013 <a href=\"https:\/\/play.google.com\/store\/apps\/details?id=com.intonavi.navigation\" target=\"_blank\" rel=\"noopener noreferrer\">aplikacja IntoNavi w&nbsp;Google Play<\/a><\/li>\n<li>iOS \u2013 <a href=\"https:\/\/apps.apple.com\/pl\/app\/developer\/id1638762950\" target=\"_blank\" rel=\"noopener noreferrer\">aplikacja IntoNavi w&nbsp;App Store<\/a><\/li>\n<\/ul>\n<p>Aplikacja jest bezp\u0142atna i dost\u0119pna do obs\u0142ugi przez osoby z niepe\u0142nosprawno\u015bci\u0105 wzroku.&nbsp;<\/p>\n<p>Na stronie aplikacji mobilnej mo\u017cna klikn\u0105\u0107 w przycisk &#8222;Instrukcja u\u017cytkownika&#8221; <a href=\"https:\/\/intonavi.com\/aplikacja-mobilna\" target=\"_blank\" rel=\"noopener noreferrer\">https:\/\/intonavi.com\/aplikacja-mobilna<\/a><br \/>\nLink do instrukcji obs\u0142ugi <span id=\"isPasted\"><a href=\"https:\/\/intonavi.com\/pliki\/Instrukcja-Aplikacja-Mobilna.pdf\" target=\"_blank\" rel=\"noopener noreferrer\">https:\/\/intonavi.com\/pliki\/Instrukcja-Aplikacja-Mobilna.pdf<\/a><\/span><\/p>\n<p>System znacznik\u00f3w zosta\u0142y zakupiony dzi\u0119ki projektowi \u201e<a href=\"https:\/\/pb.edu.pl\/dostepna2\/\">PB Dost\u0119pna 2.0 &#8211; nowoczesna uczelnia dla wszystkich<\/a>&#8222;.<\/p>\n<\/div>\n<div class=\"h2\">Informacja o Politechnice Bia\u0142ostockiej<\/div>\n<div>&nbsp;<\/div>\n<p><a href=\"https:\/\/pb.edu.pl\/informacje-o-politechnice-bialostockiej-tekst-latwy-do-czytania-etr\/\">Informacja o Politechnice Bia\u0142ostockiej w tek\u015bcie \u0142atwym do czytania \u2013 ETR<\/a><br \/>\n&nbsp;<\/p>\n<div class=\"h2\">Informacja o Politechnice Bia\u0142ostockiej w Polskim J\u0119zyku Migowym<\/div>\n<div class=\"row\">\n<div class=\"col-sm-8\">\n<div class=\"embed-responsive embed-responsive-16by9\"><iframe loading=\"lazy\" title=\"Politechnika Bia\u0142ostocka bez barier. Informacje o uczelni w polskim j\u0119zyku migowym.\" width=\"500\" height=\"281\" src=\"https:\/\/www.youtube.com\/embed\/-WqJdnebfw0?feature=oembed\" frameborder=\"0\" allow=\"accelerometer; autoplay; clipboard-write; encrypted-media; gyroscope; picture-in-picture; web-share\" referrerpolicy=\"strict-origin-when-cross-origin\" allowfullscreen><\/iframe><\/div>\n<\/div>\n<div class=\"col-sm-4\">&nbsp;<\/div>\n<\/div>\n","protected":false},"excerpt":{"rendered":"<p>Dost\u0119pno\u015b\u0107 architektoniczna Politechnika Bia\u0142ostocka jest uczelni\u0105 dysponuj\u0105c\u0105, w wi\u0119kszo\u015bci, wieloletnimi budynkami, kt\u00f3re wymagaj\u0105 ich dostosowania<\/p>\n","protected":false},"author":2,"featured_media":0,"parent":0,"menu_order":10,"comment_status":"closed","ping_status":"closed","template":"","meta":{"_acf_changed":false,"ngg_post_thumbnail":0,"footnotes":""},"class_list":["post-57","page","type-page","status-publish","hentry"],"acf":[],"yoast_head":"<!-- This site is optimized with the Yoast SEO plugin v27.0 - https:\/\/yoast.com\/product\/yoast-seo-wordpress\/ -->\n<title>Dost\u0119pno\u015b\u0107 - Biuro ds. Os\u00f3b z Niepe\u0142nosprawno\u015bciami PB<\/title>\n<meta name=\"description\" content=\"Dost\u0119pno\u015b\u0107 architektoniczna Politechnika Bia\u0142ostocka jest uczelni\u0105 dysponuj\u0105c\u0105, w wi\u0119kszo\u015bci, wieloletnimi budynkami, kt\u00f3re wymagaj\u0105 ich dostosowania do\" \/>\n<meta name=\"robots\" content=\"index, follow, max-snippet:-1, max-image-preview:large, max-video-preview:-1\" \/>\n<link rel=\"canonical\" href=\"https:\/\/pb.edu.pl\/bon\/dostepnosc\/\" \/>\n<meta property=\"og:locale\" content=\"pl_PL\" \/>\n<meta property=\"og:type\" content=\"article\" \/>\n<meta property=\"og:title\" content=\"Dost\u0119pno\u015b\u0107 - Biuro ds. Os\u00f3b z Niepe\u0142nosprawno\u015bciami PB\" \/>\n<meta property=\"og:description\" content=\"Dost\u0119pno\u015b\u0107 architektoniczna Politechnika Bia\u0142ostocka jest uczelni\u0105 dysponuj\u0105c\u0105, w wi\u0119kszo\u015bci, wieloletnimi budynkami, kt\u00f3re wymagaj\u0105 ich dostosowania do\" \/>\n<meta property=\"og:url\" content=\"https:\/\/pb.edu.pl\/bon\/dostepnosc\/\" \/>\n<meta property=\"og:site_name\" content=\"Biuro ds. Os\u00f3b z Niepe\u0142nosprawno\u015bciami PB\" \/>\n<meta property=\"article:modified_time\" content=\"2025-10-29T12:51:56+00:00\" \/>\n<meta name=\"twitter:card\" content=\"summary_large_image\" \/>\n<meta name=\"twitter:label1\" content=\"Szacowany czas czytania\" \/>\n\t<meta name=\"twitter:data1\" content=\"4 minuty\" \/>\n<script type=\"application\/ld+json\" class=\"yoast-schema-graph\">{\"@context\":\"https:\/\/schema.org\",\"@graph\":[{\"@type\":\"WebPage\",\"@id\":\"https:\/\/pb.edu.pl\/bon\/dostepnosc\/\",\"url\":\"https:\/\/pb.edu.pl\/bon\/dostepnosc\/\",\"name\":\"Dost\u0119pno\u015b\u0107 - Biuro ds. Os\u00f3b z Niepe\u0142nosprawno\u015bciami PB\",\"isPartOf\":{\"@id\":\"https:\/\/pb.edu.pl\/bon\/#website\"},\"datePublished\":\"2021-02-15T17:40:07+00:00\",\"dateModified\":\"2025-10-29T12:51:56+00:00\",\"description\":\"Dost\u0119pno\u015b\u0107 architektoniczna Politechnika Bia\u0142ostocka jest uczelni\u0105 dysponuj\u0105c\u0105, w wi\u0119kszo\u015bci, wieloletnimi budynkami, kt\u00f3re wymagaj\u0105 ich dostosowania do\",\"breadcrumb\":{\"@id\":\"https:\/\/pb.edu.pl\/bon\/dostepnosc\/#breadcrumb\"},\"inLanguage\":\"pl-PL\",\"potentialAction\":[{\"@type\":\"ReadAction\",\"target\":[\"https:\/\/pb.edu.pl\/bon\/dostepnosc\/\"]}]},{\"@type\":\"BreadcrumbList\",\"@id\":\"https:\/\/pb.edu.pl\/bon\/dostepnosc\/#breadcrumb\",\"itemListElement\":[{\"@type\":\"ListItem\",\"position\":1,\"name\":\"Strona g\u0142\u00f3wna\",\"item\":\"https:\/\/pb.edu.pl\/bon\/\"},{\"@type\":\"ListItem\",\"position\":2,\"name\":\"Dost\u0119pno\u015b\u0107\"}]},{\"@type\":\"WebSite\",\"@id\":\"https:\/\/pb.edu.pl\/bon\/#website\",\"url\":\"https:\/\/pb.edu.pl\/bon\/\",\"name\":\"Biuro ds. Os\u00f3b z Niepe\u0142nosprawno\u015bciami PB\",\"description\":\"Politechniki Bia\u0142ostockiej\",\"potentialAction\":[{\"@type\":\"SearchAction\",\"target\":{\"@type\":\"EntryPoint\",\"urlTemplate\":\"https:\/\/pb.edu.pl\/bon\/?s={search_term_string}\"},\"query-input\":{\"@type\":\"PropertyValueSpecification\",\"valueRequired\":true,\"valueName\":\"search_term_string\"}}],\"inLanguage\":\"pl-PL\"}]}<\/script>\n<!-- \/ Yoast SEO plugin. -->","yoast_head_json":{"title":"Dost\u0119pno\u015b\u0107 - Biuro ds. Os\u00f3b z Niepe\u0142nosprawno\u015bciami PB","description":"Dost\u0119pno\u015b\u0107 architektoniczna Politechnika Bia\u0142ostocka jest uczelni\u0105 dysponuj\u0105c\u0105, w wi\u0119kszo\u015bci, wieloletnimi budynkami, kt\u00f3re wymagaj\u0105 ich dostosowania do","robots":{"index":"index","follow":"follow","max-snippet":"max-snippet:-1","max-image-preview":"max-image-preview:large","max-video-preview":"max-video-preview:-1"},"canonical":"https:\/\/pb.edu.pl\/bon\/dostepnosc\/","og_locale":"pl_PL","og_type":"article","og_title":"Dost\u0119pno\u015b\u0107 - Biuro ds. Os\u00f3b z Niepe\u0142nosprawno\u015bciami PB","og_description":"Dost\u0119pno\u015b\u0107 architektoniczna Politechnika Bia\u0142ostocka jest uczelni\u0105 dysponuj\u0105c\u0105, w wi\u0119kszo\u015bci, wieloletnimi budynkami, kt\u00f3re wymagaj\u0105 ich dostosowania do","og_url":"https:\/\/pb.edu.pl\/bon\/dostepnosc\/","og_site_name":"Biuro ds. Os\u00f3b z Niepe\u0142nosprawno\u015bciami PB","article_modified_time":"2025-10-29T12:51:56+00:00","twitter_card":"summary_large_image","twitter_misc":{"Szacowany czas czytania":"4 minuty"},"schema":{"@context":"https:\/\/schema.org","@graph":[{"@type":"WebPage","@id":"https:\/\/pb.edu.pl\/bon\/dostepnosc\/","url":"https:\/\/pb.edu.pl\/bon\/dostepnosc\/","name":"Dost\u0119pno\u015b\u0107 - Biuro ds. Os\u00f3b z Niepe\u0142nosprawno\u015bciami PB","isPartOf":{"@id":"https:\/\/pb.edu.pl\/bon\/#website"},"datePublished":"2021-02-15T17:40:07+00:00","dateModified":"2025-10-29T12:51:56+00:00","description":"Dost\u0119pno\u015b\u0107 architektoniczna Politechnika Bia\u0142ostocka jest uczelni\u0105 dysponuj\u0105c\u0105, w wi\u0119kszo\u015bci, wieloletnimi budynkami, kt\u00f3re wymagaj\u0105 ich dostosowania do","breadcrumb":{"@id":"https:\/\/pb.edu.pl\/bon\/dostepnosc\/#breadcrumb"},"inLanguage":"pl-PL","potentialAction":[{"@type":"ReadAction","target":["https:\/\/pb.edu.pl\/bon\/dostepnosc\/"]}]},{"@type":"BreadcrumbList","@id":"https:\/\/pb.edu.pl\/bon\/dostepnosc\/#breadcrumb","itemListElement":[{"@type":"ListItem","position":1,"name":"Strona g\u0142\u00f3wna","item":"https:\/\/pb.edu.pl\/bon\/"},{"@type":"ListItem","position":2,"name":"Dost\u0119pno\u015b\u0107"}]},{"@type":"WebSite","@id":"https:\/\/pb.edu.pl\/bon\/#website","url":"https:\/\/pb.edu.pl\/bon\/","name":"Biuro ds. Os\u00f3b z Niepe\u0142nosprawno\u015bciami PB","description":"Politechniki Bia\u0142ostockiej","potentialAction":[{"@type":"SearchAction","target":{"@type":"EntryPoint","urlTemplate":"https:\/\/pb.edu.pl\/bon\/?s={search_term_string}"},"query-input":{"@type":"PropertyValueSpecification","valueRequired":true,"valueName":"search_term_string"}}],"inLanguage":"pl-PL"}]}},"_links":{"self":[{"href":"https:\/\/pb.edu.pl\/bon\/wp-json\/wp\/v2\/pages\/57","targetHints":{"allow":["GET"]}}],"collection":[{"href":"https:\/\/pb.edu.pl\/bon\/wp-json\/wp\/v2\/pages"}],"about":[{"href":"https:\/\/pb.edu.pl\/bon\/wp-json\/wp\/v2\/types\/page"}],"author":[{"embeddable":true,"href":"https:\/\/pb.edu.pl\/bon\/wp-json\/wp\/v2\/users\/2"}],"replies":[{"embeddable":true,"href":"https:\/\/pb.edu.pl\/bon\/wp-json\/wp\/v2\/comments?post=57"}],"version-history":[{"count":0,"href":"https:\/\/pb.edu.pl\/bon\/wp-json\/wp\/v2\/pages\/57\/revisions"}],"wp:attachment":[{"href":"https:\/\/pb.edu.pl\/bon\/wp-json\/wp\/v2\/media?parent=57"}],"curies":[{"name":"wp","href":"https:\/\/api.w.org\/{rel}","templated":true}]}}