{"id":54,"date":"2021-02-15T18:39:51","date_gmt":"2021-02-15T17:39:51","guid":{"rendered":"https:\/\/pb.edu.pl\/bon\/?page_id=54"},"modified":"2023-02-20T12:55:35","modified_gmt":"2023-02-20T11:55:35","slug":"wypozyczalnia","status":"publish","type":"page","link":"https:\/\/pb.edu.pl\/bon\/wypozyczalnia\/","title":{"rendered":"Wypo\u017cyczalnia"},"content":{"rendered":"<p>Na Politechnice Bia\u0142ostockiej funkcjonuje wypo\u017cyczalnia specjalistycznego sprz\u0119tu i oprogramowania wspomagaj\u0105cego, z kt\u00f3rej mog\u0105 korzysta\u0107 cz\u0142onkowie spo\u0142eczno\u015bci akademickiej PB.<\/p>\n<p>Osoby zainteresowane wypo\u017cyczeniem specjalistycznego sprz\u0119tu proszone s\u0105 o kontakt z Pe\u0142nomocnikiem Ds. Os\u00f3b z Niepe\u0142nosprawno\u015bciami:<br \/>\ntel. 501 032 551 poniedzia\u0142ku do pi\u0105tku w godzinach 8-15 lub poprzez e-mail: <a href=\"mailto:niepelnosprawni@pb.edu.pl\">niepelnosprawni@pb.edu.pl<\/a>.<br \/>\n&nbsp;<\/p>\n<div class=\"h2\">Wykaz sprz\u0119tu i oprogramowania<\/div>\n<ul>\n<li><strong>Odbiornik pola elektromagnetycznego Hearit T<\/strong> s\u0142uchawki z odbiornikiem sygna\u0142u z p\u0119tli induktofonicznej &#8211; 19 szt.<\/li>\n<li><strong>Univox EJ-7XT\/EJ-7R<\/strong> urz\u0105dzenie wspomagaj\u0105ce s\u0142yszenie, zestaw systemu UHF &#8211; 1 szt.<\/li>\n<li><strong>PHONAK SmartLink SX<\/strong> urz\u0105dzenie wspomagaj\u0105ce s\u0142yszenie, zestaw systemu FM &#8211; 1 szt.<\/li>\n<li><strong>Olympus WS-833 <\/strong>przeno\u015bny dyktafon &#8211; 3 szt.<\/li>\n<li><strong>MAGic Plus<\/strong> program powi\u0119kszaj\u0105cy z opcj\u0105 mowy &#8211; 4 szt.<\/li>\n<li><strong>Ruby XL HD<\/strong> lupa elektroniczna &#8211; 4 szt.<\/li>\n<li><strong>JAWS Screen Reader<\/strong> czytnik ekranu &#8211; 4 szt.<\/li>\n<li><strong>Logitech Wireless Trackball M570<\/strong> specjalistyczna mysz komputerowa &#8211; 4 szt.<\/li>\n<li><strong>MAGic Large Print Keyboard<\/strong> klawiatura powi\u0119kszona dla os\u00f3b s\u0142abowidz\u0105cych &#8211; 4 szt.<\/li>\n<li><strong>Audio-Technica ATH-AVA400<\/strong> s\u0142uchawki nauszne &#8211; 4 szt.<\/li>\n<li><strong>&nbsp;R\u00d8DE Wireless GO II Single <\/strong>b<span class=\"attribute-values is-regular\" data-v-916adf16=\"\" data-v-719caf09=\"\">ezprzewodowy system do nagrywania &#8211; 8 szt. <\/span><\/li>\n<li><strong>Szyny podjazdowe o d\u0142ugo\u015bci 200 cm<\/strong> &#8211; 1 szt.<\/li>\n<li><strong>Szyny podjazdowe o d\u0142ugo\u015bci 305 cm<\/strong> &#8211; 1 szt.<\/li>\n<li><strong>Szyny podjazdowe o d\u0142ugo\u015bci 360 cm<\/strong> &#8211; 1 szt.<\/li>\n<\/ul>\n","protected":false},"excerpt":{"rendered":"<p>Na Politechnice Bia\u0142ostockiej funkcjonuje wypo\u017cyczalnia specjalistycznego sprz\u0119tu i oprogramowania wspomagaj\u0105cego, z kt\u00f3rej mog\u0105 korzysta\u0107 cz\u0142onkowie<\/p>\n","protected":false},"author":2,"featured_media":0,"parent":0,"menu_order":9,"comment_status":"closed","ping_status":"closed","template":"","meta":{"_acf_changed":false,"ngg_post_thumbnail":0,"footnotes":""},"class_list":["post-54","page","type-page","status-publish","hentry"],"acf":[],"yoast_head":"<!-- This site is optimized with the Yoast SEO plugin v27.0 - https:\/\/yoast.com\/product\/yoast-seo-wordpress\/ -->\n<title>Wypo\u017cyczalnia - Biuro ds. Os\u00f3b z Niepe\u0142nosprawno\u015bciami PB<\/title>\n<meta name=\"description\" content=\"Na Politechnice Bia\u0142ostockiej funkcjonuje wypo\u017cyczalnia specjalistycznego sprz\u0119tu i oprogramowania wspomagaj\u0105cego, z kt\u00f3rej mog\u0105 korzysta\u0107 cz\u0142onkowie\" \/>\n<meta name=\"robots\" content=\"index, follow, max-snippet:-1, max-image-preview:large, max-video-preview:-1\" \/>\n<link rel=\"canonical\" href=\"https:\/\/pb.edu.pl\/bon\/wypozyczalnia\/\" \/>\n<meta property=\"og:locale\" content=\"pl_PL\" \/>\n<meta property=\"og:type\" content=\"article\" \/>\n<meta property=\"og:title\" content=\"Wypo\u017cyczalnia - Biuro ds. Os\u00f3b z Niepe\u0142nosprawno\u015bciami PB\" \/>\n<meta property=\"og:description\" content=\"Na Politechnice Bia\u0142ostockiej funkcjonuje wypo\u017cyczalnia specjalistycznego sprz\u0119tu i oprogramowania wspomagaj\u0105cego, z kt\u00f3rej mog\u0105 korzysta\u0107 cz\u0142onkowie\" \/>\n<meta property=\"og:url\" content=\"https:\/\/pb.edu.pl\/bon\/wypozyczalnia\/\" \/>\n<meta property=\"og:site_name\" content=\"Biuro ds. Os\u00f3b z Niepe\u0142nosprawno\u015bciami PB\" \/>\n<meta property=\"article:modified_time\" content=\"2023-02-20T11:55:35+00:00\" \/>\n<meta name=\"twitter:card\" content=\"summary_large_image\" \/>\n<meta name=\"twitter:label1\" content=\"Szacowany czas czytania\" \/>\n\t<meta name=\"twitter:data1\" content=\"1 minuta\" \/>\n<script type=\"application\/ld+json\" class=\"yoast-schema-graph\">{\"@context\":\"https:\/\/schema.org\",\"@graph\":[{\"@type\":\"WebPage\",\"@id\":\"https:\/\/pb.edu.pl\/bon\/wypozyczalnia\/\",\"url\":\"https:\/\/pb.edu.pl\/bon\/wypozyczalnia\/\",\"name\":\"Wypo\u017cyczalnia - Biuro ds. Os\u00f3b z Niepe\u0142nosprawno\u015bciami PB\",\"isPartOf\":{\"@id\":\"https:\/\/pb.edu.pl\/bon\/#website\"},\"datePublished\":\"2021-02-15T17:39:51+00:00\",\"dateModified\":\"2023-02-20T11:55:35+00:00\",\"description\":\"Na Politechnice Bia\u0142ostockiej funkcjonuje wypo\u017cyczalnia specjalistycznego sprz\u0119tu i oprogramowania wspomagaj\u0105cego, z kt\u00f3rej mog\u0105 korzysta\u0107 cz\u0142onkowie\",\"breadcrumb\":{\"@id\":\"https:\/\/pb.edu.pl\/bon\/wypozyczalnia\/#breadcrumb\"},\"inLanguage\":\"pl-PL\",\"potentialAction\":[{\"@type\":\"ReadAction\",\"target\":[\"https:\/\/pb.edu.pl\/bon\/wypozyczalnia\/\"]}]},{\"@type\":\"BreadcrumbList\",\"@id\":\"https:\/\/pb.edu.pl\/bon\/wypozyczalnia\/#breadcrumb\",\"itemListElement\":[{\"@type\":\"ListItem\",\"position\":1,\"name\":\"Strona g\u0142\u00f3wna\",\"item\":\"https:\/\/pb.edu.pl\/bon\/\"},{\"@type\":\"ListItem\",\"position\":2,\"name\":\"Wypo\u017cyczalnia\"}]},{\"@type\":\"WebSite\",\"@id\":\"https:\/\/pb.edu.pl\/bon\/#website\",\"url\":\"https:\/\/pb.edu.pl\/bon\/\",\"name\":\"Biuro ds. Os\u00f3b z Niepe\u0142nosprawno\u015bciami PB\",\"description\":\"Politechniki Bia\u0142ostockiej\",\"potentialAction\":[{\"@type\":\"SearchAction\",\"target\":{\"@type\":\"EntryPoint\",\"urlTemplate\":\"https:\/\/pb.edu.pl\/bon\/?s={search_term_string}\"},\"query-input\":{\"@type\":\"PropertyValueSpecification\",\"valueRequired\":true,\"valueName\":\"search_term_string\"}}],\"inLanguage\":\"pl-PL\"}]}<\/script>\n<!-- \/ Yoast SEO plugin. -->","yoast_head_json":{"title":"Wypo\u017cyczalnia - Biuro ds. Os\u00f3b z Niepe\u0142nosprawno\u015bciami PB","description":"Na Politechnice Bia\u0142ostockiej funkcjonuje wypo\u017cyczalnia specjalistycznego sprz\u0119tu i oprogramowania wspomagaj\u0105cego, z kt\u00f3rej mog\u0105 korzysta\u0107 cz\u0142onkowie","robots":{"index":"index","follow":"follow","max-snippet":"max-snippet:-1","max-image-preview":"max-image-preview:large","max-video-preview":"max-video-preview:-1"},"canonical":"https:\/\/pb.edu.pl\/bon\/wypozyczalnia\/","og_locale":"pl_PL","og_type":"article","og_title":"Wypo\u017cyczalnia - Biuro ds. Os\u00f3b z Niepe\u0142nosprawno\u015bciami PB","og_description":"Na Politechnice Bia\u0142ostockiej funkcjonuje wypo\u017cyczalnia specjalistycznego sprz\u0119tu i oprogramowania wspomagaj\u0105cego, z kt\u00f3rej mog\u0105 korzysta\u0107 cz\u0142onkowie","og_url":"https:\/\/pb.edu.pl\/bon\/wypozyczalnia\/","og_site_name":"Biuro ds. Os\u00f3b z Niepe\u0142nosprawno\u015bciami PB","article_modified_time":"2023-02-20T11:55:35+00:00","twitter_card":"summary_large_image","twitter_misc":{"Szacowany czas czytania":"1 minuta"},"schema":{"@context":"https:\/\/schema.org","@graph":[{"@type":"WebPage","@id":"https:\/\/pb.edu.pl\/bon\/wypozyczalnia\/","url":"https:\/\/pb.edu.pl\/bon\/wypozyczalnia\/","name":"Wypo\u017cyczalnia - Biuro ds. Os\u00f3b z Niepe\u0142nosprawno\u015bciami PB","isPartOf":{"@id":"https:\/\/pb.edu.pl\/bon\/#website"},"datePublished":"2021-02-15T17:39:51+00:00","dateModified":"2023-02-20T11:55:35+00:00","description":"Na Politechnice Bia\u0142ostockiej funkcjonuje wypo\u017cyczalnia specjalistycznego sprz\u0119tu i oprogramowania wspomagaj\u0105cego, z kt\u00f3rej mog\u0105 korzysta\u0107 cz\u0142onkowie","breadcrumb":{"@id":"https:\/\/pb.edu.pl\/bon\/wypozyczalnia\/#breadcrumb"},"inLanguage":"pl-PL","potentialAction":[{"@type":"ReadAction","target":["https:\/\/pb.edu.pl\/bon\/wypozyczalnia\/"]}]},{"@type":"BreadcrumbList","@id":"https:\/\/pb.edu.pl\/bon\/wypozyczalnia\/#breadcrumb","itemListElement":[{"@type":"ListItem","position":1,"name":"Strona g\u0142\u00f3wna","item":"https:\/\/pb.edu.pl\/bon\/"},{"@type":"ListItem","position":2,"name":"Wypo\u017cyczalnia"}]},{"@type":"WebSite","@id":"https:\/\/pb.edu.pl\/bon\/#website","url":"https:\/\/pb.edu.pl\/bon\/","name":"Biuro ds. Os\u00f3b z Niepe\u0142nosprawno\u015bciami PB","description":"Politechniki Bia\u0142ostockiej","potentialAction":[{"@type":"SearchAction","target":{"@type":"EntryPoint","urlTemplate":"https:\/\/pb.edu.pl\/bon\/?s={search_term_string}"},"query-input":{"@type":"PropertyValueSpecification","valueRequired":true,"valueName":"search_term_string"}}],"inLanguage":"pl-PL"}]}},"_links":{"self":[{"href":"https:\/\/pb.edu.pl\/bon\/wp-json\/wp\/v2\/pages\/54","targetHints":{"allow":["GET"]}}],"collection":[{"href":"https:\/\/pb.edu.pl\/bon\/wp-json\/wp\/v2\/pages"}],"about":[{"href":"https:\/\/pb.edu.pl\/bon\/wp-json\/wp\/v2\/types\/page"}],"author":[{"embeddable":true,"href":"https:\/\/pb.edu.pl\/bon\/wp-json\/wp\/v2\/users\/2"}],"replies":[{"embeddable":true,"href":"https:\/\/pb.edu.pl\/bon\/wp-json\/wp\/v2\/comments?post=54"}],"version-history":[{"count":0,"href":"https:\/\/pb.edu.pl\/bon\/wp-json\/wp\/v2\/pages\/54\/revisions"}],"wp:attachment":[{"href":"https:\/\/pb.edu.pl\/bon\/wp-json\/wp\/v2\/media?parent=54"}],"curies":[{"name":"wp","href":"https:\/\/api.w.org\/{rel}","templated":true}]}}