{"id":51,"date":"2021-02-15T18:39:36","date_gmt":"2021-02-15T17:39:36","guid":{"rendered":"https:\/\/pb.edu.pl\/bon\/?page_id=51"},"modified":"2025-10-09T15:06:39","modified_gmt":"2025-10-09T13:06:39","slug":"warto-wiedziec","status":"publish","type":"page","link":"https:\/\/pb.edu.pl\/bon\/warto-wiedziec\/","title":{"rendered":"Warto wiedzie\u0107"},"content":{"rendered":"<p><a class=\"h3 lead\" href=\"\/bon\/warto-wiedziec\/informacje-o-biurze-ds-osob-z-niepelnosprawnosciami-w-tekscie-latwym-do-czytania-etr\/\">Informacje o Biurze ds. Os\u00f3b z Niepe\u0142nosprawno\u015bciami w tek\u015bcie \u0142atwym do czytania \u2013 ETR (EASY TO READ)<\/a><br \/>\n&nbsp;<\/p>\n<p>Pomocy: kandydatom, studentom i doktorantom oraz osobom prowadz\u0105cym dzia\u0142alno\u015b\u0107 naukow\u0105, z niepe\u0142nosprawno\u015bciami udziela <a href=\"https:\/\/pb.edu.pl\/bon\/kontakt\/\">Biuro ds. Os\u00f3b z Niepe\u0142nosprawno\u015bciami<\/a> oraz <a href=\"https:\/\/pb.edu.pl\/bon\/opiekunowie-ozn\/\">Opiekunowie Os\u00f3b z Niepe\u0142nosprawno\u015bciami<\/a>, dzia\u0142aj\u0105c na podstawie <a href=\"https:\/\/bip.pb.edu.pl\/index.php?event=informacja&amp;id=18700\">Regulaminu wspierania os\u00f3b z niepe\u0142nosprawno\u015bciami w Politechnice Bia\u0142ostockiej<\/a>, zgodnie z artyku\u0142em 11. ust\u0119p 1 punkt 6 <em>Ustawy z dnia 20 lipca 2018 r. &#8211; Prawo o szkolnictwie wy\u017cszym i nauce<\/em>.<\/p>\n<p>Osoby z niepe\u0142nosprawno\u015bci\u0105 mog\u0105 ubiega\u0107 si\u0119 o pomoc w rozwi\u0105zywaniu indywidualnych problem\u00f3w wynikaj\u0105cych z niepe\u0142nosprawno\u015bci; wypo\u017cyczy\u0107 sprz\u0119t i oprogramowanie specjalistyczne.<\/p>\n<p>W czytelni <a href=\"http:\/\/biblioteka.pb.edu.pl\/pl\/content\/biblioteka-bez-barier\">Biblioteki G\u0142\u00f3wnej PB<\/a> oraz w bibliotekach wydzia\u0142owych utworzono specjalne stanowiska wyposa\u017cone w sprz\u0119t i oprogramowanie komputerowe u\u0142atwiaj\u0105ce dost\u0119p do ksi\u0119gozbioru osobom z dysfunkcj\u0105 wzroku.<\/p>\n<p>Zach\u0119camy do korzystania z darmowej, anonimowej pomocy <a href=\"https:\/\/pb.edu.pl\/pomoc-psychologiczna\/\">psycholog\u00f3w z dzia\u0142aj\u0105cych w ramach pomocy psychologicznej na Politechnice Bia\u0142ostockiej<\/a>.<br \/>\n&nbsp;<br \/>\n<strong>Posiadanie orzeczenia o niepe\u0142nosprawno\u015bci jest wymagane do:<\/strong><\/p>\n<ul>\n<li>otrzymania stypendium dla student\u00f3w niepe\u0142nosprawnych;<\/li>\n<li>zwi\u0119kszenia stypendium w przypadku niepe\u0142nosprawnych uczestnik\u00f3w szk\u00f3\u0142 doktorskich;<\/li>\n<li>wsparcia finansowego w ramach programu Aktywny Samorz\u0105d prowadzonego przez PFRON;<\/li>\n<li>uzyskania darmowego dost\u0119pu do <a href=\"https:\/\/bon.uw.edu.pl\/wszystko-o-akademickiej-bibliotece-cyfrowej\/\">Akademickiej Biblioteki Cyfrowej<\/a>.<\/li>\n<\/ul>\n<p>&nbsp;<br \/>\n<div class=\"panel-group\" id=\"custom-collapse-0\">\n<div class=\"panel panel-default\">\n\t\t\t\t<div class=\"panel-heading\">\n\t\t\t\t\t<div class=\"panel-title\">\n\t\t\t\t\t\t<a class=\"collapsed h4\" data-toggle=\"collapse\" data-parent=\"#custom-collapse-0\" href=\"#custom-collapse-0-0\">Informacje przydatne dla pracownik\u00f3w<\/a>\n\t\t\t\t\t<\/div>\n\t\t\t\t<\/div>\n\t\t\t\t<div id=\"custom-collapse-0-0\" class=\"panel-collapse collapse\">\n\t\t\t\t\t<div class=\"panel-body\">\n<p><a href=\"https:\/\/bip.pb.edu.pl\/index.php?event=informacja&amp;id=20592\">Zarz\u0105dzenie nr 77\/2023 Rektora Politechniki Bia\u0142ostockiej z dnia 26 lipca 2023 roku w sprawie ustalenia Procedury antydyskryminacyjnej i rozpatrzenia wniosk\u00f3w os\u00f3b ze szczeg\u00f3lnymi potrzebami w Politechnice Bia\u0142ostockiej<\/a><\/p>\n<p><a class=\"pdf\" title=\"otworzy si\u0119 w nowej karcie\" href=\"https:\/\/pb.edu.pl\/bon\/wp-content\/uploads\/sites\/61\/2021\/07\/Praktyczny-poradnik-savoir-vivre.pdf\" target=\"_blank\" rel=\"noopener\" data-id=\"313\">Praktyczny-poradnik-savoir-vivre (PDF, wersja dost\u0119pna cyfrowo, 2 MB)<\/a><\/p>\n<p><a href=\"https:\/\/odpowiedzialnewsparcie.pl\/7-zasad\/\">Uchwa\u0142a KRASP &#8211; 7 zasad wsparcia edukacyjnego student\u00f3w z niepe\u0142nosprawno\u015bciami<\/a><\/p>\n<p><a title=\"pobierz plik\" href=\"https:\/\/pb.edu.pl\/wp-content\/uploads\/2020\/11\/ogolne_wytyczne_tworzenia_materialow_edukacyjnych_25_08_2020.docx\">Og\u00f3lne wytyczne tworzenia dost\u0119pnych cyfrowo materia\u0142\u00f3w edukacyjnych \u2013 opracowanie Karolina Jankowska, Politechnika Wroc\u0142awska (DOCX, 451 KB)<\/a><br \/>\n&nbsp;<\/p>\n<p><strong>Materia\u0142y przygotowane przez <a href=\"https:\/\/tell.amu.edu.pl\/\">Techniques for Effective Language Learning UAM w Poznaniu<\/a><\/strong><\/p>\n<p><a href=\"https:\/\/tell.amu.edu.pl\/wykladowca\/kamerki_stres_interakcja.php\">Kamerki, stres i interakcja Wskaz\u00f3wki dla wyk\u0142adowc\u00f3w \u2013 opracowanie Bas van der Ham, Anna Broszkiewicz, Uniwersytet Adama Mickiewicza<\/a><\/p>\n<p><a href=\"https:\/\/tell.amu.edu.pl\/wykladowca\/studia_zdalne_anonimowe_samotne_doswiadczenie.php\">Studia zdalne: anonimowe, samotne do\u015bwiadczenie? Niekoniecznie! Znaczenie integracji student\u00f3w w trakcie zaj\u0119\u0107 zdalnych na uczelni \u2013 opracowanie Bas van der Ham, Szymon Hejmanowski<\/a><\/p>\n<p>&nbsp;<\/p>\n<p><strong>Materia\u0142y przygotowane przez <a href=\"http:\/\/www.firr.org.pl\">Fundacj\u0119 Instytut Rozwoju Regionalnego<\/a>:<\/strong><\/p>\n<p><a title=\"otworzy si\u0119 w nowej karcie\" href=\"http:\/\/firr.org.pl\/wp-content\/uploads\/2018\/04\/Wskazowki_dla_wykladowcow_mowa.pdf\" target=\"_blank\" rel=\"noopener\">Wskaz\u00f3wki dla os\u00f3b prowadz\u0105cych zaj\u0119cia dydaktyczne ze studentami z niepe\u0142nosprawno\u015bci\u0105 mowy (PDF, wersja dost\u0119pna cyfrowo, 134 KB)<\/a><\/p>\n<p><a title=\"otworzy si\u0119 w nowej karcie\" href=\"http:\/\/firr.org.pl\/wp-content\/uploads\/2018\/04\/Wskazowki_dla_wykladowcow_sluch.pdf\">Wskaz\u00f3wki dla os\u00f3b prowadz\u0105cych zaj\u0119cia dydaktyczne ze studentami z niepe\u0142nosprawno\u015bci\u0105 s\u0142uchu (PDF, wersja dost\u0119pna cyfrowo, 135 KB)<\/a><\/p>\n<p><a title=\"otworzy si\u0119 w nowej karcie\" href=\"http:\/\/firr.org.pl\/wp-content\/uploads\/2018\/04\/Wskazowki_dla_wykladowcow_wzrok.pdf\">Wskaz\u00f3wki dla os\u00f3b prowadz\u0105cych zaj\u0119cia dydaktyczne ze studentami z niepe\u0142nosprawno\u015bci\u0105 wzroku (PDF, wersja dost\u0119pna cyfrowo, 135 KB)<\/a><\/p>\n<p><a title=\"otworzy si\u0119 w nowej karcie\" href=\"https:\/\/pb.edu.pl\/wp-content\/uploads\/2019\/02\/Wskaz\u00f3wki-dla-os\u00f3b-prowadz\u0105cych-zaj\u0119cia-dydaktyczne-ze-studentami-z-niepe\u0142nosprawno\u015bci\u0105-ruchow\u0105.pdf\">Wskaz\u00f3wki dla os\u00f3b prowadz\u0105cych zaj\u0119cia dydaktyczne ze studentami z niepe\u0142nosprawno\u015bci\u0105 ruchow\u0105 (PDF, wersja dost\u0119pna cyfrowo, 227 KB)<\/a><\/p>\n<p><a title=\"otworzy si\u0119 w nowej karcie\" href=\"https:\/\/firr.org.pl\/wp-content\/uploads\/2018\/04\/FIRR_poradnik_dla_uczelni_vademecum.pdf\">Studenci niewidomi i niedowidz\u0105cy&nbsp;&#8211; Adaptacja stanowiska komputerowego (PDF, wersja dost\u0119pna cyfrowo, 821 KB)<\/a><\/p>\n<p><a title=\"otworzy si\u0119 w nowej karcie\" href=\"https:\/\/firr.org.pl\/wp-content\/uploads\/2018\/04\/FIRR-Adaptacja_materialow_informacyjnych.pdf\">Studenci niewidomi i niedowidz\u0105cy&nbsp;&#8211; Adaptacja materia\u0142\u00f3w informacyjnych (PDF, wersja dost\u0119pna cyfrowo, 1.1 MB)<\/a><br \/>\n&nbsp;<\/p>\n<p><strong>Materia\u0142y opracowane przez <a href=\"http:\/\/fundacja-furia.pl\/studia-asd\/\">Fundacj\u0119 Aktywnych FURIA&nbsp;<\/a>:<\/strong><\/p>\n<p><a href=\"http:\/\/fundacja-furia.pl\/studia-asd\/?3d-flip-book=dla-studenta-v2\">Przewodnik dla student\u00f3w w spektrum autyzmu oraz os\u00f3b wspieraj\u0105cych<\/a><\/p>\n<p><a href=\"http:\/\/fundacja-furia.pl\/studia-asd\/?3d-flip-book=dla-pracownika-v2\">Studia neuro nie typowe \u2013 przewodnik dla pracownik\u00f3w uczelni<\/a><\/p>\n<p>&nbsp;<\/p>\n<p>Publikacja &#8222;<a href=\"https:\/\/www.inkubatorwielkichjutra.pl\/wp-content\/uploads\/2023\/11\/Zal_1c.pdf\">Student neuror\u00f3\u017cnorodny w procesie studiowania Podr\u0119cznik dobrych praktyk<\/a>&#8221;<\/p>\n<p>Publikacja <span dir=\"ltr\" role=\"presentation\">Fundacji Dziewczyny w<\/span> <span dir=\"ltr\" role=\"presentation\">Spektrum<\/span> &#8222;<a href=\"https:\/\/dziewczynywspektrum.pl\/wp-content\/uploads\/2021\/12\/Pasjonatki-O-dziewczynach-w-spektrum-autyzmu_www_rozkladowki.pdf\">Pasjonatki. O dziewczynach w spektrum autyzmu<\/a>&#8221;<\/p>\n<p>Publikacja Polskiego Zwi\u0105zku Niewidomych <a href=\"https:\/\/firr.org.pl\/wp-content\/uploads\/2022\/04\/INFORMATOR-OBRAZKOWY-EBOOK-ap.pdf\">&#8222;Jak pomaga\u0107 osobom niewidomym i s\u0142abowidz\u0105cym?&#8221;<\/a><\/p>\n<p>&nbsp;<\/p>\n<\/div>\n\t\t\t\t<\/div>\n\t\t\t<\/div>\n<div class=\"panel panel-default\">\n\t\t\t\t<div class=\"panel-heading\">\n\t\t\t\t\t<div class=\"panel-title\">\n\t\t\t\t\t\t<a class=\"collapsed h4\" data-toggle=\"collapse\" data-parent=\"#custom-collapse-0\" href=\"#custom-collapse-0-1\">Szkolenia<\/a>\n\t\t\t\t\t<\/div>\n\t\t\t\t<\/div>\n\t\t\t\t<div id=\"custom-collapse-0-1\" class=\"panel-collapse collapse\">\n\t\t\t\t\t<div class=\"panel-body\">\n<p>Szkolenie \u015bwiadomo\u015bciowe <em><a href=\"https:\/\/ckz.pb.edu.pl\/LmsProfil\/SciezkaSzkoleniowaElementUzytkownik\/SciezkaSzkoleniowaElementyBySciezkaSzkoleniowaId\/10783\">Niepe\u0142nosprawno\u015b\u0107 na uczelni. \u015awiadomo\u015b\u0107 i wsparcie<\/a>&nbsp;<\/em><\/p>\n<p>e-learning Osoby z niepe\u0142nosprawno\u015bciami &#8211; modu\u0142 1: <a href=\"https:\/\/ckz.pb.edu.pl\/LmsProfil\/SciezkaSzkoleniowaElementUzytkownik\/SciezkaSzkoleniowaElementyBySciezkaSzkoleniowaId\/7792\">Osoby w kryzysie zdrowia psychicznego; Osoby z zaburzeniami spektrum autyzmu; Osoby nies\u0142ysz\u0105ce i s\u0142abos\u0142ysz\u0105ce na uczelni; Saoir-Vivre wobec os\u00f3b z niepe\u0142nosprawno\u015bciami na uczelni <\/a><\/p>\n<p>e-learning Osoby z niepe\u0142nosprawno\u015bciami &#8211; modu\u0142 2: <a href=\"https:\/\/ckz.pb.edu.pl\/LmsProfil\/SciezkaSzkoleniowaElementUzytkownik\/SciezkaSzkoleniowaElementyBySciezkaSzkoleniowaId\/7793\">Czytelnictwo i korzystanie z zasob\u00f3w bibliotecznych w\u015br\u00f3d OzN; Zasady tworzenia dost\u0119pnych materia\u0142\u00f3w dydaktycznych dla OzN; Tworzenie materia\u0142\u00f3w dost\u0119pnych<\/a><\/p>\n<p>e-learning Osoby z niepe\u0142nosprawno\u015bciami &#8211; modu\u0142 3: <a href=\"https:\/\/ckz.pb.edu.pl\/LmsProfil\/SciezkaSzkoleniowaElementUzytkownik\/SciezkaSzkoleniowaElementyBySciezkaSzkoleniowaId\/7794\">Dost\u0119pno\u015b\u0107 architektoniczna<\/a><\/p>\n<p>W przypadku problem\u00f3w z uruchomieniem szkole\u0144 prosimy o kontakt&nbsp; z pracownikami <a title=\"Otworzy si\u0119 w nowej karcie\" href=\"https:\/\/pb.edu.pl\/uci\/pracownicy\/\" target=\"_blank\" rel=\"noopener\">Centrum Kszta\u0142cenia Zdalnego<\/a>.<\/p>\n<p>&nbsp;<\/p>\n<\/div>\n\t\t\t\t<\/div>\n\t\t\t<\/div>\n<div class=\"panel panel-default\">\n\t\t\t\t<div class=\"panel-heading\">\n\t\t\t\t\t<div class=\"panel-title\">\n\t\t\t\t\t\t<a class=\"collapsed h4\" data-toggle=\"collapse\" data-parent=\"#custom-collapse-0\" href=\"#custom-collapse-0-2\">Niekt\u00f3re akty prawne dotycz\u0105ce os\u00f3b niepe\u0142nosprawnych<\/a>\n\t\t\t\t\t<\/div>\n\t\t\t\t<\/div>\n\t\t\t\t<div id=\"custom-collapse-0-2\" class=\"panel-collapse collapse\">\n\t\t\t\t\t<div class=\"panel-body\">\n<a href=\"http:\/\/www.dziennikustaw.gov.pl\/du\/2018\/1668\/1\">Ustawa z dnia 20 lipca 2018 r. \u2013 Prawo o szkolnictwie wy\u017cszym i nauce<\/a><\/p>\n<p><a href=\"https:\/\/www.dziennikustaw.gov.pl\/DU\/rok\/2019\/pozycja\/1696\">Ustawa z dnia 19 lipca 2019 r. o zapewnianiu dost\u0119pno\u015bci osobom ze szczeg\u00f3lnymi potrzebami<\/a><\/p>\n<p><a href=\"http:\/\/www.dziennikustaw.gov.pl\/du\/2018\/511\/1\">Ustawa z&nbsp;dnia 27&nbsp;sierpnia 1997 r. o&nbsp;rehabilitacji zawodowej i&nbsp;spo\u0142ecznej oraz zatrudnieniu os\u00f3b niepe\u0142nosprawnych<\/a><\/p>\n<p><a href=\"http:\/\/www.monitorpolski.gov.pl\/MP\/1997\/s\/50\/475\">Karta Praw Os\u00f3b Niepe\u0142nosprawnych<\/a><\/p>\n<p><a href=\"http:\/\/www.dziennikustaw.gov.pl\/du\/2012\/1169\/1\">Konwencja o prawach os\u00f3b niepe\u0142nosprawnych, sporz\u0105dzona w Nowym Jorku dnia 13 grudnia 2006 r.<\/a><br \/>\n<\/div>\n\t\t\t\t<\/div>\n\t\t\t<\/div>\n<div class=\"panel panel-default\">\n\t\t\t\t<div class=\"panel-heading\">\n\t\t\t\t\t<div class=\"panel-title\">\n\t\t\t\t\t\t<a class=\"collapsed h4\" data-toggle=\"collapse\" data-parent=\"#custom-collapse-0\" href=\"#custom-collapse-0-3\">Przydatne strony www<\/a>\n\t\t\t\t\t<\/div>\n\t\t\t\t<\/div>\n\t\t\t\t<div id=\"custom-collapse-0-3\" class=\"panel-collapse collapse\">\n\t\t\t\t\t<div class=\"panel-body\">\n<a href=\"http:\/\/www.niepelnosprawni.gov.pl\/\">Biuro Pe\u0142nomocnika Rz\u0105du ds. Os\u00f3b Niepe\u0142nosprawnych<\/a><\/p>\n<p><a href=\"https:\/\/www.pfron.org.pl\">Pa\u0144stwowy Fundusz Rehabilitacji Os\u00f3b Niepe\u0142nosprawnych<\/a><\/p>\n<p><a href=\"https:\/\/www.bialystok.pl\/pl\/dla_mieszkancow\/osoby_niepelnosprawne\">Referat Profilaktyki i ds. Os\u00f3b Niepe\u0142nosprawnych Urz\u0105d Miejski w Bia\u0142ymstoku<\/a><\/p>\n<p><a href=\"http:\/\/podlaskisejmikon.pl\/\">Podlaski Sejmik Os\u00f3b z Niepe\u0142nosprawno\u015bciami<\/a><\/p>\n<p><a href=\"https:\/\/bidon.bialystok.pl\/\">Bia\u0142ostocki informator dla os\u00f3b niepe\u0142nosprawnych<\/a><\/p>\n<p><a href=\"http:\/\/www.niepelnosprawni.pl\/\">Portal niepe\u0142nosprawni.pl \u2013 wszystko o niepe\u0142nosprawno\u015bci<\/a><\/p>\n<p><a href=\"http:\/\/pzn.org.pl\/\">Polski Zwi\u0105zek Niewidomych<\/a><\/p>\n<p><a href=\"https:\/\/www.pzg.org.pl\/\">Polski Zwi\u0105zek G\u0142uchych<\/a><\/p>\n<p><a href=\"http:\/\/psoni.org.pl\/\">Polskie Stowarzyszenie na rzecz Os\u00f3b z Niepe\u0142nosprawno\u015bci\u0105 Intelektualn\u0105<\/a><\/p>\n<p><a href=\"http:\/\/www.pson.org.pl\/\">Polskie Stowarzyszenie Os\u00f3b Niepe\u0142nosprawnych<\/a><\/p>\n<p><a href=\"https:\/\/www.far.org.pl\/\">Fundacja Aktywnej Rehabilitacji \u201eFAR\u201d<\/a><\/p>\n<p><a href=\"http:\/\/www.aktywizacja.org.pl\/\">Fundacja Aktywizacja<\/a><\/p>\n<p><a href=\"http:\/\/firr.org.pl\/\">Fundacja Instytut Rozwoju Regionalnego<\/a><\/p>\n<p><a href=\"http:\/\/www.tnm.org.pl\/\">Stowarzyszenie \u201eTwoje Nowe Mo\u017cliwo\u015bci\u201d<\/a><\/p>\n<p><a href=\"https:\/\/www.spes.org.pl\/\">Stowarzyszenie na Rzecz Niepe\u0142nosprawnych SPES<\/a><\/p>\n<p><a href=\"http:\/\/www.popon.pl\/\">Polska Organizacja Pracodawc\u00f3w Os\u00f3b Niepe\u0142nosprawnych<\/a><\/p>\n<p><a href=\"https:\/\/sprawniwpracy.com\/\">Sprawni w pracy \u2013 oferty pracy dla os\u00f3b niepe\u0142nosprawnych<\/a><\/p>\n<p><a href=\"https:\/\/werbeo.pl\/\">Werbeo \u2013 portal z og\u0142oszeniami o prac\u0119 dla os\u00f3b niepe\u0142nosprawnych<\/a><\/p>\n<p><a href=\"http:\/\/pracabezbarier.eu\/\">Praca Bez Barier \u2013 Agencja Pracy dla os\u00f3b G\u0142uchych<\/a><\/p>\n<\/div>\n\t\t\t\t<\/div>\n\t\t\t<\/div>\n<div class=\"panel panel-default\">\n\t\t\t\t<div class=\"panel-heading\">\n\t\t\t\t\t<div class=\"panel-title\">\n\t\t\t\t\t\t<a class=\"collapsed h4\" data-toggle=\"collapse\" data-parent=\"#custom-collapse-0\" href=\"#custom-collapse-0-4\">Informacja o wysoko\u015bci dotacji na zadania zwi\u0105zane z zapewnieniem osobom niepe\u0142nosprawnym warunk\u00f3w do pe\u0142nego udzia\u0142u w procesie przyjmowania na studia, kszta\u0142ceniu i prowadzeniu dzia\u0142alno\u015bci naukowej<\/a>\n\t\t\t\t\t<\/div>\n\t\t\t\t<\/div>\n\t\t\t\t<div id=\"custom-collapse-0-4\" class=\"panel-collapse collapse\">\n\t\t\t\t\t<div class=\"panel-body\">\n<p><a href=\"https:\/\/www.gov.pl\/web\/edukacja-i-nauka\/komunikat-ministra-nauki-i-szkolnictwa-wyzszego-o-wysokosci-dotacji-na-zadania-zwiazane-z-zapewnieniem-osobom-niepelnosprawnym-warunkow-do-pelnego-udzialu-w-procesie-przyjmowania-na-studia-ksztalceniu-i-prowadzeniu-dzialanosci-naukowej\">Komunikat Ministra Nauki i Szkolnictwa Wy\u017cszego z 29.05.2019 r.<\/a><\/p>\n<p><a href=\"https:\/\/www.gov.pl\/web\/edukacja-i-nauka\/komunikat-o-wysokosci-dotacji-na-zapewnienie-osobom-z-niepelnosprawnosciami-warunkow-do-pelnego-udzialu-w-procesie-przyjmowania-na-studia-do-szkol-doktorskich-i-prowadzenia-dzialalnosci-naukowej-oraz-o-wysokosci-srodkow-dotacji-podlegajacych-zwrotowi\">Komunikat Ministra Nauki i Szkolnictwa Wy\u017cszego z 25.06.2020 r.<\/a><\/p>\n<p><a href=\"https:\/\/www.gov.pl\/web\/edukacja-i-nauka\/komunikat-ministra-edukacji-i-nauki-z-dnia-15-czerwca-2021-r-o-wysokosci-dotacji-ze-srodkow-finansowych-na-zadania-zwiazane-z-zapewnieniem-osobom-niepelnosprawnym-warunkow-do-pelnego-udzialu-w-procesie-przyjmowania-na-studia-do-szkol-doktorskich-ksztalceniu-na-studiach-i-w-szkolach-doktorskich-lub-prowadzeniu-dzialalnosci-naukowej-oraz-o-wysokosci-srodkow-finansowych-podlegajacych-zwrotowi--uczelnie-publiczne-1\">Komunikat Ministra Edukacji i Nauki z 15.06.2021 r.<\/a><\/p>\n<p><a href=\"https:\/\/www.gov.pl\/web\/edukacja-i-nauka\/komunikat-ministra-edukacji-i-nauki-z-dnia-10-czerwca-2022-r-o-wysokosci-dotacji-ze-srodkow-finansowych-na-zadania-zwiazane-z-zapewnieniem-osobom-niepelnosprawnym-warunkow-do-pelnego-udzialu-w-procesie-przyjmowania-na-studia-do-szkol-doktorskich-ksztalceniu-na-studiach-i-w-szkolach-doktorskich-lub-prowadzeniu-dzialalnosci-naukowej-oraz-o-wysokosci-srodkow-finansowych-podlegajacych-zwrotowi--uczelnie-publiczne\">Komunikat Ministra Edukacji i Nauki z 10.06.2022 r.<\/a><\/p>\n<p><a href=\"https:\/\/www.gov.pl\/web\/nauka\/komunikat-ministra-edukacji-i-nauki-z-dnia-1-czerwca-2023-r-o-wysokosci-dotacji-ze-srodkow-finansowych-na-zadania-zwiazane-z-zapewnieniem-osobom-niepelnosprawnym-warunkow-do-pelnego-udzialu-w-procesie-przyjmowania-na-studia-do-szkol-doktorskich-ksztalceniu-na-studiach-i-w-szkolach-doktorskich-lub-prowadzeniu-dzialalnosci-naukowej-oraz-o-wysokosci-srodkow-finansowych-podlegajacych-zwrotowi--uczelnie-publiczne2\">Komunikat Ministra Edukacji i Nauki z dnia 1.06.2023 r.<\/a><\/p>\n<p><a href=\"https:\/\/www.gov.pl\/web\/nauka\/fundusz-wsparcia-osob-niepelnosprawnych---komunikat-ministra-nauki-z-dnia-31-maja-2024-r-o-wysokosci-przyznanej-dotacji-oraz-o-wysokosci-srodkow-finansowych-podlegajacych-zwrotowi---uczelnie-publiczne3\">Komunikat Ministra Nauki z dnia 31.05.2024 r.<\/a><\/p>\n<p><a href=\"https:\/\/www.gov.pl\/web\/nauka\/fundusz-wsparcia-osob-niepelnosprawnych---komunikat-ministra-nauki-i-szkolnictwa-wyzszego-z-dnia-2-czerwca-2025-r-o-wysokosci-przyznanej-dotacji---uczelnie-publiczne\">Komunikat Ministra Nauki i Szkolnictwa Wy\u017cszego z dnia 2.06.2025 r.<\/a><\/p>\n<\/div>\n\t\t\t\t<\/div>\n\t\t\t<\/div>\n<\/div>\n","protected":false},"excerpt":{"rendered":"<p>Informacje o Biurze ds. Os\u00f3b z Niepe\u0142nosprawno\u015bciami w tek\u015bcie \u0142atwym do czytania \u2013 ETR (EASY<\/p>\n","protected":false},"author":2,"featured_media":0,"parent":0,"menu_order":8,"comment_status":"closed","ping_status":"closed","template":"","meta":{"_acf_changed":false,"ngg_post_thumbnail":0,"footnotes":""},"class_list":["post-51","page","type-page","status-publish","hentry"],"acf":[],"yoast_head":"<!-- This site is optimized with the Yoast SEO plugin v27.0 - https:\/\/yoast.com\/product\/yoast-seo-wordpress\/ -->\n<title>Warto wiedzie\u0107 - Biuro ds. Os\u00f3b z Niepe\u0142nosprawno\u015bciami PB<\/title>\n<meta name=\"description\" content=\"Informacje o Biurze ds. Os\u00f3b z Niepe\u0142nosprawno\u015bciami w tek\u015bcie \u0142atwym do czytania \u2013 ETR (EASY TO READ) &nbsp; Pomocy: kandydatom, studentom i doktorantom\" \/>\n<meta name=\"robots\" content=\"index, follow, max-snippet:-1, max-image-preview:large, max-video-preview:-1\" \/>\n<link rel=\"canonical\" href=\"https:\/\/pb.edu.pl\/bon\/warto-wiedziec\/\" \/>\n<meta property=\"og:locale\" content=\"pl_PL\" \/>\n<meta property=\"og:type\" content=\"article\" \/>\n<meta property=\"og:title\" content=\"Warto wiedzie\u0107 - Biuro ds. Os\u00f3b z Niepe\u0142nosprawno\u015bciami PB\" \/>\n<meta property=\"og:description\" content=\"Informacje o Biurze ds. Os\u00f3b z Niepe\u0142nosprawno\u015bciami w tek\u015bcie \u0142atwym do czytania \u2013 ETR (EASY TO READ) &nbsp; Pomocy: kandydatom, studentom i doktorantom\" \/>\n<meta property=\"og:url\" content=\"https:\/\/pb.edu.pl\/bon\/warto-wiedziec\/\" \/>\n<meta property=\"og:site_name\" content=\"Biuro ds. Os\u00f3b z Niepe\u0142nosprawno\u015bciami PB\" \/>\n<meta property=\"article:modified_time\" content=\"2025-10-09T13:06:39+00:00\" \/>\n<meta name=\"twitter:card\" content=\"summary_large_image\" \/>\n<meta name=\"twitter:label1\" content=\"Szacowany czas czytania\" \/>\n\t<meta name=\"twitter:data1\" content=\"5 minut\" \/>\n<script type=\"application\/ld+json\" class=\"yoast-schema-graph\">{\"@context\":\"https:\/\/schema.org\",\"@graph\":[{\"@type\":\"WebPage\",\"@id\":\"https:\/\/pb.edu.pl\/bon\/warto-wiedziec\/\",\"url\":\"https:\/\/pb.edu.pl\/bon\/warto-wiedziec\/\",\"name\":\"Warto wiedzie\u0107 - Biuro ds. Os\u00f3b z Niepe\u0142nosprawno\u015bciami PB\",\"isPartOf\":{\"@id\":\"https:\/\/pb.edu.pl\/bon\/#website\"},\"datePublished\":\"2021-02-15T17:39:36+00:00\",\"dateModified\":\"2025-10-09T13:06:39+00:00\",\"description\":\"Informacje o Biurze ds. Os\u00f3b z Niepe\u0142nosprawno\u015bciami w tek\u015bcie \u0142atwym do czytania \u2013 ETR (EASY TO READ) &nbsp; Pomocy: kandydatom, studentom i doktorantom\",\"breadcrumb\":{\"@id\":\"https:\/\/pb.edu.pl\/bon\/warto-wiedziec\/#breadcrumb\"},\"inLanguage\":\"pl-PL\",\"potentialAction\":[{\"@type\":\"ReadAction\",\"target\":[\"https:\/\/pb.edu.pl\/bon\/warto-wiedziec\/\"]}]},{\"@type\":\"BreadcrumbList\",\"@id\":\"https:\/\/pb.edu.pl\/bon\/warto-wiedziec\/#breadcrumb\",\"itemListElement\":[{\"@type\":\"ListItem\",\"position\":1,\"name\":\"Strona g\u0142\u00f3wna\",\"item\":\"https:\/\/pb.edu.pl\/bon\/\"},{\"@type\":\"ListItem\",\"position\":2,\"name\":\"Warto wiedzie\u0107\"}]},{\"@type\":\"WebSite\",\"@id\":\"https:\/\/pb.edu.pl\/bon\/#website\",\"url\":\"https:\/\/pb.edu.pl\/bon\/\",\"name\":\"Biuro ds. Os\u00f3b z Niepe\u0142nosprawno\u015bciami PB\",\"description\":\"Politechniki Bia\u0142ostockiej\",\"potentialAction\":[{\"@type\":\"SearchAction\",\"target\":{\"@type\":\"EntryPoint\",\"urlTemplate\":\"https:\/\/pb.edu.pl\/bon\/?s={search_term_string}\"},\"query-input\":{\"@type\":\"PropertyValueSpecification\",\"valueRequired\":true,\"valueName\":\"search_term_string\"}}],\"inLanguage\":\"pl-PL\"}]}<\/script>\n<!-- \/ Yoast SEO plugin. -->","yoast_head_json":{"title":"Warto wiedzie\u0107 - Biuro ds. Os\u00f3b z Niepe\u0142nosprawno\u015bciami PB","description":"Informacje o Biurze ds. Os\u00f3b z Niepe\u0142nosprawno\u015bciami w tek\u015bcie \u0142atwym do czytania \u2013 ETR (EASY TO READ) &nbsp; Pomocy: kandydatom, studentom i doktorantom","robots":{"index":"index","follow":"follow","max-snippet":"max-snippet:-1","max-image-preview":"max-image-preview:large","max-video-preview":"max-video-preview:-1"},"canonical":"https:\/\/pb.edu.pl\/bon\/warto-wiedziec\/","og_locale":"pl_PL","og_type":"article","og_title":"Warto wiedzie\u0107 - Biuro ds. Os\u00f3b z Niepe\u0142nosprawno\u015bciami PB","og_description":"Informacje o Biurze ds. Os\u00f3b z Niepe\u0142nosprawno\u015bciami w tek\u015bcie \u0142atwym do czytania \u2013 ETR (EASY TO READ) &nbsp; Pomocy: kandydatom, studentom i doktorantom","og_url":"https:\/\/pb.edu.pl\/bon\/warto-wiedziec\/","og_site_name":"Biuro ds. Os\u00f3b z Niepe\u0142nosprawno\u015bciami PB","article_modified_time":"2025-10-09T13:06:39+00:00","twitter_card":"summary_large_image","twitter_misc":{"Szacowany czas czytania":"5 minut"},"schema":{"@context":"https:\/\/schema.org","@graph":[{"@type":"WebPage","@id":"https:\/\/pb.edu.pl\/bon\/warto-wiedziec\/","url":"https:\/\/pb.edu.pl\/bon\/warto-wiedziec\/","name":"Warto wiedzie\u0107 - Biuro ds. Os\u00f3b z Niepe\u0142nosprawno\u015bciami PB","isPartOf":{"@id":"https:\/\/pb.edu.pl\/bon\/#website"},"datePublished":"2021-02-15T17:39:36+00:00","dateModified":"2025-10-09T13:06:39+00:00","description":"Informacje o Biurze ds. Os\u00f3b z Niepe\u0142nosprawno\u015bciami w tek\u015bcie \u0142atwym do czytania \u2013 ETR (EASY TO READ) &nbsp; Pomocy: kandydatom, studentom i doktorantom","breadcrumb":{"@id":"https:\/\/pb.edu.pl\/bon\/warto-wiedziec\/#breadcrumb"},"inLanguage":"pl-PL","potentialAction":[{"@type":"ReadAction","target":["https:\/\/pb.edu.pl\/bon\/warto-wiedziec\/"]}]},{"@type":"BreadcrumbList","@id":"https:\/\/pb.edu.pl\/bon\/warto-wiedziec\/#breadcrumb","itemListElement":[{"@type":"ListItem","position":1,"name":"Strona g\u0142\u00f3wna","item":"https:\/\/pb.edu.pl\/bon\/"},{"@type":"ListItem","position":2,"name":"Warto wiedzie\u0107"}]},{"@type":"WebSite","@id":"https:\/\/pb.edu.pl\/bon\/#website","url":"https:\/\/pb.edu.pl\/bon\/","name":"Biuro ds. Os\u00f3b z Niepe\u0142nosprawno\u015bciami PB","description":"Politechniki Bia\u0142ostockiej","potentialAction":[{"@type":"SearchAction","target":{"@type":"EntryPoint","urlTemplate":"https:\/\/pb.edu.pl\/bon\/?s={search_term_string}"},"query-input":{"@type":"PropertyValueSpecification","valueRequired":true,"valueName":"search_term_string"}}],"inLanguage":"pl-PL"}]}},"_links":{"self":[{"href":"https:\/\/pb.edu.pl\/bon\/wp-json\/wp\/v2\/pages\/51","targetHints":{"allow":["GET"]}}],"collection":[{"href":"https:\/\/pb.edu.pl\/bon\/wp-json\/wp\/v2\/pages"}],"about":[{"href":"https:\/\/pb.edu.pl\/bon\/wp-json\/wp\/v2\/types\/page"}],"author":[{"embeddable":true,"href":"https:\/\/pb.edu.pl\/bon\/wp-json\/wp\/v2\/users\/2"}],"replies":[{"embeddable":true,"href":"https:\/\/pb.edu.pl\/bon\/wp-json\/wp\/v2\/comments?post=51"}],"version-history":[{"count":0,"href":"https:\/\/pb.edu.pl\/bon\/wp-json\/wp\/v2\/pages\/51\/revisions"}],"wp:attachment":[{"href":"https:\/\/pb.edu.pl\/bon\/wp-json\/wp\/v2\/media?parent=51"}],"curies":[{"name":"wp","href":"https:\/\/api.w.org\/{rel}","templated":true}]}}