{"id":42,"date":"2021-02-15T18:33:56","date_gmt":"2021-02-15T17:33:56","guid":{"rendered":"https:\/\/pb.edu.pl\/bon\/?page_id=42"},"modified":"2025-08-20T09:36:31","modified_gmt":"2025-08-20T07:36:31","slug":"naukowcy","status":"publish","type":"page","link":"https:\/\/pb.edu.pl\/bon\/naukowcy\/","title":{"rendered":"Naukowcy"},"content":{"rendered":"<div class=\"h2\">Osoby z niepe\u0142nosprawno\u015bciami prowadz\u0105ce dzia\u0142alno\u015b\u0107 naukow\u0105 mog\u0105 uzyska\u0107 wsparcie w postaci m.in.:<\/div>\n<ul>\n<li>us\u0142ug asystenta osoby z niepe\u0142nosprawno\u015bci\u0105;<\/li>\n<li>t\u0142umacza j\u0119zyka migowego dla os\u00f3b g\u0142uchych i niedos\u0142ysz\u0105cych;<\/li>\n<li>zakupu, przystosowywania i opracowywania materia\u0142\u00f3w dydaktycznych i naukowych w formie dost\u0119pnej dla os\u00f3b z r\u00f3\u017cnymi niepe\u0142nosprawno\u015bciami;<\/li>\n<li>udost\u0119pniania sprz\u0119tu i oprogramowania specjalistycznego wspomagaj\u0105cego proces dydaktyczny\/naukowy;<\/li>\n<li>pokrycia ponadnormatywnych koszt\u00f3w udzia\u0142u w krajowych i zagranicznych szkoleniach, konferencjach, zaj\u0119ciach sportowych, obozach naukowo-sportowych, olimpiadach, paraolimpiadach, w tym zwi\u0119kszonych z powodu niepe\u0142nosprawno\u015bci koszt\u00f3w transportu i zakwaterowania;<\/li>\n<\/ul>\n<p>Udzielenie wsparcia odbywa si\u0119 na wniosek zainteresowanego:<br \/>\n<a class=\"docx\" title=\"pobierz plik\" href=\"https:\/\/pb.edu.pl\/bon\/wp-content\/uploads\/sites\/61\/2021\/07\/Wniosek-o-przyznanie-wsparcia-w-zakresie-dostosowania-prowadzonej-dzialalnosci-naukowej.docx\" data-id=\"235\">Wniosek o przyznanie wsparcia w zakresie dostosowania prowadzonej dzia\u0142alno\u015bci naukowej do indywidualnych potrzeb osoby z niepe\u0142nosprawno\u015bci\u0105 (DOCX, 21 KB)<\/a><\/p>\n<p>Wraz z wnioskiem przedstawia si\u0119 do wgl\u0105du orzeczenie o stopniu niepe\u0142nosprawno\u015bci lub orzeczenie r\u00f3wnowa\u017cne, lub aktualn\u0105 medyczn\u0105 dokumentacj\u0119 specjalistyczn\u0105, po\u015bwiadczaj\u0105ce konieczno\u015b\u0107 i zakres przyznania wsparcia.<br \/>\n&nbsp;<\/p>\n<div class=\"h2\">Akademicka Biblioteka Cyfrowa<\/div>\n<p>Pracownicy uczelni z orzeczeniem o niepe\u0142nosprawno\u015bci mog\u0105 uzyska\u0107 darmowy dost\u0119p do bazy <a href=\"https:\/\/pb.edu.pl\/pbdostepna\/pb-dostepna\/wsparcie-w-ramach-projektu\/punkt-wsparcia-ozn\/abc\/\">Akademickiej Biblioteki Cyfrowej<\/a>.<\/p>\n<p>&nbsp;<\/p>\n<div class=\"h2\">Pomoc psychologiczna<\/div>\n<p>Zach\u0119camy do korzystania z darmowej, anonimowej pomocy <a href=\"https:\/\/pb.edu.pl\/pomoc-psychologiczna\/\">psycholog\u00f3w z dzia\u0142aj\u0105cych w ramach pomocy psychologicznej na Politechnice Bia\u0142ostockiej<\/a>.<\/p>\n","protected":false},"excerpt":{"rendered":"<p>Osoby z niepe\u0142nosprawno\u015bciami prowadz\u0105ce dzia\u0142alno\u015b\u0107 naukow\u0105 mog\u0105 uzyska\u0107 wsparcie w postaci m.in.: us\u0142ug asystenta osoby<\/p>\n","protected":false},"author":2,"featured_media":0,"parent":0,"menu_order":4,"comment_status":"closed","ping_status":"closed","template":"","meta":{"_acf_changed":false,"ngg_post_thumbnail":0,"footnotes":""},"class_list":["post-42","page","type-page","status-publish","hentry"],"acf":[],"yoast_head":"<!-- This site is optimized with the Yoast SEO plugin v27.0 - https:\/\/yoast.com\/product\/yoast-seo-wordpress\/ -->\n<title>Naukowcy - Biuro ds. Os\u00f3b z Niepe\u0142nosprawno\u015bciami PB<\/title>\n<meta name=\"description\" content=\"Osoby z niepe\u0142nosprawno\u015bciami prowadz\u0105ce dzia\u0142alno\u015b\u0107 naukow\u0105 mog\u0105 uzyska\u0107 wsparcie w postaci m.in.: us\u0142ug asystenta osoby z niepe\u0142nosprawno\u015bci\u0105; t\u0142umacza\" \/>\n<meta name=\"robots\" content=\"index, follow, max-snippet:-1, max-image-preview:large, max-video-preview:-1\" \/>\n<link rel=\"canonical\" href=\"https:\/\/pb.edu.pl\/bon\/naukowcy\/\" \/>\n<meta property=\"og:locale\" content=\"pl_PL\" \/>\n<meta property=\"og:type\" content=\"article\" \/>\n<meta property=\"og:title\" content=\"Naukowcy - Biuro ds. Os\u00f3b z Niepe\u0142nosprawno\u015bciami PB\" \/>\n<meta property=\"og:description\" content=\"Osoby z niepe\u0142nosprawno\u015bciami prowadz\u0105ce dzia\u0142alno\u015b\u0107 naukow\u0105 mog\u0105 uzyska\u0107 wsparcie w postaci m.in.: us\u0142ug asystenta osoby z niepe\u0142nosprawno\u015bci\u0105; t\u0142umacza\" \/>\n<meta property=\"og:url\" content=\"https:\/\/pb.edu.pl\/bon\/naukowcy\/\" \/>\n<meta property=\"og:site_name\" content=\"Biuro ds. Os\u00f3b z Niepe\u0142nosprawno\u015bciami PB\" \/>\n<meta property=\"article:modified_time\" content=\"2025-08-20T07:36:31+00:00\" \/>\n<meta name=\"twitter:card\" content=\"summary_large_image\" \/>\n<meta name=\"twitter:label1\" content=\"Szacowany czas czytania\" \/>\n\t<meta name=\"twitter:data1\" content=\"2 minuty\" \/>\n<script type=\"application\/ld+json\" class=\"yoast-schema-graph\">{\"@context\":\"https:\/\/schema.org\",\"@graph\":[{\"@type\":\"WebPage\",\"@id\":\"https:\/\/pb.edu.pl\/bon\/naukowcy\/\",\"url\":\"https:\/\/pb.edu.pl\/bon\/naukowcy\/\",\"name\":\"Naukowcy - Biuro ds. Os\u00f3b z Niepe\u0142nosprawno\u015bciami PB\",\"isPartOf\":{\"@id\":\"https:\/\/pb.edu.pl\/bon\/#website\"},\"datePublished\":\"2021-02-15T17:33:56+00:00\",\"dateModified\":\"2025-08-20T07:36:31+00:00\",\"description\":\"Osoby z niepe\u0142nosprawno\u015bciami prowadz\u0105ce dzia\u0142alno\u015b\u0107 naukow\u0105 mog\u0105 uzyska\u0107 wsparcie w postaci m.in.: us\u0142ug asystenta osoby z niepe\u0142nosprawno\u015bci\u0105; t\u0142umacza\",\"breadcrumb\":{\"@id\":\"https:\/\/pb.edu.pl\/bon\/naukowcy\/#breadcrumb\"},\"inLanguage\":\"pl-PL\",\"potentialAction\":[{\"@type\":\"ReadAction\",\"target\":[\"https:\/\/pb.edu.pl\/bon\/naukowcy\/\"]}]},{\"@type\":\"BreadcrumbList\",\"@id\":\"https:\/\/pb.edu.pl\/bon\/naukowcy\/#breadcrumb\",\"itemListElement\":[{\"@type\":\"ListItem\",\"position\":1,\"name\":\"Strona g\u0142\u00f3wna\",\"item\":\"https:\/\/pb.edu.pl\/bon\/\"},{\"@type\":\"ListItem\",\"position\":2,\"name\":\"Naukowcy\"}]},{\"@type\":\"WebSite\",\"@id\":\"https:\/\/pb.edu.pl\/bon\/#website\",\"url\":\"https:\/\/pb.edu.pl\/bon\/\",\"name\":\"Biuro ds. Os\u00f3b z Niepe\u0142nosprawno\u015bciami PB\",\"description\":\"Politechniki Bia\u0142ostockiej\",\"potentialAction\":[{\"@type\":\"SearchAction\",\"target\":{\"@type\":\"EntryPoint\",\"urlTemplate\":\"https:\/\/pb.edu.pl\/bon\/?s={search_term_string}\"},\"query-input\":{\"@type\":\"PropertyValueSpecification\",\"valueRequired\":true,\"valueName\":\"search_term_string\"}}],\"inLanguage\":\"pl-PL\"}]}<\/script>\n<!-- \/ Yoast SEO plugin. -->","yoast_head_json":{"title":"Naukowcy - Biuro ds. Os\u00f3b z Niepe\u0142nosprawno\u015bciami PB","description":"Osoby z niepe\u0142nosprawno\u015bciami prowadz\u0105ce dzia\u0142alno\u015b\u0107 naukow\u0105 mog\u0105 uzyska\u0107 wsparcie w postaci m.in.: us\u0142ug asystenta osoby z niepe\u0142nosprawno\u015bci\u0105; t\u0142umacza","robots":{"index":"index","follow":"follow","max-snippet":"max-snippet:-1","max-image-preview":"max-image-preview:large","max-video-preview":"max-video-preview:-1"},"canonical":"https:\/\/pb.edu.pl\/bon\/naukowcy\/","og_locale":"pl_PL","og_type":"article","og_title":"Naukowcy - Biuro ds. Os\u00f3b z Niepe\u0142nosprawno\u015bciami PB","og_description":"Osoby z niepe\u0142nosprawno\u015bciami prowadz\u0105ce dzia\u0142alno\u015b\u0107 naukow\u0105 mog\u0105 uzyska\u0107 wsparcie w postaci m.in.: us\u0142ug asystenta osoby z niepe\u0142nosprawno\u015bci\u0105; t\u0142umacza","og_url":"https:\/\/pb.edu.pl\/bon\/naukowcy\/","og_site_name":"Biuro ds. Os\u00f3b z Niepe\u0142nosprawno\u015bciami PB","article_modified_time":"2025-08-20T07:36:31+00:00","twitter_card":"summary_large_image","twitter_misc":{"Szacowany czas czytania":"2 minuty"},"schema":{"@context":"https:\/\/schema.org","@graph":[{"@type":"WebPage","@id":"https:\/\/pb.edu.pl\/bon\/naukowcy\/","url":"https:\/\/pb.edu.pl\/bon\/naukowcy\/","name":"Naukowcy - Biuro ds. Os\u00f3b z Niepe\u0142nosprawno\u015bciami PB","isPartOf":{"@id":"https:\/\/pb.edu.pl\/bon\/#website"},"datePublished":"2021-02-15T17:33:56+00:00","dateModified":"2025-08-20T07:36:31+00:00","description":"Osoby z niepe\u0142nosprawno\u015bciami prowadz\u0105ce dzia\u0142alno\u015b\u0107 naukow\u0105 mog\u0105 uzyska\u0107 wsparcie w postaci m.in.: us\u0142ug asystenta osoby z niepe\u0142nosprawno\u015bci\u0105; t\u0142umacza","breadcrumb":{"@id":"https:\/\/pb.edu.pl\/bon\/naukowcy\/#breadcrumb"},"inLanguage":"pl-PL","potentialAction":[{"@type":"ReadAction","target":["https:\/\/pb.edu.pl\/bon\/naukowcy\/"]}]},{"@type":"BreadcrumbList","@id":"https:\/\/pb.edu.pl\/bon\/naukowcy\/#breadcrumb","itemListElement":[{"@type":"ListItem","position":1,"name":"Strona g\u0142\u00f3wna","item":"https:\/\/pb.edu.pl\/bon\/"},{"@type":"ListItem","position":2,"name":"Naukowcy"}]},{"@type":"WebSite","@id":"https:\/\/pb.edu.pl\/bon\/#website","url":"https:\/\/pb.edu.pl\/bon\/","name":"Biuro ds. Os\u00f3b z Niepe\u0142nosprawno\u015bciami PB","description":"Politechniki Bia\u0142ostockiej","potentialAction":[{"@type":"SearchAction","target":{"@type":"EntryPoint","urlTemplate":"https:\/\/pb.edu.pl\/bon\/?s={search_term_string}"},"query-input":{"@type":"PropertyValueSpecification","valueRequired":true,"valueName":"search_term_string"}}],"inLanguage":"pl-PL"}]}},"_links":{"self":[{"href":"https:\/\/pb.edu.pl\/bon\/wp-json\/wp\/v2\/pages\/42","targetHints":{"allow":["GET"]}}],"collection":[{"href":"https:\/\/pb.edu.pl\/bon\/wp-json\/wp\/v2\/pages"}],"about":[{"href":"https:\/\/pb.edu.pl\/bon\/wp-json\/wp\/v2\/types\/page"}],"author":[{"embeddable":true,"href":"https:\/\/pb.edu.pl\/bon\/wp-json\/wp\/v2\/users\/2"}],"replies":[{"embeddable":true,"href":"https:\/\/pb.edu.pl\/bon\/wp-json\/wp\/v2\/comments?post=42"}],"version-history":[{"count":0,"href":"https:\/\/pb.edu.pl\/bon\/wp-json\/wp\/v2\/pages\/42\/revisions"}],"wp:attachment":[{"href":"https:\/\/pb.edu.pl\/bon\/wp-json\/wp\/v2\/media?parent=42"}],"curies":[{"name":"wp","href":"https:\/\/api.w.org\/{rel}","templated":true}]}}