{"id":40,"date":"2021-02-15T18:33:20","date_gmt":"2021-02-15T17:33:20","guid":{"rendered":"https:\/\/pb.edu.pl\/bon\/?page_id=40"},"modified":"2025-08-20T09:35:59","modified_gmt":"2025-08-20T07:35:59","slug":"doktoranci","status":"publish","type":"page","link":"https:\/\/pb.edu.pl\/bon\/doktoranci\/","title":{"rendered":"Doktoranci"},"content":{"rendered":"<div class=\"h2\">Doktoranci z niepe\u0142nosprawno\u015bciami mog\u0105 uzyska\u0107 wsparcie w postaci m.in.:<\/div>\n<ul>\n<li>us\u0142ug asystenta osoby z niepe\u0142nosprawno\u015bci\u0105;<\/li>\n<li>t\u0142umacza j\u0119zyka migowego dla os\u00f3b g\u0142uchych i niedos\u0142ysz\u0105cych;<\/li>\n<li>dodatkowych zaj\u0119\u0107 dydaktycznych z j\u0119zyka obcego prowadzonych z uwzgl\u0119dnieniem specyficznych potrzeb wynikaj\u0105cych z niepe\u0142nosprawno\u015bci;<\/li>\n<li>dodatkowych uzupe\u0142niaj\u0105cych (wyr\u00f3wnawczych) zaj\u0119\u0107 dydaktycznych, z uwzgl\u0119dnieniem specyficznych potrzeb wynikaj\u0105cych z ich niepe\u0142nosprawno\u015bci;<\/li>\n<li>zakupu, przystosowywania i opracowywania materia\u0142\u00f3w dydaktycznych i naukowych w formie dost\u0119pnej dla os\u00f3b z r\u00f3\u017cnymi niepe\u0142nosprawno\u015bciami;<\/li>\n<li>udost\u0119pniania sprz\u0119tu i oprogramowania specjalistycznego wspomagaj\u0105cego proces dydaktyczny\/naukowy;<\/li>\n<li>dostosowania formy weryfikacji wiedzy os\u00f3b z niepe\u0142nosprawno\u015bciami (egzamin\u00f3w i zalicze\u0144);<\/li>\n<li>pokrycia ponadnormatywnych koszt\u00f3w udzia\u0142u w krajowych i zagranicznych szkoleniach, konferencjach, zaj\u0119ciach sportowych, obozach naukowo-sportowych, olimpiadach, paraolimpiadach, w tym zwi\u0119kszonych z powodu niepe\u0142nosprawno\u015bci koszt\u00f3w transportu i zakwaterowania;<\/li>\n<li>organizacji zaj\u0119\u0107 dydaktycznych w salach z zamontowanymi urz\u0105dzeniami wspomagaj\u0105cymi s\u0142yszenie<\/li>\n<li>udost\u0119pnienia rozwi\u0105za\u0144 technologicznych wspieraj\u0105cych proces kszta\u0142cenia;<\/li>\n<li>zgody na rejestrowanie na w\u0142asne potrzeby zaj\u0119\u0107 dydaktycznych, z zachowaniem rygor\u00f3w prawa autorskiego.<\/li>\n<li>otrzymywania od prowadz\u0105cych zaj\u0119cia materia\u0142\u00f3w dydaktycznych w wersji dostosowanej do indywidualnych potrzeb wnioskodawcy wynikaj\u0105cych z niepe\u0142nosprawno\u015bci, z zachowaniem rygor\u00f3w prawa autorskiego.<\/li>\n<\/ul>\n<p>Udzielenie wsparcia odbywa si\u0119 na wniosek zainteresowanego:<br \/>\n<a class=\"docx\" title=\"pobierz plik\" href=\"https:\/\/pb.edu.pl\/bon\/wp-content\/uploads\/sites\/61\/2021\/07\/Wniosek-o-przyznanie-wsparcia-w-zakresie-dostosowania-organizacji-procesu-ksztalcenia.docx\" data-id=\"218\">Wniosek o przyznanie wsparcia w zakresie dostosowania organizacji procesu kszta\u0142cenia do indywidualnych potrzeb studenta\/ doktoranta\/ s\u0142uchacza studi\u00f3w podyplomowych z niepe\u0142nosprawno\u015bci\u0105 (DOCX, 21 KB)<\/a><\/p>\n<p>Wraz z wnioskiem przedstawia si\u0119 do wgl\u0105du orzeczenie o stopniu niepe\u0142nosprawno\u015bci lub orzeczenie r\u00f3wnowa\u017cne, lub aktualn\u0105 specjalistyczn\u0105 dokumentacj\u0119 medyczn\u0105 , potwierdzaj\u0105ce konieczno\u015b\u0107 przyznania wsparcia nie wskazanych we wniosku formie i zakresie.<\/p>\n<p>Wniosek o dostosowanie formy weryfikacji wiedzy powinien by\u0107 z\u0142o\u017cony do <a href=\"\/bon\/kontakt\/\">Biura ds. Os\u00f3b z Niepe\u0142nosprawno\u015bciami<\/a> nie p\u00f3\u017aniej ni\u017c 3 tygodnie przed terminem zaliczenia\/egzaminu.<\/p>\n<p>Otrzymanie wsparcia w postaci rejestracji zaj\u0119\u0107 oraz otrzymywanie materia\u0142\u00f3w dydaktycznych wi\u0105\u017c\u0105 si\u0119 z podpisaniem przez wnioskodawc\u0119 o\u015bwiadczenia o odpowiedzialno\u015bci za udost\u0119pnianie materia\u0142\u00f3w obj\u0119tych prawem autorskim.<br \/>\n&nbsp;<\/p>\n<div class=\"h2\">Pomoc psychologiczna<\/div>\n<p>Zach\u0119camy do korzystania z darmowej, anonimowej pomocy <a href=\"https:\/\/pb.edu.pl\/pomoc-psychologiczna\/\">psycholog\u00f3w z dzia\u0142aj\u0105cych w ramach pomocy psychologicznej na Politechnice Bia\u0142ostockiej<\/a>.<\/p>\n<p>&nbsp;<\/p>\n<div class=\"h2\">Stypendia<\/div>\n<p>Doktoranci z orzeczeniem o niepe\u0142nosprawno\u015bci, kt\u00f3rzy rozpocz\u0119li kszta\u0142cenie na studiach doktoranckich przed rokiem akademickim 2019\/2020 mog\u0105 uzyska\u0107 stypendium dla os\u00f3b niepe\u0142nosprawnych, ale nie d\u0142u\u017cej ni\u017c do 2023 roku.<\/p>\n<p>Doktoranci z orzeczeniem o niepe\u0142nosprawno\u015bci, kt\u00f3rzy rozpocz\u0119li kszta\u0142cenie w <a href=\"https:\/\/sdpb.pb.edu.pl\/\">Szkole Doktorskiej<\/a> mog\u0105 uzyska\u0107 zwi\u0119kszenie stypendium z tytu\u0142u niepe\u0142nosprawno\u015bci.<br \/>\n&nbsp;<\/p>\n<div class=\"h2\">Doktoranci mog\u0105 z orzeczeniem o niepe\u0142nosprawno\u015bci mog\u0105 uzyska\u0107:<\/div>\n<ul>\n<li>wsparcie finansowe w ramach programu <a href=\"https:\/\/www.pfron.org.pl\/aktualnosci\/szczegoly-aktualnosci\/news\/aktywny-samorzad-w-2021-roku-1\/\">Aktywny Samorz\u0105d<\/a> prowadzonego przez PFRON;<\/li>\n<li>darmowy dost\u0119p do bazy <a href=\"https:\/\/pb.edu.pl\/pbdostepna\/pb-dostepna\/wsparcie-w-ramach-projektu\/punkt-wsparcia-ozn\/abc\/\">Akademickiej Biblioteki Cyfrowej<\/a>.<\/li>\n<\/ul>\n<p>&nbsp;<\/p>\n","protected":false},"excerpt":{"rendered":"<p>Doktoranci z niepe\u0142nosprawno\u015bciami mog\u0105 uzyska\u0107 wsparcie w postaci m.in.: us\u0142ug asystenta osoby z niepe\u0142nosprawno\u015bci\u0105; t\u0142umacza<\/p>\n","protected":false},"author":2,"featured_media":0,"parent":0,"menu_order":3,"comment_status":"closed","ping_status":"closed","template":"","meta":{"_acf_changed":false,"ngg_post_thumbnail":0,"footnotes":""},"class_list":["post-40","page","type-page","status-publish","hentry"],"acf":[],"yoast_head":"<!-- This site is optimized with the Yoast SEO plugin v27.0 - https:\/\/yoast.com\/product\/yoast-seo-wordpress\/ -->\n<title>Doktoranci - Biuro ds. Os\u00f3b z Niepe\u0142nosprawno\u015bciami PB<\/title>\n<meta name=\"description\" content=\"Doktoranci z niepe\u0142nosprawno\u015bciami mog\u0105 uzyska\u0107 wsparcie w postaci m.in.: us\u0142ug asystenta osoby z niepe\u0142nosprawno\u015bci\u0105; t\u0142umacza j\u0119zyka migowego dla os\u00f3b\" \/>\n<meta name=\"robots\" content=\"index, follow, max-snippet:-1, max-image-preview:large, max-video-preview:-1\" \/>\n<link rel=\"canonical\" href=\"https:\/\/pb.edu.pl\/bon\/doktoranci\/\" \/>\n<meta property=\"og:locale\" content=\"pl_PL\" \/>\n<meta property=\"og:type\" content=\"article\" \/>\n<meta property=\"og:title\" content=\"Doktoranci - Biuro ds. Os\u00f3b z Niepe\u0142nosprawno\u015bciami PB\" \/>\n<meta property=\"og:description\" content=\"Doktoranci z niepe\u0142nosprawno\u015bciami mog\u0105 uzyska\u0107 wsparcie w postaci m.in.: us\u0142ug asystenta osoby z niepe\u0142nosprawno\u015bci\u0105; t\u0142umacza j\u0119zyka migowego dla os\u00f3b\" \/>\n<meta property=\"og:url\" content=\"https:\/\/pb.edu.pl\/bon\/doktoranci\/\" \/>\n<meta property=\"og:site_name\" content=\"Biuro ds. Os\u00f3b z Niepe\u0142nosprawno\u015bciami PB\" \/>\n<meta property=\"article:modified_time\" content=\"2025-08-20T07:35:59+00:00\" \/>\n<meta name=\"twitter:card\" content=\"summary_large_image\" \/>\n<meta name=\"twitter:label1\" content=\"Szacowany czas czytania\" \/>\n\t<meta name=\"twitter:data1\" content=\"3 minuty\" \/>\n<script type=\"application\/ld+json\" class=\"yoast-schema-graph\">{\"@context\":\"https:\/\/schema.org\",\"@graph\":[{\"@type\":\"WebPage\",\"@id\":\"https:\/\/pb.edu.pl\/bon\/doktoranci\/\",\"url\":\"https:\/\/pb.edu.pl\/bon\/doktoranci\/\",\"name\":\"Doktoranci - Biuro ds. Os\u00f3b z Niepe\u0142nosprawno\u015bciami PB\",\"isPartOf\":{\"@id\":\"https:\/\/pb.edu.pl\/bon\/#website\"},\"datePublished\":\"2021-02-15T17:33:20+00:00\",\"dateModified\":\"2025-08-20T07:35:59+00:00\",\"description\":\"Doktoranci z niepe\u0142nosprawno\u015bciami mog\u0105 uzyska\u0107 wsparcie w postaci m.in.: us\u0142ug asystenta osoby z niepe\u0142nosprawno\u015bci\u0105; t\u0142umacza j\u0119zyka migowego dla os\u00f3b\",\"breadcrumb\":{\"@id\":\"https:\/\/pb.edu.pl\/bon\/doktoranci\/#breadcrumb\"},\"inLanguage\":\"pl-PL\",\"potentialAction\":[{\"@type\":\"ReadAction\",\"target\":[\"https:\/\/pb.edu.pl\/bon\/doktoranci\/\"]}]},{\"@type\":\"BreadcrumbList\",\"@id\":\"https:\/\/pb.edu.pl\/bon\/doktoranci\/#breadcrumb\",\"itemListElement\":[{\"@type\":\"ListItem\",\"position\":1,\"name\":\"Strona g\u0142\u00f3wna\",\"item\":\"https:\/\/pb.edu.pl\/bon\/\"},{\"@type\":\"ListItem\",\"position\":2,\"name\":\"Doktoranci\"}]},{\"@type\":\"WebSite\",\"@id\":\"https:\/\/pb.edu.pl\/bon\/#website\",\"url\":\"https:\/\/pb.edu.pl\/bon\/\",\"name\":\"Biuro ds. Os\u00f3b z Niepe\u0142nosprawno\u015bciami PB\",\"description\":\"Politechniki Bia\u0142ostockiej\",\"potentialAction\":[{\"@type\":\"SearchAction\",\"target\":{\"@type\":\"EntryPoint\",\"urlTemplate\":\"https:\/\/pb.edu.pl\/bon\/?s={search_term_string}\"},\"query-input\":{\"@type\":\"PropertyValueSpecification\",\"valueRequired\":true,\"valueName\":\"search_term_string\"}}],\"inLanguage\":\"pl-PL\"}]}<\/script>\n<!-- \/ Yoast SEO plugin. -->","yoast_head_json":{"title":"Doktoranci - Biuro ds. Os\u00f3b z Niepe\u0142nosprawno\u015bciami PB","description":"Doktoranci z niepe\u0142nosprawno\u015bciami mog\u0105 uzyska\u0107 wsparcie w postaci m.in.: us\u0142ug asystenta osoby z niepe\u0142nosprawno\u015bci\u0105; t\u0142umacza j\u0119zyka migowego dla os\u00f3b","robots":{"index":"index","follow":"follow","max-snippet":"max-snippet:-1","max-image-preview":"max-image-preview:large","max-video-preview":"max-video-preview:-1"},"canonical":"https:\/\/pb.edu.pl\/bon\/doktoranci\/","og_locale":"pl_PL","og_type":"article","og_title":"Doktoranci - Biuro ds. Os\u00f3b z Niepe\u0142nosprawno\u015bciami PB","og_description":"Doktoranci z niepe\u0142nosprawno\u015bciami mog\u0105 uzyska\u0107 wsparcie w postaci m.in.: us\u0142ug asystenta osoby z niepe\u0142nosprawno\u015bci\u0105; t\u0142umacza j\u0119zyka migowego dla os\u00f3b","og_url":"https:\/\/pb.edu.pl\/bon\/doktoranci\/","og_site_name":"Biuro ds. Os\u00f3b z Niepe\u0142nosprawno\u015bciami PB","article_modified_time":"2025-08-20T07:35:59+00:00","twitter_card":"summary_large_image","twitter_misc":{"Szacowany czas czytania":"3 minuty"},"schema":{"@context":"https:\/\/schema.org","@graph":[{"@type":"WebPage","@id":"https:\/\/pb.edu.pl\/bon\/doktoranci\/","url":"https:\/\/pb.edu.pl\/bon\/doktoranci\/","name":"Doktoranci - Biuro ds. Os\u00f3b z Niepe\u0142nosprawno\u015bciami PB","isPartOf":{"@id":"https:\/\/pb.edu.pl\/bon\/#website"},"datePublished":"2021-02-15T17:33:20+00:00","dateModified":"2025-08-20T07:35:59+00:00","description":"Doktoranci z niepe\u0142nosprawno\u015bciami mog\u0105 uzyska\u0107 wsparcie w postaci m.in.: us\u0142ug asystenta osoby z niepe\u0142nosprawno\u015bci\u0105; t\u0142umacza j\u0119zyka migowego dla os\u00f3b","breadcrumb":{"@id":"https:\/\/pb.edu.pl\/bon\/doktoranci\/#breadcrumb"},"inLanguage":"pl-PL","potentialAction":[{"@type":"ReadAction","target":["https:\/\/pb.edu.pl\/bon\/doktoranci\/"]}]},{"@type":"BreadcrumbList","@id":"https:\/\/pb.edu.pl\/bon\/doktoranci\/#breadcrumb","itemListElement":[{"@type":"ListItem","position":1,"name":"Strona g\u0142\u00f3wna","item":"https:\/\/pb.edu.pl\/bon\/"},{"@type":"ListItem","position":2,"name":"Doktoranci"}]},{"@type":"WebSite","@id":"https:\/\/pb.edu.pl\/bon\/#website","url":"https:\/\/pb.edu.pl\/bon\/","name":"Biuro ds. Os\u00f3b z Niepe\u0142nosprawno\u015bciami PB","description":"Politechniki Bia\u0142ostockiej","potentialAction":[{"@type":"SearchAction","target":{"@type":"EntryPoint","urlTemplate":"https:\/\/pb.edu.pl\/bon\/?s={search_term_string}"},"query-input":{"@type":"PropertyValueSpecification","valueRequired":true,"valueName":"search_term_string"}}],"inLanguage":"pl-PL"}]}},"_links":{"self":[{"href":"https:\/\/pb.edu.pl\/bon\/wp-json\/wp\/v2\/pages\/40","targetHints":{"allow":["GET"]}}],"collection":[{"href":"https:\/\/pb.edu.pl\/bon\/wp-json\/wp\/v2\/pages"}],"about":[{"href":"https:\/\/pb.edu.pl\/bon\/wp-json\/wp\/v2\/types\/page"}],"author":[{"embeddable":true,"href":"https:\/\/pb.edu.pl\/bon\/wp-json\/wp\/v2\/users\/2"}],"replies":[{"embeddable":true,"href":"https:\/\/pb.edu.pl\/bon\/wp-json\/wp\/v2\/comments?post=40"}],"version-history":[{"count":0,"href":"https:\/\/pb.edu.pl\/bon\/wp-json\/wp\/v2\/pages\/40\/revisions"}],"wp:attachment":[{"href":"https:\/\/pb.edu.pl\/bon\/wp-json\/wp\/v2\/media?parent=40"}],"curies":[{"name":"wp","href":"https:\/\/api.w.org\/{rel}","templated":true}]}}