{"id":35,"date":"2021-02-15T18:32:40","date_gmt":"2021-02-15T17:32:40","guid":{"rendered":"https:\/\/pb.edu.pl\/bon\/?page_id=35"},"modified":"2024-04-10T11:15:27","modified_gmt":"2024-04-10T09:15:27","slug":"kandydaci","status":"publish","type":"page","link":"https:\/\/pb.edu.pl\/bon\/kandydaci\/","title":{"rendered":"Kandydaci"},"content":{"rendered":"<p>Osoby z niepe\u0142nosprawno\u015bciami ubiegaj\u0105ce si\u0119 o przyj\u0119cia na studia I i II stopnia lub do szko\u0142y doktorskiej, podlegaj\u0105 tej samej procedurze rekrutacyjnej, co pozostali kandydaci.<\/p>\n<p>W sytuacji, gdy procedura rekrutacyjna przewiduje egzamin lub rozmow\u0119 kwalifikacyjn\u0105, <strong>kandydaci z niepe\u0142nosprawno\u015bciami mog\u0105 z\u0142o\u017cy\u0107 wniosek o dostosowanie procesu rekrutacji do potrzeb wynikaj\u0105cych z ich niepe\u0142nosprawno\u015bci<\/strong>.<\/p>\n<p>Udzielenie wsparcie odbywa si\u0119 na wniosek zainteresowanego:<br \/>\n<a class=\"docx\" title=\"pobierz plik\" href=\"https:\/\/pb.edu.pl\/bon\/wp-content\/uploads\/sites\/61\/2021\/07\/Wniosek-o-przyznanie-wsparcia-w-zakresie-dostosowania-organizacji-procesu-rekrutacji-do-potrzeb-osoby-z-niepelnoprawnoscia.docx\" data-id=\"213\">Wniosek o przyznanie wsparcia w zakresie dostosowania organizacji procesu rekrutacji do potrzeb osoby z niepe\u0142noprawno\u015bci\u0105 (DOCX, 21 KB)<\/a><\/p>\n<p>Wraz z wnioskiem przedstawia si\u0119 do wgl\u0105du orzeczenie o stopniu niepe\u0142nosprawno\u015bci lub orzeczenie r\u00f3wnowa\u017cne, lub aktualn\u0105 medyczn\u0105 dokumentacj\u0119 specjalistyczn\u0105, po\u015bwiadczaj\u0105ce konieczno\u015b\u0107 i zakres przyznania wsparcia.<\/p>\n<p>Wniosek powinien zosta\u0107 z\u0142o\u017cony do <a href=\"\/bon\/kontakt\/\">Biura ds. Os\u00f3b z Niepe\u0142nosprawno\u015bciami<\/a> nie p\u00f3\u017aniej ni\u017c 3 tygodnie przed wyznaczonym terminem egzaminu \/ rozmowy kwalifikacyjnej.<br \/>\n&nbsp;<\/p>\n<div class=\"h2\">Kandydaci z niepe\u0142nosprawno\u015bciami &#8211; poradnik<\/div>\n<p>Zach\u0119camy do zapoznania si\u0119 z artyku\u0142em <a href=\"https:\/\/www.c-and-a.com\/pl\/pl\/shop\/studiowanie-z-niepelnosprawnosciami\"><em>Uczelnie bez barier: wsparcie dla student\u00f3w z niepe\u0142nosprawno\u015bciami<\/em><\/a><\/p>\n<p>&nbsp;<\/p>\n<p>&nbsp;<\/p>\n","protected":false},"excerpt":{"rendered":"<p>Osoby z niepe\u0142nosprawno\u015bciami ubiegaj\u0105ce si\u0119 o przyj\u0119cia na studia I i II stopnia lub do<\/p>\n","protected":false},"author":2,"featured_media":0,"parent":0,"menu_order":1,"comment_status":"closed","ping_status":"closed","template":"","meta":{"_acf_changed":false,"ngg_post_thumbnail":0,"footnotes":""},"class_list":["post-35","page","type-page","status-publish","hentry"],"acf":[],"yoast_head":"<!-- This site is optimized with the Yoast SEO plugin v27.0 - https:\/\/yoast.com\/product\/yoast-seo-wordpress\/ -->\n<title>Kandydaci - Biuro ds. Os\u00f3b z Niepe\u0142nosprawno\u015bciami PB<\/title>\n<meta name=\"description\" content=\"Osoby z niepe\u0142nosprawno\u015bciami ubiegaj\u0105ce si\u0119 o przyj\u0119cia na studia I i II stopnia lub do szko\u0142y doktorskiej, podlegaj\u0105 tej samej procedurze rekrutacyjnej,\" \/>\n<meta name=\"robots\" content=\"index, follow, max-snippet:-1, max-image-preview:large, max-video-preview:-1\" \/>\n<link rel=\"canonical\" href=\"https:\/\/pb.edu.pl\/bon\/kandydaci\/\" \/>\n<meta property=\"og:locale\" content=\"pl_PL\" \/>\n<meta property=\"og:type\" content=\"article\" \/>\n<meta property=\"og:title\" content=\"Kandydaci - Biuro ds. Os\u00f3b z Niepe\u0142nosprawno\u015bciami PB\" \/>\n<meta property=\"og:description\" content=\"Osoby z niepe\u0142nosprawno\u015bciami ubiegaj\u0105ce si\u0119 o przyj\u0119cia na studia I i II stopnia lub do szko\u0142y doktorskiej, podlegaj\u0105 tej samej procedurze rekrutacyjnej,\" \/>\n<meta property=\"og:url\" content=\"https:\/\/pb.edu.pl\/bon\/kandydaci\/\" \/>\n<meta property=\"og:site_name\" content=\"Biuro ds. Os\u00f3b z Niepe\u0142nosprawno\u015bciami PB\" \/>\n<meta property=\"article:modified_time\" content=\"2024-04-10T09:15:27+00:00\" \/>\n<meta name=\"twitter:card\" content=\"summary_large_image\" \/>\n<meta name=\"twitter:label1\" content=\"Szacowany czas czytania\" \/>\n\t<meta name=\"twitter:data1\" content=\"1 minuta\" \/>\n<script type=\"application\/ld+json\" class=\"yoast-schema-graph\">{\"@context\":\"https:\/\/schema.org\",\"@graph\":[{\"@type\":\"WebPage\",\"@id\":\"https:\/\/pb.edu.pl\/bon\/kandydaci\/\",\"url\":\"https:\/\/pb.edu.pl\/bon\/kandydaci\/\",\"name\":\"Kandydaci - Biuro ds. Os\u00f3b z Niepe\u0142nosprawno\u015bciami PB\",\"isPartOf\":{\"@id\":\"https:\/\/pb.edu.pl\/bon\/#website\"},\"datePublished\":\"2021-02-15T17:32:40+00:00\",\"dateModified\":\"2024-04-10T09:15:27+00:00\",\"description\":\"Osoby z niepe\u0142nosprawno\u015bciami ubiegaj\u0105ce si\u0119 o przyj\u0119cia na studia I i II stopnia lub do szko\u0142y doktorskiej, podlegaj\u0105 tej samej procedurze rekrutacyjnej,\",\"breadcrumb\":{\"@id\":\"https:\/\/pb.edu.pl\/bon\/kandydaci\/#breadcrumb\"},\"inLanguage\":\"pl-PL\",\"potentialAction\":[{\"@type\":\"ReadAction\",\"target\":[\"https:\/\/pb.edu.pl\/bon\/kandydaci\/\"]}]},{\"@type\":\"BreadcrumbList\",\"@id\":\"https:\/\/pb.edu.pl\/bon\/kandydaci\/#breadcrumb\",\"itemListElement\":[{\"@type\":\"ListItem\",\"position\":1,\"name\":\"Strona g\u0142\u00f3wna\",\"item\":\"https:\/\/pb.edu.pl\/bon\/\"},{\"@type\":\"ListItem\",\"position\":2,\"name\":\"Kandydaci\"}]},{\"@type\":\"WebSite\",\"@id\":\"https:\/\/pb.edu.pl\/bon\/#website\",\"url\":\"https:\/\/pb.edu.pl\/bon\/\",\"name\":\"Biuro ds. Os\u00f3b z Niepe\u0142nosprawno\u015bciami PB\",\"description\":\"Politechniki Bia\u0142ostockiej\",\"potentialAction\":[{\"@type\":\"SearchAction\",\"target\":{\"@type\":\"EntryPoint\",\"urlTemplate\":\"https:\/\/pb.edu.pl\/bon\/?s={search_term_string}\"},\"query-input\":{\"@type\":\"PropertyValueSpecification\",\"valueRequired\":true,\"valueName\":\"search_term_string\"}}],\"inLanguage\":\"pl-PL\"}]}<\/script>\n<!-- \/ Yoast SEO plugin. -->","yoast_head_json":{"title":"Kandydaci - Biuro ds. Os\u00f3b z Niepe\u0142nosprawno\u015bciami PB","description":"Osoby z niepe\u0142nosprawno\u015bciami ubiegaj\u0105ce si\u0119 o przyj\u0119cia na studia I i II stopnia lub do szko\u0142y doktorskiej, podlegaj\u0105 tej samej procedurze rekrutacyjnej,","robots":{"index":"index","follow":"follow","max-snippet":"max-snippet:-1","max-image-preview":"max-image-preview:large","max-video-preview":"max-video-preview:-1"},"canonical":"https:\/\/pb.edu.pl\/bon\/kandydaci\/","og_locale":"pl_PL","og_type":"article","og_title":"Kandydaci - Biuro ds. Os\u00f3b z Niepe\u0142nosprawno\u015bciami PB","og_description":"Osoby z niepe\u0142nosprawno\u015bciami ubiegaj\u0105ce si\u0119 o przyj\u0119cia na studia I i II stopnia lub do szko\u0142y doktorskiej, podlegaj\u0105 tej samej procedurze rekrutacyjnej,","og_url":"https:\/\/pb.edu.pl\/bon\/kandydaci\/","og_site_name":"Biuro ds. Os\u00f3b z Niepe\u0142nosprawno\u015bciami PB","article_modified_time":"2024-04-10T09:15:27+00:00","twitter_card":"summary_large_image","twitter_misc":{"Szacowany czas czytania":"1 minuta"},"schema":{"@context":"https:\/\/schema.org","@graph":[{"@type":"WebPage","@id":"https:\/\/pb.edu.pl\/bon\/kandydaci\/","url":"https:\/\/pb.edu.pl\/bon\/kandydaci\/","name":"Kandydaci - Biuro ds. Os\u00f3b z Niepe\u0142nosprawno\u015bciami PB","isPartOf":{"@id":"https:\/\/pb.edu.pl\/bon\/#website"},"datePublished":"2021-02-15T17:32:40+00:00","dateModified":"2024-04-10T09:15:27+00:00","description":"Osoby z niepe\u0142nosprawno\u015bciami ubiegaj\u0105ce si\u0119 o przyj\u0119cia na studia I i II stopnia lub do szko\u0142y doktorskiej, podlegaj\u0105 tej samej procedurze rekrutacyjnej,","breadcrumb":{"@id":"https:\/\/pb.edu.pl\/bon\/kandydaci\/#breadcrumb"},"inLanguage":"pl-PL","potentialAction":[{"@type":"ReadAction","target":["https:\/\/pb.edu.pl\/bon\/kandydaci\/"]}]},{"@type":"BreadcrumbList","@id":"https:\/\/pb.edu.pl\/bon\/kandydaci\/#breadcrumb","itemListElement":[{"@type":"ListItem","position":1,"name":"Strona g\u0142\u00f3wna","item":"https:\/\/pb.edu.pl\/bon\/"},{"@type":"ListItem","position":2,"name":"Kandydaci"}]},{"@type":"WebSite","@id":"https:\/\/pb.edu.pl\/bon\/#website","url":"https:\/\/pb.edu.pl\/bon\/","name":"Biuro ds. Os\u00f3b z Niepe\u0142nosprawno\u015bciami PB","description":"Politechniki Bia\u0142ostockiej","potentialAction":[{"@type":"SearchAction","target":{"@type":"EntryPoint","urlTemplate":"https:\/\/pb.edu.pl\/bon\/?s={search_term_string}"},"query-input":{"@type":"PropertyValueSpecification","valueRequired":true,"valueName":"search_term_string"}}],"inLanguage":"pl-PL"}]}},"_links":{"self":[{"href":"https:\/\/pb.edu.pl\/bon\/wp-json\/wp\/v2\/pages\/35","targetHints":{"allow":["GET"]}}],"collection":[{"href":"https:\/\/pb.edu.pl\/bon\/wp-json\/wp\/v2\/pages"}],"about":[{"href":"https:\/\/pb.edu.pl\/bon\/wp-json\/wp\/v2\/types\/page"}],"author":[{"embeddable":true,"href":"https:\/\/pb.edu.pl\/bon\/wp-json\/wp\/v2\/users\/2"}],"replies":[{"embeddable":true,"href":"https:\/\/pb.edu.pl\/bon\/wp-json\/wp\/v2\/comments?post=35"}],"version-history":[{"count":0,"href":"https:\/\/pb.edu.pl\/bon\/wp-json\/wp\/v2\/pages\/35\/revisions"}],"wp:attachment":[{"href":"https:\/\/pb.edu.pl\/bon\/wp-json\/wp\/v2\/media?parent=35"}],"curies":[{"name":"wp","href":"https:\/\/api.w.org\/{rel}","templated":true}]}}