{"id":2155,"date":"2025-03-18T23:26:30","date_gmt":"2025-03-18T22:26:30","guid":{"rendered":"https:\/\/pb.edu.pl\/biotech-future\/?page_id=2155"},"modified":"2026-03-23T10:34:56","modified_gmt":"2026-03-23T09:34:56","slug":"rejestracja","status":"publish","type":"page","link":"https:\/\/pb.edu.pl\/biotech-future\/rejestracja\/","title":{"rendered":"Rejestracja"},"content":{"rendered":"<p>Rejestracja na konferencj\u0119 oraz wydarzenia towarzysz\u0105ce odbywa si\u0119 za pomoc\u0105 formularza zg\u0142oszeniowego i trwa do 14.04.2026 r. W zwi\u0105zku z ograniczon\u0105 ilo\u015bci\u0105 miejsc, realizatorzy zastrzegaj\u0105 prawo do wcze\u015bniejszego zako\u0144czenia rejestracji.<br \/>\nRejestracja na konferencj\u0119 i\/lub wydarzenia towarzysz\u0105ce zostanie potwierdzona poprzez adres e-mail podany w <a href=\"https:\/\/forms.office.com\/e\/GiA3wT4SLA\" title=\"Otworzy si\u0119 w nowym oknie\" target=\"_blank\">formularzu zg\u0142oszeniowym<\/a>.<\/p>\n","protected":false},"excerpt":{"rendered":"<p>Rejestracja na konferencj\u0119 oraz wydarzenia towarzysz\u0105ce odbywa si\u0119 za pomoc\u0105 formularza zg\u0142oszeniowego i trwa do<\/p>\n","protected":false},"author":2,"featured_media":0,"parent":0,"menu_order":2,"comment_status":"closed","ping_status":"closed","template":"","meta":{"_acf_changed":false,"ngg_post_thumbnail":0,"footnotes":""},"class_list":["post-2155","page","type-page","status-publish","hentry"],"acf":[],"_links":{"self":[{"href":"https:\/\/pb.edu.pl\/biotech-future\/wp-json\/wp\/v2\/pages\/2155","targetHints":{"allow":["GET"]}}],"collection":[{"href":"https:\/\/pb.edu.pl\/biotech-future\/wp-json\/wp\/v2\/pages"}],"about":[{"href":"https:\/\/pb.edu.pl\/biotech-future\/wp-json\/wp\/v2\/types\/page"}],"author":[{"embeddable":true,"href":"https:\/\/pb.edu.pl\/biotech-future\/wp-json\/wp\/v2\/users\/2"}],"replies":[{"embeddable":true,"href":"https:\/\/pb.edu.pl\/biotech-future\/wp-json\/wp\/v2\/comments?post=2155"}],"version-history":[{"count":3,"href":"https:\/\/pb.edu.pl\/biotech-future\/wp-json\/wp\/v2\/pages\/2155\/revisions"}],"predecessor-version":[{"id":2337,"href":"https:\/\/pb.edu.pl\/biotech-future\/wp-json\/wp\/v2\/pages\/2155\/revisions\/2337"}],"wp:attachment":[{"href":"https:\/\/pb.edu.pl\/biotech-future\/wp-json\/wp\/v2\/media?parent=2155"}],"curies":[{"name":"wp","href":"https:\/\/api.w.org\/{rel}","templated":true}]}}