{"id":2150,"date":"2025-03-18T23:24:43","date_gmt":"2025-03-18T22:24:43","guid":{"rendered":"https:\/\/pb.edu.pl\/biotech-future\/?page_id=2150"},"modified":"2026-03-23T08:40:51","modified_gmt":"2026-03-23T07:40:51","slug":"i-edycja-konferencji","status":"publish","type":"page","link":"https:\/\/pb.edu.pl\/biotech-future\/o-konferencji\/i-edycja-konferencji\/","title":{"rendered":"I edycja konferencji"},"content":{"rendered":"<p><strong>BioTech Future \u2013 biotechnologia nauk\u0105 przysz\u0142o\u015bci<\/strong><\/p>\n<p>W dn. 20.05.2025 r. na Wydziale Budownictwa i Nauk o \u015arodowisku Politechniki Bia\u0142ostockiej odby\u0142a si\u0119 pierwsza edycja konferencji BioTech Future \u2013 biotechnologia nauk\u0105 przysz\u0142o\u015bci. Organizatorem konferencji by\u0142a Politechnika Bia\u0142ostocka, a realizatorem Katedra Chemii, Biologii i Biotechnologii.<\/p>\n<p>G\u0142\u00f3wnym celem konferencji by\u0142o przedstawienie najnowszych trend\u00f3w w bran\u017cy biotechnologicznej oraz promowanie kierunku biotechnologia w\u015br\u00f3d student\u00f3w Politechniki Bia\u0142ostockiej i\u202fuczni\u00f3w szk\u00f3\u0142 ponadpodstawowych z regionu. Konferencja stanowi\u0142a przestrze\u0144 do wymiany wiedzy i do\u015bwiadcze\u0144 mi\u0119dzy studentami i\u202fabsolwentami biotechnologii oraz przedstawicielami otoczenia spo\u0142eczno-gospodarczego. Umo\u017cliwi\u0142a nawi\u0105zanie cennych kontakt\u00f3w przydatnych w dalszej pracy zawodowej oraz dog\u0142\u0119bne zapoznanie uczni\u00f3w szk\u00f3\u0142 ponadpodstawowych z efektami kszta\u0142cenia na kierunku biotechnologia.<\/p>\n<p>W konferencji wzi\u0119\u0142o udzia\u0142 ok. 150 uczestnik\u00f3w, w tym studenci i absolwenci kierunku biotechnologia oraz uczniowie szk\u00f3\u0142 ponadpodstawowych z regionu (Akademickie Medyczne LO, IV LO, III LO, V LO).<\/p>\n<p>W ramach konferencji zrealizowano szereg poni\u017cej wymieniowych inicjatyw:<\/p>\n<ol>\n<li>Wyk\u0142ady prowadzone przez specjalist\u00f3w z obszaru biotechnologii (naukowc\u00f3w i\u202fprzedsi\u0119biorc\u00f3w).\n<ul>\n<li>dr hab. in\u017c. Tomasz Wasilewski, \u201cImplementacja wynik\u00f3w badan naukowych z zakresu biotechnologii do praktyki przemys\u0142owej na przyk\u0142adzie przemys\u0142u kosmetycznego\u201d<\/li>\n<li>dr in\u017c. Renata Choi\u0144ska, \u201eProces fermentacji w obliczu wyzwa\u0144 zr\u00f3wnowa\u017conej produkcji \u017cywno\u015bci\u201d<\/li>\n<li>dr hab. Micha\u0142 Ciborowski, \u201cMetabolomika, czyli wielkoskalowe podej\u015bcie analityczne wykorzystywane m.in. w medycynie czy biotechnologii\u201d<\/li>\n<li>dr Joanna Martusewicz, prof. dr hab. in\u017c. Marcin \u0141ukaszewicz, \u201eBiogospodarka \u2013 innowacje i zr\u00f3wnowa\u017cony rozw\u00f3j z wykorzystaniem modelu EFQM\u201d<\/li>\n<\/ul>\n<\/li>\n<li>Sesj\u0119 plakatow\u0105 umo\u017cliwiaj\u0105c\u0105 przedstawienie wynik\u00f3w najnowszych bada\u0144 naukowych realizowanych przez student\u00f3w I i II stopnia kierunku biotechnologia w ramach ich prac dyplomowych oraz dzia\u0142alno\u015bci w ko\u0142ach naukowych.<\/li>\n<\/ol>\n<p>W sesji plakatowej wzi\u0119\u0142o udzia\u0142 14 student\u00f3w. Ponadto, efekty realizowanych przez nich bada\u0144 opublikowano w formie ksi\u0105\u017cki abstrakt\u00f3w (Kalinowska, Monika, red. 2025.&nbsp;<em>BioTech Future \u2013 biotechnologia nauk\u0105 przysz\u0142o\u015bci : ksi\u0105\u017cka streszcze\u0144<\/em>. Politechnika Bia\u0142ostocka. https:\/\/doi.org\/10.24427\/978-83-68077-86-5).<\/p>\n<ol start=\"3\">\n<li>Panel dyskusyjny przybli\u017caj\u0105cy mo\u017cliwe \u015bcie\u017cki kariery zawodowej absolwent\u00f3w kierunku biotechnologia przez reprezentant\u00f3w firm z bran\u017cy biotechnologicznej,<\/li>\n<li>Rozstrzygni\u0119cie konkursu na najlepsz\u0105 prac\u0119 dyplomow\u0105 (magistersk\u0105 i in\u017cyniersk\u0105) z&nbsp;zakresu biotechnologii.<\/li>\n<li>Zwiedzanie zaplecza badawczego Katedry Chemii, Biologii i Biotechnologii.<\/li>\n<li>Warsztaty biotechnologiczne w laboratoriach Katedry.\n<ul>\n<li>Kolorowy \u015bwiat mikrobiologii<\/li>\n<li>Technika immobilizacji w biotechnologii<\/li>\n<li>Eliksir zdrowia \u2013 chemia \u017cywno\u015bci w praktyce<\/li>\n<\/ul>\n<\/li>\n<li>Biotechnologiczny escape room.<\/li>\n<li>Wyk\u0142ad przedstawiaj\u0105cy mo\u017cliwo\u015bci programu Erasmus+ oferowanych studentom i&nbsp;licealistom.<\/li>\n<\/ol>\n<p>Wyk\u0142ad zosta\u0142 przeprowadzony przez Katarzyn\u0119 Kochaniak, zwi\u0105zan\u0105 z Centrum Innowacji Erasmus+ InnHUB Bia\u0142ystok \u2013 regionalnym oddzia\u0142em Narodowej Agencji Programu Erasmus+ i Europejskiego Korpusu Solidarno\u015bci.<\/p>\n","protected":false},"excerpt":{"rendered":"<p>BioTech Future \u2013 biotechnologia nauk\u0105 przysz\u0142o\u015bci W dn. 20.05.2025 r. na Wydziale Budownictwa i Nauk<\/p>\n","protected":false},"author":2,"featured_media":0,"parent":1596,"menu_order":8,"comment_status":"closed","ping_status":"closed","template":"","meta":{"_acf_changed":false,"ngg_post_thumbnail":0,"footnotes":""},"class_list":["post-2150","page","type-page","status-publish","hentry"],"acf":[],"_links":{"self":[{"href":"https:\/\/pb.edu.pl\/biotech-future\/wp-json\/wp\/v2\/pages\/2150","targetHints":{"allow":["GET"]}}],"collection":[{"href":"https:\/\/pb.edu.pl\/biotech-future\/wp-json\/wp\/v2\/pages"}],"about":[{"href":"https:\/\/pb.edu.pl\/biotech-future\/wp-json\/wp\/v2\/types\/page"}],"author":[{"embeddable":true,"href":"https:\/\/pb.edu.pl\/biotech-future\/wp-json\/wp\/v2\/users\/2"}],"replies":[{"embeddable":true,"href":"https:\/\/pb.edu.pl\/biotech-future\/wp-json\/wp\/v2\/comments?post=2150"}],"version-history":[{"count":2,"href":"https:\/\/pb.edu.pl\/biotech-future\/wp-json\/wp\/v2\/pages\/2150\/revisions"}],"predecessor-version":[{"id":2328,"href":"https:\/\/pb.edu.pl\/biotech-future\/wp-json\/wp\/v2\/pages\/2150\/revisions\/2328"}],"up":[{"embeddable":true,"href":"https:\/\/pb.edu.pl\/biotech-future\/wp-json\/wp\/v2\/pages\/1596"}],"wp:attachment":[{"href":"https:\/\/pb.edu.pl\/biotech-future\/wp-json\/wp\/v2\/media?parent=2150"}],"curies":[{"name":"wp","href":"https:\/\/api.w.org\/{rel}","templated":true}]}}