{"id":2146,"date":"2025-03-18T23:23:04","date_gmt":"2025-03-18T22:23:04","guid":{"rendered":"https:\/\/pb.edu.pl\/biotech-future\/?page_id=2146"},"modified":"2025-03-24T10:53:31","modified_gmt":"2025-03-24T09:53:31","slug":"komitet-organizacyjny","status":"publish","type":"page","link":"https:\/\/pb.edu.pl\/biotech-future\/o-konferencji\/komitet-organizacyjny\/","title":{"rendered":"Komitet organizacyjny"},"content":{"rendered":"<p><strong>Przewodnicz\u0105ca Komitetu Organizacyjnego:<\/strong><\/p>\n<p>mgr in\u017c. Adriana Dowbysz<\/p>\n<p>&nbsp;<\/p>\n<p><strong>Cz\u0142onkowie:<\/strong><\/p>\n<p>dr hab. Monika Kalinowska, prof. PB<\/p>\n<p>dr hab. in\u017c. Joanna Kazimierowicz, prof. PB<\/p>\n<p>dr hab. Jolanta Piekut, prof. PB<\/p>\n<p>dr hab. Mariola Samsonowicz, prof. PB<\/p>\n<p>dr hab. in\u017c. Grzegorz \u015awiderski, prof. PB<\/p>\n<p>dr in\u017c. Katarzyna Kalinowska-Wichrowska<\/p>\n<p>mgr in\u017c. Ewelina Go\u0142\u0119biewska<\/p>\n<p>mgr in\u017c. Natalia Kowalczyk<\/p>\n<p>mgr in\u017c. Ma\u0142gorzata Zawadzka<\/p>\n<p>Marzanna Andraka<\/p>\n","protected":false},"excerpt":{"rendered":"<p>Przewodnicz\u0105ca Komitetu Organizacyjnego: mgr in\u017c. Adriana Dowbysz &nbsp; Cz\u0142onkowie: dr hab. Monika Kalinowska, prof. PB<\/p>\n","protected":false},"author":2,"featured_media":0,"parent":1596,"menu_order":6,"comment_status":"closed","ping_status":"closed","template":"","meta":{"_acf_changed":false,"ngg_post_thumbnail":0,"footnotes":""},"class_list":["post-2146","page","type-page","status-publish","hentry"],"acf":[],"_links":{"self":[{"href":"https:\/\/pb.edu.pl\/biotech-future\/wp-json\/wp\/v2\/pages\/2146","targetHints":{"allow":["GET"]}}],"collection":[{"href":"https:\/\/pb.edu.pl\/biotech-future\/wp-json\/wp\/v2\/pages"}],"about":[{"href":"https:\/\/pb.edu.pl\/biotech-future\/wp-json\/wp\/v2\/types\/page"}],"author":[{"embeddable":true,"href":"https:\/\/pb.edu.pl\/biotech-future\/wp-json\/wp\/v2\/users\/2"}],"replies":[{"embeddable":true,"href":"https:\/\/pb.edu.pl\/biotech-future\/wp-json\/wp\/v2\/comments?post=2146"}],"version-history":[{"count":0,"href":"https:\/\/pb.edu.pl\/biotech-future\/wp-json\/wp\/v2\/pages\/2146\/revisions"}],"up":[{"embeddable":true,"href":"https:\/\/pb.edu.pl\/biotech-future\/wp-json\/wp\/v2\/pages\/1596"}],"wp:attachment":[{"href":"https:\/\/pb.edu.pl\/biotech-future\/wp-json\/wp\/v2\/media?parent=2146"}],"curies":[{"name":"wp","href":"https:\/\/api.w.org\/{rel}","templated":true}]}}