{"id":2144,"date":"2025-03-18T23:22:14","date_gmt":"2025-03-18T22:22:14","guid":{"rendered":"https:\/\/pb.edu.pl\/biotech-future\/?page_id=2144"},"modified":"2026-03-23T08:36:25","modified_gmt":"2026-03-23T07:36:25","slug":"komitet-naukowy","status":"publish","type":"page","link":"https:\/\/pb.edu.pl\/biotech-future\/o-konferencji\/komitet-naukowy\/","title":{"rendered":"Komitet naukowy"},"content":{"rendered":"<p><strong>Przewodnicz\u0105ca Komitetu Naukowego:<\/strong><\/p>\n<p>dr hab. Monika Kalinowska, prof. PB<\/p>\n<p>&nbsp;<\/p>\n<p><strong>Cz\u0142onkowie:<\/strong><\/p>\n<p>prof. dr hab. Micha\u0142 Ciborowski (Uniwersytet Medyczny w Bia\u0142ymstoku) <\/p>\n<p>prof. dr hab. W\u0142odzimierz Lewandowski <\/p>\n<p>dr hab. Agata Jab\u0142o\u0144ska-Trypu\u0107, prof. PB <\/p>\n<p>dr hab. Edyta Nalewajko-Sieliwoniuk, prof. UwB (Uniwersytet w Bia\u0142ymstoku) <\/p>\n<p>dr hab. in\u017c. S\u0142awomir Obidzi\u0144ski, prof. PB <\/p>\n<p>dr hab. Janina Piekutin, prof. PB <\/p>\n<p>dr hab. Mariola Samsonowicz, prof. PB <\/p>\n<p>dr hab. in\u017c. Grzegorz \u015awiderski, prof. PB <\/p>\n<p>dr hab. Renata \u015awis\u0142ocka, prof. PB <\/p>\n<p>dr hab. in\u017c. El\u017cbieta Wo\u0142ejko, prof. PB <\/p>\n<p>dr in\u017c. Renata Choi\u0144ska (Instytut Biotechnologii Przemys\u0142u Rolno &#8211; Spo\u017cywczego \u2013 Pa\u0144stwowy Instytut Badawczy) <\/p>\n<p>dr Ewa Ciszkowicz (Politechnika Rzeszowska) <\/p>\n<p>dr Ewa Zapora <\/p>\n<p>in\u017c. Jan Skibicki (Sajsad)<\/p>\n<p>Maciej Deoniziak (GURUFerment) <\/p>\n<p>Anna Pietluszenko (Olejowe Smaki)<\/p>\n","protected":false},"excerpt":{"rendered":"<p>Przewodnicz\u0105ca Komitetu Naukowego: dr hab. Monika Kalinowska, prof. PB &nbsp; Cz\u0142onkowie: prof. dr hab. Micha\u0142<\/p>\n","protected":false},"author":2,"featured_media":0,"parent":1596,"menu_order":5,"comment_status":"closed","ping_status":"closed","template":"","meta":{"_acf_changed":false,"ngg_post_thumbnail":0,"footnotes":""},"class_list":["post-2144","page","type-page","status-publish","hentry"],"acf":[],"_links":{"self":[{"href":"https:\/\/pb.edu.pl\/biotech-future\/wp-json\/wp\/v2\/pages\/2144","targetHints":{"allow":["GET"]}}],"collection":[{"href":"https:\/\/pb.edu.pl\/biotech-future\/wp-json\/wp\/v2\/pages"}],"about":[{"href":"https:\/\/pb.edu.pl\/biotech-future\/wp-json\/wp\/v2\/types\/page"}],"author":[{"embeddable":true,"href":"https:\/\/pb.edu.pl\/biotech-future\/wp-json\/wp\/v2\/users\/2"}],"replies":[{"embeddable":true,"href":"https:\/\/pb.edu.pl\/biotech-future\/wp-json\/wp\/v2\/comments?post=2144"}],"version-history":[{"count":2,"href":"https:\/\/pb.edu.pl\/biotech-future\/wp-json\/wp\/v2\/pages\/2144\/revisions"}],"predecessor-version":[{"id":2326,"href":"https:\/\/pb.edu.pl\/biotech-future\/wp-json\/wp\/v2\/pages\/2144\/revisions\/2326"}],"up":[{"embeddable":true,"href":"https:\/\/pb.edu.pl\/biotech-future\/wp-json\/wp\/v2\/pages\/1596"}],"wp:attachment":[{"href":"https:\/\/pb.edu.pl\/biotech-future\/wp-json\/wp\/v2\/media?parent=2144"}],"curies":[{"name":"wp","href":"https:\/\/api.w.org\/{rel}","templated":true}]}}