{"id":1596,"date":"2022-01-04T22:31:09","date_gmt":"2022-01-04T21:31:09","guid":{"rendered":"https:\/\/pb.edu.pl\/biotech-future\/o-konferencji\/"},"modified":"2025-04-29T18:54:03","modified_gmt":"2025-04-29T16:54:03","slug":"o-konferencji","status":"publish","type":"page","link":"https:\/\/pb.edu.pl\/biotech-future\/o-konferencji\/","title":{"rendered":"O konferencji"},"content":{"rendered":"<p><strong>G\u0142\u00f3wnym celem konferencji<\/strong> jest przedstawienie najnowszych trend\u00f3w w bran\u017cy biotechnologicznej oraz promowanie kierunku biotechnologia w\u015br\u00f3d student\u00f3w Politechniki Bia\u0142ostockiej i uczni\u00f3w szk\u00f3\u0142 ponadpodstawowych z regionu.<\/p>\n<p>Konferencja ta stanowi <u>przestrze\u0144 do wymiany wiedzy i do\u015bwiadcze\u0144 mi\u0119dzy studentami i absolwentami biotechnologii oraz przedstawicielami otoczenia spo\u0142eczno-gospodarczego<\/u>. Umo\u017cliwi <u>nawi\u0105zanie cennych kontakt\u00f3w <\/u>przydatnych w dalszej pracy zawodowej oraz dog\u0142\u0119bne zapoznanie uczni\u00f3w szk\u00f3\u0142 ponadpodstawowych z efektami kszta\u0142cenia na kierunku biotechnologia.<\/p>\n<p>Szczeg\u00f3\u0142owe informacje znajduj\u0105 si\u0119 w li\u015bcie rozwijanej.<\/p>\n","protected":false},"excerpt":{"rendered":"<p>G\u0142\u00f3wnym celem konferencji jest przedstawienie najnowszych trend\u00f3w w bran\u017cy biotechnologicznej oraz promowanie kierunku biotechnologia w\u015br\u00f3d<\/p>\n","protected":false},"author":2,"featured_media":0,"parent":0,"menu_order":1,"comment_status":"closed","ping_status":"closed","template":"","meta":{"_acf_changed":false,"ngg_post_thumbnail":0,"footnotes":""},"class_list":["post-1596","page","type-page","status-publish","hentry"],"acf":[],"_links":{"self":[{"href":"https:\/\/pb.edu.pl\/biotech-future\/wp-json\/wp\/v2\/pages\/1596","targetHints":{"allow":["GET"]}}],"collection":[{"href":"https:\/\/pb.edu.pl\/biotech-future\/wp-json\/wp\/v2\/pages"}],"about":[{"href":"https:\/\/pb.edu.pl\/biotech-future\/wp-json\/wp\/v2\/types\/page"}],"author":[{"embeddable":true,"href":"https:\/\/pb.edu.pl\/biotech-future\/wp-json\/wp\/v2\/users\/2"}],"replies":[{"embeddable":true,"href":"https:\/\/pb.edu.pl\/biotech-future\/wp-json\/wp\/v2\/comments?post=1596"}],"version-history":[{"count":0,"href":"https:\/\/pb.edu.pl\/biotech-future\/wp-json\/wp\/v2\/pages\/1596\/revisions"}],"wp:attachment":[{"href":"https:\/\/pb.edu.pl\/biotech-future\/wp-json\/wp\/v2\/media?parent=1596"}],"curies":[{"name":"wp","href":"https:\/\/api.w.org\/{rel}","templated":true}]}}