{"id":13,"date":"2020-05-18T14:40:41","date_gmt":"2020-05-18T12:40:41","guid":{"rendered":"https:\/\/pb.edu.pl\/biotech-future\/?page_id=13"},"modified":"2026-03-23T08:27:57","modified_gmt":"2026-03-23T07:27:57","slug":"home","status":"publish","type":"page","link":"https:\/\/pb.edu.pl\/biotech-future\/","title":{"rendered":""},"content":{"rendered":"<div class=\"img-full\"><img decoding=\"async\" src=\"https:\/\/pb.edu.pl\/biotech-future\/wp-content\/uploads\/sites\/149\/2026\/03\/Baner-na-strone-BioTech-Future-2026.png\" alt=\"BioTech Future - biotechnologia nauk\u0105 przysz\u0142o\u015bci - 21.04.2026 r. Politechnika Bia\u0142ostocka\"><\/div>\n<div id=\"box-menu\" class=\"href\">&nbsp;<\/div>\n<div class=\"row\">\n<div class=\"col-sm-4 text-center\">\n<div class=\"image\"><a href=\"https:\/\/pb.edu.pl\/biotech-future\/o-konferencji\/\"><img loading=\"lazy\" decoding=\"async\" class=\"photo alignnone size-full wp-image-2105\" src=\"https:\/\/pb.edu.pl\/biotech-future\/wp-content\/uploads\/sites\/149\/2025\/03\/box-o-konferencji.jpg\" alt=\"O konferencji\" width=\"800\" height=\"600\" srcset=\"https:\/\/pb.edu.pl\/biotech-future\/wp-content\/uploads\/sites\/149\/2025\/03\/box-o-konferencji.jpg 800w, https:\/\/pb.edu.pl\/biotech-future\/wp-content\/uploads\/sites\/149\/2025\/03\/box-o-konferencji-300x225.jpg 300w, https:\/\/pb.edu.pl\/biotech-future\/wp-content\/uploads\/sites\/149\/2025\/03\/box-o-konferencji-768x576.jpg 768w\" sizes=\"auto, (max-width: 800px) 100vw, 800px\" \/><\/a><\/div>\n<\/div>\n<div class=\"col-sm-4 text-center\">\n<div class=\"image\"><a href=\"https:\/\/pb.edu.pl\/biotech-future\/rejestracja\/\"><img loading=\"lazy\" decoding=\"async\" class=\"photo alignnone size-full wp-image-2109\" src=\"https:\/\/pb.edu.pl\/biotech-future\/wp-content\/uploads\/sites\/149\/2025\/03\/box-rejestracja.jpg\" alt=\"Rejestracja\" width=\"800\" height=\"600\" srcset=\"https:\/\/pb.edu.pl\/biotech-future\/wp-content\/uploads\/sites\/149\/2025\/03\/box-rejestracja.jpg 800w, https:\/\/pb.edu.pl\/biotech-future\/wp-content\/uploads\/sites\/149\/2025\/03\/box-rejestracja-300x225.jpg 300w, https:\/\/pb.edu.pl\/biotech-future\/wp-content\/uploads\/sites\/149\/2025\/03\/box-rejestracja-768x576.jpg 768w\" sizes=\"auto, (max-width: 800px) 100vw, 800px\" \/><\/a><\/div>\n<\/div>\n<div class=\"col-sm-4 text-center\">\n<div class=\"image\"><a href=\"https:\/\/pb.edu.pl\/biotech-future\/kontakt\/\"><img loading=\"lazy\" decoding=\"async\" class=\"photo alignnone size-full wp-image-2110\" src=\"https:\/\/pb.edu.pl\/biotech-future\/wp-content\/uploads\/sites\/149\/2025\/03\/box-kontakt.jpg\" alt=\"Kontakt\" width=\"800\" height=\"600\" srcset=\"https:\/\/pb.edu.pl\/biotech-future\/wp-content\/uploads\/sites\/149\/2025\/03\/box-kontakt.jpg 800w, https:\/\/pb.edu.pl\/biotech-future\/wp-content\/uploads\/sites\/149\/2025\/03\/box-kontakt-300x225.jpg 300w, https:\/\/pb.edu.pl\/biotech-future\/wp-content\/uploads\/sites\/149\/2025\/03\/box-kontakt-768x576.jpg 768w\" sizes=\"auto, (max-width: 800px) 100vw, 800px\" \/><\/a><\/div>\n<\/div>\n<\/div>\n<div class=\"row\">\n<div class=\"col-sm-12 text-center\">\n<div class=\"h2\"><a class=\"button text-center animated zoomIn lead font-500\" style=\"width: 100%\" href=\"\/biotech-future\/sesja-plakatowa-i-konkursy-dla-studentow\/\">Sesja plakatowa i konkursy dla student\u00f3w<\/a><\/div>\n<\/div>\n<p>&nbsp;<\/p>\n<div class=\"haslo text-center\">Serdecznie zapraszamy do udzia\u0142u w konferencji BioTech Future &#8211; biotechnologia nauk\u0105 przysz\u0142o\u015bci,<br \/>\nkt\u00f3ra odb\u0119dzie si\u0119 w dn. 21.04.2026 r. na <a href=\"https:\/\/wb.pb.edu.pl\/kontakt\/dane-teleadresowe\/\">Wydziale Budownictwa i Nauk o \u015arodowisku Politechniki Bia\u0142ostockiej<\/a>.<\/div>\n<div class=\"haslo-small text-center\">\n<p><strong>G\u0142\u00f3wnym celem konferencji<\/strong> jest przedstawienie najnowszych trend\u00f3w w bran\u017cy biotechnologicznej oraz promowanie kierunku biotechnologia w\u015br\u00f3d student\u00f3w Politechniki Bia\u0142ostockiej i uczni\u00f3w szk\u00f3\u0142 ponadpodstawowych z regionu.<\/p>\n<p>Konferencja ta stanowi przestrze\u0144 do wymiany wiedzy i do\u015bwiadcze\u0144 mi\u0119dzy studentami i absolwentami biotechnologii oraz przedstawicielami otoczenia spo\u0142eczno-gospodarczego. Umo\u017cliwi nawi\u0105zanie cennych kontakt\u00f3w przydatnych w dalszej pracy zawodowej oraz dog\u0142\u0119bne zapoznanie uczni\u00f3w szk\u00f3\u0142 ponadpodstawowych z efektami kszta\u0142cenia na kierunku biotechnologia.<\/p>\n<\/div>\n<p>&nbsp;<\/p>\n<div id=\"loga\">\n<div class=\"h1 text-center\">Organizator<\/div>\n<p><img loading=\"lazy\" decoding=\"async\" class=\"aligncenter wp-image-2122\" src=\"https:\/\/pb.edu.pl\/biotech-future\/wp-content\/uploads\/sites\/149\/2025\/03\/Logotyp-PB.jpg\" alt=\"logo Politechniki Bia\u0142ostockiej\" width=\"300\" height=\"126\" srcset=\"https:\/\/pb.edu.pl\/biotech-future\/wp-content\/uploads\/sites\/149\/2025\/03\/Logotyp-PB.jpg 732w, https:\/\/pb.edu.pl\/biotech-future\/wp-content\/uploads\/sites\/149\/2025\/03\/Logotyp-PB-300x126.jpg 300w\" sizes=\"auto, (max-width: 300px) 100vw, 300px\" \/><\/p>\n<hr>\n<div class=\"h1 text-center\">Sponsorzy<\/div>\n<\/div>\n<p>&nbsp;<\/p>\n<hr>\n<p><img loading=\"lazy\" decoding=\"async\" class=\"aligncenter wp-image-2243 size-large\" src=\"https:\/\/pb.edu.pl\/biotech-future\/wp-content\/uploads\/sites\/149\/2025\/04\/wstawka-via-carpatia-1024x256.png\" alt=\"\" width=\"1024\" height=\"256\" srcset=\"https:\/\/pb.edu.pl\/biotech-future\/wp-content\/uploads\/sites\/149\/2025\/04\/wstawka-via-carpatia-1024x256.png 1024w, https:\/\/pb.edu.pl\/biotech-future\/wp-content\/uploads\/sites\/149\/2025\/04\/wstawka-via-carpatia-300x75.png 300w, https:\/\/pb.edu.pl\/biotech-future\/wp-content\/uploads\/sites\/149\/2025\/04\/wstawka-via-carpatia-768x192.png 768w, https:\/\/pb.edu.pl\/biotech-future\/wp-content\/uploads\/sites\/149\/2025\/04\/wstawka-via-carpatia-1536x384.png 1536w, https:\/\/pb.edu.pl\/biotech-future\/wp-content\/uploads\/sites\/149\/2025\/04\/wstawka-via-carpatia-2048x512.png 2048w\" sizes=\"auto, (max-width: 1024px) 100vw, 1024px\" \/><\/p>\n<hr>\n<p><img loading=\"lazy\" decoding=\"async\" class=\"aligncenter wp-image-2264 size-large\" src=\"https:\/\/pb.edu.pl\/biotech-future\/wp-content\/uploads\/sites\/149\/2025\/07\/across-panel-1024x256.png\" alt=\"\" width=\"1024\" height=\"256\" srcset=\"https:\/\/pb.edu.pl\/biotech-future\/wp-content\/uploads\/sites\/149\/2025\/07\/across-panel-1024x256.png 1024w, https:\/\/pb.edu.pl\/biotech-future\/wp-content\/uploads\/sites\/149\/2025\/07\/across-panel-300x75.png 300w, https:\/\/pb.edu.pl\/biotech-future\/wp-content\/uploads\/sites\/149\/2025\/07\/across-panel-768x192.png 768w, https:\/\/pb.edu.pl\/biotech-future\/wp-content\/uploads\/sites\/149\/2025\/07\/across-panel-1536x384.png 1536w, https:\/\/pb.edu.pl\/biotech-future\/wp-content\/uploads\/sites\/149\/2025\/07\/across-panel-2048x512.png 2048w\" sizes=\"auto, (max-width: 1024px) 100vw, 1024px\" \/><\/p>\n<\/div>\n","protected":false},"excerpt":{"rendered":"<p>&nbsp; Sesja plakatowa i konkursy dla student\u00f3w &nbsp; Serdecznie zapraszamy do udzia\u0142u w konferencji BioTech<\/p>\n","protected":false},"author":2,"featured_media":0,"parent":0,"menu_order":0,"comment_status":"closed","ping_status":"closed","template":"templates\/dzial.php","meta":{"_acf_changed":false,"ngg_post_thumbnail":0,"footnotes":""},"class_list":["post-13","page","type-page","status-publish","hentry"],"acf":[],"_links":{"self":[{"href":"https:\/\/pb.edu.pl\/biotech-future\/wp-json\/wp\/v2\/pages\/13","targetHints":{"allow":["GET"]}}],"collection":[{"href":"https:\/\/pb.edu.pl\/biotech-future\/wp-json\/wp\/v2\/pages"}],"about":[{"href":"https:\/\/pb.edu.pl\/biotech-future\/wp-json\/wp\/v2\/types\/page"}],"author":[{"embeddable":true,"href":"https:\/\/pb.edu.pl\/biotech-future\/wp-json\/wp\/v2\/users\/2"}],"replies":[{"embeddable":true,"href":"https:\/\/pb.edu.pl\/biotech-future\/wp-json\/wp\/v2\/comments?post=13"}],"version-history":[{"count":1,"href":"https:\/\/pb.edu.pl\/biotech-future\/wp-json\/wp\/v2\/pages\/13\/revisions"}],"predecessor-version":[{"id":2318,"href":"https:\/\/pb.edu.pl\/biotech-future\/wp-json\/wp\/v2\/pages\/13\/revisions\/2318"}],"wp:attachment":[{"href":"https:\/\/pb.edu.pl\/biotech-future\/wp-json\/wp\/v2\/media?parent=13"}],"curies":[{"name":"wp","href":"https:\/\/api.w.org\/{rel}","templated":true}]}}