{"id":1109,"date":"2022-11-24T23:53:24","date_gmt":"2022-11-24T22:53:24","guid":{"rendered":"https:\/\/pb.edu.pl\/biomdlore\/?page_id=1109"},"modified":"2023-09-01T09:46:58","modified_gmt":"2023-09-01T07:46:58","slug":"committees","status":"publish","type":"page","link":"https:\/\/pb.edu.pl\/biomdlore\/about\/committees\/","title":{"rendered":"Committees"},"content":{"rendered":"<h2>Organizing Committee<\/h2>\n<p><strong>Jolanta PAUK (PL) &#8211; Chair<\/strong><br \/>\n<strong>Julius GRISKEVI\u010cIUS (LT) &#8211; Co-chair<\/strong><\/p>\n<p>Piotr BORKOWSKI (PL)<br \/>\nMarta BOROWSKA (PL)<br \/>\nKristina DAUNORAVI\u010cIEN\u0116 (LT)<br \/>\nMarcin DERLATKA (PL)<br \/>\nAnna FALKOWSKA (PL)<br \/>\nGrzegorz G\u00d3RSKI (PL)<br \/>\nAnna KASPERCZUK (PL)<br \/>\nMarcin KLEKOTKA (PL)<br \/>\nPawe\u0142 LIPOWICZ (PL)<br \/>\nEliza ROMANCZUK-RUSZUK (PL)<br \/>\nMa\u0142gorzata ZDRODOWSKA (PL)<br \/>\nJurgita \u017dI\u017dIEN\u0116 (LT)<\/p>\n<h2>Honorary Board<\/h2>\n<p>Rimantas KA\u010cIANAUSKAS (LT)<br \/>\nMarta KOSIOR-KAZBERUK (PL)<br \/>\nAdam KRETOWSKI (PL)<br \/>\nMarek KRETOWSKI (PL)<br \/>\nMe\u010dislovas MARI\u016aNAS (LT)<br \/>\nRymantas Tadas TOLO\u010cKA (LT)<br \/>\nKoos Jaap VAN ZWIETEN (BE)<\/p>\n<h2>International Scientific Committee<\/h2>\n<p>Ausra ADOMAVICIENE (LT)<br \/>\nEwelina CHILI\u0143SKA-KOPKO (PL)<br \/>\nKristina DAUNORAVIVIENE (LT)<br \/>\nAgnieszka DARDZINSKA-GLEBOCKA (PL)<br \/>\nTomasz DORF (PL)<br \/>\nJan Ryszard D\u0104BROWSKI (PL)<br \/>\nYuri DEKHTYAR (LV)<br \/>\nSebastian DENDORFER (D)<br \/>\nAurelijus DOMEIKA (LT)<br \/>\nZofia DZIECIOL-ANIKIEJ (PL)<br \/>\nJanusz DZIECIOL (PL)<br \/>\nDarius EIDUKYNAS (LT)<br \/>\nValdas EIDUKYNAS (LT)<br \/>\nAdel ELMAGHRABY (USA)<br \/>\nCarlo FRIGO (IT)<br \/>\nGediminas GAIDULIS (LT)<br \/>\nMaria Bego\u00f1a GARCIA-ZAPIRAIN (ES)<br \/>\nJulius GRI\u0160KEVI\u010cIUS (LT)<br \/>\nMarek GZIK (PL)<br \/>\nAnna HRYNIEWICZ (PL)<br \/>\nChing-Chi HSU (TW)<br \/>\nMariusz KACZMAREK (PL)<br \/>\nAleksejs KATA\u0160EVS (LV)<br \/>\nLars KRENKEL (D)<br \/>\nJacek KROPIWNICKI (PL)<br \/>\nAnna KURYLISZYN-MOSKAL (PL)<br \/>\nPiotr LADYZYNSKI (PL)<br \/>\nAdam LIEBERT (PL)<br \/>\nVaidotas MAROZAS (LT)<br \/>\nLuis MOCHIZUKI (BR)<br \/>\nMarcin MONIUSZKO (PL)<br \/>\nPiotr MROZEK (PL)<br \/>\nJoanna MYSTKOWSKA (PL)<br \/>\nBijan NAJAFI (USA)<br \/>\nErica NELSON \u2013 WONG (USA)<br \/>\nPeter NIEDERER (CH)<br \/>\nZbigniew OKSIUTA (PL)<br \/>\nJolanta PAUK (PL)<br \/>\nMati P\u00c4\u00c4SUKE (ES)<br \/>\nCelina PEZOWICZ (PL)<br \/>\nRobert PRZEKOP (PL)<br \/>\nJuozas RAISTENSKIS (LT)<br \/>\nZbigniew RAS (USA)<br \/>\nAlessandro RUGGIERO (IT)<br \/>\nDanguol\u0117 SATKUNSKIEN\u0116 (LT)<br \/>\nKai-Uwe SCHMITT (CH)<br \/>\nArt\u016bras SERACKIS (LT)<br \/>\nAndzela SESOK (LT)<br \/>\nJames SHIPPEN (UK)<br \/>\nMagdalena SZKUDLAREK (PL)<br \/>\nMichal STRZELECKI (PL)<br \/>\nBogna SZTORCH (PL)<br \/>\nEwaryst TKACZ (PL)<br \/>\nBart VERKERKE (NL)<\/p>\n","protected":false},"excerpt":{"rendered":"<p>Organizing Committee Jolanta PAUK (PL) &#8211; Chair Julius GRISKEVI\u010cIUS (LT) &#8211; Co-chair Piotr BORKOWSKI (PL)<\/p>\n","protected":false},"author":2,"featured_media":0,"parent":26,"menu_order":2,"comment_status":"closed","ping_status":"closed","template":"","meta":{"_acf_changed":false,"ngg_post_thumbnail":0,"footnotes":""},"class_list":["post-1109","page","type-page","status-publish","hentry"],"acf":[],"_links":{"self":[{"href":"https:\/\/pb.edu.pl\/biomdlore\/wp-json\/wp\/v2\/pages\/1109","targetHints":{"allow":["GET"]}}],"collection":[{"href":"https:\/\/pb.edu.pl\/biomdlore\/wp-json\/wp\/v2\/pages"}],"about":[{"href":"https:\/\/pb.edu.pl\/biomdlore\/wp-json\/wp\/v2\/types\/page"}],"author":[{"embeddable":true,"href":"https:\/\/pb.edu.pl\/biomdlore\/wp-json\/wp\/v2\/users\/2"}],"replies":[{"embeddable":true,"href":"https:\/\/pb.edu.pl\/biomdlore\/wp-json\/wp\/v2\/comments?post=1109"}],"version-history":[{"count":0,"href":"https:\/\/pb.edu.pl\/biomdlore\/wp-json\/wp\/v2\/pages\/1109\/revisions"}],"up":[{"embeddable":true,"href":"https:\/\/pb.edu.pl\/biomdlore\/wp-json\/wp\/v2\/pages\/26"}],"wp:attachment":[{"href":"https:\/\/pb.edu.pl\/biomdlore\/wp-json\/wp\/v2\/media?parent=1109"}],"curies":[{"name":"wp","href":"https:\/\/api.w.org\/{rel}","templated":true}]}}