{"id":839,"date":"2021-09-21T12:04:37","date_gmt":"2021-09-21T10:04:37","guid":{"rendered":"https:\/\/pb.edu.pl\/biaman\/?page_id=839"},"modified":"2021-10-15T19:29:14","modified_gmt":"2021-10-15T17:29:14","slug":"pbc","status":"publish","type":"page","link":"https:\/\/pb.edu.pl\/biaman\/pbc\/","title":{"rendered":"Podlaska Biblioteka Cyfrowa"},"content":{"rendered":"<div class=\"h3\">Informacje o projekcie<\/div>\n<p><a title=\"otworzy si\u0119 w nowej karcie\" href=\"http:\/\/pbc.biaman.pl\" target=\"_blank\" rel=\"noopener\">Podlaska Biblioteka Cyfrowa<\/a> jest projektem realizowanym Konsorcjum Bibliotek Naukowych Miasta Bia\u0142egostoku oraz CKSR &#8211; jako operatora sieci BIAMAN.<br \/>\nG\u0142\u00f3wne zadania Podlaskiej Biblioteki Cyfrowej to:<\/p>\n<ul>\n<li>umo\u017cliwienie \u0142atwego i szybkiego dost\u0119pu do zasob\u00f3w pi\u015bmiennictwa szerokiemu gronu u\u017cytkownik\u00f3w,<\/li>\n<li>ochrona i zabezpieczenie najcenniejszych zabytk\u00f3w pi\u015bmiennictwa polskiego,<\/li>\n<li>tworzenie polskich zasob\u00f3w edukacyjnych i kulturalnych Internetu,<\/li>\n<li>wspieranie rozwoju potencja\u0142u badawczego szk\u00f3\u0142 wy\u017cszych,<\/li>\n<li>wsp\u00f3\u0142dzia\u0142anie w tworzeniu i pracach Europejskiej Przestrzeni Badawczej.<\/li>\n<\/ul>\n<div class=\"h3\">Uczestnikami projektu s\u0105:<\/div>\n<ul>\n<li>Biblioteka Politechniki Bia\u0142ostockiej,<\/li>\n<li>Archiwum Pa\u0144stwowe w Bia\u0142ymstoku,<\/li>\n<li>Biblioteka Archidiecezjalnego Wy\u017cszego Seminarium Duchownego w Bia\u0142ymstoku,<\/li>\n<li>Biblioteka Pedagogiczna w Bia\u0142ymstoku,<\/li>\n<li>Biblioteka Publiczna im. Marii Konopnickiej w Suwa\u0142kach,<\/li>\n<li>Biblioteka Uniwersytecka im. Jerzego Giedroycia w Bia\u0142ymstoku,<\/li>\n<li>Biblioteka Uniwersytetu Medycznego w Bia\u0142ymstoku,<\/li>\n<li>Biblioteka Uniwersytetu Muzycznego Fryderyka Chopina &#8211; Wydzia\u0142 Instrumentalno-Pedagogiczny w Bia\u0142ymstoku,<\/li>\n<li>Fundacja Pogranicze w Sejnach,<\/li>\n<li>Ksi\u0105\u017cnica Podlaska im. \u0141ukasza G\u00f3rnickiego,<\/li>\n<li>Stowarzyszenie Kulturalne &#8222;Collegium Suprasliense&#8221;.<\/li>\n<\/ul>\n<div class=\"h3\">Na zasoby PBC sk\u0142adaj\u0105 si\u0119 nast\u0119puj\u0105ce kolekcje:<\/div>\n<ol>\n<li>Dziedzictwo kulturowe &#8211; kolekcja zawiera cyfrowe kopie najcenniejszych i najcz\u0119\u015bciej wykorzystywanych zabytk\u00f3w pi\u015bmiennictwa polskiego.<\/li>\n<li>Kartografia &#8211; mapy i atlasy Polski oraz Kres\u00f3w Wschodnich g\u0142\u00f3wnie z okresu 20-lecia mi\u0119dzywojennego oraz I wojny \u015bwiatowej, ze szczeg\u00f3lnym uwzgl\u0119dnieniem ziem p\u00f3\u0142nocno-wschodniej Polski. Wi\u0119kszo\u015b\u0107 stanowi\u0105 mapy topograficzne wydane przez Wojskowy Instytut Geograficzny oraz mapy niemieckie pochodz\u0105ce z czasu II wojny \u015bwiatowej. W zbiorze znajduj\u0105 si\u0119 r\u00f3wnie\u017c plany Bia\u0142egostoku, Wilna, atlas Kr\u00f3lestwa Polskiego z XIX-wieku oraz wojew\u00f3dztwa podlaskiego z wieku XVIII.<\/li>\n<li>Kresy Wschodnie Rzeczypospolitej &#8211; dokumenty dotycz\u0105ce ziem wschodnich Rzeczypospolitej, kt\u00f3re po II wojnie \u015bwiatowej znalaz\u0142y si\u0119 poza granicami kraju. <\/li>\n<li>Kolekcja sk\u0142ada si\u0119 z ksi\u0105\u017cek i czasopism.<\/li>\n<li>Regionalia wraz z Dokumentami \u017bycia Spo\u0142ecznego &#8211; kopie dokument\u00f3w dotycz\u0105cych Podlasia, ziemi \u0141om\u017cy\u0144skiej i Suwalszczyzny znajduj\u0105cych si\u0119 w zbiorach Instytucji tworz\u0105cych Podlask\u0105 Bibliotek\u0119 Cyfrow\u0105.<\/li>\n<li>Naukowo-Dydaktyczna &#8211; podr\u0119czniki dla student\u00f3w, monografie, skrypty i artyku\u0142y naukowe pracownik\u00f3w bia\u0142ostockich uczelni nale\u017c\u0105cych do Konsorcjum.<\/li>\n<li>Muzykalia &#8211; cyfrowe kopie nut oraz nagrania utwor\u00f3w.<\/li>\n<\/ol>\n<div class=\"h3\">Powstanie Podlaskiej Biblioteki Cyfrowej<\/div>\n<p>Podlaska Biblioteka Cyfrowa zosta\u0142a uruchomiona przez CKSR w 2005 roku jako odpowied\u017a na potrzeby bibliotek naukowych bia\u0142ostockich uniwersytet\u00f3w zainteresowanych nowoczesnym procesem kszta\u0142cenia i rozwojem \u015brodowisk akademickich, mieszka\u0144c\u00f3w wojew\u00f3dztwa podlaskiego oraz zachowaniem dziedzictwa kulturowego dla przysz\u0142ych pokole\u0144. W celu spe\u0142nienia oczekiwa\u0144 \u015brodowiska akademickiego CKSR zakupi\u0142 z w\u0142asnych \u015brodk\u00f3w niezb\u0119dne serwery wraz z oprogramowaniem i uruchomi\u0142 Podlask\u0105 Bibliotek\u0119 Cyfrow\u0105 w oparciu o oprogramowanie \u201edLibra\u201d powsta\u0142e w Pozna\u0144skim Centrum Superkomputerowo-Sieciowym. W 2007 koordynatorem merytorycznym projektu zosta\u0142a wybrana Biblioteka Uniwersytecka im. Jerzego Giedroycia w Bia\u0142ymstoku.<\/p>\n<div class=\"h3\">Stan obecny<\/div>\n<p>Na potrzeby dzia\u0142ania Podlaskiej Biblioteki Cyfrowej CKSR z w\u0142asnych \u015brodk\u00f3w regularnie zakupuje i dostarcza niezb\u0119dn\u0105 infrastruktur\u0119 serwerow\u0105 oraz licencj\u0119 na oprogramowanie \u201edLibra\u201d. W chwili obecnej przechowywanych i udost\u0119pnianych jest 56262 publikacji cyfrowych, kt\u00f3re zajmuj\u0105 przestrze\u0144 dyskow\u0105 883 GB. W&nbsp;ci\u0105gu miesi\u0105ca PBC odnotowuje nawet ponad milion odwiedzaj\u0105cych.<\/p>\n","protected":false},"excerpt":{"rendered":"<p>Informacje o projekcie Podlaska Biblioteka Cyfrowa jest projektem realizowanym Konsorcjum Bibliotek Naukowych Miasta Bia\u0142egostoku oraz<\/p>\n","protected":false},"author":29,"featured_media":0,"parent":0,"menu_order":0,"comment_status":"closed","ping_status":"closed","template":"","meta":{"_acf_changed":false,"ngg_post_thumbnail":0,"footnotes":""},"class_list":["post-839","page","type-page","status-publish","hentry"],"acf":[],"_links":{"self":[{"href":"https:\/\/pb.edu.pl\/biaman\/wp-json\/wp\/v2\/pages\/839","targetHints":{"allow":["GET"]}}],"collection":[{"href":"https:\/\/pb.edu.pl\/biaman\/wp-json\/wp\/v2\/pages"}],"about":[{"href":"https:\/\/pb.edu.pl\/biaman\/wp-json\/wp\/v2\/types\/page"}],"author":[{"embeddable":true,"href":"https:\/\/pb.edu.pl\/biaman\/wp-json\/wp\/v2\/users\/29"}],"replies":[{"embeddable":true,"href":"https:\/\/pb.edu.pl\/biaman\/wp-json\/wp\/v2\/comments?post=839"}],"version-history":[{"count":0,"href":"https:\/\/pb.edu.pl\/biaman\/wp-json\/wp\/v2\/pages\/839\/revisions"}],"wp:attachment":[{"href":"https:\/\/pb.edu.pl\/biaman\/wp-json\/wp\/v2\/media?parent=839"}],"curies":[{"name":"wp","href":"https:\/\/api.w.org\/{rel}","templated":true}]}}