{"id":817,"date":"2021-09-20T12:31:19","date_gmt":"2021-09-20T10:31:19","guid":{"rendered":"https:\/\/pb.edu.pl\/biaman\/?page_id=817"},"modified":"2021-09-21T08:21:03","modified_gmt":"2021-09-21T06:21:03","slug":"konfiguracja-outlook-2013","status":"publish","type":"page","link":"https:\/\/pb.edu.pl\/biaman\/poczta\/konfiguracja-outlook-2013\/","title":{"rendered":"Microsoft Outlook 2013"},"content":{"rendered":"<div class=\"h2\">Instrukcja konfiguracji szyfrowanego po\u0142\u0105czenia z serwerem pocztowym Politechniki Bia\u0142ostockiej w programie Microsoft Outlook 2013<\/div>\n<ol>\n<li>W programie Microsoft Outlook 2013 nale\u017cy w g\u00f3rnym lewym rogu wywo\u0142a\u0107 menu \u201ePlik\u201d i wybra\u0107 opcj\u0119 \u201eInformacje\u201d, a nast\u0119pnie nacisn\u0105\u0107 przycisk \u201eDodaj konto\u201d<br \/>\n<a href=\"https:\/\/pb.edu.pl\/biaman\/wp-content\/uploads\/sites\/18\/2021\/09\/outlook2013_1.png\"><img loading=\"lazy\" decoding=\"async\" src=\"https:\/\/pb.edu.pl\/biaman\/wp-content\/uploads\/sites\/18\/2021\/09\/outlook2013_1-300x186.png\" alt=\"Okno aplikacji Outlook - informacje o kontach\" width=\"300\" height=\"186\" class=\"alignnone size-medium wp-image-822\" srcset=\"https:\/\/pb.edu.pl\/biaman\/wp-content\/uploads\/sites\/18\/2021\/09\/outlook2013_1-300x186.png 300w, https:\/\/pb.edu.pl\/biaman\/wp-content\/uploads\/sites\/18\/2021\/09\/outlook2013_1-1024x636.png 1024w, https:\/\/pb.edu.pl\/biaman\/wp-content\/uploads\/sites\/18\/2021\/09\/outlook2013_1-768x477.png 768w, https:\/\/pb.edu.pl\/biaman\/wp-content\/uploads\/sites\/18\/2021\/09\/outlook2013_1.png 1056w\" sizes=\"auto, (max-width: 300px) 100vw, 300px\" \/><\/a><\/li>\n<li>Wy\u015bwietlone zostanie okno dialogowe konfiguracji nowego konta. Nale\u017cy w nim zaznaczy\u0107 opcj\u0119 \u201eR\u0119czna konfiguracja lub obs\u0142uga dodatkowych typ\u00f3w serwer\u00f3w\u201d i nacisn\u0105\u0107 przycisk \u201eDalej\u201d<br \/>\n<a href=\"https:\/\/pb.edu.pl\/biaman\/wp-content\/uploads\/sites\/18\/2021\/09\/outlook2013_2.png\"><img loading=\"lazy\" decoding=\"async\" src=\"https:\/\/pb.edu.pl\/biaman\/wp-content\/uploads\/sites\/18\/2021\/09\/outlook2013_2-300x203.png\" alt=\"Okno aplikacji Outlook - dodaj konto\" width=\"300\" height=\"203\" class=\"alignnone size-medium wp-image-823\" srcset=\"https:\/\/pb.edu.pl\/biaman\/wp-content\/uploads\/sites\/18\/2021\/09\/outlook2013_2-300x203.png 300w, https:\/\/pb.edu.pl\/biaman\/wp-content\/uploads\/sites\/18\/2021\/09\/outlook2013_2-1024x694.png 1024w, https:\/\/pb.edu.pl\/biaman\/wp-content\/uploads\/sites\/18\/2021\/09\/outlook2013_2-768x521.png 768w, https:\/\/pb.edu.pl\/biaman\/wp-content\/uploads\/sites\/18\/2021\/09\/outlook2013_2.png 1056w\" sizes=\"auto, (max-width: 300px) 100vw, 300px\" \/><\/a><\/li>\n<li>Wy\u015bwietlone zostan\u0105 opcj\u0119 wyboru us\u0142ug pocztowych. Nale\u017cy zaznaczy\u0107 opcj\u0119 \u201ePOP lub IMAP\u201d i nacisn\u0105\u0107 przycisk \u201eDalej\u201d<br \/>\n<a href=\"https:\/\/pb.edu.pl\/biaman\/wp-content\/uploads\/sites\/18\/2021\/09\/outlook2013_3.png\"><img loading=\"lazy\" decoding=\"async\" src=\"https:\/\/pb.edu.pl\/biaman\/wp-content\/uploads\/sites\/18\/2021\/09\/outlook2013_3-300x203.png\" alt=\"Okno aplikacji Outlook - wybierz us\u0142ug\u0119\" width=\"300\" height=\"203\" class=\"alignnone size-medium wp-image-824\" srcset=\"https:\/\/pb.edu.pl\/biaman\/wp-content\/uploads\/sites\/18\/2021\/09\/outlook2013_3-300x203.png 300w, https:\/\/pb.edu.pl\/biaman\/wp-content\/uploads\/sites\/18\/2021\/09\/outlook2013_3-1024x694.png 1024w, https:\/\/pb.edu.pl\/biaman\/wp-content\/uploads\/sites\/18\/2021\/09\/outlook2013_3-768x521.png 768w, https:\/\/pb.edu.pl\/biaman\/wp-content\/uploads\/sites\/18\/2021\/09\/outlook2013_3.png 1056w\" sizes=\"auto, (max-width: 300px) 100vw, 300px\" \/><\/a><\/li>\n<li>Wy\u015bwietlone zostan\u0105 opcje konfiguracji konta POP i IMAP. Nale\u017cy je wype\u0142ni\u0107 zgodnie z danymi, kt\u00f3re podali\u015bcie Pa\u0144stwo na wniosku o za\u0142o\u017cenie s\u0142u\u017cbowego konta e-mail pami\u0119taj\u0105c o wybraniu w opcji \u201eTyp konta\u201d parametru \u201eIMAP\u201d. Nast\u0119pnie nale\u017cy nacisn\u0105\u0107 przycisk \u201eWi\u0119cej ustawie\u0144\u201d<br \/>\n<a href=\"https:\/\/pb.edu.pl\/biaman\/wp-content\/uploads\/sites\/18\/2021\/09\/outlook2013_4.png\"><img loading=\"lazy\" decoding=\"async\" src=\"https:\/\/pb.edu.pl\/biaman\/wp-content\/uploads\/sites\/18\/2021\/09\/outlook2013_4-300x203.png\" alt=\"Okno aplikacji Outlook - dodaj konto\" width=\"300\" height=\"203\" class=\"alignnone size-medium wp-image-825\" srcset=\"https:\/\/pb.edu.pl\/biaman\/wp-content\/uploads\/sites\/18\/2021\/09\/outlook2013_4-300x203.png 300w, https:\/\/pb.edu.pl\/biaman\/wp-content\/uploads\/sites\/18\/2021\/09\/outlook2013_4-1024x694.png 1024w, https:\/\/pb.edu.pl\/biaman\/wp-content\/uploads\/sites\/18\/2021\/09\/outlook2013_4-768x521.png 768w, https:\/\/pb.edu.pl\/biaman\/wp-content\/uploads\/sites\/18\/2021\/09\/outlook2013_4.png 1056w\" sizes=\"auto, (max-width: 300px) 100vw, 300px\" \/><\/a><\/li>\n<li> Wy\u015bwietlone zostanie okno zawieraj\u0105ce ustawienia internetowej poczty e-mail. Nale\u017cy wybra\u0107 zak\u0142adk\u0119 \u201eSerwer wychodz\u0105cy\u201d, zaznaczy\u0107 opcj\u0119 \u201eSerwer wychodz\u0105cy (SMTP) wymaga uwierzytelniania\u201d oraz wybra\u0107 opcj\u0119 \u201eU\u017cyj tych samych ustawie\u0144, co m\u00f3j serwer poczty przychodz\u0105cej\u201d<br \/>\n<a href=\"https:\/\/pb.edu.pl\/biaman\/wp-content\/uploads\/sites\/18\/2021\/09\/outlook2013_5.png\"><img loading=\"lazy\" decoding=\"async\" src=\"https:\/\/pb.edu.pl\/biaman\/wp-content\/uploads\/sites\/18\/2021\/09\/outlook2013_5-292x300.png\" alt=\"Okno aplikacji Outlook - zak\u0142adka serwer wychodz\u0105cy\" width=\"292\" height=\"300\" class=\"alignnone size-medium wp-image-826\" srcset=\"https:\/\/pb.edu.pl\/biaman\/wp-content\/uploads\/sites\/18\/2021\/09\/outlook2013_5-292x300.png 292w, https:\/\/pb.edu.pl\/biaman\/wp-content\/uploads\/sites\/18\/2021\/09\/outlook2013_5.png 718w\" sizes=\"auto, (max-width: 292px) 100vw, 292px\" \/><\/a><\/li>\n<li>W tym samym oknie nale\u017cy wybra\u0107 zak\u0142adk\u0119 \u201eZaawansowane\u201d i ustawi\u0107 opcje \u201eNumery port\u00f3w serwera\u201d:\n<ul>\n<li>Serwer przychodz\u0105cy (IMAP): 993 <\/li>\n<li>U\u017cyj po\u0142\u0105czenia szyfrowanego nast\u0119puj\u0105cego typu: SSL <\/li>\n<li>Serwer przychodz\u0105cy (SMTP): 465 <\/li>\n<li>U\u017cyj po\u0142\u0105czenia szyfrowanego nast\u0119puj\u0105cego typu: SSL <\/li>\n<\/ul>\n<p>Wybrane ustawienia nale\u017cy zatwierdzi\u0107 wybieraj\u0105c przycisk \u201eOK\u201d<br \/>\n<a href=\"https:\/\/pb.edu.pl\/biaman\/wp-content\/uploads\/sites\/18\/2021\/09\/outlook2013_6.png\"><img loading=\"lazy\" decoding=\"async\" src=\"https:\/\/pb.edu.pl\/biaman\/wp-content\/uploads\/sites\/18\/2021\/09\/outlook2013_6-292x300.png\" alt=\"Okno aplikacji Outlook - ustawienia internetowej poczty\" width=\"292\" height=\"300\" class=\"alignnone size-medium wp-image-827\" srcset=\"https:\/\/pb.edu.pl\/biaman\/wp-content\/uploads\/sites\/18\/2021\/09\/outlook2013_6-292x300.png 292w, https:\/\/pb.edu.pl\/biaman\/wp-content\/uploads\/sites\/18\/2021\/09\/outlook2013_6.png 736w\" sizes=\"auto, (max-width: 292px) 100vw, 292px\" \/><\/a><\/li>\n<li>Ponownie zostanie wy\u015bwietlone okno z ustawieniami konta POP i IMAP. Nale\u017cy nacisn\u0105\u0107 przycisk \u201eDalej\u201d<br \/>\n<a href=\"https:\/\/pb.edu.pl\/biaman\/wp-content\/uploads\/sites\/18\/2021\/09\/outlook2013_7.png\"><img loading=\"lazy\" decoding=\"async\" src=\"https:\/\/pb.edu.pl\/biaman\/wp-content\/uploads\/sites\/18\/2021\/09\/outlook2013_7-300x203.png\" alt=\"Okno aplikacji Outlook - dodaj konto\" width=\"300\" height=\"203\" class=\"alignnone size-medium wp-image-828\" srcset=\"https:\/\/pb.edu.pl\/biaman\/wp-content\/uploads\/sites\/18\/2021\/09\/outlook2013_7-300x203.png 300w, https:\/\/pb.edu.pl\/biaman\/wp-content\/uploads\/sites\/18\/2021\/09\/outlook2013_7-1024x694.png 1024w, https:\/\/pb.edu.pl\/biaman\/wp-content\/uploads\/sites\/18\/2021\/09\/outlook2013_7-768x521.png 768w, https:\/\/pb.edu.pl\/biaman\/wp-content\/uploads\/sites\/18\/2021\/09\/outlook2013_7.png 1056w\" sizes=\"auto, (max-width: 300px) 100vw, 300px\" \/><\/a><\/li>\n<li>Wy\u015bwietlone zostanie okno \u201eTestowanie ustawie\u0144 konta\u201d. Je\u015bli poprawnie zosta\u0142y skonfigurowane wszystkie opcje otrzymacie Pa\u0144stwo poni\u017cszy komunikat:<br \/>\n<a href=\"https:\/\/pb.edu.pl\/biaman\/wp-content\/uploads\/sites\/18\/2021\/09\/outlook2013_9.png\"><img loading=\"lazy\" decoding=\"async\" src=\"https:\/\/pb.edu.pl\/biaman\/wp-content\/uploads\/sites\/18\/2021\/09\/outlook2013_9-300x152.png\" alt=\"Okno aplikacji Outlook - testowanie ustawie\u0144 konta\" width=\"300\" height=\"152\" class=\"alignnone size-medium wp-image-831\" srcset=\"https:\/\/pb.edu.pl\/biaman\/wp-content\/uploads\/sites\/18\/2021\/09\/outlook2013_9-300x152.png 300w, https:\/\/pb.edu.pl\/biaman\/wp-content\/uploads\/sites\/18\/2021\/09\/outlook2013_9.png 499w\" sizes=\"auto, (max-width: 300px) 100vw, 300px\" \/><\/a><\/li>\n<li>Je\u015bli program Microsoft Outlook 2013 wy\u015bwietli komunikat o b\u0142\u0119dzie nale\u017cy powr\u00f3ci\u0107 do poprzedniego okna konfiguracyjnego i szczeg\u00f3\u0142owo sprawdzi\u0107 poprawno\u015b\u0107 wszystkich ustawie\u0144. Je\u015bli za\u015b ustawienia zosta\u0142y skonfigurowane poprawnie wy\u015bwietlone zostanie okno z komunikatem \u201eWszystko gotowe\u201d. Nale\u017cy nacisn\u0105\u0107 przycisk \u201eZako\u0144cz\u201d<br \/>\n<a href=\"https:\/\/pb.edu.pl\/biaman\/wp-content\/uploads\/sites\/18\/2021\/09\/outlook2013_8.png\"><img loading=\"lazy\" decoding=\"async\" src=\"https:\/\/pb.edu.pl\/biaman\/wp-content\/uploads\/sites\/18\/2021\/09\/outlook2013_8-300x203.png\" alt=\"Okno aplikacji Outlook - wszystko gotowe\" width=\"300\" height=\"203\" class=\"alignnone size-medium wp-image-829\" srcset=\"https:\/\/pb.edu.pl\/biaman\/wp-content\/uploads\/sites\/18\/2021\/09\/outlook2013_8-300x203.png 300w, https:\/\/pb.edu.pl\/biaman\/wp-content\/uploads\/sites\/18\/2021\/09\/outlook2013_8-1024x694.png 1024w, https:\/\/pb.edu.pl\/biaman\/wp-content\/uploads\/sites\/18\/2021\/09\/outlook2013_8-768x521.png 768w, https:\/\/pb.edu.pl\/biaman\/wp-content\/uploads\/sites\/18\/2021\/09\/outlook2013_8.png 1056w\" sizes=\"auto, (max-width: 300px) 100vw, 300px\" \/><\/a><\/li>\n<\/ol>\n<p><code><\/p>\n<p>Opracowa\u0142: Marcin Walejewski - Centrum Komputerowych Sieci Rozleg\u0142ych<\/p>\n<p><\/code><\/p>\n","protected":false},"excerpt":{"rendered":"<p>Instrukcja konfiguracji szyfrowanego po\u0142\u0105czenia z serwerem pocztowym Politechniki Bia\u0142ostockiej w programie Microsoft Outlook 2013 W<\/p>\n","protected":false},"author":2,"featured_media":0,"parent":789,"menu_order":7,"comment_status":"closed","ping_status":"closed","template":"","meta":{"_acf_changed":false,"ngg_post_thumbnail":0,"footnotes":""},"class_list":["post-817","page","type-page","status-publish","hentry"],"acf":[],"_links":{"self":[{"href":"https:\/\/pb.edu.pl\/biaman\/wp-json\/wp\/v2\/pages\/817","targetHints":{"allow":["GET"]}}],"collection":[{"href":"https:\/\/pb.edu.pl\/biaman\/wp-json\/wp\/v2\/pages"}],"about":[{"href":"https:\/\/pb.edu.pl\/biaman\/wp-json\/wp\/v2\/types\/page"}],"author":[{"embeddable":true,"href":"https:\/\/pb.edu.pl\/biaman\/wp-json\/wp\/v2\/users\/2"}],"replies":[{"embeddable":true,"href":"https:\/\/pb.edu.pl\/biaman\/wp-json\/wp\/v2\/comments?post=817"}],"version-history":[{"count":0,"href":"https:\/\/pb.edu.pl\/biaman\/wp-json\/wp\/v2\/pages\/817\/revisions"}],"up":[{"embeddable":true,"href":"https:\/\/pb.edu.pl\/biaman\/wp-json\/wp\/v2\/pages\/789"}],"wp:attachment":[{"href":"https:\/\/pb.edu.pl\/biaman\/wp-json\/wp\/v2\/media?parent=817"}],"curies":[{"name":"wp","href":"https:\/\/api.w.org\/{rel}","templated":true}]}}