{"id":789,"date":"2021-09-20T11:20:25","date_gmt":"2021-09-20T09:20:25","guid":{"rendered":"https:\/\/pb.edu.pl\/biaman\/?page_id=789"},"modified":"2022-10-27T20:50:36","modified_gmt":"2022-10-27T18:50:36","slug":"poczta","status":"publish","type":"page","link":"https:\/\/pb.edu.pl\/biaman\/poczta\/","title":{"rendered":"Poczta elektroniczna PB"},"content":{"rendered":"<div class=\"panel-group\" id=\"custom-collapse-0\">\n<div class=\"panel panel-default\">\n\t\t\t\t<div class=\"panel-heading\">\n\t\t\t\t\t<div class=\"panel-title\">\n\t\t\t\t\t\t<a class=\"collapsed h4\" data-toggle=\"collapse\" data-parent=\"#custom-collapse-0\" href=\"#custom-collapse-0-0\">PRACOWNICY - formularze elektroniczne wniosk\u00f3w<\/a>\n\t\t\t\t\t<\/div>\n\t\t\t\t<\/div>\n\t\t\t\t<div id=\"custom-collapse-0-0\" class=\"panel-collapse collapse\">\n\t\t\t\t\t<div class=\"panel-body\">\n<a class=\"h4\" href=\"\/biaman\/poczta\/wniosek-personalna\/\" title=\"Formularz elektroniczny\">Wniosek o za\u0142o\u017cenie personalnej skrzynki pocztowej<\/a><\/p>\n<p><a class=\"h4\" href=\"\/biaman\/poczta\/wniosek-funkcyjna\/\" title=\"Formularz elektroniczny\">Wniosek o za\u0142o\u017cenie funkcyjnej skrzynki pocztowej<\/a><\/p>\n<p><a class=\"h4\" href=\"\/biaman\/poczta\/wniosek-zmiana-nazwy\/\" title=\"Formularz elektroniczny\">Wniosek o zmian\u0119 nazwy personalnej lub funkcyjnej skrzynki pocztowej<\/a><\/p>\n<p><a class=\"h4\" href=\"\/biaman\/poczta\/wniosek-lista-dystrybucyjna\/\" title=\"Formularz elektroniczny\">Wniosek o utworzenie listy dystrybucyjnej<\/a><\/p>\n<p><a class=\"h4\" href=\"\/biaman\/poczta\/wniosek-o-udostepnienie-na-emeryturze\/\" title=\"Formularz elektroniczny\">Wniosek o udost\u0119pnienie s\u0142u\u017cbowego adresu poczty elektronicznej po zako\u0144czeniu zatrudnienia pracownika z powodu przej\u015bcia na emerytur\u0119<\/a><br \/>\n<\/div>\n\t\t\t\t<\/div>\n\t\t\t<\/div>\n<div class=\"panel panel-default\">\n\t\t\t\t<div class=\"panel-heading\">\n\t\t\t\t\t<div class=\"panel-title\">\n\t\t\t\t\t\t<a class=\"collapsed h4\" data-toggle=\"collapse\" data-parent=\"#custom-collapse-0\" href=\"#custom-collapse-0-1\">Ustawienia program\u00f3w pocztowych<\/a>\n\t\t\t\t\t<\/div>\n\t\t\t\t<\/div>\n\t\t\t\t<div id=\"custom-collapse-0-1\" class=\"panel-collapse collapse\">\n\t\t\t\t\t<div class=\"panel-body\">\n<ul>\n<li>Adres serwera poczty przychodz\u0105cej i wychodz\u0105cej: <strong>poczta.pb.edu.pl<\/strong><\/li>\n<li>Numery port\u00f3w po\u0142\u0105czenia szyfrowanego SSL (min. TLS v1.2):<br \/>\n&#8211; serwer poczty wychodz\u0105cej SMTP &#8211; <strong>465<\/strong><br \/>\n&#8211; serwer poczty przychodz\u0105cej IMAP &#8211; <strong>993<\/strong><br \/>\n&#8211; Serwer poczty przychodz\u0105cej POP3 &#8211; <strong>995<\/strong>\n<\/li>\n<li>Dodatkowo <strong>musi zosta\u0107 w\u0142\u0105czona opcja uwierzytelniania serwera SMTP<\/strong>.<br \/>\nW zale\u017cno\u015bci od programu pocztowego opcja ta mo\u017ce znajdowa\u0107 si\u0119 w r\u00f3\u017cnych miejscach. W przypadku w\u0105tpliwo\u015bci prosz\u0119 skonsultowa\u0107 si\u0119 z pomoc\u0105 zawart\u0105 w programie pocztowym.<\/li>\n<\/ul>\n<\/div>\n\t\t\t\t<\/div>\n\t\t\t<\/div>\n<div class=\"panel panel-default\">\n\t\t\t\t<div class=\"panel-heading\">\n\t\t\t\t\t<div class=\"panel-title\">\n\t\t\t\t\t\t<a class=\"collapsed h4\" data-toggle=\"collapse\" data-parent=\"#custom-collapse-0\" href=\"#custom-collapse-0-2\">Konfiguracja s\u0142u\u017cbowej skrzynki pocztowej<\/a>\n\t\t\t\t\t<\/div>\n\t\t\t\t<\/div>\n\t\t\t\t<div id=\"custom-collapse-0-2\" class=\"panel-collapse collapse\">\n\t\t\t\t\t<div class=\"panel-body\">\n<p><a class=\"h4\" href=\"\/biaman\/poczta\/konfiguracja-android\/\"><i class=\"fab fa-android\"><\/i> Android<\/a><\/p>\n<p><a class=\"h4\" href=\"\/biaman\/poczta\/konfiguracja-ios\/\"><i class=\"fab fa-apple\"><\/i> iPhone<\/a><\/p>\n<p><a class=\"h4\" href=\"\/biaman\/poczta\/konfiguracja-outlook-2013\/\"><i class=\"fa fa-envelope\" aria-hidden=\"true\"><\/i> Microsoft Outlook 2013<\/a><br \/>\n<\/div>\n\t\t\t\t<\/div>\n\t\t\t<\/div>\n<div class=\"panel panel-default\">\n\t\t\t\t<div class=\"panel-heading\">\n\t\t\t\t\t<div class=\"panel-title\">\n\t\t\t\t\t\t<a class=\"collapsed h4\" data-toggle=\"collapse\" data-parent=\"#custom-collapse-0\" href=\"#custom-collapse-0-3\">Regulamin funkcjonowania s\u0142u\u017cbowej poczty elektronicznej w Politechnice Bia\u0142ostockiej<\/a>\n\t\t\t\t\t<\/div>\n\t\t\t\t<\/div>\n\t\t\t\t<div id=\"custom-collapse-0-3\" class=\"panel-collapse collapse\">\n\t\t\t\t\t<div class=\"panel-body\">\n<p><a href=\"https:\/\/bip.pb.edu.pl\/index.php?event=informacja&amp;id=18919\">Zarz\u0105dzenie nr 117\/2021 Rektora Politechniki Bia\u0142ostockiej z dnia 6 pa\u017adziernika 2021 roku w sprawie wprowadzenia w \u017cycie \u201eRegulaminu funkcjonowania s\u0142u\u017cbowej poczty elektronicznej w Politechnice Bia\u0142ostockiej<\/a><\/p>\n<\/div>\n\t\t\t\t<\/div>\n\t\t\t<\/div>\n<div class=\"panel panel-default\">\n\t\t\t\t<div class=\"panel-heading\">\n\t\t\t\t\t<div class=\"panel-title\">\n\t\t\t\t\t\t<a class=\"collapsed h4\" data-toggle=\"collapse\" data-parent=\"#custom-collapse-0\" href=\"#custom-collapse-0-4\">Warunki techniczne \u015bwiadczenia us\u0142ugi s\u0142u\u017cbowej poczty elektronicznej<\/a>\n\t\t\t\t\t<\/div>\n\t\t\t\t<\/div>\n\t\t\t\t<div id=\"custom-collapse-0-4\" class=\"panel-collapse collapse\">\n\t\t\t\t\t<div class=\"panel-body\">\n<div class=\"h3\">Warunki techniczne \u015bwiadczenia us\u0142ugi s\u0142u\u017cbowej poczty elektronicznej dla Politechniki Bia\u0142ostockiej<\/div>\n<div class=\"h3\">Obowi\u0105zuj\u0105ce od 14 grudnia 2021 r.<\/div>\n<div class=\"h4 text-center\">Postanowienia og\u00f3lne<\/div>\n<p class=\"text-center\">\u00a7 1.<\/p>\n<ol>\n<li>Nadz\u00f3r i opiek\u0119 techniczn\u0105 nad systemem s\u0142u\u017cbowej poczty elektronicznej sprawuje Centrum Komputerowych Sieci Rozleg\u0142ych Politechniki Bia\u0142ostockiej zwane dalej Administratorem, zgodnie z okre\u015blonymi poni\u017cej warunkami technicznymi.<\/li>\n<li>We wszystkich sprawach zwi\u0105zanych z dzia\u0142aniem s\u0142u\u017cbowej poczty elektronicznej U\u017cytkownicy mog\u0105 kontaktowa\u0107 si\u0119 na adres: <br \/> <a href=\"#\" rel=\"nofollow\"  onclick=\"this.href='mailto:' + 'administrator' + '@' + 'pb.edu.pl'\">administrator [at] pb.edu.pl<\/a><\/li>\n<\/ol>\n<div class=\"h4 text-center\">Zasady dost\u0119pu do skrzynek pocztowych<\/div>\n<p class=\"text-center\">\u00a7 2.<\/p>\n<ol>\n<li>Administrator umo\u017cliwia dost\u0119p do skrzynek pocztowych za pomoc\u0105:<\/li>\n<ul>\n<li>1) strony www udost\u0119pnionej pod adresem https:\/\/poczta.pb.edu.pl, z wykorzystaniem aktualnych wersji wspieranych przez producenta systemu pocztowego przegl\u0105darek internetowych: Mozilla Firefox, Google Chrome, Microsoft Edge, Apple Safari,<\/li>\n<li>2) program\u00f3w pocztowych zainstalowanych na komputerach U\u017cytkownik\u00f3w, obs\u0142uguj\u0105cych po\u0142\u0105czenia z wykorzystaniem szyfrowanych wersji protoko\u0142\u00f3w: SMTP, IMAP, POP3 (np. Mozilla Thunderbird, Microsoft Outlook).<\/li>\n<\/ul>\n<li>U\u017cytkownik jest zobowi\u0105zany do korzystania ze skrzynki pocztowej wy\u0142\u0105cznie z wykorzystaniem szyfrowanych metod komunikacji.<\/li>\n<li>Nieszyfrowane po\u0142\u0105czenie do skrzynki pocztowej jest dozwolone wy\u0142\u0105cznie z urz\u0105dze\u0144 biurowych (np. drukarki, skanery) przy\u0142\u0105czonych do sieci komputerowej zarz\u0105dzanej przez Politechnik\u0119 Bia\u0142ostock\u0105 i tylko w przypadku, gdy urz\u0105dzenie biurowe nie obs\u0142uguje poprawnie po\u0142\u0105cze\u0144 szyfrowanych.<\/li>\n<li>W celu zwi\u0119kszenia bezpiecze\u0144stwa skrzynki pocztowej, w przypadku braku aktywno\u015bci U\u017cytkownika przez okres 90 dni, dost\u0119p do skrzynki jest automatycznie blokowany. Ponowne uaktywnienie skrzynki pocztowej zablokowanej wskutek braku aktywno\u015bci U\u017cytkownika wykonywane jest na wniosek jego bezpo\u015bredniego prze\u0142o\u017conego.<\/li>\n<li>Administrator ma prawo do zablokowania skrzynki pocztowej w przypadku stwierdzenia wykorzystania jej w spos\u00f3b niezgodny z Regulaminem funkcjonowania s\u0142u\u017cbowej poczty elektronicznej w Politechnice Bia\u0142ostockiej lub warunkami okre\u015blonymi w niniejszym dokumencie. W takim przypadku Administrator sporz\u0105dza raport zawieraj\u0105cy opis naruszenia, do kt\u00f3rego do\u0142\u0105cza zabezpieczone w tej sprawie dowody oraz informuje o zaistnia\u0142ym fakcie U\u017cytkownika, kt\u00f3rego skrzynka pocztowa zosta\u0142a zablokowana oraz kierownika jednostki organizacyjnej U\u017cytkownika. Decyzj\u0119 o ponownym uruchomieniu skrzynki pocztowej podejmuje kierownik jednostki organizacyjnej U\u017cytkownika, po uzyskaniu pisemnych wyja\u015bnie\u0144 U\u017cytkownika, dotycz\u0105cych niezgodnego z Regulaminem funkcjonowania s\u0142u\u017cbowej poczty elektronicznej w Politechnice Bia\u0142ostockiej wykorzystywania skrzynki.<\/li>\n<li>W przypadku planowanej nieobecno\u015bci U\u017cytkownika d\u0142u\u017cszej ni\u017c 30 dni, jego bezpo\u015bredni prze\u0142o\u017cony mo\u017ce wyst\u0105pi\u0107 do Administratora z pisemnym wnioskiem o zablokowanie dost\u0119pu do skrzynki pocztowej U\u017cytkownika.<\/li>\n<\/ol>\n<div class=\"h4 text-center\">Minimalne wymogi z\u0142o\u017cono\u015bci hase\u0142<\/div>\n<p class=\"text-center\">\u00a7 3.<\/p>\n<ol>\n<li>Has\u0142o musi si\u0119 sk\u0142ada\u0107 si\u0119 z co najmniej z 10 znak\u00f3w i zawiera\u0107 przynajmniej: 1 du\u017c\u0105 liter\u0119 oraz 1 cyfr\u0119 oraz 1 znak specjalny i nie mo\u017ce zawiera\u0107 nazwy skrzynki pocztowej.<\/li>\n<li>Zaleca si\u0119 cykliczn\u0105 zmian\u0119 has\u0142a \u2013 nie rzadziej ni\u017c co 90 dni.<\/li>\n<li>Zmiana utraconego has\u0142a dost\u0119powego do konta jest mo\u017cliwa tylko po wcze\u015bniejszej identyfikacji U\u017cytkownika &#8211; poprzez jego bezpo\u015bredni kontakt z Administratorem lub na pisemny wniosek jego bezpo\u015bredniego prze\u0142o\u017conego.<\/li>\n<li>U\u017cytkownikom, kt\u00f3rzy wskazali alternatywny adres poczty elektronicznej udost\u0119pnia si\u0119 mo\u017cliwo\u015b\u0107 samodzielnej zmiany utraconego has\u0142a za po\u015brednictwem strony https:\/\/poczta.pb.edu.pl.<\/li>\n<\/ol>\n<div class=\"h4 text-center\">Pojemno\u015b\u0107 skrzynek pocztowych i zasady jej przyznawania<\/div>\n<p class=\"text-center\">\u00a7 4.<\/p>\n<ol>\n<li>Pojemno\u015b\u0107 skrzynki pocztowej ustala si\u0119 na 12 GB.<\/li>\n<li>Pojemno\u015b\u0107 skrzynki funkcyjnej ustala si\u0119 na 12 GB.<\/li>\n<li>W uzasadnionych przypadkach U\u017cytkownik mo\u017ce wyst\u0105pi\u0107 do Administratora z pisemnym, pozytywnie zaopiniowanym przez kierownika jednostki organizacyjnej wnioskiem o zwi\u0119kszenie pojemno\u015bci skrzynki. Pojemno\u015b\u0107 skrzynki pocztowej mo\u017ce zosta\u0107 zwi\u0119kszona maksymalnie do 200% wielko\u015bci okre\u015blonych dla standardowych pojemno\u015bci skrzynek.<\/li>\n<\/ol>\n<div class=\"h4 text-center\">Limity i ograniczenia w wysy\u0142aniu korespondencji<\/div>\n<p class=\"text-center\">\u00a7 5.<\/p>\n<ol>\n<li>Liczba wys\u0142anych wiadomo\u015bci z jednej skrzynki pocztowej jest ograniczona do 200 wiadomo\u015bci na dob\u0119.<\/li>\n<li>Liczba odbiorc\u00f3w w pojedynczej wiadomo\u015bci jest ograniczona do 200.<\/li>\n<li>W uzasadnionych przypadkach U\u017cytkownik mo\u017ce wyst\u0105pi\u0107 do Administratora z pisemnym, pozytywnie zaopiniowanym przez kierownika jednostki organizacyjnej wnioskiem o zwi\u0119kszenie dobowego limitu wysy\u0142anych wiadomo\u015bci.<\/li>\n<\/ol>\n<div class=\"h4 text-center\">Wysy\u0142anie korespondencji masowej za pomoc\u0105 list dystrybucyjnych<\/div>\n<p class=\"text-center\">\u00a7 6.<\/p>\n<ol>\n<li>Na potrzeby wysy\u0142ania korespondencji skierowanej do wielu odbiorc\u00f3w Administrator udost\u0119pnia funkcjonalno\u015b\u0107 listy dystrybucyjnej w postaci dedykowanych do tego celu adres\u00f3w poczty elektronicznej.<\/li>\n<li>Lista dystrybucyjna mo\u017ce zawiera\u0107 wyszczeg\u00f3lnione przez wnioskodawc\u0119 adresy odbiorc\u00f3w lub kierowa\u0107 wiadomo\u015bci do okre\u015blonej grupy skrzynek pocztowych istniej\u0105cych w Poczcie PB w momencie wysy\u0142ki:<\/li>\n<ul>\n<li>1) wszystkich U\u017cytkownik\u00f3w Poczty PB,<\/li>\n<li>2) wszystkich U\u017cytkownik\u00f3w Poczty PB z wy\u0142\u0105czeniem pracownik\u00f3w emerytowanych,<\/li>\n<li>3) pracownik\u00f3w emerytowanych.<\/li>\n<\/ul>\n<li>Lista dystrybucyjna kieruj\u0105ca wiadomo\u015bci do wszystkich U\u017cytkownik\u00f3w jest zabezpieczona przed nieuprawnionym u\u017cyciem za pomoc\u0105 has\u0142a oraz podlega ograniczeniom chroni\u0105cym serwery Poczty PB przed przeci\u0105\u017ceniem:<\/li>\n<ul>\n<li>1) maksymalny rozmiar wysy\u0142anej wiadomo\u015bci nie mo\u017ce przekracza\u0107 1 MB,<\/li>\n<li>2) dostarczanie wiadomo\u015bci do skrzynek pocztowych odbiorc\u00f3w jest roz\u0142o\u017cone w czasie.<\/li>\n<\/ul>\n<\/ol>\n<div class=\"h4 text-center\">Kopie zapasowe i zasady odzyskiwania danych<\/div>\n<p class=\"text-center\">\u00a7 7.<\/p>\n<ol>\n<li>Na potrzeby zabezpieczenia trwa\u0142o\u015bci komunikacji Administrator automatycznie tworzy archiwum wszystkich wiadomo\u015bci przychodz\u0105cych oraz wys\u0142anych ze skrzynek U\u017cytkownik\u00f3w. Kopia wiadomo\u015bci jest automatycznie usuwana z archiwum po up\u0142ywie 90 dni od umieszczenia jej w archiwum.<\/li>\n<li>Niezale\u017cnie od archiwizacji Administrator raz dziennie wykonuje kopi\u0119 zapasow\u0105 stanu zawarto\u015bci wszystkich skrzynek pocztowych i przechowuje 30 ostatnich takich kopii.<\/li>\n<li>W przypadku wyst\u0105pienia konieczno\u015bci odzyskania wiadomo\u015bci z archiwum lub kopii zapasowej, U\u017cytkownik mo\u017ce wyst\u0105pi\u0107 do Administratora z pisemnym wnioskiem o odtworzenie zawarto\u015bci swojej skrzynki.<\/li>\n<\/ol>\n<\/div>\n\t\t\t\t<\/div>\n\t\t\t<\/div>\n<\/div>\n","protected":false},"excerpt":{"rendered":"","protected":false},"author":2,"featured_media":0,"parent":0,"menu_order":10,"comment_status":"closed","ping_status":"closed","template":"","meta":{"_acf_changed":false,"ngg_post_thumbnail":0,"footnotes":""},"class_list":["post-789","page","type-page","status-publish","hentry"],"acf":[],"_links":{"self":[{"href":"https:\/\/pb.edu.pl\/biaman\/wp-json\/wp\/v2\/pages\/789","targetHints":{"allow":["GET"]}}],"collection":[{"href":"https:\/\/pb.edu.pl\/biaman\/wp-json\/wp\/v2\/pages"}],"about":[{"href":"https:\/\/pb.edu.pl\/biaman\/wp-json\/wp\/v2\/types\/page"}],"author":[{"embeddable":true,"href":"https:\/\/pb.edu.pl\/biaman\/wp-json\/wp\/v2\/users\/2"}],"replies":[{"embeddable":true,"href":"https:\/\/pb.edu.pl\/biaman\/wp-json\/wp\/v2\/comments?post=789"}],"version-history":[{"count":0,"href":"https:\/\/pb.edu.pl\/biaman\/wp-json\/wp\/v2\/pages\/789\/revisions"}],"wp:attachment":[{"href":"https:\/\/pb.edu.pl\/biaman\/wp-json\/wp\/v2\/media?parent=789"}],"curies":[{"name":"wp","href":"https:\/\/api.w.org\/{rel}","templated":true}]}}