{"id":693,"date":"2021-09-08T17:30:08","date_gmt":"2021-09-08T15:30:08","guid":{"rendered":"https:\/\/pb.edu.pl\/biaman\/?page_id=693"},"modified":"2021-09-23T21:58:11","modified_gmt":"2021-09-23T19:58:11","slug":"wniosek-zmiana-nazwy","status":"publish","type":"page","link":"https:\/\/pb.edu.pl\/biaman\/poczta\/wniosek-zmiana-nazwy\/","title":{"rendered":"Wniosek o zmian\u0119 nazwy personalnej lub funkcyjnej skrzynki pocztowej"},"content":{"rendered":"<div class=\"hidden-print\">\n<p>Wydrukowany, podpisany wniosek prosz\u0119 zanie\u015b\u0107 do sekretariatu Centrum Komputerowych Sieci Rozleg\u0142ych: <a href=\"https:\/\/pb.edu.pl\/uczelnia\/mapa-kampusu\/miasteczko-akademickie-plan-przestrzenny\/\" title=\"otworzy si\u0119 w nowej karcie\" target=\"_blank\" rel=\"noopener\">ul. Wiejska 45A (budynek Rektoratu)<\/a>, pok. 023.<\/p>\n<p>&nbsp;<\/p>\n<div class=\"h2\">Formularz elektroniczny wniosku o zmian\u0119 nazwy personalnej lub funkcyjnej skrzynki pocztowej<\/div>\n<p>Prosz\u0119 wype\u0142ni\u0107 pola oznaczone (*) i wydrukowa\u0107 wniosek.\n<\/p><\/div>\n\t<div class=\"form-print\">\n\t\t<div class=\"form-print-section\">\n\t\t\t<p><strong>Zmiana nazwy istniej\u0105cej skrzynki pocztowej<\/strong>:<\/p>\n\t\t\t<div class=\"form-print-row\">\n\t\t\t\t<label class=\"col-3 text-right\" for=\"jedn\">Imi\u0119 i nazwisko U\u017cytkownika: <sup>*<\/sup><\/label>\n\t\t\t\t<div class=\"col-6\"><input type=\"text\" id=\"nazwa1\"><\/div>\n\t\t\t<\/div>\n\t\t\t<div class=\"form-print-row\">\n\t\t\t\t<label class=\"col-3 text-right\" for=\"jedn\">Nazwa skrzynki pocztowej: <sup>*<\/sup><\/label>\n\t\t\t\t<div class=\"col-6\"><input type=\"text\" id=\"email1\" data-sufix=\"@pb.edu.pl\"><\/div>\n\t\t\t<\/div>\n\t\t\t<p><strong>Nowe dane skrzynki pocztowej<\/strong>:<\/p>\n\t\t\t<div class=\"form-print-row\">\n\t\t\t\t<label class=\"col-3 text-right\" for=\"jedn\">Imi\u0119 i nazwisko U\u017cytkownika: <sup>*<\/sup><\/label>\n\t\t\t\t<div class=\"col-6\"><input type=\"text\" id=\"nazwa2\"><\/div>\n\t\t\t<\/div>\n\t\t\t<div class=\"form-print-row\">\n\t\t\t\t<label class=\"col-3 text-right\" for=\"jedn\">Nazwa skrzynki pocztowej: <sup>*<\/sup><\/label>\n\t\t\t\t<div class=\"col-6\"><input type=\"text\" id=\"email2\" data-sufix=\"@pb.edu.pl\"><\/div>\n\t\t\t<\/div>\n\t\t\t<div class=\"form-print-row\">\n\t\t\t\t<label class=\"col-3 text-right\" for=\"pass\">Has\u0142o otwarcia:<\/label>\n\t\t\t\t<div class=\"col-5\"> <input type=\"text\" readonly=\"readonly\" id=\"pass\" value=\"!vp2k9Jmzuh\"> <\/div>\n\t\t\t<\/div>\n\t\t<\/div>\n\t\t<div class=\"form-print-section\">\n\t\t\t<p><strong>Zakres przenoszonych danych<\/strong>:<\/p>\n\t\t\t<div class=\"form-print-row\">\n\t\t\t\t<label class=\"col-3\"><input type=\"checkbox\"> tre\u015b\u0107 wiadomo\u015bci<\/label>\n\t\t\t\t<label class=\"col-4\"><input type=\"checkbox\"> zawarto\u015b\u0107 ksi\u0105\u017cki adresowej<\/label>\n\t\t\t\t<label class=\"col-4\"><input type=\"checkbox\"> zawarto\u015b\u0107 kalendarza<\/label>\n\t\t\t<\/div>\n\t\t<\/div>\n\t\t<div class=\"form-print-section\">\n\t\t\t<p><input type=\"checkbox\" name=\"checkbox-wiadomosc\"> Spersonalizowana tre\u015b\u0107 komunikatu wysy\u0142anego automatycznie do nadawc\u00f3w, od\u00a0kt\u00f3rych otrzymano wiadomo\u015b\u0107 wys\u0142an\u0105 na adres dotychczasowej skrzynki pocztowej:<\/p>\n\t\t\t<textarea name=\"wiadomosc\" disabled><\/textarea>\n\t\t\t<em>(pole nieobowi\u0105zkowe, w przypadku niewype\u0142nienia administrator samodzielnie ustawi komunikat o zmianie nazwy skrzynki pracownika)<\/em>\n\t\t\t<div class=\"form-print-row\">\n\t\t\t<\/div>\n\t\t<\/div>\n\t\t<div class=\"form-print-section\">\n\t\t\t<p><strong>Okres utrzymania automatycznego przenoszenia wiadomo\u015bci przychodz\u0105cych:<\/strong><\/p>\n\t\t\t<div class=\"form-print-row\">\n\t\t\t\t<label class=\"col-2\"><input type=\"radio\" name=\"okres\" checked> 3 miesi\u0105ce<\/label>\n\t\t\t\t<label class=\"col-2\"><input type=\"radio\" name=\"okres\"> 6 miesi\u0119cy<\/label>\n\t\t\t\t<label class=\"col-2\"><input type=\"radio\" name=\"okres\"> 12 miesi\u0119cy<\/label>\n\t\t\t<\/div>\n\t\t<\/div>\n\t\t<div class=\"form-print-section\">\n\t\t\t<div class=\"form-print-row\">\n\t\t\t\t<div class=\"col-5\">\n\t\t\t\t\t<div class=\"form-print-sign\"><span>Data i podpis U\u017cytkownika<\/span><\/div>\n\t\t\t\t<\/div>\n\t\t\t\t<div class=\"col-1\"><\/div>\n\t\t\t\t<div class=\"col-6\">\n\t\t\t\t\t<div class=\"form-print-sign\"><span>Data i podpis kierownika jednostki organizacyjnej<\/span><\/div>\n\t\t\t\t<\/div>\n\t\t\t<\/div>\n\t\t<\/div>\n\t\t<div class=\"text-right\"><button class=\"button hidden-print\" onclick=\"javascript:printForm()\">Wydrukuj wniosek<\/button><\/div>\n\t<\/div>\n\t<script>\n\t\tfunction setCaretPosition(ctrl, pos) {\n\t\t\t\/\/ Modern browsers\n\t\t\tif (ctrl.setSelectionRange) {\n\t\t\t\tctrl.focus();\n\t\t\t\tctrl.setSelectionRange(pos, pos);\n\n\t\t\t\t\/\/ IE8 and below\n\t\t\t} else if (ctrl.createTextRange) {\n\t\t\t\tvar range = ctrl.createTextRange();\n\t\t\t\trange.collapse(true);\n\t\t\t\trange.moveEnd('character', pos);\n\t\t\t\trange.moveStart('character', pos);\n\t\t\t\trange.select();\n\t\t\t}\n\t\t}\n\n\t\tjQuery(document).ready(function() {\n\t\t\twindow.printForm = function() {\n\t\t\t\tjQuery('input#nazwa1').toggleClass('invalid', !jQuery('input#nazwa1').val());\n\t\t\t\tjQuery('input#nazwa2').toggleClass('invalid', !jQuery('input#nazwa2').val());\n\t\t\t\tjQuery('input#email1').toggleClass('invalid', !jQuery('input#email1').val());\n\t\t\t\tjQuery('input#email2').toggleClass('invalid', !jQuery('input#email2').val());\n\n\t\t\t\tjQuery('[name=\"wiadomosc\"]').toggleClass('invalid', !jQuery('[name=\"wiadomosc\"]').val() && jQuery('[name=\"checkbox-wiadomosc\"]').prop('checked'));\n\n\t\t\t\tif (jQuery('.form-print .invalid').length > 0) {\n\t\t\t\t\talert('Formularz zawiera braki, uzupe\u0142nij przed wydrukiem.');\n\t\t\t\t} else {\n\t\t\t\t\twindow.print();\n\t\t\t\t}\n\t\t\t}\n\t\t\tjQuery('input[data-sufix]').on('keyup', function(e) {\n\t\t\t\tvar sufix = jQuery(e.target).data('sufix');\n\t\t\t\tvar value = e.target.value.replace(sufix, '');\n\t\t\t\tif (e.target.value) {\n\t\t\t\t\te.target.value = value + sufix;\n\t\t\t\t\tsetCaretPosition(e.target, value.length);\n\t\t\t\t}\n\t\t\t});\n\t\t\tjQuery('[name=\"checkbox-wiadomosc\"]').on('change', function(e) {\n\t\t\t\tjQuery('[name=\"wiadomosc\"]').prop('disabled', !jQuery(e.target).prop('checked'));\n\t\t\t});\n\t\t});\n\t<\/script>\n\n\n<div class=\"hidden-print\">\n<hr>\n<div class=\"h3\">W celu pobrania pustego formularza u\u017cyj skr\u00f3tu klawiszowego: ctrl+P<\/div>\n<\/div>\n","protected":false},"excerpt":{"rendered":"<p>Wydrukowany, podpisany wniosek prosz\u0119 zanie\u015b\u0107 do sekretariatu Centrum Komputerowych Sieci Rozleg\u0142ych: ul. Wiejska 45A (budynek<\/p>\n","protected":false},"author":2,"featured_media":0,"parent":789,"menu_order":3,"comment_status":"closed","ping_status":"closed","template":"","meta":{"_acf_changed":false,"ngg_post_thumbnail":0,"footnotes":""},"class_list":["post-693","page","type-page","status-publish","hentry"],"acf":[],"_links":{"self":[{"href":"https:\/\/pb.edu.pl\/biaman\/wp-json\/wp\/v2\/pages\/693","targetHints":{"allow":["GET"]}}],"collection":[{"href":"https:\/\/pb.edu.pl\/biaman\/wp-json\/wp\/v2\/pages"}],"about":[{"href":"https:\/\/pb.edu.pl\/biaman\/wp-json\/wp\/v2\/types\/page"}],"author":[{"embeddable":true,"href":"https:\/\/pb.edu.pl\/biaman\/wp-json\/wp\/v2\/users\/2"}],"replies":[{"embeddable":true,"href":"https:\/\/pb.edu.pl\/biaman\/wp-json\/wp\/v2\/comments?post=693"}],"version-history":[{"count":0,"href":"https:\/\/pb.edu.pl\/biaman\/wp-json\/wp\/v2\/pages\/693\/revisions"}],"up":[{"embeddable":true,"href":"https:\/\/pb.edu.pl\/biaman\/wp-json\/wp\/v2\/pages\/789"}],"wp:attachment":[{"href":"https:\/\/pb.edu.pl\/biaman\/wp-json\/wp\/v2\/media?parent=693"}],"curies":[{"name":"wp","href":"https:\/\/api.w.org\/{rel}","templated":true}]}}