{"id":689,"date":"2021-09-08T17:28:27","date_gmt":"2021-09-08T15:28:27","guid":{"rendered":"https:\/\/pb.edu.pl\/biaman\/?page_id=689"},"modified":"2022-03-07T18:44:24","modified_gmt":"2022-03-07T17:44:24","slug":"wniosek-personalna","status":"publish","type":"page","link":"https:\/\/pb.edu.pl\/biaman\/poczta\/wniosek-personalna\/","title":{"rendered":"Wniosek o za\u0142o\u017cenie personalnej skrzynki pocztowej"},"content":{"rendered":"<div class=\"hidden-print\">\n<a name=\"formularz\"><\/a><br \/>\nWydrukowany, podpisany wniosek w zale\u017cno\u015bci od formy zatrudnienia nale\u017cy zanie\u015b\u0107:<\/p>\n<ul>\n<li>umowa o prac\u0119 &#8211; do Dzia\u0142u Spraw Personalnych: <a href=\"https:\/\/pb.edu.pl\/uczelnia\/mapa-kampusu\/miasteczko-akademickie-plan-przestrzenny\/\" title=\"otworzy si\u0119 w nowej karcie\" target=\"_blank\" rel=\"noopener\">ul. Wiejska 45A (budynek Rektoratu)<\/a>, pok. 1,<\/li>\n<li>inna umowa cywilnoprawna &#8211; do  jednostki rejestruj\u0105cej umow\u0119 cywilnoprawn\u0105.<\/li>\n<\/ul>\n<p>Nast\u0119pnie wniosek prosz\u0119 zanie\u015b\u0107 do biura Centrum Komputerowych Sieci Rozleg\u0142ych: <a href=\"https:\/\/pb.edu.pl\/uczelnia\/mapa-kampusu\/miasteczko-akademickie-plan-przestrzenny\/\" title=\"otworzy si\u0119 w nowej karcie\" target=\"_blank\" rel=\"noopener\">ul. Wiejska 45A (budynek Rektoratu)<\/a>, pok. 023.<\/p>\n<p>&nbsp;<\/p>\n<div class=\"h2\">Formularz elektroniczny wniosku o za\u0142o\u017cenie personalnej skrzynki pocztowej<\/div>\n<p>Prosz\u0119 wype\u0142ni\u0107 pola oznaczone (*) i wydrukowa\u0107 wniosek.<\/p>\n<p><a title=\"otworzy si\u0119 w nowej karcie\" class=\"pdf\" href=\"https:\/\/pb.edu.pl\/biaman\/wp-content\/uploads\/sites\/18\/2021\/09\/Informacja-Administratora-w-zwiazku-z-przetwarzaniem-danych-osobowych.pdf\" target=\"_blank\" data-id=\"731\" rel=\"noopener\">Informacja Administratora w zwi\u0105zku z przetwarzaniem danych osobowych <span>(PDF, wersja dost\u0119pna cyfrowo, 85 KB)<\/span><\/a><br \/>\n&nbsp;\n<\/div>\n\n\t<div class=\"form-print\">\n\t\t<div class=\"form-print-section\">\n\t\t\t<div class=\"form-print-row\">\n\t\t\t\t<label class=\"col-3 text-right\" for=\"imie\">Imi\u0119:<sup>*<\/sup><\/label>\n\t\t\t\t<div class=\"col-4\"><input type=\"text\" onchange=\"javascript:genEmail()\" id=\"imie\"><\/div>\n\t\t\t<\/div>\n\t\t\t<div class=\"form-print-row\">\n\t\t\t\t<label class=\"col-3 text-right\" for=\"nazwisko\">Nazwisko:<sup>*<\/sup><\/label>\n\t\t\t\t<div class=\"col-4\"><input type=\"text\" onchange=\"javascript:genEmail()\" id=\"nazwisko\"><\/div>\n\t\t\t<\/div>\n\t\t\t<div class=\"form-print-row\">\n\t\t\t\t<label class=\"col-3 text-right\" for=\"jedn\">Jednostka&nbsp;organizacyjna:<sup>*<\/sup><\/label>\n\t\t\t\t<div class=\"col-9\"><input type=\"text\" id=\"jedn\"><\/div>\n\t\t\t<\/div>\n\n\t\t\t<div class=\"form-print-row hidden-print\">\n\t\t\t\t<label class=\"col-3 text-right\" for=\"jedn\"> Forma zatrudnienia:<sup>*<\/sup><\/label>\n\t\t\t\t<div class=\"col-6\">\n\t\t\t\t\t<label><input type=\"radio\" name=\"forma\" value=\"1\" checked> umowa o prac\u0119<\/label>\n\t\t\t\t\t<label><input type=\"radio\" name=\"forma\" value=\"2\"> inna umowa cywilnoprawna<\/label>\n\t\t\t\t<\/div>\n\t\t\t<\/div>\n\t\t\t<div class=\"form-print-row\">\n\t\t\t\t<label class=\"col-3 text-right\" for=\"email\">Nazwa skrzynki:<\/label>\n\t\t\t\t<div class=\"col-5\">\n\t\t\t\t\t<div class=\"email-wrap\"><input type=\"text\" readonly id=\"email\"> <span class=\"loader\"><\/span><\/div>\n\t\t\t\t<\/div>\n\t\t\t\t<div class=\"col-3\"><\/div>\n\t\t\t\t<div class=\"col-3\"><\/div>\n\t\t\t\t<div class=\"col-9 text-small hidden-print\">\n\t\t\t\t\t<p>Zasady nadawania nazw personalnym skrzynkom pocztowym okre\u015bla \u00a74 ust. 2 <br> <a href=\"https:\/\/bip.pb.edu.pl\/index.php?event=informacja&id=18919\" target=\"_blank\" title=\"otworzy si\u0119 w nowej karcie\">Regulaminu funkcjonowania s\u0142u\u017cbowej poczty elektronicznej w Politechnice Bia\u0142ostockiej<\/a><\/p>\n\t\t\t\t<\/div>\n\t\t\t<\/div>\n\t\t\t<div class=\"form-print-row\">\n\t\t\t\t<label class=\"col-3 text-right\" for=\"pass\">Has\u0142o otwarcia:<\/label>\n\t\t\t\t<div class=\"col-5\"> <input type=\"text\" readonly=\"readonly\" id=\"pass\" value=\"8uzc+6dczHv\"> <\/div>\n\t\t\t<\/div>\n\t\t<\/div>\n\t\t<div class=\"form-print-section\">\n\t\t\t<div class=\"form-print-row\">\n\t\t\t\t<label>\n\t\t\t\t\t<input type=\"checkbox\" id=\"zgoda\">\n\t\t\t\t\t<em>Wyra\u017cam zgod\u0119 na przetwarzanie mojego alternatywnego adresu e-mail w celu umo\u017cliwienia zresetowania has\u0142a.<\/em>\n\t\t\t\t<\/label>\n\t\t\t<\/div>\n\t\t\t<div class=\"form-print-row\">\n\t\t\t\t<label class=\"col-4 text-right\" for=\"email2\">Alternatywny adres e-mail<sup>1<\/sup>: <\/label>\n\t\t\t\t<div class=\"col-5\"><input type=\"text\" disabled id=\"email2\"><\/div>\n\t\t\t\t<div class=\"text-small\">\n\t\t\t\t\t<p> <sup>1<\/sup>Alternatywny adres e-mail przetwarzany b\u0119dzie jedynie w celu zresetowania has\u0142a do personalnej skrzynki pocztowej w\u00a0przypadku jego zapomnienia.<\/p>\n\t\t\t\t<\/div>\n\t\t\t\t<label>\n\t\t\t\t\t<em>O\u015bwiadczam, \u017ce zapozna\u0142am\/em si\u0119 z Regulaminem funkcjonowania s\u0142u\u017cbowej poczty elektronicznej w Politechnice Bia\u0142ostockiej. Przyjmuj\u0119 pe\u0142n\u0105 odpowiedzialno\u015b\u0107 za dzia\u0142ania wykonywane z u\u017cyciem przydzielonej mi poczty elektronicznej oraz zobowi\u0105zuj\u0119 si\u0119 do wykorzystywania udost\u0119pnionej mi poczty wy\u0142\u0105cznie do cel\u00f3w s\u0142u\u017cbowych.<\/em> <\/label>\n\t\t\t<\/div>\n\t\t\t<div class=\"form-print-row\">\n\t\t\t\t<div class=\"col-7\">\n\t\t\t\t\t\t\t\t\t\t<div class=\"date\">Data: <div class=\"grid\"><span>2<\/span><span>8<\/span><\/div> -<div class=\"grid\"><span>0<\/span><span>4<\/span><\/div> -<div class=\"grid\"><span>2<\/span><span>0<\/span><span>2<\/span><span>6<\/span><\/div>\n\t\t\t\t\t<\/div>\n\t\t\t\t<\/div>\n\t\t\t\t<div class=\"col-5\">\n\t\t\t\t\t<div class=\"form-print-sign\"><span>Podpis u\u017cytkownika<\/span><\/div>\n\t\t\t\t<\/div>\n\t\t\t<\/div>\n\t\t<\/div>\n\n\t\t<div data-form=\"1\" class=\"form-print-section\">\n\t\t\t<p><strong>Wype\u0142nia Dzia\u0142 Spraw Personalnych<\/strong><\/p>\n\t\t\t<div class=\"form-print-row\">\n\t\t\t\t<div class=\"col-7\">\n\t\t\t\t\tPotwierdzam, \u017ce ww. osoba jest pracownikiem PB <br>\n\t\t\t\t\tNumer ewidencyjny \u2026\u2026\u2026\u2026\u2026\u2026\u2026\u2026\u2026\u2026\u2026\u2026\u2026\u2026\u2026\u2026.\n\t\t\t\t<\/div>\n\t\t\t\t<div class=\"col-5\">\n\t\t\t\t\t<div class=\"form-print-sign\"><span>Podpis i piecz\u0119\u0107 Dzia\u0142u Spraw Personalnych<\/span><\/div>\n\t\t\t\t<\/div>\n\t\t\t<\/div>\n\t\t<\/div>\n\n\t\t<div data-form=\"2\" class=\"form-print-section hidden\">\n\t\t\t<p><strong>Wype\u0142nia jednostka rejestruj\u0105ca umowy cywilnoprawne<\/strong><\/p>\n\t\t\t<div class=\"form-print-row\">\n\t\t\t\t<div class=\"col-7\">\n\t\t\t\t\tPotwierdzam, \u017ce ww. osoba jest zatrudniona w PB na podstawie umowy cywilnoprawnej <br>na okres do \u2026\u2026\u2026\u2026\u2026\u2026\u2026.\n\t\t\t\t<\/div>\n\t\t\t\t<div class=\"col-5\">\n\t\t\t\t\t<div class=\"form-print-sign\"><span>Podpis i piecz\u0119\u0107 kom\u00f3rki rejestruj\u0105cej umow\u0119<\/span><\/div>\n\t\t\t\t<\/div>\n\t\t\t<\/div>\n\t\t<\/div>\n\t\t<div class=\"form-print-section\">\n\t\t\t<p><strong>Wype\u0142nia Centrum Komputerowych Sieci Rozleg\u0142ych<\/strong><\/p>\n\t\t\t<div class=\"form-print-row\">\n\t\t\t\t<div class=\"col-7\">\n\t\t\t\t<\/div>\n\t\t\t\t<div class=\"col-5\">\n\t\t\t\t\t<div class=\"form-print-sign\"><span>Data za\u0142o\u017cenia skrzynki i podpis administratora<\/span><\/div>\n\t\t\t\t<\/div>\n\t\t\t<\/div>\n\t\t<\/div>\n\t\t<div class=\"text-right\"><button class=\"button hidden-print\" onclick=\"javascript:printForm()\">Wydrukuj wniosek<\/button><\/div>\n\t<\/div>\n\t<script src=\"https:\/\/cdn.jsdelivr.net\/npm\/@tarekraafat\/autocomplete.js@10.2.6\/dist\/autoComplete.min.js\"><\/script>\n\t<script>\n\t\tjQuery(document).ready(function() {\n\t\t\tjQuery('[name=\"forma\"]').on('change', function(e) {\n\t\t\t\tvar value = jQuery('[name=\"forma\"]:checked').val();\n\t\t\t\tjQuery('[data-form=\"1\"]').toggleClass('hidden', value != '1');\n\t\t\t\tjQuery('[data-form=\"2\"]').toggleClass('hidden', value != '2');\n\t\t\t});\n\t\t\tjQuery('input#zgoda').on('change', function(e) {\n\t\t\t\tjQuery('input#email2').prop('disabled', !jQuery('input#zgoda').prop('checked'));\n\t\t\t});\n\n\t\t\twindow.genPassword = function(length) {\n\t\t\t\tjQuery.ajax({\n\t\t\t\t\t\turl: _pb.ajax_url + '?action=gen_password',\n\t\t\t\t\t\tmethod: 'post',\n\t\t\t\t\t\tdata: {\n\t\t\t\t\t\t\tlength: length,\n\t\t\t\t\t\t\tsecurity: _pb.ajax_nonce\n\t\t\t\t\t\t}\n\t\t\t\t\t}).done(function(data) {\n\t\t\t\t\t\tjQuery('input#pass').val(data);\n\t\t\t\t\t});\n\t\t\t}\n\n\t\t\twindow.genEmail = function() {\n\t\t\t\tvar firstname = jQuery('input#imie').val().toLowerCase();\n\t\t\t\tvar lastname = jQuery('input#nazwisko').val().toLowerCase();\n\n\t\t\t\tif (!firstname || !lastname) {\n\t\t\t\t\treturn;\n\t\t\t\t}\n\n\t\t\t\tjQuery('.loader').addClass('active');\n\n\t\t\t\tif (firstname && lastname) {\n\t\t\t\t\tjQuery.ajax({\n\t\t\t\t\t\turl: _pb.ajax_url + '?action=check_mail',\n\t\t\t\t\t\tmethod: 'post',\n\t\t\t\t\t\tdata: {\n\t\t\t\t\t\t\tfirstname,\n\t\t\t\t\t\t\tlastname,\n\t\t\t\t\t\t\tsecurity: _pb.ajax_nonce\n\t\t\t\t\t\t}\n\t\t\t\t\t}).done(function(data) {\n\t\t\t\t\t\tjQuery('input#email').val(data);\n\t\t\t\t\t\tjQuery('.loader').removeClass('active');\n\t\t\t\t\t\twindow.genPassword(10);\n\t\t\t\t\t}).fail(function(jqXHR, textStatus) {\n\t\t\t\t\t\tjQuery('input#email').addClass('invalid');\n\t\t\t\t\t\tjQuery('.loader').removeClass('active');\n\t\t\t\t\t});\n\t\t\t\t}\n\t\t\t}\n\n\t\t\twindow.printForm = function() {\n\t\t\t\tjQuery('input#nazwisko').toggleClass('invalid', !jQuery('input#nazwisko').val());\n\t\t\t\tjQuery('input#imie').toggleClass('invalid', !jQuery('input#imie').val());\n\t\t\t\tjQuery('input#jedn').toggleClass('invalid', !jQuery('input#jedn').val());\n\t\t\t\tjQuery('input#email2').toggleClass('invalid', !jQuery('input#email2').val() && jQuery('input#zgoda').prop('checked'));\n\n\t\t\t\tif (jQuery('.form-print .invalid').length > 0) {\n\t\t\t\t\talert('Formularz zawiera braki, uzupe\u0142nij przed wydrukiem.');\n\t\t\t\t} else {\n\t\t\t\t\twindow.print();\n\t\t\t\t}\n\t\t\t}\n\n\t\t\tconst autoCompleteConfig = {\n\t\t\t\tselector: \"#jedn\",\n\t\t\t\tdata: {\n\t\t\t\t\tsrc: async (query) => {\n\t\t\t\t\t\ttry {\n\t\t\t\t\t\t\tdocument\n\t\t\t\t\t\t\t\t.getElementById(\"jedn\")\n\t\t\t\t\t\t\t\t.setAttribute(\"placeholder\", \"szukam...\");\n\t\t\t\t\t\t\tconst source = await fetch(\n\t\t\t\t\t\t\t\t_pb.ajax_url + \"?action=units_autocomplete&s=\" + query\n\t\t\t\t\t\t\t);\n\t\t\t\t\t\t\tconst data = await source.json();\n\n\t\t\t\t\t\t\tdocument\n\t\t\t\t\t\t\t\t.getElementById(\"jedn\")\n\t\t\t\t\t\t\t\t.setAttribute(\"placeholder\", autoCompleteJS.placeHolder);\n\t\t\t\t\t\t\treturn data;\n\t\t\t\t\t\t} catch (error) {\n\t\t\t\t\t\t\tconsole.log(error);\n\t\t\t\t\t\t\treturn error;\n\t\t\t\t\t\t}\n\t\t\t\t\t},\n\t\t\t\t\tkeys: [\"name\"],\n\t\t\t\t\tcache: false,\n\t\t\t\t\tfilter: (list) => {\n\t\t\t\t\t\tconst filteredResults = Array.from(\n\t\t\t\t\t\t\tnew Set(list.map((value) => value.match))\n\t\t\t\t\t\t).map((food) => {\n\t\t\t\t\t\t\treturn list.find((value) => value.match === food);\n\t\t\t\t\t\t});\n\n\t\t\t\t\t\treturn filteredResults;\n\t\t\t\t\t},\n\t\t\t\t},\n\t\t\t\tplaceHolder: \"Wyszukaj...\",\n\t\t\t\tresultsList: {\n\t\t\t\t\telement: (list, data) => {},\n\t\t\t\t\tnoResults: true,\n\t\t\t\t\tmaxResults: 15,\n\t\t\t\t\ttabSelect: true,\n\t\t\t\t},\n\t\t\t\tresultItem: {\n\t\t\t\t\telement: (item, data) => {\n\t\t\t\t\t\titem.style = \"display: flex; justify-content: space-between;\";\n\t\t\t\t\t\titem.innerHTML = '<span style=\"text-overflow: ellipsis; white-space: nowrap; overflow: hidden;\">' + data.match + '<\/span><span style=\"display: flex; align-items: center; font-size: 13px; font-weight: 100; text-transform: uppercase; color: rgba(0,0,0,.2);white-space: nowrap;\">' + data.value.short + '<\/span>';\n\t\t\t\t\t},\n\t\t\t\t\thighlight: true,\n\t\t\t\t},\n\t\t\t\tevents: {\n\t\t\t\t\tinput: {\n\t\t\t\t\t\tfocus() {\n\t\t\t\t\t\t\tif (autoCompleteJS.input.value.length)\n\t\t\t\t\t\t\t\tautoCompleteJS.start();\n\t\t\t\t\t\t},\n\t\t\t\t\t\tselection(event) {\n\t\t\t\t\t\t\tconst feedback = event.detail;\n\t\t\t\t\t\t\tautoCompleteJS.input.blur();\n\t\t\t\t\t\t\tconst selection = feedback.selection.value[feedback.selection.key];\n\t\t\t\t\t\t\tautoCompleteJS.input.value = (feedback.selection.value.short ? feedback.selection.value.short + ' - ' : '') + selection;\n\n\t\t\t\t\t\t},\n\t\t\t\t\t\tclose(event) {\n\t\t\t\t\t\t\tif (!event.detail.selection) {\n\t\t\t\t\t\t\t\tjQuery('#jedn').val('');\n\t\t\t\t\t\t\t}\n\t\t\t\t\t\t}\n\t\t\t\t\t},\n\t\t\t\t},\n\t\t\t};\n\n\t\t\twindow.autoCompleteJS = new autoComplete(autoCompleteConfig);\n\t\t});\n\t<\/script>\n\n\n<div class=\"hidden-print\">\n&nbsp;<\/p>\n","protected":false},"excerpt":{"rendered":"<p>Wydrukowany, podpisany wniosek w zale\u017cno\u015bci od formy zatrudnienia nale\u017cy zanie\u015b\u0107: umowa o prac\u0119 &#8211; do<\/p>\n","protected":false},"author":2,"featured_media":0,"parent":789,"menu_order":1,"comment_status":"closed","ping_status":"closed","template":"","meta":{"_acf_changed":false,"ngg_post_thumbnail":0,"footnotes":""},"class_list":["post-689","page","type-page","status-publish","hentry"],"acf":[],"_links":{"self":[{"href":"https:\/\/pb.edu.pl\/biaman\/wp-json\/wp\/v2\/pages\/689","targetHints":{"allow":["GET"]}}],"collection":[{"href":"https:\/\/pb.edu.pl\/biaman\/wp-json\/wp\/v2\/pages"}],"about":[{"href":"https:\/\/pb.edu.pl\/biaman\/wp-json\/wp\/v2\/types\/page"}],"author":[{"embeddable":true,"href":"https:\/\/pb.edu.pl\/biaman\/wp-json\/wp\/v2\/users\/2"}],"replies":[{"embeddable":true,"href":"https:\/\/pb.edu.pl\/biaman\/wp-json\/wp\/v2\/comments?post=689"}],"version-history":[{"count":0,"href":"https:\/\/pb.edu.pl\/biaman\/wp-json\/wp\/v2\/pages\/689\/revisions"}],"up":[{"embeddable":true,"href":"https:\/\/pb.edu.pl\/biaman\/wp-json\/wp\/v2\/pages\/789"}],"wp:attachment":[{"href":"https:\/\/pb.edu.pl\/biaman\/wp-json\/wp\/v2\/media?parent=689"}],"curies":[{"name":"wp","href":"https:\/\/api.w.org\/{rel}","templated":true}]}}