{"id":683,"date":"2021-08-25T21:29:13","date_gmt":"2021-08-25T19:29:13","guid":{"rendered":"https:\/\/pb.edu.pl\/biaman\/?page_id=683"},"modified":"2022-05-20T21:46:44","modified_gmt":"2022-05-20T19:46:44","slug":"klauzula-informacyjna-operatora","status":"publish","type":"page","link":"https:\/\/pb.edu.pl\/biaman\/klauzula-informacyjna-operatora\/","title":{"rendered":"Klauzula informacyjna Operatora"},"content":{"rendered":"<h2>Klauzula informacyjna Operatora \u2013 Politechniki Bia\u0142ostockiej<br \/>dla Abonent\u00f3w b\u0119d\u0105cych osobami fizycznymi, os\u00f3b reprezentuj\u0105cych Abonent\u00f3w, pe\u0142nomocnik\u00f3w Abonent\u00f3w oraz pracownik\u00f3w i\/lub wsp\u00f3\u0142pracownik\u00f3w wyznaczonych do kontaktu<br \/>i odpowiedzialnych za wykonanie umowy<\/h2>\n<p>Zgodnie z art. 13 i 14 Rozporz\u0105dzenia Parlamentu Europejskiego i Rady (UE) 2016\/679 z dnia 27 kwietnia 2016 r. w sprawie ochrony os\u00f3b fizycznych w zwi\u0105zku z przetwarzaniem danych osobowych i w sprawie swobodnego przep\u0142ywu takich danych oraz uchylenia dyrektywy 95\/46\/WE (og\u00f3lne rozporz\u0105dzenie o ochronie danych) (Dz.U.UE.L.2016.119.1) (zwanego dalej \u201eRODO\u201d) Politechnika Bia\u0142ostocka informuje, \u017ce:<\/p>\n<ol>\n<li>Administratorem Pani\/Pana danych osobowych jest Politechnika Bia\u0142ostocka, ul. Wiejska 45A, 15-351 Bia\u0142ystok, <a href=\"https:\/\/pb.edu.pl\">pb.edu.pl<\/a> (zwana dalej Uczelni\u0105),<br \/>\ntel.: 85&nbsp;746 90 00, <a href=\"https:\/\/www.bip.pb.edu.pl\">www.bip.pb.edu.pl<\/a>, e-mail: <i class=\"fal fa-envelope\"><\/i> <a href=\"#\" rel=\"nofollow\"  onclick=\"this.href='mailto:' + 'rektorat' + '@' + 'pb.edu.pl'\">rektorat [at] pb.edu.pl<\/a>.<\/li>\n<li>Administrator, zgodnie z art. 37 ust. 1 lit. a RODO, powo\u0142a\u0142 Inspektora Ochrony Danych, z kt\u00f3rym w sprawach zwi\u0105zanych z przetwarzaniem danych osobowych, mo\u017ce si\u0119 Pani\/Pan kontaktowa\u0107 za pomoc\u0105 poczty elektronicznej pod&nbsp;adresem: <i class=\"fal fa-envelope\"><\/i> <a href=\"#\" rel=\"nofollow\"  onclick=\"this.href='mailto:' + 'iod' + '@' + 'pb.edu.pl'\">iod [at] pb.edu.pl<\/a>.<\/li>\n<li>W ramach realizacji Umowy Politechnika Bia\u0142ostocka przetwarza dane osobowe w celach:\n<ol type=\"a\">\n<li>zawarcia i wykonania umowy \u2013 na podstawie art. 6 ust. 1 lit. b RODO &#8211; w przypadku Abonenta b\u0119d\u0105cego osob\u0105 fizyczn\u0105, os\u00f3b uprawnionych do reprezentowania lub dzia\u0142aj\u0105cych na podstawie pe\u0142nomocnictwa Abonenta;<\/li>\n<li>wynikaj\u0105cych z uzasadnionych interes\u00f3w prawnych obejmuj\u0105cych realizacj\u0119 umowy z Abonentem \u2013 na podstawie art. 6 ust. 1 lit. f RODO -w przypadku osoby wskazanej do kontaktu przez Abonenta w zwi\u0105zku z realizacj\u0105 zawartej umowy;<\/li>\n<li>wype\u0142nienia obowi\u0105zk\u00f3w prawnych dotycz\u0105cych na administratorze tj. rachunkowych, podatkowych, archiwizacyjnych \u2013 na podstawie art. 6 ust. 1 lit. c RODO;<\/li>\n<li>wynikaj\u0105cych z uzasadnionych interes\u00f3w prawnych obejmuj\u0105cych ustalenie, dochodzenie lub obron\u0119 ewentualnych roszcze\u0144 z tytu\u0142u realizacji umowy \u2013 na podstawie art. 6 ust. 1 lit. f RODO.<\/li>\n<\/ol>\n<\/li>\n<li>Politechnika Bia\u0142ostocka pozyska\u0142a dane osobowe osoby wskazanej przez Abonenta w zwi\u0105zku z realizacj\u0105 umowy od Abonenta, z kt\u00f3rym zawarto Umow\u0119. Zakres przetwarzanych danych osobowych mo\u017ce obejmowa\u0107: imi\u0119, nazwisko, dane kontaktowe tj. numer telefonu, adres e-mail.<\/li>\n<li>Odbiorcami Pani\/Pana danych osobowych mog\u0105 by\u0107 dostawcy us\u0142ug pocztowych i&nbsp;kurierskich, obs\u0142uga prawna administratora oraz inne podmioty uprawnione na podstawie przepis\u00f3w prawa.<\/li>\n<li>Pani\/Pana dane osobowe b\u0119d\u0105 przechowywane w okresach niezb\u0119dnych do realizacji wy\u017cej okre\u015blonych cel\u00f3w, oraz przez okres wynikaj\u0105cy z przepis\u00f3w prawa dotycz\u0105cy archiwizacji.<\/li>\n<li>Przys\u0142uguje Pani\/Panu prawo dost\u0119pu do tre\u015bci swoich danych oraz z&nbsp;zastrze\u017ceniem przepis\u00f3w prawa przys\u0142uguje Pani\/Panu prawo do:\n<ol type=\"a\">\n<li>sprostowania danych;<\/li>\n<li>usuni\u0119cia danych;<\/li>\n<li>ograniczenia przetwarzania danych;<\/li>\n<li>wniesienia sprzeciwu wobec przetwarzania danych osobowych.<\/li>\n<\/ol>\n<\/li>\n<li>Gdy uzna Pani\/Pan, \u017ce przetwarzanie danych osobowych narusza powszechnie obowi\u0105zuj\u0105ce przepisy w tym zakresie, przys\u0142uguje Pani\/Panu prawo do wniesienia skargi do organu nadzorczego tj. Prezesa Urz\u0119du Ochrony Danych Osobowych.<\/li>\n<li>Podanie danych osobowych jest warunkiem zawarcia umowy i jest Pani\/Pan zobowi\u0105zana\/y do ich podania. Konsekwencj\u0105 ich&nbsp;niepodania b\u0119dzie brak mo\u017cliwo\u015bci zawarcia i realizacji umowy.<\/li>\n<li>Dane osobowe nie b\u0119d\u0105 wykorzystywane do zautomatyzowanego podejmowania decyzji ani profilowania, o kt\u00f3rym mowa w art. 22.<\/li>\n<\/ol>\n<p>&nbsp;<br \/>\nStrona Umowy zobowi\u0105zuje si\u0119 zapewni\u0107, aby wszystkie osoby, kt\u00f3rych dane osobowe zosta\u0142y udost\u0119pnione Administratorowi w ramach realizacji przedmiotu Umowy, zapozna\u0142y si\u0119 z&nbsp;informacj\u0105 Administratora dotycz\u0105c\u0105 przetwarzania ich danych osobowych.<\/p>\n","protected":false},"excerpt":{"rendered":"<p>Klauzula informacyjna Operatora \u2013 Politechniki Bia\u0142ostockiejdla Abonent\u00f3w b\u0119d\u0105cych osobami fizycznymi, os\u00f3b reprezentuj\u0105cych Abonent\u00f3w, pe\u0142nomocnik\u00f3w Abonent\u00f3w<\/p>\n","protected":false},"author":2,"featured_media":0,"parent":0,"menu_order":20,"comment_status":"closed","ping_status":"closed","template":"templates\/dzial.php","meta":{"_acf_changed":false,"ngg_post_thumbnail":0,"footnotes":""},"class_list":["post-683","page","type-page","status-publish","hentry"],"acf":[],"_links":{"self":[{"href":"https:\/\/pb.edu.pl\/biaman\/wp-json\/wp\/v2\/pages\/683","targetHints":{"allow":["GET"]}}],"collection":[{"href":"https:\/\/pb.edu.pl\/biaman\/wp-json\/wp\/v2\/pages"}],"about":[{"href":"https:\/\/pb.edu.pl\/biaman\/wp-json\/wp\/v2\/types\/page"}],"author":[{"embeddable":true,"href":"https:\/\/pb.edu.pl\/biaman\/wp-json\/wp\/v2\/users\/2"}],"replies":[{"embeddable":true,"href":"https:\/\/pb.edu.pl\/biaman\/wp-json\/wp\/v2\/comments?post=683"}],"version-history":[{"count":0,"href":"https:\/\/pb.edu.pl\/biaman\/wp-json\/wp\/v2\/pages\/683\/revisions"}],"wp:attachment":[{"href":"https:\/\/pb.edu.pl\/biaman\/wp-json\/wp\/v2\/media?parent=683"}],"curies":[{"name":"wp","href":"https:\/\/api.w.org\/{rel}","templated":true}]}}