{"id":673,"date":"2021-07-12T11:41:43","date_gmt":"2021-07-12T09:41:43","guid":{"rendered":"https:\/\/pb.edu.pl\/biaman\/?page_id=673"},"modified":"2021-09-20T14:32:51","modified_gmt":"2021-09-20T12:32:51","slug":"konfiguracja-android","status":"publish","type":"page","link":"https:\/\/pb.edu.pl\/biaman\/poczta\/konfiguracja-android\/","title":{"rendered":"Poczta PB &#8211; Android"},"content":{"rendered":"<div class=\"h2\">Konfiguracja s\u0142u\u017cbowej skrzynki pocztowej dla urz\u0105dze\u0144 Andoid<\/div>\n<div class=\"row\">\n<div class=\"col-md-4\">\n<ol>\n<li>Uruchamiamy aplikacj\u0119<strong>&#8222;Gmail&#8221;<\/strong><br \/>\n&nbsp;<br \/>\n<a href=\"https:\/\/pb.edu.pl\/biaman\/wp-content\/uploads\/sites\/18\/2021\/07\/Screenshot_20210712-113033.jpg\"><img loading=\"lazy\" decoding=\"async\" src=\"https:\/\/pb.edu.pl\/biaman\/wp-content\/uploads\/sites\/18\/2021\/07\/Screenshot_20210712-113033-300x233.jpg\" alt=\"Okno systemu Android - aplikacja Gmail\" width=\"300\" height=\"233\"><\/a><\/li>\n<\/ol>\n<\/div>\n<div class=\"col-md-4\">\n<ol start=\"2\">\n<li>Wybieramy <strong>&#8222;Dodaj adres e-mail&#8221;<\/strong><br \/>\n&nbsp;<br \/>\n<a href=\"https:\/\/pb.edu.pl\/biaman\/wp-content\/uploads\/sites\/18\/2021\/07\/Screenshot_2021-07-12-10-18-35-865_com.google.android.gm_.jpg\"><img loading=\"lazy\" decoding=\"async\" src=\"https:\/\/pb.edu.pl\/biaman\/wp-content\/uploads\/sites\/18\/2021\/07\/Screenshot_2021-07-12-10-18-35-865_com.google.android.gm_-169x300.jpg\" alt=\"Okno aplikacji Gmail - dodaj adres e-mail\" width=\"169\" height=\"300\"><\/a><\/li>\n<\/ol>\n<\/div>\n<div class=\"col-md-4\">\n<ol start=\"3\">\n<li>Wybieramy <strong>&#8222;Inne&#8221;<\/strong><br \/>\n&nbsp;<br \/>\n<a href=\"https:\/\/pb.edu.pl\/biaman\/wp-content\/uploads\/sites\/18\/2021\/07\/Screenshot_2021-07-12-10-19-27-337_com.google.android.gm_.jpg\"><img loading=\"lazy\" decoding=\"async\" src=\"https:\/\/pb.edu.pl\/biaman\/wp-content\/uploads\/sites\/18\/2021\/07\/Screenshot_2021-07-12-10-19-27-337_com.google.android.gm_-169x300.jpg\" alt=\"Okno aplikacji Gmail - konfiguracja poczty\" width=\"169\" height=\"300\"><\/a><\/li>\n<\/ol>\n<\/div>\n<\/div>\n<div class=\"row\">\n<div class=\"col-md-4\">\n<ol start=\"4\">\n<li>W sekcji <strong>&#8222;Wpisz adres e-mail&#8221; <span style=\"color: #ff0000\">(1)<\/span><\/strong> wpisujemy adres swojej s\u0142u\u017cbowej skrzynki pocztowej <\/li>\n<li>Wybieramy <strong>&#8222;Dalej&#8221; <span style=\"color: #ff0000\">(2)<\/span><\/strong><br \/>\n&nbsp;<br \/>\n<a href=\"https:\/\/pb.edu.pl\/biaman\/wp-content\/uploads\/sites\/18\/2021\/07\/Screenshot_2021-07-12-10-20-04-238_com.google.android.gm_.jpg\"><img loading=\"lazy\" decoding=\"async\" src=\"https:\/\/pb.edu.pl\/biaman\/wp-content\/uploads\/sites\/18\/2021\/07\/Screenshot_2021-07-12-10-20-04-238_com.google.android.gm_-169x300.jpg\" alt=\"Okno aplikacji Gmail - dodaj sw\u00f3j adres\" width=\"169\" height=\"300\"><\/a><\/li>\n<\/ol>\n<\/div>\n<div class=\"col-md-4\">\n<ol start=\"6\">\n<li>W sekcji &#8222;Jakiego typu jest to konto?&#8221; wybieramy <strong>&#8222;Osobiste (IMAP)&#8221;<\/strong><br \/>\n&nbsp;<br \/>\n<a href=\"https:\/\/pb.edu.pl\/biaman\/wp-content\/uploads\/sites\/18\/2021\/07\/Screenshot_2021-07-12-10-20-14-808_com.google.android.gm_.jpg\"><img loading=\"lazy\" decoding=\"async\" src=\"https:\/\/pb.edu.pl\/biaman\/wp-content\/uploads\/sites\/18\/2021\/07\/Screenshot_2021-07-12-10-20-14-808_com.google.android.gm_-169x300.jpg\" alt=\"Okno aplikacji Gmail - typ konta\" width=\"169\" height=\"300\"><\/a><\/li>\n<\/ol>\n<\/div>\n<div class=\"col-md-4\">\n<ol start=\"7\">\n<li>W polu <strong>&#8222;Has\u0142o&#8221; <span style=\"color: #ff0000\">(1)<\/span><\/strong> wpisujemy has\u0142o do swojej s\u0142u\u017cbowej skrzynki pocztowej<\/li>\n<li>Wybieramy &#8222;Dalej&#8221; <strong><span style=\"color: #ff0000\">(2)<\/span><\/strong><br \/>\n&nbsp;<br \/>\n<a href=\"https:\/\/pb.edu.pl\/biaman\/wp-content\/uploads\/sites\/18\/2021\/07\/Screenshot_2021-07-12-10-20-58-706_com.google.android.gm_.jpg\"><img loading=\"lazy\" decoding=\"async\" src=\"https:\/\/pb.edu.pl\/biaman\/wp-content\/uploads\/sites\/18\/2021\/07\/Screenshot_2021-07-12-10-20-58-706_com.google.android.gm_-169x300.jpg\" alt=\"Okno aplikacji Gmail - has\u0142o\" width=\"169\" height=\"300\"><\/a><\/li>\n<\/ol>\n<\/div>\n<\/div>\n<div class=\"row\">\n<div class=\"col-md-4\">\n<ol start=\"9\">\n<li>Pola <strong>&#8222;Nazwa u\u017cytkownika&#8221;<\/strong> oraz <strong>&#8222;Has\u0142o&#8221;<\/strong> b\u0119d\u0105 automatycznie uzupe\u0142nione przez aplikacj\u0119. W polu <strong>&#8222;Serwer&#8221; <span style=\"color: #ff0000\">(1)<\/span><\/strong> wpisujemy <strong>poczta.pb.edu.pl<\/strong><\/li>\n<li>Wybieramy <strong>&#8222;Dalej&#8221; <span style=\"color: #ff0000\">(2)<\/span><\/strong><br \/>\n&nbsp;<br \/>\n<a href=\"https:\/\/pb.edu.pl\/biaman\/wp-content\/uploads\/sites\/18\/2021\/07\/Screenshot_2021-07-12-10-21-28-492_com.google.android.gm_.jpg\"><img loading=\"lazy\" decoding=\"async\" src=\"https:\/\/pb.edu.pl\/biaman\/wp-content\/uploads\/sites\/18\/2021\/07\/Screenshot_2021-07-12-10-21-28-492_com.google.android.gm_-169x300.jpg\" alt=\"Okno aplikacji Gmail - ustawienia poczty przychodz\u0105cej\" width=\"169\" height=\"300\"><\/a><\/li>\n<\/ol>\n<\/div>\n<div class=\"col-md-4\">\n<ol start=\"11\">\n<li>W\u0142\u0105czona opcja <strong>&#8222;Wymagaj logowania&#8221;<\/strong> oraz pola <strong>&#8222;Nazwa u\u017cytkownika&#8221;<\/strong> i <strong>&#8222;Has\u0142o&#8221;<\/strong> b\u0119d\u0105 automatycznie uzupe\u0142nione przez aplikacj\u0119. W polu <strong>&#8222;Serwer&#8221; <span style=\"color: #ff0000\">(1)<\/span><\/strong> wpisujemy <strong>poczta.pb.edu.pl<\/strong><\/li>\n<li>Wybieramy <strong>&#8222;Dalej&#8221; <span style=\"color: #ff0000\">(2)<\/span><\/strong><br \/>\n&nbsp;<br \/>\n<a href=\"https:\/\/pb.edu.pl\/biaman\/wp-content\/uploads\/sites\/18\/2021\/07\/Screenshot_2021-07-12-10-21-52-345_com.google.android.gm_.jpg\"><img loading=\"lazy\" decoding=\"async\" src=\"https:\/\/pb.edu.pl\/biaman\/wp-content\/uploads\/sites\/18\/2021\/07\/Screenshot_2021-07-12-10-21-52-345_com.google.android.gm_-169x300.jpg\" alt=\"Okno aplikacji Gmail - ustawienia poczty wychodz\u0105cej\" width=\"169\" height=\"300\"><\/a><\/li>\n<\/ol>\n<\/div>\n<div class=\"col-md-4\">\n<ol start=\"13\">\n<li>W sekcji <strong>&#8222;Cz\u0119stotliwo\u015b\u0107 synchronizacji:&#8221;<\/strong> wskazujemy jak cz\u0119sto aplikacja ma \u0142\u0105czy\u0107 si\u0119 z serwerem Poczty PB w celu pobrania nowych wiadomo\u015bci. Zalecamy pozostawienie wszystkich sugerowanych opcji bez zmian. Wybieramy <strong>&#8222;Dalej&#8221;<\/strong><br \/>\n&nbsp;<br \/>\n<a href=\"https:\/\/pb.edu.pl\/biaman\/wp-content\/uploads\/sites\/18\/2021\/07\/Screenshot_2021-07-12-10-22-09-730_com.google.android.gm_.jpg\"><img loading=\"lazy\" decoding=\"async\" src=\"https:\/\/pb.edu.pl\/biaman\/wp-content\/uploads\/sites\/18\/2021\/07\/Screenshot_2021-07-12-10-22-09-730_com.google.android.gm_-169x300.jpg\" alt=\"Okno aplikacji Gmail - opcje synchronizacji\" width=\"169\" height=\"300\"><\/a><\/li>\n<\/ol>\n<\/div>\n<\/div>\n<div class=\"row\">\n<div class=\"col-md-4\">\n<ol start=\"14\">\n<li>W polu <strong>&#8222;Twoje imi\u0119 i nazwisko&#8221;<span style=\"color: #ff0000\">(1)<\/span><\/strong> wpisujemy swoje imi\u0119 i nazwisko<\/li>\n<li>Wybieramy <strong>&#8222;Dalej&#8221; <span style=\"color: #ff0000\">(2)<\/span><\/strong><br \/>\n&nbsp;<br \/>\n<a href=\"https:\/\/pb.edu.pl\/biaman\/wp-content\/uploads\/sites\/18\/2021\/07\/Screenshot_2021-07-12-10-22-33-247_com.google.android.gm_.jpg\"><img loading=\"lazy\" decoding=\"async\" src=\"https:\/\/pb.edu.pl\/biaman\/wp-content\/uploads\/sites\/18\/2021\/07\/Screenshot_2021-07-12-10-22-33-247_com.google.android.gm_-169x300.jpg\" alt=\"Okno aplikacji Gmail - naziwsko u\u017cytkownika\" width=\"169\" height=\"300\"><\/a><\/li>\n<\/ol>\n<\/div>\n<div class=\"col-md-4\">\n<ol start=\"16\">\n<li>Wybieramy <strong>&#8222;OTW\u00d3RZ GMAILA&#8221;<\/strong><br \/>\n&nbsp;<br \/>\n<a href=\"https:\/\/pb.edu.pl\/biaman\/wp-content\/uploads\/sites\/18\/2021\/07\/Screenshot_2021-07-12-10-22-49-431_com.google.android.gm_.jpg\"><img loading=\"lazy\" decoding=\"async\" src=\"https:\/\/pb.edu.pl\/biaman\/wp-content\/uploads\/sites\/18\/2021\/07\/Screenshot_2021-07-12-10-22-49-431_com.google.android.gm_-169x300.jpg\" alt=\"Okno aplikacji Gmail - otw\u00f3rz gmaila\" width=\"169\" height=\"300\" class=\"alignnone size-medium wp-image-643\" srcset=\"https:\/\/pb.edu.pl\/biaman\/wp-content\/uploads\/sites\/18\/2021\/07\/Screenshot_2021-07-12-10-22-49-431_com.google.android.gm_-169x300.jpg 169w, https:\/\/pb.edu.pl\/biaman\/wp-content\/uploads\/sites\/18\/2021\/07\/Screenshot_2021-07-12-10-22-49-431_com.google.android.gm_-576x1024.jpg 576w, https:\/\/pb.edu.pl\/biaman\/wp-content\/uploads\/sites\/18\/2021\/07\/Screenshot_2021-07-12-10-22-49-431_com.google.android.gm_-768x1365.jpg 768w, https:\/\/pb.edu.pl\/biaman\/wp-content\/uploads\/sites\/18\/2021\/07\/Screenshot_2021-07-12-10-22-49-431_com.google.android.gm_-864x1536.jpg 864w, https:\/\/pb.edu.pl\/biaman\/wp-content\/uploads\/sites\/18\/2021\/07\/Screenshot_2021-07-12-10-22-49-431_com.google.android.gm_.jpg 1080w\" sizes=\"auto, (max-width: 169px) 100vw, 169px\" \/><\/a><\/li>\n<\/ol>\n<\/div>\n<div class=\"col-md-4\">\n<ol start=\"17\">\n<li><strong>Mo\u017cemy ju\u017c odbiera\u0107 i wysy\u0142a\u0107 poczt\u0119 s\u0142u\u017cbow\u0105 z naszego urz\u0105dzenia Android<\/strong><\/li>\n<\/ol>\n<\/div>\n<\/div>\n<br \/><code><\/p>\n<p>Opracowa\u0142: Marcin Walejewski - Centrum Komputerowych Sieci Rozleg\u0142ych<\/p>\n<p><\/code><\/p>\n","protected":false},"excerpt":{"rendered":"<p>Konfiguracja s\u0142u\u017cbowej skrzynki pocztowej dla urz\u0105dze\u0144 Andoid Opracowa\u0142: Marcin Walejewski &#8211; Centrum Komputerowych Sieci Rozleg\u0142ych<\/p>\n","protected":false},"author":29,"featured_media":0,"parent":789,"menu_order":5,"comment_status":"closed","ping_status":"closed","template":"","meta":{"_acf_changed":false,"ngg_post_thumbnail":0,"footnotes":""},"class_list":["post-673","page","type-page","status-publish","hentry"],"acf":[],"_links":{"self":[{"href":"https:\/\/pb.edu.pl\/biaman\/wp-json\/wp\/v2\/pages\/673","targetHints":{"allow":["GET"]}}],"collection":[{"href":"https:\/\/pb.edu.pl\/biaman\/wp-json\/wp\/v2\/pages"}],"about":[{"href":"https:\/\/pb.edu.pl\/biaman\/wp-json\/wp\/v2\/types\/page"}],"author":[{"embeddable":true,"href":"https:\/\/pb.edu.pl\/biaman\/wp-json\/wp\/v2\/users\/29"}],"replies":[{"embeddable":true,"href":"https:\/\/pb.edu.pl\/biaman\/wp-json\/wp\/v2\/comments?post=673"}],"version-history":[{"count":0,"href":"https:\/\/pb.edu.pl\/biaman\/wp-json\/wp\/v2\/pages\/673\/revisions"}],"up":[{"embeddable":true,"href":"https:\/\/pb.edu.pl\/biaman\/wp-json\/wp\/v2\/pages\/789"}],"wp:attachment":[{"href":"https:\/\/pb.edu.pl\/biaman\/wp-json\/wp\/v2\/media?parent=673"}],"curies":[{"name":"wp","href":"https:\/\/api.w.org\/{rel}","templated":true}]}}