{"id":671,"date":"2021-07-12T11:41:52","date_gmt":"2021-07-12T09:41:52","guid":{"rendered":"https:\/\/pb.edu.pl\/biaman\/?page_id=671"},"modified":"2021-09-20T14:33:52","modified_gmt":"2021-09-20T12:33:52","slug":"konfiguracja-ios","status":"publish","type":"page","link":"https:\/\/pb.edu.pl\/biaman\/poczta\/konfiguracja-ios\/","title":{"rendered":"Poczta PB &#8211; iOS"},"content":{"rendered":"<div class=\"h2\">Konfiguracja s\u0142u\u017cbowej skrzynki pocztowej dla urz\u0105dze\u0144 Apple iPhone\/iPad<\/div>\n<div class=\"row\">\n<div class=\"col-md-4\">\n<ol>\n<li>Uruchamiamy <strong>&#8222;Ustawienia&#8221;<\/strong><br \/>\n&nbsp;<br \/>\n<a href=\"https:\/\/pb.edu.pl\/biaman\/wp-content\/uploads\/sites\/18\/2021\/07\/IMG_1494.png\"><img loading=\"lazy\" decoding=\"async\" class=\"alignnone wp-image-516 size-medium\" src=\"https:\/\/pb.edu.pl\/biaman\/wp-content\/uploads\/sites\/18\/2021\/07\/IMG_1494-169x300.png\" alt=\"Okno systemu iOS - lista aplikacji\" width=\"169\" height=\"300\" srcset=\"https:\/\/pb.edu.pl\/biaman\/wp-content\/uploads\/sites\/18\/2021\/07\/IMG_1494-169x300.png 169w, https:\/\/pb.edu.pl\/biaman\/wp-content\/uploads\/sites\/18\/2021\/07\/IMG_1494-577x1024.png 577w, https:\/\/pb.edu.pl\/biaman\/wp-content\/uploads\/sites\/18\/2021\/07\/IMG_1494.png 640w\" sizes=\"auto, (max-width: 169px) 100vw, 169px\" \/><\/a><\/li>\n<\/ol>\n<\/div>\n<div class=\"col-md-4\">\n<ol start=\"2\">\n<li>Z listy ustawie\u0144 wybieramy <strong>&#8222;Mail&#8221;<\/strong><br \/>\n&nbsp;<br \/>\n<a href=\"https:\/\/pb.edu.pl\/biaman\/wp-content\/uploads\/sites\/18\/2021\/07\/IMG_1476.png\"><img loading=\"lazy\" decoding=\"async\" class=\"alignnone wp-image-498 size-medium\" src=\"https:\/\/pb.edu.pl\/biaman\/wp-content\/uploads\/sites\/18\/2021\/07\/IMG_1476-169x300.png\" alt=\"Okno systemu iOS - ustawienia\" width=\"169\" height=\"300\" srcset=\"https:\/\/pb.edu.pl\/biaman\/wp-content\/uploads\/sites\/18\/2021\/07\/IMG_1476-169x300.png 169w, https:\/\/pb.edu.pl\/biaman\/wp-content\/uploads\/sites\/18\/2021\/07\/IMG_1476-577x1024.png 577w, https:\/\/pb.edu.pl\/biaman\/wp-content\/uploads\/sites\/18\/2021\/07\/IMG_1476.png 640w\" sizes=\"auto, (max-width: 169px) 100vw, 169px\" \/><\/a><\/li>\n<\/ol>\n<\/div>\n<div class=\"col-md-4\">\n<ol start=\"3\">\n<li>Wybieramy <strong>&#8222;Konta&#8221;<\/strong><br \/>\n&nbsp;<br \/>\n<a href=\"https:\/\/pb.edu.pl\/biaman\/wp-content\/uploads\/sites\/18\/2021\/07\/IMG_1477.png\"><img loading=\"lazy\" decoding=\"async\" class=\"alignnone wp-image-499 size-medium\" src=\"https:\/\/pb.edu.pl\/biaman\/wp-content\/uploads\/sites\/18\/2021\/07\/IMG_1477-169x300.png\" alt=\"Okno systemu iOS - konfiguracja aplikacji Mail\" width=\"169\" height=\"300\" srcset=\"https:\/\/pb.edu.pl\/biaman\/wp-content\/uploads\/sites\/18\/2021\/07\/IMG_1477-169x300.png 169w, https:\/\/pb.edu.pl\/biaman\/wp-content\/uploads\/sites\/18\/2021\/07\/IMG_1477-577x1024.png 577w, https:\/\/pb.edu.pl\/biaman\/wp-content\/uploads\/sites\/18\/2021\/07\/IMG_1477.png 640w\" sizes=\"auto, (max-width: 169px) 100vw, 169px\" \/><\/a><\/li>\n<\/ol>\n<\/div>\n<div class=\"col-md-4\">\n<ol start=\"4\">\n<li>Wybieramy <strong>&#8222;Dodaj konto&#8221;<\/strong><br \/>\n&nbsp;<br \/>\n<a href=\"https:\/\/pb.edu.pl\/biaman\/wp-content\/uploads\/sites\/18\/2021\/07\/IMG_1478.png\"><img loading=\"lazy\" decoding=\"async\" class=\"alignnone wp-image-500 size-medium\" src=\"https:\/\/pb.edu.pl\/biaman\/wp-content\/uploads\/sites\/18\/2021\/07\/IMG_1478-169x300.png\" alt=\"Okno systemu iOS - dodanie nowego konta poczty\" width=\"169\" height=\"300\" srcset=\"https:\/\/pb.edu.pl\/biaman\/wp-content\/uploads\/sites\/18\/2021\/07\/IMG_1478-169x300.png 169w, https:\/\/pb.edu.pl\/biaman\/wp-content\/uploads\/sites\/18\/2021\/07\/IMG_1478-577x1024.png 577w, https:\/\/pb.edu.pl\/biaman\/wp-content\/uploads\/sites\/18\/2021\/07\/IMG_1478.png 640w\" sizes=\"auto, (max-width: 169px) 100vw, 169px\" \/><\/a><\/li>\n<\/ol>\n<\/div>\n<div class=\"col-md-4\">\n<ol start=\"5\">\n<li>Wybieramy <strong>&#8222;Inne&#8221;<\/strong><br \/>\n&nbsp;<br \/>\n<a href=\"https:\/\/pb.edu.pl\/biaman\/wp-content\/uploads\/sites\/18\/2021\/07\/IMG_1479.png\"><img loading=\"lazy\" decoding=\"async\" src=\"https:\/\/pb.edu.pl\/biaman\/wp-content\/uploads\/sites\/18\/2021\/07\/IMG_1479-169x300.png\" alt=\"Okno systemu iOS - wyb\u00f3r operatora poczty\" width=\"169\" height=\"300\"><\/a><\/li>\n<\/ol>\n<\/div>\n<div class=\"col-md-4\">\n<ol start=\"6\">\n<li>Wybieramy <strong>&#8222;Dodaj konto Mail&#8221;<\/strong><br \/>\n&nbsp;<br \/>\n<a href=\"https:\/\/pb.edu.pl\/biaman\/wp-content\/uploads\/sites\/18\/2021\/07\/IMG_1480.png\"><img loading=\"lazy\" decoding=\"async\" src=\"https:\/\/pb.edu.pl\/biaman\/wp-content\/uploads\/sites\/18\/2021\/07\/IMG_1480-169x300.png\" alt=\"Okno systemu iOS - dodaj konto\" width=\"169\" height=\"300\"><\/a><\/li>\n<\/ol>\n<\/div>\n<\/div>\n<div class=\"row\">\n<div class=\"col-md-6\">\n<ol start=\"7\">\n<li>Uzupe\u0142niamy pola w sekcji <strong><span style=\"color: #ff0000\">(1)<\/span><\/strong>:\n<ul>\n<li><strong>&#8222;Nazwa&#8221;<\/strong> wpisujemy swoje imi\u0119 i nazwisko<\/li>\n<li><strong>&#8222;Email&#8221;<\/strong> wpisujemy adres swojej s\u0142u\u017cbowej skrzynki pocztowej<\/li>\n<li><strong>&#8222;Has\u0142o&#8221;<\/strong> wpisujemy has\u0142o do swojej s\u0142u\u017cbowej skrzynki pocztowej<\/li>\n<li><strong>&#8222;Opis&#8221;<\/strong> mo\u017cna pozostawi\u0107 zgodnie z sugesti\u0105 programu<\/li>\n<\/ul>\n<\/li>\n<li>Wybieramy &#8222;Dalej&#8221; <strong><span style=\"color: #ff0000\">(2)<\/span><\/strong><br \/>\n&nbsp;<br \/>\n<a href=\"https:\/\/pb.edu.pl\/biaman\/wp-content\/uploads\/sites\/18\/2021\/07\/IMG_1481.png\"><img loading=\"lazy\" decoding=\"async\" src=\"https:\/\/pb.edu.pl\/biaman\/wp-content\/uploads\/sites\/18\/2021\/07\/IMG_1481-169x300.png\" alt=\"Okno systemu iOS - nowe konto\" width=\"169\" height=\"300\"><\/a><\/li>\n<\/ol>\n<\/div>\n<div class=\"col-md-6\">\n<ol start=\"9\">\n<li>Uzupe\u0142niamy pola w dw\u00f3ch sekcjach <strong>&#8222;SERWER POCZTY PRZYCHODZ\u0104CEJ&#8221; <span style=\"color: #ff0000\">(1)<\/span><\/strong> oraz <strong>&#8222;SERWER POCZTY WYCHODZ\u0104CEJ&#8221; <span style=\"color: #ff0000\">(2)<\/span><\/strong>:\n<ul>\n<li><strong>&#8222;Nazwa hosta&#8221;<\/strong> wpisujemy <strong>poczta.pb.edu.pl<\/strong><\/li>\n<li><strong>&#8222;U\u017cytkownik&#8221;<\/strong> wpisujemy adres swojej s\u0142u\u017cbowej skrzynki pocztowej<\/li>\n<li><strong>&#8222;Has\u0142o&#8221;<\/strong> wpisujemy has\u0142o do swojej s\u0142u\u017cbowej skrzynki pocztowej<\/li>\n<\/ul>\n<\/li>\n<li>Wybieramy &#8222;Dalej&#8221; <strong><span style=\"color: #ff0000\">(3)<\/span><\/strong><br \/>\n&nbsp;<br \/>\n<a href=\"https:\/\/pb.edu.pl\/biaman\/wp-content\/uploads\/sites\/18\/2021\/07\/IMG_1483.png\"><img loading=\"lazy\" decoding=\"async\" src=\"https:\/\/pb.edu.pl\/biaman\/wp-content\/uploads\/sites\/18\/2021\/07\/IMG_1483-169x300.png\" alt=\"Okno systemu iOS - nowe konto\" width=\"169\" height=\"300\"><\/a><\/li>\n<\/ol>\n<\/div>\n<\/div>\n<div class=\"row\">\n<div class=\"col-md-4\">\n<ol start=\"11\">\n<li>Je\u015bli wszystkie dane zosta\u0142y podane prawid\u0142owo zostanie wy\u015bwietlona zak\u0142adka &#8222;IMAP&#8221; &#8211; wybieramy <strong>&#8222;Zachowaj&#8221;<\/strong><br \/>\n&nbsp;<br \/>\n<a href=\"https:\/\/pb.edu.pl\/biaman\/wp-content\/uploads\/sites\/18\/2021\/07\/IMG_1484.png\"><img loading=\"lazy\" decoding=\"async\" src=\"https:\/\/pb.edu.pl\/biaman\/wp-content\/uploads\/sites\/18\/2021\/07\/IMG_1484-169x300.png\" alt=\"Okno systemu iOS - IMAP\" width=\"169\" height=\"300\"><\/a><\/li>\n<\/ol>\n<\/div>\n<div class=\"col-md-4\">\n<ol start=\"12\">\n<li><strong>Mo\u017cemy ju\u017c odbiera\u0107 i wysy\u0142a\u0107 poczt\u0119 s\u0142u\u017cbow\u0105 z naszego urz\u0105dzenia Apple iPhone\/iPad<\/strong><\/li>\n<\/ol>\n<\/div>\n<\/div>\n<div class=\"h3\">Opcjonalnie mo\u017cemy wskaza\u0107 aby iPhone\/iPad zapisywa\u0142 na serwerze wiadomo\u015bci wysy\u0142ane z telefonu, a tak\u017ce kopie robocze oraz usuwane wiadomo\u015bci<\/div>\n<div class=\"row\">\n<div class=\"col-md-4\">\n<ol>\n<li>Wybieramy z listy serwer <strong>&#8222;pb.edu.pl&#8221;<\/strong><br \/>\n&nbsp;<br \/>\n<a href=\"https:\/\/pb.edu.pl\/biaman\/wp-content\/uploads\/sites\/18\/2021\/07\/IMG_1485.png\"><img loading=\"lazy\" decoding=\"async\" src=\"https:\/\/pb.edu.pl\/biaman\/wp-content\/uploads\/sites\/18\/2021\/07\/IMG_1485-169x300.png\" alt=\"Okno systemu iOS - konta\" width=\"169\" height=\"300\"><\/a><\/li>\n<\/ol>\n<\/div>\n<div class=\"col-md-4\">\n<ol start=\"2\">\n<li>Wybieramy adres swojej s\u0142u\u017cbowej skrzynki pocztowej<br \/>\n&nbsp;<br \/>\n<a href=\"https:\/\/pb.edu.pl\/biaman\/wp-content\/uploads\/sites\/18\/2021\/07\/IMG_1486.png\"><img loading=\"lazy\" decoding=\"async\" src=\"https:\/\/pb.edu.pl\/biaman\/wp-content\/uploads\/sites\/18\/2021\/07\/IMG_1486-169x300.png\" alt=\"Okno systemu iOS - pb.edu.pl\" width=\"169\" height=\"300\"><\/a><\/li>\n<\/ol>\n<\/div>\n<div class=\"col-md-4\">\n<ol start=\"3\">\n<li>Wybieramy <strong>&#8222;Zaawansowane&#8221;<\/strong><br \/>\n&nbsp;<br \/>\n<a href=\"https:\/\/pb.edu.pl\/biaman\/wp-content\/uploads\/sites\/18\/2021\/07\/IMG_1487.png\"><img loading=\"lazy\" decoding=\"async\" src=\"https:\/\/pb.edu.pl\/biaman\/wp-content\/uploads\/sites\/18\/2021\/07\/IMG_1487-169x300.png\" alt=\"Okno systemu iOS - konto\" width=\"169\" height=\"300\"><\/a><\/li>\n<\/ol>\n<\/div>\n<\/div>\n<div class=\"row\">\n<div class=\"col-md-4\">\n<ol start=\"4\">\n<li>W sekcji <strong>&#8222;POST\u0118POWANIE&#8221;<\/strong> wybieramy <strong>&#8222;Skrzynka Robocze&#8221;<\/strong><br \/>\n&nbsp;<br \/>\n<a href=\"https:\/\/pb.edu.pl\/biaman\/wp-content\/uploads\/sites\/18\/2021\/07\/IMG_1488.png\"><img loading=\"lazy\" decoding=\"async\" src=\"https:\/\/pb.edu.pl\/biaman\/wp-content\/uploads\/sites\/18\/2021\/07\/IMG_1488-169x300.png\" alt=\"Okno systemu iOS - zaawansowane\" width=\"169\" height=\"300\"><\/a><\/li>\n<\/ol>\n<\/div>\n<div class=\"col-md-4\">\n<ol start=\"5\">\n<li>W sekcji <strong>&#8222;NA TYM SERWERZE&#8221;<\/strong> wybieramy <strong>&#8222;Kopie robocze&#8221; <span style=\"color: #ff0000\">(1)<\/span><\/strong><\/li>\n<li>Wybieramy <strong>&#8222;Zaawansowane&#8221; <span style=\"color: #ff0000\">(2)<\/span><\/strong><br \/>\n&nbsp;<br \/>\n<a href=\"https:\/\/pb.edu.pl\/biaman\/wp-content\/uploads\/sites\/18\/2021\/07\/IMG_1489.png\"><img loading=\"lazy\" decoding=\"async\" src=\"https:\/\/pb.edu.pl\/biaman\/wp-content\/uploads\/sites\/18\/2021\/07\/IMG_1489-169x300.png\" alt=\"Okno systemu iOS - kopie robocze\" width=\"169\" height=\"300\"><\/a><\/li>\n<\/ol>\n<\/div>\n<div class=\"col-md-4\">\n<ol start=\"7\">\n<li>W sekcji <strong>&#8222;POST\u0118POWANIE&#8221;<\/strong> wybieramy <strong>&#8222;Skrzynka Wys\u0142ane&#8221;<\/strong><br \/>\n&nbsp;<br \/>\n<a href=\"https:\/\/pb.edu.pl\/biaman\/wp-content\/uploads\/sites\/18\/2021\/07\/IMG_1488.png\"><img loading=\"lazy\" decoding=\"async\" src=\"https:\/\/pb.edu.pl\/biaman\/wp-content\/uploads\/sites\/18\/2021\/07\/IMG_1488-169x300.png\" alt=\"Okno systemu iOS - zaawansowane\" width=\"169\" height=\"300\"><\/a><\/li>\n<\/ol>\n<\/div>\n<\/div>\n<div class=\"row\">\n<div class=\"col-md-4\">\n<ol start=\"8\">\n<li>W sekcji <strong>&#8222;NA TYM SERWERZE&#8221;<\/strong> wybieramy <strong>&#8222;Wys\u0142ane&#8221; <span style=\"color: #ff0000\">(1)<\/span><\/strong><\/li>\n<li>Wybieramy <strong>&#8222;Zaawansowane&#8221; <span style=\"color: #ff0000\">(2)<\/span><\/strong><br \/>\n&nbsp;<br \/>\n<a href=\"https:\/\/pb.edu.pl\/biaman\/wp-content\/uploads\/sites\/18\/2021\/07\/IMG_1490.png\"><img loading=\"lazy\" decoding=\"async\" src=\"https:\/\/pb.edu.pl\/biaman\/wp-content\/uploads\/sites\/18\/2021\/07\/IMG_1490-169x300.png\" alt=\"Okno systemu iOS - wys\u0142ane\" width=\"169\" height=\"300\"><\/a><\/li>\n<\/ol>\n<\/div>\n<div class=\"col-md-4\">\n<ol start=\"10\">\n<li>W sekcji <strong>&#8222;POST\u0118POWANIE&#8221;<\/strong> wybieramy <strong>&#8222;Skrzynka Usuni\u0119te&#8221;<\/strong><br \/>\n&nbsp;<br \/>\n<a href=\"https:\/\/pb.edu.pl\/biaman\/wp-content\/uploads\/sites\/18\/2021\/07\/IMG_1488.png\"><img loading=\"lazy\" decoding=\"async\" src=\"https:\/\/pb.edu.pl\/biaman\/wp-content\/uploads\/sites\/18\/2021\/07\/IMG_1488-169x300.png\" alt=\"Okno systemu iOS - zaawansowane\" width=\"169\" height=\"300\"><\/a><\/li>\n<\/ol>\n<\/div>\n<div class=\"col-md-4\">\n<ol start=\"11\">\n<li>W sekcji <strong>&#8222;NA TYM SERWERZE&#8221;<\/strong> wybieramy <strong>&#8222;Kosz&#8221; <span style=\"color: #ff0000\">(1)<\/span><\/strong><\/li>\n<li>Wybieramy <strong>&#8222;Zaawansowane&#8221; <span style=\"color: #ff0000\">(2)<\/span><\/strong><br \/>\n&nbsp;<br \/>\n<a href=\"https:\/\/pb.edu.pl\/biaman\/wp-content\/uploads\/sites\/18\/2021\/07\/IMG_1491.png\"><img loading=\"lazy\" decoding=\"async\" src=\"https:\/\/pb.edu.pl\/biaman\/wp-content\/uploads\/sites\/18\/2021\/07\/IMG_1491-169x300.png\" alt=\"Okno systemu iOS - kosz\" width=\"169\" height=\"300\"><\/a><\/li>\n<\/ol>\n<\/div>\n<\/div>\n<div class=\"row\">\n<div class=\"col-md-4\">\n<ol start=\"13\">\n<li>Upewniamy si\u0119, \u017ce opcje &#8222;Skrzynka Robocze&#8221;, &#8222;Skrzynka Wys\u0142ane&#8221; oraz &#8222;Skrzynka Usuni\u0119te&#8221; zosta\u0142y ustawione <strong><span style=\"color: #ff0000\">(1)<\/span><\/strong> i wybieramy <strong>&#8222;Konto&#8221; <span style=\"color: #ff0000\">(2)<\/span><\/strong><br \/>\n&nbsp;<br \/>\n<a href=\"https:\/\/pb.edu.pl\/biaman\/wp-content\/uploads\/sites\/18\/2021\/07\/IMG_1492.png\"><img loading=\"lazy\" decoding=\"async\" src=\"https:\/\/pb.edu.pl\/biaman\/wp-content\/uploads\/sites\/18\/2021\/07\/IMG_1492-169x300.png\" alt=\"Okno systemu iOS - zaawansowane\" width=\"169\" height=\"300\"><\/a><\/li>\n<\/ol>\n<\/div>\n<div class=\"col-md-4\">\n<ol start=\"14\">\n<li>Wybieramy <strong>&#8222;Gotowe&#8221;<\/strong><br \/>\n&nbsp;<br \/>\n<a href=\"https:\/\/pb.edu.pl\/biaman\/wp-content\/uploads\/sites\/18\/2021\/07\/IMG_1493.png\"><img loading=\"lazy\" decoding=\"async\" src=\"https:\/\/pb.edu.pl\/biaman\/wp-content\/uploads\/sites\/18\/2021\/07\/IMG_1493-169x300.png\" alt=\"Okno systemu iOS - konto\" width=\"169\" height=\"300\"><\/a>\n<\/ol>\n<\/div>\n<div class=\"col-md-4\">\n<ol start=\"15\">\n<li><strong>Od tej pory wiadomo\u015bci wysy\u0142ane z telefonu b\u0119dziemy widzieli r\u00f3wnie\u017c po zalogowaniu si\u0119 na swoj\u0105 skrzynk\u0119 pocztow\u0105 przez stron\u0119 https:\/\/poczta.pb.edu.pl<\/strong><\/li>\n<\/ol>\n<\/div>\n<\/div>\n<p><code><\/p>\n<p>Opracowa\u0142: Marcin Walejewski - Centrum Komputerowych Sieci Rozleg\u0142ych<\/p>\n<p><\/code><\/p>\n","protected":false},"excerpt":{"rendered":"<p>Konfiguracja s\u0142u\u017cbowej skrzynki pocztowej dla urz\u0105dze\u0144 Apple iPhone\/iPad Opcjonalnie mo\u017cemy wskaza\u0107 aby iPhone\/iPad zapisywa\u0142 na<\/p>\n","protected":false},"author":29,"featured_media":0,"parent":789,"menu_order":6,"comment_status":"closed","ping_status":"closed","template":"","meta":{"_acf_changed":false,"ngg_post_thumbnail":0,"footnotes":""},"class_list":["post-671","page","type-page","status-publish","hentry"],"acf":[],"_links":{"self":[{"href":"https:\/\/pb.edu.pl\/biaman\/wp-json\/wp\/v2\/pages\/671","targetHints":{"allow":["GET"]}}],"collection":[{"href":"https:\/\/pb.edu.pl\/biaman\/wp-json\/wp\/v2\/pages"}],"about":[{"href":"https:\/\/pb.edu.pl\/biaman\/wp-json\/wp\/v2\/types\/page"}],"author":[{"embeddable":true,"href":"https:\/\/pb.edu.pl\/biaman\/wp-json\/wp\/v2\/users\/29"}],"replies":[{"embeddable":true,"href":"https:\/\/pb.edu.pl\/biaman\/wp-json\/wp\/v2\/comments?post=671"}],"version-history":[{"count":0,"href":"https:\/\/pb.edu.pl\/biaman\/wp-json\/wp\/v2\/pages\/671\/revisions"}],"up":[{"embeddable":true,"href":"https:\/\/pb.edu.pl\/biaman\/wp-json\/wp\/v2\/pages\/789"}],"wp:attachment":[{"href":"https:\/\/pb.edu.pl\/biaman\/wp-json\/wp\/v2\/media?parent=671"}],"curies":[{"name":"wp","href":"https:\/\/api.w.org\/{rel}","templated":true}]}}