{"id":61,"date":"2018-07-02T22:48:46","date_gmt":"2018-07-02T20:48:46","guid":{"rendered":"https:\/\/pb.edu.pl\/biaman\/?page_id=61"},"modified":"2024-11-14T17:43:32","modified_gmt":"2024-11-14T16:43:32","slug":"oferta","status":"publish","type":"page","link":"https:\/\/pb.edu.pl\/biaman\/oferta\/","title":{"rendered":"Oferta"},"content":{"rendered":"<p><strong>Centrum Komputerowych Sieci Rozleg\u0142ych Politechniki Bia\u0142ostockiej<\/strong>, jako operator <strong>Miejskiej Sieci Komputerowej BIAMAN<\/strong>, \u015bwiadczy us\u0142ugi telekomunikacyjne na obszarze Rzeczypospolitej Polskiej obejmuj\u0105ce:<\/p>\n<ul>\n<li>dostarczanie sieci telekomunikacyjnej\/sieci transmisji danych;<\/li>\n<li>us\u0142uga zapewniania dost\u0119pu do sieci Internet;<\/li>\n<li>us\u0142uga dzier\u017cawy \u0142\u0105czy telekomunikacyjnych;<\/li>\n<li>us\u0142uga transmisji danych &#8211; \u015bwiadczona we w\u0142asnej sieci telekomunikacyjnej;<\/li>\n<li>us\u0142uga transmisji danych &#8211; \u015bwiadczona z wykorzystaniem sieci telekomunikacyjnej innego operatora, w tym mi\u0119dzynarodowej transmisji danych.<\/li>\n<\/ul>\n<div class=\"h3\">Dodatkowo oferujemy:<\/div>\n<ul>\n<li>us\u0142ugi budowy sieci korporacyjnych w ramach <a href=\"http:\/\/www.pionier.net.pl\" title=\"Przejd\u017a na stron\u0119 og\u00f3lnopolskiej szerokopasmowej sieci optycznej nauki Pionier\">og\u00f3lnopolskiej szerokopasmowej sieci optycznej nauki Pionier<\/a>,<\/li>\n<li>autoryzowane szkolenia z zakresu sieci komputerowych w ramach programu <a href=\"https:\/\/www.netacad.com\/\" title=\"Przejd\u017a do strony Cisco Networking Academy\">Cisco Networking Academy<\/a> (Cisco Academy, ID 41516) realizowane przez <a href=\"http:\/\/www.politechnet.pl\" title=\"Przejd\u017a do strony Fundacji PolitechNET\">Fundacj\u0119 Nowoczesnej Edukacji i Technologii PolitechNET<\/a><\/li>\n<\/ul>\n<div class=\"h3\">Cenniki us\u0142ug MSK BIAMAN<\/div>\n<p><a class=\"pdf\" href=\"https:\/\/pb.edu.pl\/biaman\/wp-content\/uploads\/sites\/18\/2021\/12\/cennik_BIAMAN_2022.pdf\" title=\"Pobieranie aktualnego cennika us\u0142ug MSK BIAMAN\" data-id=\"46\" target=\"_blank\" rel=\"noopener noreferrer\">Nowy cennik us\u0142ug MSK BIAMAN obowi\u0105zuj\u0105cy od 01.01.2022 r. <span>(PDF, wersja skanowana, 1,85 MB)<\/span><\/a><br \/>\n<a class=\"pdf\" href=\"https:\/\/pb.edu.pl\/biaman\/wp-content\/uploads\/sites\/18\/2018\/06\/cennik.pdf\" title=\"Pobieranie archiwalnego cennika us\u0142ug MSK BIAMAN\" data-id=\"46\" target=\"_blank\" rel=\"noopener noreferrer\">Cennik us\u0142ug MSK BIAMAN obowi\u0105zuj\u0105cy do 31.12.2021 r. <span>(PDF, wersja skanowana, 3 MB)<\/span><\/a><\/p>\n<div class=\"h3\">Inne dokumenty<\/div>\n<p><a class=\"pdf\" href=\"https:\/\/pb.edu.pl\/biaman\/wp-content\/uploads\/sites\/18\/2024\/11\/2024-11-10-Regulamin-ogolny-MSK-BIAMAN-wersja-cyfrowo-dostepna.pdf\" target=\"_blank\" data-id=\"1082\" rel=\"noopener\">Regulamin \u015awiadczenia Us\u0142ug Telekomunikacyjnych (obowi\u0105zuj\u0105cy od 10.11.2024 r.) <span>(PDF, 265 KB, otworzy si\u0119 w nowej karcie)<\/span><\/a><\/p>\n<p><a class=\"pdf\" href=\"https:\/\/pb.edu.pl\/biaman\/wp-content\/uploads\/sites\/18\/2018\/06\/regulamin-2016-11-01.pdf\" title=\"Pobieranie regulaminu \u015bwiadczenia us\u0142ug MSK BIAMAN\" target=\"_blank\" rel=\"noopener noreferrer\">Regulamin \u015awiadczenia Us\u0142ug Telekomunikacyjnych (obowi\u0105zuj\u0105cy od 2016.11.01) <span>(PDF, wersja skanowana, 6 MB)<\/span><\/a><\/p>\n<p><a class=\"doc\" href=\"https:\/\/pb.edu.pl\/biaman\/wp-content\/uploads\/sites\/18\/2018\/06\/form_uslug.doc\" title=\"Pobieranie formularza zam\u00f3wienia us\u0142ug MSK BIAMAN\">Formularz zam\u00f3wienia us\u0142ug w MSK BIAMAN <span>(DOC, 747 KB)<\/span><\/a><\/p>\n<p><a class=\"doc\" href=\"https:\/\/pb.edu.pl\/biaman\/wp-content\/uploads\/sites\/18\/2018\/11\/biaman_prot_instalacji.docx\" title=\"Pobieranie protoko\u0142u instalacji us\u0142ug MSK BIAMAN\">Protok\u00f3\u0142 instalacji us\u0142ugi MSK BIAMAN <span>(DOC, 25 KB)<\/span><\/a><\/p>\n<p><a class=\"pdf\" href=\"https:\/\/pb.edu.pl\/biaman\/wp-content\/uploads\/sites\/18\/2018\/06\/cennik-konsumenci-2012.pdf\" title=\"Pobieranie cennika us\u0142ug MSK BIAMAN dla student\u00f3w i pracownik\u00f3w uczelni\" target=\"_blank\" rel=\"noopener noreferrer\">Cennik us\u0142ug MSK BIAMAN dla pracownik\u00f3w i student\u00f3w uczelni (obowi\u0105zuj\u0105cy od 01.07.2012) <span>(PDF, wersja skanowana, 240 KB)<\/span><\/a><\/p>\n<p><a class=\"pdf\" href=\"https:\/\/pb.edu.pl\/biaman\/wp-content\/uploads\/sites\/18\/2018\/06\/cennik-pi.pdf\" title=\"Pobieranie cennika przydzia\u0142u adres\u00f3w PI\" target=\"_blank\" rel=\"noopener noreferrer\">Cennik przydzia\u0142u adres\u00f3w PI <span>(PDF, wersja dost\u0119pna cyfrowo, 175 KB)<\/span><\/a><\/p>\n","protected":false},"excerpt":{"rendered":"<p>Centrum Komputerowych Sieci Rozleg\u0142ych Politechniki Bia\u0142ostockiej, jako operator Miejskiej Sieci Komputerowej BIAMAN, \u015bwiadczy us\u0142ugi telekomunikacyjne<\/p>\n","protected":false},"author":2,"featured_media":0,"parent":0,"menu_order":2,"comment_status":"closed","ping_status":"closed","template":"","meta":{"_acf_changed":false,"ngg_post_thumbnail":0,"footnotes":""},"class_list":["post-61","page","type-page","status-publish","hentry"],"acf":[],"_links":{"self":[{"href":"https:\/\/pb.edu.pl\/biaman\/wp-json\/wp\/v2\/pages\/61","targetHints":{"allow":["GET"]}}],"collection":[{"href":"https:\/\/pb.edu.pl\/biaman\/wp-json\/wp\/v2\/pages"}],"about":[{"href":"https:\/\/pb.edu.pl\/biaman\/wp-json\/wp\/v2\/types\/page"}],"author":[{"embeddable":true,"href":"https:\/\/pb.edu.pl\/biaman\/wp-json\/wp\/v2\/users\/2"}],"replies":[{"embeddable":true,"href":"https:\/\/pb.edu.pl\/biaman\/wp-json\/wp\/v2\/comments?post=61"}],"version-history":[{"count":0,"href":"https:\/\/pb.edu.pl\/biaman\/wp-json\/wp\/v2\/pages\/61\/revisions"}],"wp:attachment":[{"href":"https:\/\/pb.edu.pl\/biaman\/wp-json\/wp\/v2\/media?parent=61"}],"curies":[{"name":"wp","href":"https:\/\/api.w.org\/{rel}","templated":true}]}}