{"id":51,"date":"2018-06-28T17:17:27","date_gmt":"2018-06-28T15:17:27","guid":{"rendered":"https:\/\/pb.edu.pl\/biaman\/?page_id=51"},"modified":"2025-05-30T13:59:29","modified_gmt":"2025-05-30T11:59:29","slug":"kontakt","status":"publish","type":"page","link":"https:\/\/pb.edu.pl\/biaman\/kontakt\/","title":{"rendered":"Kontakt"},"content":{"rendered":"<div class=\"row\">\n<div class=\"col-sm-6\" style=\"padding: 0 0 0 20px\">\n<div class=\"h3\">Politechnika Bia\u0142ostocka<br \/>\nCentrum Komputerowych Sieci Rozleg\u0142ych<\/div>\n<h3>ul. Wiejska 45A<br \/>\n15-351 Bia\u0142ystok<\/h3>\n<p>Operator telekomunikacyjny Miejskiej Sieci Komputerowej BIAMAN<br \/>\nwpis do rejestru przedsi\u0119biorc\u00f3w telekomunikacyjnych pod numerem 1480<\/p>\n<div class=\"h3\">Dyrektor CKSR<\/div>\n<p><strong>in\u017c. Cezary Citko<\/strong><br \/>\n<i class=\"fa fa-phone\" aria-hidden=\"true\"><\/i> 85 746 9154<br \/>\n<i class=\"fa fa-mobile\" aria-hidden=\"true\"><\/i> 602 624 377<br \/>\n <i class=\"fal fa-envelope\"><\/i> <a href=\"#\" rel=\"nofollow\"  onclick=\"this.href='mailto:' + 'ccitko' + '@' + 'biaman.pl'\">ccitko [at] biaman.pl<\/a>\n<div class=\"h3\">Biuro CKSR<\/div>\n<i class=\"fa fa-phone\" aria-hidden=\"true\"><\/i> 85 746 9155<br \/>\n<i class=\"fal fa-envelope\"><\/i> <a href=\"#\" rel=\"nofollow\"  onclick=\"this.href='mailto:' + 'biuro' + '@' + 'biaman.pl'\">biuro [at] biaman.pl<\/a>\n<\/div>\n<div class=\"col-sm-6\">\n<div style=\"padding: 30px 0 0 0\"><iframe loading=\"lazy\" src=\"https:\/\/www.google.com\/maps\/embed?pb=!1m14!1m8!1m3!1d9578.088824897095!2d23.139834651806634!3d53.11877082882535!3m2!1i1024!2i768!4f13.1!3m3!1m2!1s0x0%3A0xec425930de387d18!2sMSK+BIAMAN+Politechnika+Bia%C5%82ostocka!5e0!3m2!1spl!2spl!4v1530572425049\" width=\"100%\" height=\"380\"><\/iframe>\n&nbsp;<\/div>\n<\/div>\n<\/div>\n<hr>\n<div class=\"h3\">Kontakt w sprawie obs\u0142ugi informatycznej Politechniki Bia\u0142ostockiej<\/div>\n<p><a href=\"https:\/\/pb.edu.pl\/kontakt\/obsluga-informatyczna-politechniki-bialostockiej\/\">Obs\u0142uga sieci LAN oraz serwer\u00f3w Politechniki Bia\u0142ostockiej<\/a><\/p>\n<hr>\n<div class=\"h3\">Kontakt dla klient\u00f3w indywidualnych oraz w sprawach internetu w akademikach<\/div>\n<p><strong>Sprawy dotycz\u0105ce um\u00f3w, op\u0142at i obs\u0142ugi technicznej<\/strong><br \/>\nmgr \u0141ukasz Paszko<br \/>\nmgr Dariusz P\u0142o\u0144ski<br \/>\n<i class=\"fa fa-phone\" aria-hidden=\"true\"><\/i> 85 746 9150<br \/>\nautomatyczna sekretarka: <i class=\"fa fa-phone\" aria-hidden=\"true\"><\/i> 85 746 9158<br \/>\n <i class=\"fal fa-envelope\"><\/i> <a href=\"#\" rel=\"nofollow\"  onclick=\"this.href='mailto:' + 'internet' + '@' + 'biaman.pl'\">internet [at] biaman.pl<\/a>\n&nbsp;<br \/>\n<a title=\"Informacje o dost\u0119pie do internetu w akademikach\" href=\"https:\/\/pb.edu.pl\/biaman\/internet-w-akademikach\/\">Informacje o dost\u0119pie do internetu w akademikach<\/a><\/p>\n<hr>\n<div class=\"h2\">Kontakt dla klient\u00f3w biznesowych<\/div>\n<p><strong>Sprawy dotycz\u0105ce um\u00f3w<\/strong><br \/>\nmgr Emilia Radziwon<br \/>\nmgr Katarzyna Szeligowska<br \/>\n<i class=\"fa fa-phone\" aria-hidden=\"true\"><\/i> 85 746 9157<br \/>\n <i class=\"fal fa-envelope\"><\/i> <a href=\"#\" rel=\"nofollow\"  onclick=\"this.href='mailto:' + 'biuro' + '@' + 'biaman.pl'\">biuro [at] biaman.pl<\/a>\n<p><strong>Sprawy techniczne sieci<\/strong><br \/>\nmgr in\u017c. Tomasz Nosal<br \/>\nmgr in\u017c. Tomasz Kozyrski<br \/>\n<i class=\"fa fa-phone\" aria-hidden=\"true\"><\/i> 85 746 9151<br \/>\nmgr in\u017c. Sylwester G\u0142uszuk<br \/>\nmgr in\u017c. Krzysztof K\u0119dzierski<br \/>\n<i class=\"fa fa-phone\" aria-hidden=\"true\"><\/i> 85 746 9153<br \/>\n <i class=\"fal fa-envelope\"><\/i> <a href=\"#\" rel=\"nofollow\"  onclick=\"this.href='mailto:' + 'operator' + '@' + 'biaman.pl'\">operator [at] biaman.pl<\/a>\n<p><strong>Sprawy dotycz\u0105ce serwer\u00f3w<\/strong><br \/>\nmgr in\u017c. Piotr Zalewski &#8211; <i class=\"fa fa-phone\" aria-hidden=\"true\"><\/i> 85 746 9757<br \/>\nin\u017c. Marcin Walejewski &#8211; <i class=\"fa fa-phone\" aria-hidden=\"true\"><\/i> 85 746 9152<br \/>\n <i class=\"fal fa-envelope\"><\/i> <a href=\"#\" rel=\"nofollow\"  onclick=\"this.href='mailto:' + 'administrator' + '@' + 'biaman.pl'\">administrator [at] biaman.pl<\/a>\n<hr>\n<div class=\"h3\">Struktura \u015bwiat\u0142owodowa i dokumentacja teletechniczna<\/div>\n<p>mgr in\u017c. Wojciech Wr\u00f3blewski<br \/>\n<i class=\"fa fa-mobile\" aria-hidden=\"true\"><\/i> 514 872 373\u202c<br \/>\n <i class=\"fal fa-envelope\"><\/i> <a href=\"#\" rel=\"nofollow\"  onclick=\"this.href='mailto:' + 'w.wroblewski' + '@' + 'biaman.pl'\">w.wroblewski [at] biaman.pl<\/a>\n<hr>\n<div class=\"h3\">Telewizja PlatonTV<\/div>\n<p>Katarzyna Kozio\u0142, Piotr Dzienis &#8211; <i class=\"fa fa-phone\" aria-hidden=\"true\"><\/i> 85 746 7150<br \/>\nJaros\u0142aw Kuptel, Daniel Doch\u00f3d &#8211; <i class=\"fa fa-phone\" aria-hidden=\"true\"><\/i> 85 746 7156<br \/>\nRealizatorka TV &#8211; <i class=\"fa fa-phone\" aria-hidden=\"true\"><\/i> 85 746 7156<br \/>\n <i class=\"fal fa-envelope\"><\/i> <a href=\"#\" rel=\"nofollow\"  onclick=\"this.href='mailto:' + 'platontv' + '@' + 'biaman.pl'\">platontv [at] biaman.pl<\/a>\n&nbsp;<br \/>\n<a title=\"Przejd\u017a do strony www telewizji PlatonTV\" href=\"https:\/\/biaman.platontv.pl\/\">biaman.platontv.pl<\/a><\/p>\n<hr>\n<div class=\"h3\">Zg\u0142oszenia dotycz\u0105ce bezpiecze\u0144stwa i nadu\u017cy\u0107 w sieci<\/div>\n<p> <i class=\"fal fa-envelope\"><\/i> <a href=\"#\" rel=\"nofollow\"  onclick=\"this.href='mailto:' + 'abuse' + '@' + 'biaman.pl'\">abuse [at] biaman.pl<\/a>\n","protected":false},"excerpt":{"rendered":"<p>Politechnika Bia\u0142ostocka Centrum Komputerowych Sieci Rozleg\u0142ych ul. Wiejska 45A 15-351 Bia\u0142ystok Operator telekomunikacyjny Miejskiej Sieci<\/p>\n","protected":false},"author":2,"featured_media":0,"parent":0,"menu_order":7,"comment_status":"closed","ping_status":"closed","template":"","meta":{"_acf_changed":false,"ngg_post_thumbnail":0,"footnotes":""},"class_list":["post-51","page","type-page","status-publish","hentry"],"acf":[],"_links":{"self":[{"href":"https:\/\/pb.edu.pl\/biaman\/wp-json\/wp\/v2\/pages\/51","targetHints":{"allow":["GET"]}}],"collection":[{"href":"https:\/\/pb.edu.pl\/biaman\/wp-json\/wp\/v2\/pages"}],"about":[{"href":"https:\/\/pb.edu.pl\/biaman\/wp-json\/wp\/v2\/types\/page"}],"author":[{"embeddable":true,"href":"https:\/\/pb.edu.pl\/biaman\/wp-json\/wp\/v2\/users\/2"}],"replies":[{"embeddable":true,"href":"https:\/\/pb.edu.pl\/biaman\/wp-json\/wp\/v2\/comments?post=51"}],"version-history":[{"count":0,"href":"https:\/\/pb.edu.pl\/biaman\/wp-json\/wp\/v2\/pages\/51\/revisions"}],"wp:attachment":[{"href":"https:\/\/pb.edu.pl\/biaman\/wp-json\/wp\/v2\/media?parent=51"}],"curies":[{"name":"wp","href":"https:\/\/api.w.org\/{rel}","templated":true}]}}