{"id":409,"date":"2020-12-01T11:31:15","date_gmt":"2020-12-01T10:31:15","guid":{"rendered":"https:\/\/pb.edu.pl\/biaman\/?page_id=409"},"modified":"2022-02-22T10:08:23","modified_gmt":"2022-02-22T09:08:23","slug":"eduroam-problem","status":"publish","type":"page","link":"https:\/\/pb.edu.pl\/biaman\/eduroam-problem\/","title":{"rendered":"Problem reporting form &#8211; eduroam network"},"content":{"rendered":"<div class=\"row\">\n<div class=\"col-md-6\">Fields marked with (*) are required<\/div>\n<div class=\"col-md-6\">\n<div class=\"text-right\"><a class=\"lang en disabled\" title=\"English\" href=\"https:\/\/pb.edu.pl\/biaman\/eduroam-problem\/\">EN<\/a> <a class=\"lang pl\" title=\"switch to Polish\" href=\"https:\/\/pb.edu.pl\/biaman\/eduroam-formularz\/\">PL<\/a><\/div>\n<\/div><\/div>\n<p>&nbsp;<\/p>\n\n<div class=\"wpcf7 no-js\" id=\"wpcf7-f414-o1\" lang=\"pl-PL\" dir=\"ltr\" data-wpcf7-id=\"414\">\n<div class=\"screen-reader-response\"><p role=\"status\" aria-live=\"polite\" aria-atomic=\"true\"><\/p> <ul><\/ul><\/div>\n<form action=\"\/biaman\/wp-json\/wp\/v2\/pages\/409#wpcf7-f414-o1\" method=\"post\" class=\"wpcf7-form init\" aria-label=\"Formularz kontaktowy\" novalidate=\"novalidate\" data-status=\"init\">\n<fieldset class=\"hidden-fields-container\"><input type=\"hidden\" name=\"_wpcf7\" value=\"414\" \/><input type=\"hidden\" name=\"_wpcf7_version\" value=\"6.1.5\" \/><input type=\"hidden\" name=\"_wpcf7_locale\" value=\"pl_PL\" \/><input type=\"hidden\" name=\"_wpcf7_unit_tag\" value=\"wpcf7-f414-o1\" \/><input type=\"hidden\" name=\"_wpcf7_container_post\" value=\"0\" \/><input type=\"hidden\" name=\"_wpcf7_posted_data_hash\" value=\"\" \/><input type=\"hidden\" name=\"_wpcf7cf_hidden_group_fields\" value=\"[]\" \/><input type=\"hidden\" name=\"_wpcf7cf_hidden_groups\" value=\"[]\" \/><input type=\"hidden\" name=\"_wpcf7cf_visible_groups\" value=\"[]\" \/><input type=\"hidden\" name=\"_wpcf7cf_repeaters\" value=\"[]\" \/><input type=\"hidden\" name=\"_wpcf7cf_steps\" value=\"{}\" \/><input type=\"hidden\" name=\"_wpcf7cf_options\" value=\"{&quot;form_id&quot;:414,&quot;conditions&quot;:[{&quot;then_field&quot;:&quot;group-problem-inne&quot;,&quot;and_rules&quot;:[{&quot;if_field&quot;:&quot;problem&quot;,&quot;operator&quot;:&quot;equals&quot;,&quot;if_value&quot;:&quot;other&quot;}]},{&quot;then_field&quot;:&quot;group-problem-kiedy-okresowo&quot;,&quot;and_rules&quot;:[{&quot;if_field&quot;:&quot;problem-kiedy&quot;,&quot;operator&quot;:&quot;equals&quot;,&quot;if_value&quot;:&quot;periodically&quot;}]}],&quot;settings&quot;:{&quot;animation&quot;:&quot;yes&quot;,&quot;animation_intime&quot;:200,&quot;animation_outtime&quot;:200,&quot;conditions_ui&quot;:&quot;normal&quot;,&quot;notice_dismissed&quot;:false}}\" \/>\n<\/fieldset>\n<div class=\"wpcf7-turnstile cf-turnstile\" data-sitekey=\"0x4AAAAAACDP-G-k0g-pygWP\" data-response-field-name=\"_wpcf7_turnstile_response\"><\/div>\n\n<div class=\"row\">\n\t<div class=\"col-md-3\">\n\t\t<p><label> Your eduroam login: * <\/label><br \/>\n<span class=\"wpcf7-form-control-wrap\" data-name=\"login\"><input size=\"40\" maxlength=\"400\" class=\"wpcf7-form-control wpcf7-email wpcf7-validates-as-required wpcf7-text wpcf7-validates-as-email\" aria-required=\"true\" aria-invalid=\"false\" placeholder=\"Enter your eduroam login\" value=\"\" type=\"email\" name=\"login\" \/><\/span>\n\t\t<\/p>\n\t<\/div>\n\t<div class=\"col-md-4\">\n\t\t<p><label> Your e-mail: * <\/label><br \/>\n<span class=\"wpcf7-form-control-wrap\" data-name=\"email\"><input size=\"40\" maxlength=\"400\" class=\"wpcf7-form-control wpcf7-email wpcf7-validates-as-required wpcf7-text wpcf7-validates-as-email\" aria-required=\"true\" aria-invalid=\"false\" placeholder=\"Enter your e-mail address\" value=\"\" type=\"email\" name=\"email\" \/><\/span>\n\t\t<\/p>\n\t<\/div>\n\t<div class=\"col-md-3\">\n\t\t<p><label> Select your hall of residence: * <\/label><br \/>\n<span class=\"wpcf7-form-control-wrap\" data-name=\"akademik\"><select class=\"wpcf7-form-control wpcf7-select wpcf7-validates-as-required\" aria-required=\"true\" aria-invalid=\"false\" name=\"akademik\"><option value=\"\">&#8212;Prosz\u0119 wybra\u0107 opcj\u0119&#8212;<\/option><option value=\"ALFA\">ALFA<\/option><option value=\"BETA\">BETA<\/option><option value=\"GAMMA\">GAMMA<\/option><option value=\"DELTA\">DELTA<\/option><\/select><\/span>\n\t\t<\/p>\n\t<\/div>\n\t<div class=\"col-md-2\">\n\t\t<p><label> Room No: * <\/label><br \/>\n<span class=\"wpcf7-form-control-wrap\" data-name=\"pokoj\"><input size=\"40\" maxlength=\"400\" class=\"wpcf7-form-control wpcf7-text wpcf7-validates-as-required\" aria-required=\"true\" aria-invalid=\"false\" placeholder=\"Enter your room number\" value=\"\" type=\"text\" name=\"pokoj\" \/><\/span>\n\t\t<\/p>\n\t<\/div>\n<\/div>\n<div class=\"row\">\n\t<div class=\"col-md-5\">\n\t\t<p><label> Select the type of devices on which your problem occurs: * <\/label><br \/>\n<span class=\"wpcf7-form-control-wrap\" data-name=\"urzadzenie\"><span class=\"wpcf7-form-control wpcf7-checkbox wpcf7-validates-as-required\"><span class=\"wpcf7-list-item first\"><input type=\"checkbox\" name=\"urzadzenie[]\" value=\"Smartphone\" \/><span class=\"wpcf7-list-item-label\">Smartphone<\/span><\/span><span class=\"wpcf7-list-item\"><input type=\"checkbox\" name=\"urzadzenie[]\" value=\"Notebook\" \/><span class=\"wpcf7-list-item-label\">Notebook<\/span><\/span><span class=\"wpcf7-list-item last\"><input type=\"checkbox\" name=\"urzadzenie[]\" value=\"Other device\" \/><span class=\"wpcf7-list-item-label\">Other device<\/span><\/span><\/span><\/span>\n\t\t<\/p>\n\t<\/div>\n\t<div class=\"col-md-7\">\n\t\t<p><label> Do you have problems with the eduroam network in other buildings: * <\/label><br \/>\n<span class=\"wpcf7-form-control-wrap\" data-name=\"problem-budynki-dyd\"><span class=\"wpcf7-form-control wpcf7-radio\"><span class=\"wpcf7-list-item first\"><input type=\"radio\" name=\"problem-budynki-dyd\" value=\"Didn&#039;t check\" checked=\"checked\" \/><span class=\"wpcf7-list-item-label\">Didn&#039;t check<\/span><\/span><span class=\"wpcf7-list-item\"><input type=\"radio\" name=\"problem-budynki-dyd\" value=\"YES\" \/><span class=\"wpcf7-list-item-label\">YES<\/span><\/span><span class=\"wpcf7-list-item last\"><input type=\"radio\" name=\"problem-budynki-dyd\" value=\"NO\" \/><span class=\"wpcf7-list-item-label\">NO<\/span><\/span><\/span><\/span>\n\t\t<\/p>\n\t<\/div>\n<\/div>\n<div class=\"row\">\n\t<div class=\"col-md-8\">\n\t\t<p><label> Please describe the type of problem: * <\/label><br \/>\n<span class=\"wpcf7-form-control-wrap\" data-name=\"problem\"><select class=\"wpcf7-form-control wpcf7-select wpcf7-validates-as-required\" aria-required=\"true\" aria-invalid=\"false\" name=\"problem\"><option value=\"\">&#8212;Prosz\u0119 wybra\u0107 opcj\u0119&#8212;<\/option><option value=\"my eduroam account don&#039;t work\">my eduroam account don&#039;t work<\/option><option value=\"no network coverage\">no network coverage<\/option><option value=\"weak network coverage\">weak network coverage<\/option><option value=\"unstable connection\">unstable connection<\/option><option value=\"low network speed\">low network speed<\/option><option value=\"other\">other<\/option><\/select><\/span>\n\t\t<\/p>\n\t\t<div data-id=\"group-problem-inne\" data-orig_data_id=\"group-problem-inne\" data-clear_on_hide class=\"\" data-class=\"wpcf7cf_group\">\n\t\t\t<p><span class=\"wpcf7-form-control-wrap\" data-name=\"problem-inny\"><textarea cols=\"40\" rows=\"10\" maxlength=\"2000\" class=\"wpcf7-form-control wpcf7-textarea\" aria-invalid=\"false\" placeholder=\"What other problem do you have\" name=\"problem-inny\"><\/textarea><\/span>\n\t\t\t<\/p>\n\t\t<\/div>\n\t<\/div>\n\t<div class=\"col-md-4\">\n\t\t<p><label> When the problem occurs: * <\/label><br \/>\n<span class=\"wpcf7-form-control-wrap\" data-name=\"problem-kiedy\"><select class=\"wpcf7-form-control wpcf7-select wpcf7-validates-as-required\" aria-required=\"true\" aria-invalid=\"false\" name=\"problem-kiedy\"><option value=\"\">&#8212;Prosz\u0119 wybra\u0107 opcj\u0119&#8212;<\/option><option value=\"constantly\">constantly<\/option><option value=\"periodically\">periodically<\/option><\/select><\/span>\n\t\t<\/p>\n\t\t<div data-id=\"group-problem-kiedy-okresowo\" data-orig_data_id=\"group-problem-kiedy-okresowo\" data-clear_on_hide class=\"\" data-class=\"wpcf7cf_group\">\n\t\t\t<p><span class=\"wpcf7-form-control-wrap\" data-name=\"problem-kiedy-okresowo\"><textarea cols=\"40\" rows=\"10\" maxlength=\"2000\" class=\"wpcf7-form-control wpcf7-textarea\" aria-invalid=\"false\" placeholder=\"Please describe when the problem occurs\" name=\"problem-kiedy-okresowo\"><\/textarea><\/span>\n\t\t\t<\/p>\n\t\t<\/div>\n\t<\/div>\n<\/div>\n<div class=\"row\">\n\t<div class=\"col-md-12\">\n\t<hr style=\"color: rgba(2, 64, 108, 0.1);\" \/>\n\t<\/div>\n<\/div>\n<div class=\"row\">\n\t<div class=\"col-md-12\">\n\t\t<p><span class=\"wpcf7-form-control-wrap\" data-name=\"acceptance\"><span class=\"wpcf7-form-control wpcf7-acceptance optional\"><span class=\"wpcf7-list-item\"><label><input type=\"checkbox\" name=\"acceptance\" value=\"1\" aria-invalid=\"false\" \/><span class=\"wpcf7-list-item-label\">I declare that I have read the information obligation regarding the processing of my personal data on the basis of my consent (Administrator\u2019s information in relation to data processing \u2013 pursuant to Art. 13 (1) and (2) of Regulation (EU) 2016\/679 of the European Parliament and of the Council of 27 April 2016 on the protection of individuals with regard to the processing of personal data and on the free movement of such data and repealing Directive 95\/46 \/ EC (hereinafter referred to as GDPR)).<\/span><\/label><\/span><\/span><\/span>\n\t\t<\/p>\n\t\t<p><a href=\"\/biaman\/eduroam-problem\/information-in-relation-to-data-processing\/\" target=\"_blank\"> Information clause (GDPR)<\/a>\n\t\t<\/p>\n\t<\/div>\n<\/div>\n<div class=\"row\">\n\t<div class=\"col-md-12 text-right\">\n\t\t<p><input class=\"wpcf7-form-control wpcf7-submit has-spinner\" type=\"submit\" value=\"Send your report\" \/>\n\t\t<\/p>\n\t<\/div>\n<\/div><div class=\"wpcf7-response-output\" aria-hidden=\"true\"><\/div>\n<\/form>\n<\/div>\n\n","protected":false},"excerpt":{"rendered":"<p>&nbsp;<\/p>\n","protected":false},"author":29,"featured_media":0,"parent":0,"menu_order":0,"comment_status":"closed","ping_status":"closed","template":"","meta":{"_acf_changed":false,"ngg_post_thumbnail":0,"footnotes":""},"class_list":["post-409","page","type-page","status-publish","hentry"],"acf":[],"_links":{"self":[{"href":"https:\/\/pb.edu.pl\/biaman\/wp-json\/wp\/v2\/pages\/409","targetHints":{"allow":["GET"]}}],"collection":[{"href":"https:\/\/pb.edu.pl\/biaman\/wp-json\/wp\/v2\/pages"}],"about":[{"href":"https:\/\/pb.edu.pl\/biaman\/wp-json\/wp\/v2\/types\/page"}],"author":[{"embeddable":true,"href":"https:\/\/pb.edu.pl\/biaman\/wp-json\/wp\/v2\/users\/29"}],"replies":[{"embeddable":true,"href":"https:\/\/pb.edu.pl\/biaman\/wp-json\/wp\/v2\/comments?post=409"}],"version-history":[{"count":0,"href":"https:\/\/pb.edu.pl\/biaman\/wp-json\/wp\/v2\/pages\/409\/revisions"}],"wp:attachment":[{"href":"https:\/\/pb.edu.pl\/biaman\/wp-json\/wp\/v2\/media?parent=409"}],"curies":[{"name":"wp","href":"https:\/\/api.w.org\/{rel}","templated":true}]}}