{"id":382,"date":"2020-11-26T16:30:50","date_gmt":"2020-11-26T15:30:50","guid":{"rendered":"https:\/\/pb.edu.pl\/biaman\/?page_id=382"},"modified":"2020-12-03T10:43:46","modified_gmt":"2020-12-03T09:43:46","slug":"informacja-o-przetwarzaniu-danych-osobowych","status":"publish","type":"page","link":"https:\/\/pb.edu.pl\/biaman\/eduroam-formularz\/informacja-o-przetwarzaniu-danych-osobowych\/","title":{"rendered":"Informacja o przetwarzaniu danych osobowych"},"content":{"rendered":"<p>Informacja Administratora w zwi\u0105zku z przetwarzaniem danych osobowych \u2013 zgodnie z art. 13 ust. 1 i 2 Rozporz\u0105dzenia Parlamentu Europejskiego i Rady (UE) 2016\/679 z&nbsp;dnia 27 kwietnia 2016 r. w sprawie ochrony os\u00f3b fizycznych w zwi\u0105zku z przetwarzaniem danych osobowych i w sprawie swobodnego przep\u0142ywu takich danych oraz uchylenia dyrektywy 95\/46\/WE (zwanego dalej RODO)<\/p>\n<ol>\n<li>Administratorem Pani\/Pana danych osobowych jest Politechnika Bia\u0142ostocka, ul. Wiejska 45A, 15-351 Bia\u0142ystok (zwana dalej Uczelni\u0105), tel. 85 746 90 00, www.pb.edu.pl, e-mail: rektorat@pb.edu.pl;<\/li>\n<li>&nbsp;Administrator, zgodnie z art. 37 ust. 1 lit. a RODO, powo\u0142a\u0142 Inspektora Ochrony Danych, z kt\u00f3rym<br \/>\nw sprawach zwi\u0105zanych z przetwarzaniem danych osobowych, mo\u017ce si\u0119 Pani\/Pan kontaktowa\u0107 za pomoc\u0105 poczty elektronicznej pod adresem: iod@pb.edu.pl.<\/li>\n<li>Pana dane osobowe przetwarzane b\u0119d\u0105 w celu przyj\u0119cia i realizacji zg\u0142oszenia awarii sieci eduroam \u2013 na podstawie art. 6 ust. 1 lit. e RODO.<\/li>\n<li>Odbiorcami Pani\/Pana danych osobowych mog\u0105 by\u0107 dostawcy us\u0142ug internetowych Administratora oraz podmioty uprawnione na podstawie przepis\u00f3w prawa.<\/li>\n<li>Pana dane osobowe b\u0119d\u0105 przechowywane w okresach niezb\u0119dnych do realizacji wy\u017cej okre\u015blonego celu.<\/li>\n<li>Przys\u0142uguje Panu prawo dost\u0119pu do tre\u015bci swoich danych oraz z zastrze\u017ceniem przepis\u00f3w prawa przys\u0142uguje Panu prawo do:<br \/>\na) sprostowania danych;<br \/>\nb) usuni\u0119cia danych;<br \/>\nc) ograniczenia przetwarzania danych;<br \/>\nd) wniesienia sprzeciwu wobec przetwarzania danych osobowych;<\/li>\n<li>Przys\u0142uguje Pani\/Panu prawo wniesienia skargi do organu nadzorczego \u2013 Prezesa Urz\u0119du Ochrony Danych Osobowych, gdy uzna Pan, \u017ce przetwarzanie danych osobowych narusza powszechnie obowi\u0105zuj\u0105ce przepisy w tym zakresie.<\/li>\n<li>Podanie danych osobowych jest dobrowolne. Jednak je\u017celi chce Pani\/Pan zg\u0142osi\u0107 awari\u0119 sieci eduroam to jest Pani\/Pan zobowi\u0105zana\/y do ich podania. Brak ich podania uniemo\u017cliwi Pani\/Panu wys\u0142anie zg\u0142oszenia.<\/li>\n<li>Dane osobowe nie b\u0119d\u0105 wykorzystywane do zautomatyzowanego podejmowania decyzji ani profilowania, o kt\u00f3rym mowa w art. 22.<\/li>\n<\/ol>\n","protected":false},"excerpt":{"rendered":"<p>Informacja Administratora w zwi\u0105zku z przetwarzaniem danych osobowych \u2013 zgodnie z art. 13 ust. 1<\/p>\n","protected":false},"author":1,"featured_media":0,"parent":379,"menu_order":0,"comment_status":"closed","ping_status":"closed","template":"","meta":{"_acf_changed":false,"ngg_post_thumbnail":0,"footnotes":""},"class_list":["post-382","page","type-page","status-publish","hentry"],"acf":[],"_links":{"self":[{"href":"https:\/\/pb.edu.pl\/biaman\/wp-json\/wp\/v2\/pages\/382","targetHints":{"allow":["GET"]}}],"collection":[{"href":"https:\/\/pb.edu.pl\/biaman\/wp-json\/wp\/v2\/pages"}],"about":[{"href":"https:\/\/pb.edu.pl\/biaman\/wp-json\/wp\/v2\/types\/page"}],"author":[{"embeddable":true,"href":"https:\/\/pb.edu.pl\/biaman\/wp-json\/wp\/v2\/users\/1"}],"replies":[{"embeddable":true,"href":"https:\/\/pb.edu.pl\/biaman\/wp-json\/wp\/v2\/comments?post=382"}],"version-history":[{"count":0,"href":"https:\/\/pb.edu.pl\/biaman\/wp-json\/wp\/v2\/pages\/382\/revisions"}],"up":[{"embeddable":true,"href":"https:\/\/pb.edu.pl\/biaman\/wp-json\/wp\/v2\/pages\/379"}],"wp:attachment":[{"href":"https:\/\/pb.edu.pl\/biaman\/wp-json\/wp\/v2\/media?parent=382"}],"curies":[{"name":"wp","href":"https:\/\/api.w.org\/{rel}","templated":true}]}}