{"id":29,"date":"2018-06-28T16:07:46","date_gmt":"2018-06-28T14:07:46","guid":{"rendered":"https:\/\/pb.edu.pl\/biaman\/?page_id=29"},"modified":"2025-08-28T12:53:38","modified_gmt":"2025-08-28T10:53:38","slug":"aktualny-stan-sieci","status":"publish","type":"page","link":"https:\/\/pb.edu.pl\/biaman\/o-nas\/aktualny-stan-sieci\/","title":{"rendered":"Aktualny stan sieci"},"content":{"rendered":"<div class=\"row\">\n<div class=\"col-sm-9\">\n<p>Miejska Sie\u0107 Komputerowa BIAMAN w Bia\u0142ymstoku jest rozleg\u0142\u0105 szerokopasmow\u0105 sieci\u0105 komputerow\u0105 typu MAN (Metropolitan Area Network), dzia\u0142aj\u0105c\u0105 na obszarze Bia\u0142egostoku i wojew\u00f3dztwa podlaskiego. Budow\u0119, utrzymanie i eksploatacj\u0119 sieci prowadzi <a href=\"\/biaman\/o-nas\">Centrum Komputerowych Sieci Rozleg\u0142ych<\/a> przy Politechnice Bia\u0142ostockiej, kt\u00f3re jest tak\u017ce jednym z wsp\u00f3\u0142tw\u00f3rc\u00f3w Krajowej Akademickiej Sieci Szerokopasmowej <a title=\"otworzy si\u0119 w nowej karcie\" href=\"http:\/\/www.pol34.pl\" target=\"_blank\" rel=\"noopener noreferrer\">POL34\/622<\/a> oraz <a title=\"otworzy si\u0119 w nowej karcie\" href=\"http:\/\/www.pionier.gov.pl\" target=\"_blank\" rel=\"noopener noreferrer\">Pionier<\/a>.<\/p>\n<\/div>\n<div class=\"col-sm-3\">\n<a class=\"button text-center animated zoomIn\" style=\"width: 100%\" href=\"\/biaman\/o-nas\/\">O nas<\/a><br \/>\n<a class=\"button text-center animated zoomIn\" style=\"width: 100%\" href=\"\/biaman\/o-nas\/rada-zalozycieli\/\">Rada Za\u0142o\u017cycieli<\/a><br \/>\n<a class=\"button text-center animated zoomIn\" style=\"width: 100%\" href=\"\/biaman\/o-nas\/rada-uzytkownikow\/\">Rada U\u017cytkownik\u00f3w<\/a><br \/>\n<a class=\"button text-center animated zoomIn active\" style=\"width: 100%\" href=\"\/biaman\/o-nas\/aktualny-stan-sieci\/\">Aktualny stan sieci<\/a><br \/>\n<a class=\"button text-center animated zoomIn\" style=\"width: 100%\" href=\"\/biaman\/o-nas\/struktury-msk-biaman\/\">Struktury MSK BIAMAN<\/a>\n<\/div>\n<\/div>\n","protected":false},"excerpt":{"rendered":"<p>Miejska Sie\u0107 Komputerowa BIAMAN w Bia\u0142ymstoku jest rozleg\u0142\u0105 szerokopasmow\u0105 sieci\u0105 komputerow\u0105 typu MAN (Metropolitan Area<\/p>\n","protected":false},"author":2,"featured_media":0,"parent":14,"menu_order":1,"comment_status":"closed","ping_status":"closed","template":"","meta":{"_acf_changed":false,"ngg_post_thumbnail":0,"footnotes":""},"class_list":["post-29","page","type-page","status-publish","hentry"],"acf":[],"_links":{"self":[{"href":"https:\/\/pb.edu.pl\/biaman\/wp-json\/wp\/v2\/pages\/29","targetHints":{"allow":["GET"]}}],"collection":[{"href":"https:\/\/pb.edu.pl\/biaman\/wp-json\/wp\/v2\/pages"}],"about":[{"href":"https:\/\/pb.edu.pl\/biaman\/wp-json\/wp\/v2\/types\/page"}],"author":[{"embeddable":true,"href":"https:\/\/pb.edu.pl\/biaman\/wp-json\/wp\/v2\/users\/2"}],"replies":[{"embeddable":true,"href":"https:\/\/pb.edu.pl\/biaman\/wp-json\/wp\/v2\/comments?post=29"}],"version-history":[{"count":0,"href":"https:\/\/pb.edu.pl\/biaman\/wp-json\/wp\/v2\/pages\/29\/revisions"}],"up":[{"embeddable":true,"href":"https:\/\/pb.edu.pl\/biaman\/wp-json\/wp\/v2\/pages\/14"}],"wp:attachment":[{"href":"https:\/\/pb.edu.pl\/biaman\/wp-json\/wp\/v2\/media?parent=29"}],"curies":[{"name":"wp","href":"https:\/\/api.w.org\/{rel}","templated":true}]}}