{"id":25,"date":"2018-06-28T15:57:50","date_gmt":"2018-06-28T13:57:50","guid":{"rendered":"https:\/\/pb.edu.pl\/biaman\/?page_id=25"},"modified":"2025-11-12T11:37:19","modified_gmt":"2025-11-12T10:37:19","slug":"rada-uzytkownikow","status":"publish","type":"page","link":"https:\/\/pb.edu.pl\/biaman\/o-nas\/rada-uzytkownikow\/","title":{"rendered":"Rada U\u017cytkownik\u00f3w"},"content":{"rendered":"<div class=\"row\">\n<div class=\"col-sm-9\">\n<p>Sk\u0142ad Rady U\u017cytkownik\u00f3w i zakres jej dzia\u0142alno\u015bci okre\u015bla Regulamin Rady U\u017cytkownik\u00f3w zatwierdzony przez Rad\u0119 Za\u0142o\u017cycielsk\u0105 MSK BIAMAN dnia 03.03.1997 r. W szczeg\u00f3lno\u015bci Rada U\u017cytkownik\u00f3w MSK BIAMAN nadzoruje dzia\u0142alno\u015b\u0107 merytoryczn\u0105 CKSR i dba o w\u0142a\u015bciwe wykonywanie na\u0142o\u017conych na nie zada\u0144, zgodnych z za\u0142o\u017ceniami zawartymi w Porozumieniu \u015arodowiskowym z dnia 20.12.1994 r.<\/p>\n<h3>Rada u\u017cytkownik\u00f3w MSK BIAMAN w kadencji 2022-2026:<\/h3>\n<h4>Przewodnicz\u0105cy Rady<\/h4>\n<ul>\n<li>prof. dr hab. Jan Marek W\u00f3jcik &#8211; Instytut Biologii Ssak\u00f3w PAN w Bia\u0142owie\u017cy<\/li>\n<\/ul>\n<h4>Zast\u0119pca przewodnicz\u0105cego<\/h4>\n<ul>\n<li>mgr in\u017c. Wojciech Konopacki &#8211; Politechnika Bia\u0142ostocka<\/li>\n<\/ul>\n<h4>Sekretarz Rady<\/h4>\n<ul>\n<li>mgr in\u017c. Jaros\u0142aw Ogonowski &#8211; Uniwersytet Medyczny w Bia\u0142ymstoku<\/li>\n<\/ul>\n<h4>Cz\u0142onkowie Rady<\/h4>\n<ul>\n<li>dr hab. in\u017c. Andrzej Kazberuk, prof. PB &#8211; Politechnika Bia\u0142ostocka<\/li>\n<li>mgr in\u017c. Wojciech Pilichowski &#8211; Uniwersytet w Bia\u0142ymstoku<\/li>\n<li>mgr in\u017c. Micha\u0142 Sidoruk &#8211; Uniwersytet w Bia\u0142ymstoku<\/li>\n<li>mgr Konrad Raczkowski &#8211; Uniwersytet Medyczny w Bia\u0142ymstoku<\/li>\n<li>Marcin Flici\u0144ski &#8211; Uniwersytet Muzyczny Fryderyka Chopina, Filia w Bia\u0142ymstoku<\/li>\n<li>Andrzej Aleksandrowicz &#8211; Akademia Teatralna im. Aleksandra Zelwerowicza, Filia w Bia\u0142ymstoku<\/li>\n<li>ks. dr Dariusz Wojtecki &#8211; Archidiecezjalne Wy\u017csze Seminarium Duchowne w Bia\u0142ymstoku<\/li>\n<\/ul>\n<div class=\"h4\">Koordynator budowy MSK BIAMAN<\/div>\n<ul>\n<li>in\u017c. Cezary Citko &#8211; Politechnika Bia\u0142ostocka<\/li>\n<\/ul>\n<\/div>\n<div class=\"col-sm-3\">\n<a class=\"button text-center animated zoomIn\" style=\"width: 100%\" href=\"\/biaman\/o-nas\/\">O nas<\/a><br \/>\n<a class=\"button text-center animated zoomIn\" style=\"width: 100%\" href=\"\/biaman\/o-nas\/rada-zalozycieli\/\">Rada Za\u0142o\u017cycieli<\/a><br \/>\n<a class=\"button text-center animated zoomIn active\" style=\"width: 100%\" href=\"\/biaman\/o-nas\/rada-uzytkownikow\/\">Rada U\u017cytkownik\u00f3w<\/a><br \/>\n<a class=\"button text-center animated zoomIn\" style=\"width: 100%\" href=\"\/biaman\/o-nas\/aktualny-stan-sieci\/\">Aktualny stan sieci<\/a><br \/>\n<a class=\"button text-center animated zoomIn\" style=\"width: 100%\" href=\"\/biaman\/o-nas\/struktury-msk-biaman\/\">Struktury MSK BIAMAN<\/a>\n<\/div>\n<\/div>\n","protected":false},"excerpt":{"rendered":"<p>Sk\u0142ad Rady U\u017cytkownik\u00f3w i zakres jej dzia\u0142alno\u015bci okre\u015bla Regulamin Rady U\u017cytkownik\u00f3w zatwierdzony przez Rad\u0119 Za\u0142o\u017cycielsk\u0105<\/p>\n","protected":false},"author":2,"featured_media":0,"parent":14,"menu_order":3,"comment_status":"closed","ping_status":"closed","template":"","meta":{"_acf_changed":false,"ngg_post_thumbnail":0,"footnotes":""},"class_list":["post-25","page","type-page","status-publish","hentry"],"acf":[],"_links":{"self":[{"href":"https:\/\/pb.edu.pl\/biaman\/wp-json\/wp\/v2\/pages\/25","targetHints":{"allow":["GET"]}}],"collection":[{"href":"https:\/\/pb.edu.pl\/biaman\/wp-json\/wp\/v2\/pages"}],"about":[{"href":"https:\/\/pb.edu.pl\/biaman\/wp-json\/wp\/v2\/types\/page"}],"author":[{"embeddable":true,"href":"https:\/\/pb.edu.pl\/biaman\/wp-json\/wp\/v2\/users\/2"}],"replies":[{"embeddable":true,"href":"https:\/\/pb.edu.pl\/biaman\/wp-json\/wp\/v2\/comments?post=25"}],"version-history":[{"count":0,"href":"https:\/\/pb.edu.pl\/biaman\/wp-json\/wp\/v2\/pages\/25\/revisions"}],"up":[{"embeddable":true,"href":"https:\/\/pb.edu.pl\/biaman\/wp-json\/wp\/v2\/pages\/14"}],"wp:attachment":[{"href":"https:\/\/pb.edu.pl\/biaman\/wp-json\/wp\/v2\/media?parent=25"}],"curies":[{"name":"wp","href":"https:\/\/api.w.org\/{rel}","templated":true}]}}