{"id":22,"date":"2018-06-28T15:55:31","date_gmt":"2018-06-28T13:55:31","guid":{"rendered":"https:\/\/pb.edu.pl\/biaman\/?page_id=22"},"modified":"2025-01-15T08:09:08","modified_gmt":"2025-01-15T07:09:08","slug":"rada-zalozycieli","status":"publish","type":"page","link":"https:\/\/pb.edu.pl\/biaman\/o-nas\/rada-zalozycieli\/","title":{"rendered":"Rada Za\u0142o\u017cycieli"},"content":{"rendered":"<div class=\"row\">\n<div class=\"col-sm-9\">\n<table class=\"table table-bordered\" cellspacing=\"0\" cellpadding=\"3\" border=\"1\">\n<thead>\n<tr>\n<td align=\"center\"><strong>W dniu podpisania porozumienia<\/strong><\/td>\n<td align=\"center\"><strong>W dniu dzisiejszym<\/strong><\/td>\n<\/tr>\n<\/thead>\n<tbody>\n<tr>\n<td style=\"padding-top: 30px\" colspan=\"2\" bgcolor=\"#F9FFFF\" align=\"center\"><strong>POLITECHNIKA BIA\u0141OSTOCKA<\/strong><\/td>\n<\/tr>\n<tr>\n<td bgcolor=\"#F9FFFF\" align=\"center\">Rektor prof. dr hab.in\u017c. Tadeusz Citko<\/td>\n<td bgcolor=\"#F9FFFF\" align=\"center\">Rektor dr hab. in\u017c. Marta Kosior-Kazberuk, prof. PB<\/td>\n<\/tr>\n<tr>\n<td style=\"padding-top: 30px\" bgcolor=\"#FEFFE6\" align=\"center\"><strong>FILIA UNIWERSYTETU WARSZAWSKIEGO<br \/>\nW BIA\u0141YMSTOKU<\/strong><\/td>\n<td style=\"padding-top: 30px\" bgcolor=\"#FEFFE6\" align=\"center\"><strong>UNIWERSYTET W BIA\u0141YMSTOKU<\/strong><\/td>\n<\/tr>\n<tr>\n<td bgcolor=\"#FEFFE6\" align=\"center\">Prorektor UW do spraw Filii w Bia\u0142ymstoku<br \/>\nprof. zw. Adam Jamr\u00f3z<\/td>\n<td bgcolor=\"#FEFFE6\" align=\"center\">Rektor prof. dr hab. Mariusz Pop\u0142awski<\/td>\n<\/tr>\n<tr>\n<td style=\"padding-top: 30px\" bgcolor=\"#F9FFFF\" align=\"center\"><strong>AKADEMIA MEDYCZNA w Bia\u0142ymstoku<\/strong><\/td>\n<td style=\"padding-top: 30px\" bgcolor=\"#F9FFFF\" align=\"center\"><strong>UNIWERSYTET MEDYCZNY W BIA\u0141YMSTOKU<\/strong><\/td>\n<\/tr>\n<tr>\n<td bgcolor=\"#F9FFFF\" align=\"center\">Rektor prof. dr hab. n. med. Jan G\u00f3rski<\/td>\n<td bgcolor=\"#F9FFFF\" align=\"center\">Rektor prof. dr hab. Marcin Moniuszko<\/td>\n<\/tr>\n<tr>\n<td style=\"padding-top: 30px\" bgcolor=\"#FEFFE6\" align=\"center\"><strong>AKADEMIA TEATRALNA im. A. Zelwerowicza w Warszawie<\/strong><br \/>\n<strong>WYDZIA\u0141 SZTUKI LALKARSKIEJ w Bia\u0142ymstoku<\/strong><\/td>\n<td style=\"padding-top: 30px\" bgcolor=\"#FEFFE6\" align=\"center\"><strong>AKADEMIA TEATRALNA im. A. Zelwerowicza w Warszawie<\/strong><br \/>\n<strong>Filia w Bia\u0142ymstoku<\/strong><\/td>\n<\/tr>\n<tr>\n<td bgcolor=\"#FEFFE6\" align=\"center\">Prorektor prof. Tomasz Jaworski<\/td>\n<td bgcolor=\"#FEFFE6\" align=\"center\">Prorektor ds. Filii w Bia\u0142ymstoku dr hab. Artur Dwulit<\/td>\n<\/tr>\n<tr>\n<tr>\n<td style=\"padding-top: 30px\" bgcolor=\"#F9FFFF\" align=\"center\"><strong>AKADEMIA MUZYCZNA im. Fryderyka Chopina<br \/>\nw Warszawie Filia w Bia\u0142ymstoku<\/strong><\/td>\n<td style=\"padding-top: 30px\" bgcolor=\"#F9FFFF\" align=\"center\"><strong>UNIWERSYTET MUZYCZNY FRYDERYKA CHOPINA<br \/>\nWydzia\u0142 Instrumentalno &#8211; Pedagogiczny, Edukacji Muzycznej i Wokalistyki<\/strong><\/td>\n<\/tr>\n<tr>\n<td width=\"50%\" bgcolor=\"#F9FFFF\" align=\"center\">Prorektor prof. Witalis Raczkiewicz<\/td>\n<td width=\"50%\" bgcolor=\"#F9FFFF\" align=\"center\">Dziekan prof. dr hab. W\u0142odzimierz Promi\u0144ski<\/td>\n<\/tr>\n<tr>\n<td colspan=\"2\" style=\"padding-top: 30px\" bgcolor=\"#FEFFE6\" align=\"center\"><strong>ARCHIDIECEZJALNE WY\u017bSZE SEMINARIUM DUCHOWNE<\/strong><\/td>\n<\/tr>\n<tr>\n<td bgcolor=\"#FEFFE6\" align=\"center\">Rektor ks. dr Stanis\u0142aw Holodok<\/td>\n<td bgcolor=\"#FEFFE6\" align=\"center\">Rektor ks. dr Marian Strankowski<\/td>\n<\/tr>\n<tr>\n<td style=\"padding-top: 30px\" bgcolor=\"#F9FFFF\" align=\"center\"><strong>Zak\u0142ad Badania Ssak\u00f3w w Bia\u0142owie\u017cy<br \/>\nPOLSKA AKADEMIA NAUK<\/strong><\/td>\n<td style=\"padding-top: 30px\" bgcolor=\"#F9FFFF\" align=\"center\"><strong>Instytut Biologii Ssak\u00f3w Polskiej Akademii Nauk<\/strong><\/td>\n<\/tr>\n<tr>\n<td bgcolor=\"#F9FFFF\" align=\"center\">Kierownik prof. dr hab. Zdzis\u0142aw Pucek<\/td>\n<td bgcolor=\"#F9FFFF\" align=\"center\">Dyrektor dr hab. Micha\u0142 \u017bmihorski<\/td>\n<\/tr>\n<tr>\n<td colspan=\"2\" style=\"padding-top: 30px\" bgcolor=\"#FEFFE6\" align=\"center\"><strong>INSTYTUT BADAWCZY LE\u015aNICTWA w Warszawie<\/strong><br \/>\n<strong>Zak\u0142ad Las\u00f3w Naturalnych w Bia\u0142owie\u017cy<\/strong><\/td>\n<\/tr>\n<tr>\n<td bgcolor=\"#FEFFE6\" align=\"center\">Kierownik prof. dr hab. Aleksander Soko\u0142owski<\/td>\n<td bgcolor=\"#FEFFE6\" align=\"center\">Kierownik dr Izabela Sondej<\/td>\n<\/tr>\n<tr>\n<td colspan=\"2\" style=\"padding-top: 30px\" bgcolor=\"#F9FFFF\" align=\"center\"><strong>UNIWERSYTET WARSZAWSKI<\/strong><br \/>\n<strong>Bia\u0142owieska Stacja Geobotaniczna w Bia\u0142owie\u017cy<\/strong><\/td>\n<\/tr>\n<tr>\n<td bgcolor=\"#F9FFFF\" align=\"center\">Kierownik prof. dr hab. Janusz Bogdan Fali\u0144ski<\/td>\n<td bgcolor=\"#F9FFFF\" align=\"center\">p.o. Kierownik dr Marcelina Zimny<\/td>\n<\/tr>\n<\/tbody>\n<\/table>\n<p>&nbsp;\n<\/p><\/div>\n<div class=\"col-sm-3\">\n<a class=\"button text-center animated zoomIn\" style=\"width: 100%\" href=\"\/biaman\/o-nas\/\">O nas<\/a><br \/>\n<a class=\"button text-center animated zoomIn active\" style=\"width: 100%\" href=\"\/biaman\/o-nas\/rada-zalozycieli\/\">Rada Za\u0142o\u017cycieli<\/a><br \/>\n<a class=\"button text-center animated zoomIn\" style=\"width: 100%\" href=\"\/biaman\/o-nas\/rada-uzytkownikow\/\">Rada U\u017cytkownik\u00f3w<\/a><br \/>\n<a class=\"button text-center animated zoomIn\" style=\"width: 100%\" href=\"\/biaman\/o-nas\/aktualny-stan-sieci\/\">Aktualny stan sieci<\/a><br \/>\n<a class=\"button text-center animated zoomIn\" style=\"width: 100%\" href=\"\/biaman\/o-nas\/struktury-msk-biaman\/\">Struktury MSK BIAMAN<\/a>\n<\/div>\n<\/div>\n","protected":false},"excerpt":{"rendered":"<p>W dniu podpisania porozumienia W dniu dzisiejszym POLITECHNIKA BIA\u0141OSTOCKA Rektor prof. dr hab.in\u017c. Tadeusz Citko<\/p>\n","protected":false},"author":2,"featured_media":0,"parent":14,"menu_order":2,"comment_status":"closed","ping_status":"closed","template":"","meta":{"_acf_changed":false,"ngg_post_thumbnail":0,"footnotes":""},"class_list":["post-22","page","type-page","status-publish","hentry"],"acf":[],"_links":{"self":[{"href":"https:\/\/pb.edu.pl\/biaman\/wp-json\/wp\/v2\/pages\/22","targetHints":{"allow":["GET"]}}],"collection":[{"href":"https:\/\/pb.edu.pl\/biaman\/wp-json\/wp\/v2\/pages"}],"about":[{"href":"https:\/\/pb.edu.pl\/biaman\/wp-json\/wp\/v2\/types\/page"}],"author":[{"embeddable":true,"href":"https:\/\/pb.edu.pl\/biaman\/wp-json\/wp\/v2\/users\/2"}],"replies":[{"embeddable":true,"href":"https:\/\/pb.edu.pl\/biaman\/wp-json\/wp\/v2\/comments?post=22"}],"version-history":[{"count":0,"href":"https:\/\/pb.edu.pl\/biaman\/wp-json\/wp\/v2\/pages\/22\/revisions"}],"up":[{"embeddable":true,"href":"https:\/\/pb.edu.pl\/biaman\/wp-json\/wp\/v2\/pages\/14"}],"wp:attachment":[{"href":"https:\/\/pb.edu.pl\/biaman\/wp-json\/wp\/v2\/media?parent=22"}],"curies":[{"name":"wp","href":"https:\/\/api.w.org\/{rel}","templated":true}]}}