{"id":174,"date":"2020-10-18T17:50:45","date_gmt":"2020-10-18T15:50:45","guid":{"rendered":"https:\/\/pb.edu.pl\/biaman\/?page_id=174"},"modified":"2025-07-07T09:04:32","modified_gmt":"2025-07-07T07:04:32","slug":"usluga-pb-guest","status":"publish","type":"page","link":"https:\/\/pb.edu.pl\/biaman\/usluga-pb-guest\/","title":{"rendered":"Us\u0142uga PB-GUEST"},"content":{"rendered":"<div class=\"h4\">O us\u0142udze<\/div>\n<p>Us\u0142uga PB-GUEST umo\u017cliwia po\u0142\u0105czenie z internetem w\u0142asnego komputera lub telefonu z sieci\u0105 Wi-Fi w obiektach Politechniki Bia\u0142ostockiej. Aby z niej skorzysta\u0107 nale\u017cy uzyska\u0107 od osoby upowa\u017cnionej indywidualny identyfikator i has\u0142o umo\u017cliwiaj\u0105ce zalogowanie si\u0119 do sieci bezprzewodowej o nazwie &#8222;PB-GUEST&#8221;.<\/p>\n<p>Us\u0142ug\u0119 uruchomiono na potrzeby zapewnienia dost\u0119pu do internetu dla konferencji naukowych, zjazd\u00f3w, zebra\u0144, spotka\u0144, konkurs\u00f3w, warsztat\u00f3w, szkole\u0144, seminari\u00f3w oraz us\u0142ug hotelowych. Na terenie Politechniki Bia\u0142ostockiej zakazane jest uruchamianie w\u0142asnych sieci bezprzewodowych o nazwie &#8222;PB-GUEST&#8221; oraz go\u015bcinne udost\u0119pnianie Internetu w inny spos\u00f3b.<\/p>\n<p>Aby uzyska\u0107 dost\u0119p do sieci PB-GUEST niezb\u0119dne jest podanie swoich danych osobowych: imienia i nazwiska oraz adresu zamieszkania lub zameldowania.<\/p>\n<div class=\"h4\">Osoby upowa\u017cnione do udzielania dost\u0119pu do sieci bezprzewodowej PB-GUEST:<\/div>\n<ul>\n<li><a href=\"https:\/\/wi.pb.edu.pl\/pracownicy\/lista-pracownikow\/\" title=\"Przejd\u017a na stron\u0119 z list\u0105 pracownik\u00f3w Wydzia\u0142u Informatyki\">Wydzia\u0142 Informatyki:<\/a>\n<ul>\n<li>Monika Be\u0142dowska<\/li>\n<li>Jacek Makarec<\/li>\n<li>Mateusz Polens<\/li>\n<li>Krzysztof Szwabowski<\/li>\n<\/ul>\n<\/li>\n<li><a href=\"https:\/\/wm.pb.edu.pl\/pracownicy\/znajdz-pracownika\/\" title=\"Przejd\u017a na stron\u0119 z list\u0105 pracownik\u00f3w Wydzia\u0142u Mechanicznego\">Wydzia\u0142 Mechaniczny<\/a>\n<ul>\n<li>Brak os\u00f3b upowa\u017cnionych<\/li>\n<\/ul>\n<\/li>\n<li><a href=\"https:\/\/we.pb.edu.pl\/kontakt\/znajdz-pracownika\/\" title=\"Przejd\u017a na stron\u0119 z list\u0105 pracownik\u00f3w Wydzia\u0142u Elektrycznego\">Wydzia\u0142 Elektryczny<\/a>\n<ul>\n<li>Grzegorz Kraszewski<\/li>\n<\/ul>\n<\/li>\n<li><a href=\"https:\/\/wb.pb.edu.pl\/kontakt\/pomoc-it\/\" title=\"Przejd\u017a na stron\u0119 Wydzia\u0142u Budownictwa\">Wydzia\u0142 Budownictwa i Nauk o \u015arodowisku<\/a>\n<ul>\n<li>Bartosz Miko\u0142ajczyk<\/li>\n<\/ul>\n<\/li>\n<li><a href=\"https:\/\/wa.pb.edu.pl\/kontakt\/znajdz-pracownika\/\" title=\"Przejd\u017a na stron\u0119 z list\u0105 pracownik\u00f3w Wydzia\u0142u Architektury\">Wydzia\u0142 Architektury<\/a>\n<ul>\n<li>Brak os\u00f3b upowa\u017cnionych<\/li>\n<\/ul>\n<\/li>\n<li><a href=\"http:\/\/info.wiz.pb.edu.pl\/Wydzia%C5%82\/Pracownicy\" title=\"Przejd\u017a na stron\u0119 z list\u0105 pracownik\u00f3w Wydzia\u0142u In\u017cynierii Zarz\u0105dzania\">Wydzia\u0142 In\u017cynierii Zarz\u0105dzania<\/a>\n<ul>\n<li>Mariusz Zalewski<\/li>\n<\/ul>\n<\/li>\n<li><a href=\"https:\/\/wb.pb.edu.pl\/inl\/kontakt\/administracja\/\" title=\"Przejd\u017a na stron\u0119 Instytutu Nauk Le\u015bnych\">Instytut Nauk Le\u015bnych w Hajn\u00f3wce<\/a>\n<ul>\n<li>Micha\u0142 Smyk<\/li>\n<\/ul>\n<\/li>\n<li><a href=\"http:\/\/akademiki.bialystok.pl\/\" title=\"Przejd\u017a do strony Dom\u00f3w Studenta PB\">Domy Studenta nr 1, 2, 3, 4 Politechniki Bia\u0142ostockiej<\/a>\n<ul>\n<li>Wszyscy portierzy<\/li>\n<\/ul>\n<\/li>\n<li><a href=\"https:\/\/dwormejera.pl\/\">O\u015brodek Wypoczynkowy w Ho\u0142nach Mejera<\/a>\n<ul>\n<li>Dariusz Wo\u017aniak<\/li>\n<\/ul>\n<\/li>\n<li><a href=\"https:\/\/pb.edu.pl\/uci\/pracownicy\/\">Uczelniane Centrum Informatyczne<\/a> (obs\u0142uguje jednostki og\u00f3lnouczelniane i mi\u0119dzywydzia\u0142owe)\n<ul>\n<li>Marcin Kie\u0142bowicz<\/li>\n<\/ul>\n<\/ul>\n<div class=\"h4\">Podstawa prawna \u015bwiadczenie us\u0142ugi<\/div>\n<p>Zasady dzia\u0142ania sieci PB-GUEST reguluje <a href=\"https:\/\/www.bip.pb.edu.pl\/index.php?event=informacja&amp;id=14754\" title=\"Przejd\u017a na stron\u0119 Biuletynu Informacji Publicznej Politechniki Bia\u0142ostockiej\">Zarz\u0105dzenie nr 583 Rektora Politechniki Bia\u0142ostockiej z dnia 20 grudnia 2016 roku (z p\u00f3\u017aniejszymi zmianami)<\/a>\n<\/p>\n<div class=\"h4\">Informacje dla u\u017cytkownika<\/div>\n<ul>\n<li>U\u017cytkownik jest odpowiedzialny za wszelkie dzia\u0142ania sieciowe dokonane po uwierzytelnieniu przy pomocy jego danych uwierzytelniaj\u0105cych.<\/li>\n<li>W przypadku podejrzenia, \u017ce dane uwierzytelniaj\u0105ce mog\u0142y dosta\u0107 si\u0119 w r\u0119ce os\u00f3b trzecich, U\u017cytkownik jest zobowi\u0105zany do niezw\u0142ocznego zawiadomienia o tym fakcie Organizatora. W przypadku niewykonania powy\u017cszego obowi\u0105zku U\u017cytkownik ponosi pe\u0142n\u0105 odpowiedzialno\u015b\u0107 za szkody wywo\u0142ane dzia\u0142aniem lub zaniechaniem os\u00f3b trzecich korzystaj\u0105cych z jego danych uwierzytelniaj\u0105cych.<\/li>\n<li>U\u017cytkownik mo\u017ce korzysta\u0107 z go\u015bcinnego dost\u0119pu do Internetu wy\u0142\u0105cznie na sw\u00f3j w\u0142asny u\u017cytek.<\/li>\n<\/ul>\n<div class=\"h4\">Klauzula informacyjna dotycz\u0105ca przetwarzania danych osobowych<\/div>\n<ul>\n<li>Administratorem Pani\/Pana danych osobowych jest Politechnika Bia\u0142ostocka, ul. Wiejska 45A, 15-351 Bia\u0142ystok (dalej Uczelnia). W celu skontaktowania si\u0119 z Uczelni\u0105, osoba, kt\u00f3rej dane osobowe s\u0105 przetwarzane mo\u017ce napisa\u0107 e-mail do Inspektora Ochrony Danych, na adres: <i class=\"fa fa-envelope-o\" aria-hidden=\"true\"><\/i> iod@pb.edu.pl<\/li>\n<li>Pani\/Pana dane osobowe przetwarzane b\u0119d\u0105 w celu:\n<ul>\n<li>realizacji us\u0142ug telekomunikacyjnych zwi\u0105zanych z dost\u0119pem do Internetu oraz w celu komunikacji zwi\u0105zanej z realizacj\u0105 us\u0142ugi \u2013 na podstawie umowy;<\/li>\n<li>archiwizacji &#8211; na podstawie zarz\u0105dzenia Nr 748 Rektora Politechniki Bia\u0142ostockiej z dnia 15 grudnia 2017 roku w sprawie ustalenia instrukcji kancelaryjnej, jednolitego rzeczowego wykazu akt oraz instrukcji o organizacji i zakresie dzia\u0142ania Archiwum Uczelnianego i Centrum Historii Politechniki Bia\u0142ostockiej w zw. z ustaw\u0105 z dnia 14 lipca 1983 r. o narodowym zasobie archiwalnym i archiwach (Dz. U. 2018 poz. 650 ze zm.);<\/li>\n<li>zatrzymania i przechowywania danych niezb\u0119dnych do ustalenia zako\u0144czenia sieci, telekomunikacyjnego urz\u0105dzenia ko\u0144cowego, u\u017cytkownika ko\u0144cowego inicjuj\u0105cego po\u0142\u0105czenie oraz do ustalenia daty i godziny po\u0142\u0105czenia oraz czasu jego trwania na podstawie rozporz\u0105dzenia Ministra Infrastruktury z dnia 28 grudnia 2009 r. w sprawie szczeg\u00f3\u0142owego wykazu danych oraz rodzaj\u00f3w operator\u00f3w publicznej sieci telekomunikacyjnej lub dostawc\u00f3w publicznie dost\u0119pnych us\u0142ug telekomunikacyjnych obowi\u0105zanych do ich zatrzymywania i przechowywania (Dz. U. 2009 Nr 226 poz.1828) w zw. z ustawa z dnia 16 lipca 2004 r. Prawo telekomunikacyjne (Dz. U. 2017 r. poz. 1907 ze zm.) oraz innych akt\u00f3w prawnych reguluj\u0105cych te kwestie;<\/li>\n<li>dochodzenia roszcze\u0144 &#8211; na podstawie prawnie uzasadnionego interesu Uczelni polegaj\u0105cego na mo\u017cliwo\u015bci dochodzenia roszcze\u0144;<\/li>\n<\/ul>\n<\/li>\n<li>Podanie danych jest dobrowolne, ale niezb\u0119dne do realizacji us\u0142ugi. Brak ich podania spowoduje brak mo\u017cliwo\u015bci realizacji us\u0142ugi;<\/li>\n<li>Pani\/Pana dane osobowe b\u0119d\u0105 udost\u0119pniane innym podmiotom wy\u0142\u0105cznie w przypadkach przewidzianych przepisami prawa;<\/li>\n<li>Pani\/Pana dane osobowe b\u0119d\u0105 przechowywane w okresach niezb\u0119dnym do realizacji wy\u017cej okre\u015blonych cel\u00f3w, przewidzianych przepisami prawa oraz wewn\u0119trznymi aktami prawnymi obowi\u0105zuj\u0105cymi w Uczelni;<\/li>\n<li>Przys\u0142uguje Pani\/Panu prawo dost\u0119pu do tre\u015bci swoich danych, otrzymywania ich kopii oraz z zastrze\u017ceniem przepis\u00f3w prawa przys\u0142uguje prawo do: sprostowania danych, usuni\u0119cia danych, przenoszenia danych, ograniczenia przetwarzania danych;<\/li>\n<li>Uczelnia nie przekazuje danych osobowych poza teren Polski;<\/li>\n<li>Uczelnia nie przetwarza podanych danych osobowych w spos\u00f3b opieraj\u0105cy si\u0119 na zautomatyzowanym przetwarzaniu, w tym profilowaniu;<\/li>\n<li>Ma Pani\/Pan prawo do wniesienia skargi do w\u0142a\u015bciwego organu nadzorczego, kt\u00f3rym jest Prezes Urz\u0119du Ochrony Danych Osobowych, gdy uzna Pan\/Pani, \u017ce przetwarzanie danych osobowych narusza powszechnie obowi\u0105zuj\u0105ce przepisy w tym zakresie.<\/li>\n<\/ul>\n","protected":false},"excerpt":{"rendered":"<p>O us\u0142udze Us\u0142uga PB-GUEST umo\u017cliwia po\u0142\u0105czenie z internetem w\u0142asnego komputera lub telefonu z sieci\u0105 Wi-Fi<\/p>\n","protected":false},"author":29,"featured_media":0,"parent":0,"menu_order":10,"comment_status":"closed","ping_status":"closed","template":"","meta":{"_acf_changed":false,"ngg_post_thumbnail":0,"footnotes":""},"class_list":["post-174","page","type-page","status-publish","hentry"],"acf":[],"_links":{"self":[{"href":"https:\/\/pb.edu.pl\/biaman\/wp-json\/wp\/v2\/pages\/174","targetHints":{"allow":["GET"]}}],"collection":[{"href":"https:\/\/pb.edu.pl\/biaman\/wp-json\/wp\/v2\/pages"}],"about":[{"href":"https:\/\/pb.edu.pl\/biaman\/wp-json\/wp\/v2\/types\/page"}],"author":[{"embeddable":true,"href":"https:\/\/pb.edu.pl\/biaman\/wp-json\/wp\/v2\/users\/29"}],"replies":[{"embeddable":true,"href":"https:\/\/pb.edu.pl\/biaman\/wp-json\/wp\/v2\/comments?post=174"}],"version-history":[{"count":0,"href":"https:\/\/pb.edu.pl\/biaman\/wp-json\/wp\/v2\/pages\/174\/revisions"}],"wp:attachment":[{"href":"https:\/\/pb.edu.pl\/biaman\/wp-json\/wp\/v2\/media?parent=174"}],"curies":[{"name":"wp","href":"https:\/\/api.w.org\/{rel}","templated":true}]}}