{"id":11,"date":"2018-06-28T15:37:31","date_gmt":"2018-06-28T13:37:31","guid":{"rendered":"https:\/\/pb.edu.pl\/biaman\/?page_id=11"},"modified":"2025-03-14T12:07:07","modified_gmt":"2025-03-14T11:07:07","slug":"11-2","status":"publish","type":"page","link":"https:\/\/pb.edu.pl\/biaman\/","title":{"rendered":""},"content":{"rendered":"<p><a name=\"tu-skacz\"><\/a><\/p>\n<div id=\"uslugi-telekomunikacyjne\" class=\"href\"><\/div>\n<div class=\"h1\">Us\u0142ugi telekomunikacyjne<\/div>\n<div class=\"row\">\n<div class=\"col-md-4\">\n\t<div class=\"boxlink animated zoomIn \">\n\t\t<a href=\"\/biaman\/o-nas\" class=\"no-icon\">\n\t\t\t<div class=\"boxlink-title\">O nas<span><\/span><\/div>\n\t\t\t<div class=\"boxlink-content\">\n\t\t\t\t<img decoding=\"async\" class=\"aligncenter wp-image-534 size-full\" src=\"https:\/\/pb.edu.pl\/biaman\/wp-content\/uploads\/sites\/18\/2018\/07\/o-nas.jpg\" alt=\"\">\t\t\t<\/div>\n\t\t<\/a>\n\t<\/div>\n\n<\/div>\n<div class=\"col-md-4\">\n\t<div class=\"boxlink animated zoomIn \">\n\t\t<a href=\"\/biaman\/oferta\/\" class=\"no-icon\">\n\t\t\t<div class=\"boxlink-title\">Oferta<span><\/span><\/div>\n\t\t\t<div class=\"boxlink-content\">\n\t\t\t\t<img decoding=\"async\" class=\"aligncenter wp-image-534 size-full\" src=\"https:\/\/pb.edu.pl\/biaman\/wp-content\/uploads\/sites\/18\/2018\/07\/oferta.jpg\" alt=\"\">\t\t\t<\/div>\n\t\t<\/a>\n\t<\/div>\n\n<\/div>\n<div class=\"col-md-4\">\n\t<div class=\"boxlink animated zoomIn \">\n\t\t<a href=\"\/biaman\/kontakt\/\" class=\"no-icon\">\n\t\t\t<div class=\"boxlink-title\">Kontakt<span><\/span><\/div>\n\t\t\t<div class=\"boxlink-content\">\n\t\t\t\t<img decoding=\"async\" class=\"aligncenter wp-image-534 size-full\" src=\"https:\/\/pb.edu.pl\/biaman\/wp-content\/uploads\/sites\/18\/2018\/07\/kontakt.jpg\" alt=\"\">\t\t\t<\/div>\n\t\t<\/a>\n\t<\/div>\n\n<\/div>\n<\/div>\n<div id=\"uslugi-naukowego\" class=\"href\"><\/div>\n<div class=\"h1\">Us\u0142ugi dla \u015brodowiska naukowego<\/div>\n<div class=\"row\">\n<div class=\"col-md-4\">\n\t<div class=\"boxlink animated zoomIn \">\n\t\t<a href=\"https:\/\/pb.edu.pl\/eduroam\/\" class=\"no-icon\">\n\t\t\t<div class=\"boxlink-title\">eduroam<span><\/span><\/div>\n\t\t\t<div class=\"boxlink-content\">\n\t\t\t\t<img decoding=\"async\" class=\"aligncenter wp-image-534 size-full\" src=\"https:\/\/pb.edu.pl\/biaman\/wp-content\/uploads\/sites\/18\/2020\/10\/box-eduroam.jpg\" alt=\"\">\t\t\t<\/div>\n\t\t<\/a>\n\t<\/div>\n\n<\/div>\n<div class=\"col-md-4\">\n\t<div class=\"boxlink animated zoomIn \">\n\t\t<a href=\"\/biaman\/internet-w-akademikach\/\" class=\"no-icon\">\n\t\t\t<div class=\"boxlink-title\">Internet w akademikach<span><\/span><\/div>\n\t\t\t<div class=\"boxlink-content\">\n\t\t\t\t<img decoding=\"async\" class=\"aligncenter wp-image-534 size-full\" src=\"https:\/\/pb.edu.pl\/biaman\/wp-content\/uploads\/sites\/18\/2020\/09\/2020_09_internet_w_akademikach.jpg\" alt=\"\">\t\t\t<\/div>\n\t\t<\/a>\n\t<\/div>\n\n<\/div>\n<div class=\"col-md-4\">\n\t<div class=\"boxlink animated zoomIn \">\n\t\t<a href=\"http:\/\/biaman.platontv.pl\/\" class=\"no-icon\">\n\t\t\t<div class=\"boxlink-title\">Platon TV<span><\/span><\/div>\n\t\t\t<div class=\"boxlink-content\">\n\t\t\t\t<img decoding=\"async\" class=\"aligncenter wp-image-534 size-full\" src=\"https:\/\/pb.edu.pl\/biaman\/wp-content\/uploads\/sites\/18\/2020\/10\/platon-box.jpg\" alt=\"\">\t\t\t<\/div>\n\t\t<\/a>\n\t<\/div>\n\n<\/div>\n<\/div>\n<div class=\"row\">\n<div class=\"col-md-4\">\n\t<div class=\"boxlink animated zoomIn \">\n\t\t<a href=\"\/biaman\/tcs\/\" class=\"no-icon\">\n\t\t\t<div class=\"boxlink-title\">Certyfikaty SSL \u2013 us\u0142uga TCS<span><\/span><\/div>\n\t\t\t<div class=\"boxlink-content\">\n\t\t\t\t<img loading=\"lazy\" decoding=\"async\" src=\"https:\/\/pb.edu.pl\/biaman\/wp-content\/uploads\/sites\/18\/2021\/10\/box-biaman-ssl.jpg\" alt=\"\" width=\"640\" height=\"360\" class=\"aligncenter size-full wp-image-925\" srcset=\"https:\/\/pb.edu.pl\/biaman\/wp-content\/uploads\/sites\/18\/2021\/10\/box-biaman-ssl.jpg 640w, https:\/\/pb.edu.pl\/biaman\/wp-content\/uploads\/sites\/18\/2021\/10\/box-biaman-ssl-300x169.jpg 300w\" sizes=\"auto, (max-width: 640px) 100vw, 640px\" \/>\t\t\t<\/div>\n\t\t<\/a>\n\t<\/div>\n\n<\/div>\n<div class=\"col-md-4\">\n\t<div class=\"boxlink animated zoomIn \">\n\t\t<a href=\"\/biaman\/pbc\/\" class=\"no-icon\">\n\t\t\t<div class=\"boxlink-title\">Podlaska Biblioteka Cyfrowa<span><\/span><\/div>\n\t\t\t<div class=\"boxlink-content\">\n\t\t\t\t<img loading=\"lazy\" decoding=\"async\" src=\"https:\/\/pb.edu.pl\/biaman\/wp-content\/uploads\/sites\/18\/2021\/10\/box-baiman-Podlaska-Biblioteka-Cyfrowa.jpg\" alt=\"\" width=\"640\" height=\"360\" class=\"aligncenter size-full wp-image-926\" srcset=\"https:\/\/pb.edu.pl\/biaman\/wp-content\/uploads\/sites\/18\/2021\/10\/box-baiman-Podlaska-Biblioteka-Cyfrowa.jpg 640w, https:\/\/pb.edu.pl\/biaman\/wp-content\/uploads\/sites\/18\/2021\/10\/box-baiman-Podlaska-Biblioteka-Cyfrowa-300x169.jpg 300w\" sizes=\"auto, (max-width: 640px) 100vw, 640px\" \/>\t\t\t<\/div>\n\t\t<\/a>\n\t<\/div>\n\n<\/div>\n<div class=\"col-md-4\">\n\t<div class=\"boxlink animated zoomIn \">\n\t\t<a href=\"\/biaman\/projekty-ue\/\" class=\"no-icon\">\n\t\t\t<div class=\"boxlink-title\">Projekty realizowane przez CKSR<span><\/span><\/div>\n\t\t\t<div class=\"boxlink-content\">\n\t\t\t\t<img loading=\"lazy\" decoding=\"async\" src=\"https:\/\/pb.edu.pl\/biaman\/wp-content\/uploads\/sites\/18\/2023\/11\/box-logo_FE_Inteligentny_Rozwoj.jpg\" alt=\"logo_FE_Inteligentny Rozw\u00f3j\" width=\"640\" height=\"360\" class=\"aligncenter size-full wp-image-1054\" \/>\t\t\t<\/div>\n\t\t<\/a>\n\t<\/div>\n\n<\/div>\n<\/div>\n<div id=\"uslugi-pb\" class=\"href\"><\/div>\n<div class=\"h1\">Us\u0142ugi dla Politechniki Bia\u0142ostockiej<\/div>\n<div class=\"row\">\n<div class=\"col-md-4\">\n\t<div class=\"boxlink animated zoomIn \">\n\t\t<a href=\"https:\/\/pb.edu.pl\/serwery-pocztowe\/\" class=\"no-icon\">\n\t\t\t<div class=\"boxlink-title\">Poczta elektroniczna PB<span><\/span><\/div>\n\t\t\t<div class=\"boxlink-content\">\n\t\t\t\t<img loading=\"lazy\" decoding=\"async\" src=\"https:\/\/pb.edu.pl\/biaman\/wp-content\/uploads\/sites\/18\/2021\/09\/biaman-poczta.jpg\" alt=\"\" width=\"640\" height=\"360\" class=\"aligncenter size-full wp-image-834\" srcset=\"https:\/\/pb.edu.pl\/biaman\/wp-content\/uploads\/sites\/18\/2021\/09\/biaman-poczta.jpg 640w, https:\/\/pb.edu.pl\/biaman\/wp-content\/uploads\/sites\/18\/2021\/09\/biaman-poczta-300x169.jpg 300w\" sizes=\"auto, (max-width: 640px) 100vw, 640px\" \/>\t\t\t<\/div>\n\t\t<\/a>\n\t<\/div>\n\n<\/div>\n<div class=\"col-md-4\">\n\t<div class=\"boxlink animated zoomIn \">\n\t\t<a href=\"\/biaman\/usluga-pb-guest\/\" class=\"no-icon\">\n\t\t\t<div class=\"boxlink-title\">Us\u0142uga PB-GUEST<span><\/span><\/div>\n\t\t\t<div class=\"boxlink-content\">\n\t\t\t\t<img decoding=\"async\" class=\"aligncenter wp-image-534 size-full\" src=\"https:\/\/pb.edu.pl\/biaman\/wp-content\/uploads\/sites\/18\/2020\/10\/PB-guest.jpg\" alt=\"\">\t\t\t<\/div>\n\t\t<\/a>\n\t<\/div>\n\n<\/div>\n<div class=\"col-md-4\">\n\t<div class=\"boxlink animated zoomIn \">\n\t\t<a href=\"https:\/\/pb.edu.pl\/kontakt\/obsluga-informatyczna-politechniki-bialostockiej\/\" class=\"no-icon\">\n\t\t\t<div class=\"boxlink-title\">Obs\u0142uga informatyczna PB<span><\/span><\/div>\n\t\t\t<div class=\"boxlink-content\">\n\t\t\t\t<img decoding=\"async\" class=\"aligncenter wp-image-534 size-full\" src=\"https:\/\/pb.edu.pl\/biaman\/wp-content\/uploads\/sites\/18\/2018\/08\/obsluga-pb.jpg\" alt=\"\">\t\t\t<\/div>\n\t\t<\/a>\n\t<\/div>\n\n<\/div>\n<\/div>\n","protected":false},"excerpt":{"rendered":"<p>Us\u0142ugi telekomunikacyjne Us\u0142ugi dla \u015brodowiska naukowego Us\u0142ugi dla Politechniki Bia\u0142ostockiej<\/p>\n","protected":false},"author":2,"featured_media":952,"parent":0,"menu_order":0,"comment_status":"closed","ping_status":"closed","template":"templates\/reprezentacyjna-4_8.php","meta":{"_acf_changed":false,"ngg_post_thumbnail":0,"footnotes":""},"class_list":["post-11","page","type-page","status-publish","has-post-thumbnail","hentry"],"acf":[],"_links":{"self":[{"href":"https:\/\/pb.edu.pl\/biaman\/wp-json\/wp\/v2\/pages\/11","targetHints":{"allow":["GET"]}}],"collection":[{"href":"https:\/\/pb.edu.pl\/biaman\/wp-json\/wp\/v2\/pages"}],"about":[{"href":"https:\/\/pb.edu.pl\/biaman\/wp-json\/wp\/v2\/types\/page"}],"author":[{"embeddable":true,"href":"https:\/\/pb.edu.pl\/biaman\/wp-json\/wp\/v2\/users\/2"}],"replies":[{"embeddable":true,"href":"https:\/\/pb.edu.pl\/biaman\/wp-json\/wp\/v2\/comments?post=11"}],"version-history":[{"count":0,"href":"https:\/\/pb.edu.pl\/biaman\/wp-json\/wp\/v2\/pages\/11\/revisions"}],"wp:featuredmedia":[{"embeddable":true,"href":"https:\/\/pb.edu.pl\/biaman\/wp-json\/wp\/v2\/media\/952"}],"wp:attachment":[{"href":"https:\/\/pb.edu.pl\/biaman\/wp-json\/wp\/v2\/media?parent=11"}],"curies":[{"name":"wp","href":"https:\/\/api.w.org\/{rel}","templated":true}]}}