{"id":1046,"date":"2023-11-16T09:09:07","date_gmt":"2023-11-16T08:09:07","guid":{"rendered":"https:\/\/pb.edu.pl\/biaman\/?page_id=1046"},"modified":"2026-03-02T08:27:46","modified_gmt":"2026-03-02T07:27:46","slug":"projekty-ue","status":"publish","type":"page","link":"https:\/\/pb.edu.pl\/biaman\/projekty-ue\/","title":{"rendered":"Projekty unijne realizowane przez CKSR"},"content":{"rendered":"<div class=\"panel-group\" id=\"custom-collapse-0\">\n<div class=\"panel panel-default\">\n\t\t\t\t<div class=\"panel-heading\">\n\t\t\t\t\t<div class=\"panel-title\">\n\t\t\t\t\t\t<a class=\"collapsed h4\" data-toggle=\"collapse\" data-parent=\"#custom-collapse-0\" href=\"#custom-collapse-0-0\">KMD4EOSC - Uniwersalna infrastruktura dla sk\u0142adowania i udost\u0119pniania danych oraz efektywnego przetwarzania du\u017cych wolumen\u00f3w danych w modelach HPC, BigData i sztucznej inteligencji<\/a>\n\t\t\t\t\t<\/div>\n\t\t\t\t<\/div>\n\t\t\t\t<div id=\"custom-collapse-0-0\" class=\"panel-collapse collapse\">\n\t\t\t\t\t<div class=\"panel-body\">\n<p><img loading=\"lazy\" decoding=\"async\" src=\"https:\/\/pb.edu.pl\/biaman\/wp-content\/uploads\/sites\/18\/2026\/03\/kmd4eosc-300x169.jpg\" alt=\"\" width=\"300\" height=\"169\" class=\"alignleft size-medium wp-image-1121\" srcset=\"https:\/\/pb.edu.pl\/biaman\/wp-content\/uploads\/sites\/18\/2026\/03\/kmd4eosc-300x169.jpg 300w, https:\/\/pb.edu.pl\/biaman\/wp-content\/uploads\/sites\/18\/2026\/03\/kmd4eosc-1024x576.jpg 1024w, https:\/\/pb.edu.pl\/biaman\/wp-content\/uploads\/sites\/18\/2026\/03\/kmd4eosc-768x432.jpg 768w, https:\/\/pb.edu.pl\/biaman\/wp-content\/uploads\/sites\/18\/2026\/03\/kmd4eosc-1536x864.jpg 1536w, https:\/\/pb.edu.pl\/biaman\/wp-content\/uploads\/sites\/18\/2026\/03\/kmd4eosc.jpg 1920w\" sizes=\"auto, (max-width: 300px) 100vw, 300px\" \/><br \/>\nProjekt realizowany jest celem rozwijania i wzmacniania zdolno\u015bci badawczych i innowacyjnych oraz wykorzystywania zaawansowanych technologii.<br \/>\nCelem nadrz\u0119dnym projektu jest utworzenie krajowego w\u0119z\u0142a EOSC, po\u0142\u0105czonego w federacyjnym \u015brodowisku europejskim w\u0119z\u0142em danych Komisji Europejskiej EOSC EU Node oraz innymi w\u0119z\u0142ami narodowymi kraj\u00f3w cz\u0142onkowskich EU. Stanowi\u0107 on b\u0119dzie narz\u0119dzie umo\u017cliwiaj\u0105ce zamieszczenie danych surowych otrzymanych z grant\u00f3w naukowych b\u0105d\u017a badawczo-rozwojowych NCN (Narodowe Centrum Nauki), NCBR (Narodowe Centrum Bada\u0144 i Rozwoju) oraz MNiSW.<br \/>\nZ projektu korzysta\u0107 b\u0119d\u0105 \u015brodowiska naukowe i B+R, m.in uczelnie, instytuty PAN, jednostki B+R \u2013 Pa\u0144stwowe Instytuty Badawcze (PIB), jednostki z Sieci Badawczej \u0141ukasiewicza, szeroko poj\u0119ta gospodarka, w tym jednostki szczeg\u00f3lnie zainteresowane nowymi technologiami i ich wykorzystywaniem w ramach realizacji swojej przewagi konkurencyjnej w okresie transformacji cyfrowej, administracja publiczna oraz spo\u0142ecze\u0144stwo w zakresie dost\u0119pu do otwartych danych w spos\u00f3b niedyskryminuj\u0105cy i r\u00f3wny dla wszystkich.<\/p>\n<p><a href=\"https:\/\/www.pcss.pl\/projekty\/kmd4eosc\/\" title=\"Otwiera stron\u0119 z informacjami o projekcie KMD4EOSC\">Wi\u0119cej informacji mo\u017cna znale\u017a\u0107 na stronie Pozna\u0144skiego Centrum Superkomputerowo-Sieciowego<\/a><br \/>\n<\/div>\n\t\t\t\t<\/div>\n\t\t\t<\/div>\n<div class=\"panel panel-default\">\n\t\t\t\t<div class=\"panel-heading\">\n\t\t\t\t\t<div class=\"panel-title\">\n\t\t\t\t\t\t<a class=\"collapsed h4\" data-toggle=\"collapse\" data-parent=\"#custom-collapse-0\" href=\"#custom-collapse-0-1\">PUCHACZ - Platforma Uzyskiwania CHarakterystyk Adwersarzy i CyberZagro\u017ce\u0144<\/a>\n\t\t\t\t\t<\/div>\n\t\t\t\t<\/div>\n\t\t\t\t<div id=\"custom-collapse-0-1\" class=\"panel-collapse collapse\">\n\t\t\t\t\t<div class=\"panel-body\">\n<img loading=\"lazy\" decoding=\"async\" src=\"https:\/\/pb.edu.pl\/biaman\/wp-content\/uploads\/sites\/18\/2026\/01\/projekt-puchacz-300x171.png\" alt=\"\" width=\"300\" height=\"171\" class=\"alignleft size-medium wp-image-1111\" srcset=\"https:\/\/pb.edu.pl\/biaman\/wp-content\/uploads\/sites\/18\/2026\/01\/projekt-puchacz-300x171.png 300w, https:\/\/pb.edu.pl\/biaman\/wp-content\/uploads\/sites\/18\/2026\/01\/projekt-puchacz-1024x585.png 1024w, https:\/\/pb.edu.pl\/biaman\/wp-content\/uploads\/sites\/18\/2026\/01\/projekt-puchacz-768x439.png 768w, https:\/\/pb.edu.pl\/biaman\/wp-content\/uploads\/sites\/18\/2026\/01\/projekt-puchacz.png 1344w\" sizes=\"auto, (max-width: 300px) 100vw, 300px\" \/><br \/>\nProjekt PUCHACZ (Platforma Uzyskiwania Charakterystyk Adwersarzy i Cyber Zagro\u017ce\u0144) ukierunkowany jest na budow\u0119 unikalnej infrastruktury badawczej, umo\u017cliwiaj\u0105cej realizacj\u0119 bada\u0144 w obszarze nowatorskich metod analizy i przeciwdzia\u0142ania zaawansowanym cyberatakom.<br \/>\nPUCHACZ wykorzysta w szerokim zakresie do\u015bwiadczenie zespo\u0142\u00f3w eksperckich dedykowanych do realizacji projektu przez Konsorcjant\u00f3w, w szczeg\u00f3lno\u015bci w obszarach cyberbezpiecze\u0144stwa, sztucznej inteligencji, us\u0142ug CERT\/SOC i analizy danych, a tak\u017ce mo\u017cliwo\u015bci zapewniane przez istniej\u0105ce zasoby obliczeniowe i infrastruktury sk\u0142adowania danych.<\/p>\n<p><a href=\"https:\/\/www.pcss.pl\/projekty\/puchacz\/\" title=\"Otwiera stron\u0119 z informacjami o projekcie PUCHACZ\">Wi\u0119cej informacji mo\u017cna znale\u017a\u0107 na stronie Pozna\u0144skiego Centrum Superkomputerowo-Sieciowego<\/a><br \/>\n<\/div>\n\t\t\t\t<\/div>\n\t\t\t<\/div>\n<\/div>\n<h1>Poprzednio realizowane projekty<\/h1>\n<div class=\"panel-group\" id=\"custom-collapse-1\">\n<div class=\"panel panel-default\">\n\t\t\t\t<div class=\"panel-heading\">\n\t\t\t\t\t<div class=\"panel-title\">\n\t\t\t\t\t\t<a class=\"collapsed h4\" data-toggle=\"collapse\" data-parent=\"#custom-collapse-1\" href=\"#custom-collapse-1-2\">PRACE - Wsp\u00f3\u0142praca w zakresie zaawansowanych oblicze\u0144 w Europie<\/a>\n\t\t\t\t\t<\/div>\n\t\t\t\t<\/div>\n\t\t\t\t<div id=\"custom-collapse-1-2\" class=\"panel-collapse collapse\">\n\t\t\t\t\t<div class=\"panel-body\">\n<img loading=\"lazy\" decoding=\"async\" src=\"https:\/\/pb.edu.pl\/biaman\/wp-content\/uploads\/sites\/18\/2023\/11\/PRACE-LAB_projekt_LOGO_-1408x792-1-e1700138362742-300x169.jpg\" alt=\"\" width=\"300\" height=\"169\" class=\"alignleft size-medium wp-image-1068\" srcset=\"https:\/\/pb.edu.pl\/biaman\/wp-content\/uploads\/sites\/18\/2023\/11\/PRACE-LAB_projekt_LOGO_-1408x792-1-e1700138362742-300x169.jpg 300w, https:\/\/pb.edu.pl\/biaman\/wp-content\/uploads\/sites\/18\/2023\/11\/PRACE-LAB_projekt_LOGO_-1408x792-1-e1700138362742.jpg 704w\" sizes=\"auto, (max-width: 300px) 100vw, 300px\" \/><br \/>\nCelem bezpo\u015brednim projektu jest budowa szeroko dost\u0119pnej infrastruktury obliczeniowej HPC (ang. High Performance Computing) z\u0142o\u017conej z wysokowydajnych serwer\u00f3w obliczeniowych, specjalizowanych jednostek przetwarzania i elastycznych system\u00f3w zarz\u0105dzania danymi oraz udost\u0119pnienie jednostkom naukowym i przedsi\u0119biorstwom w oparciu o t\u0119 infrastruktur\u0119 us\u0142ug dla prac badawczo-rozwojowych i dzia\u0142a\u0144 komercyjnych.<\/p>\n<p><a href=\"https:\/\/www.pcss.pl\/projekty\/prace-lab\/\" title=\"Otwiera stron\u0119 z informacjami o projekcie PRACE-LAB\">Wi\u0119cej informacji mo\u017cna znale\u017a\u0107 na stronie Pozna\u0144skiego Centrum Superkomputerowo-Sieciowego<\/a><br \/>\n<\/div>\n\t\t\t\t<\/div>\n\t\t\t<\/div>\n<div class=\"panel panel-default\">\n\t\t\t\t<div class=\"panel-heading\">\n\t\t\t\t\t<div class=\"panel-title\">\n\t\t\t\t\t\t<a class=\"collapsed h4\" data-toggle=\"collapse\" data-parent=\"#custom-collapse-1\" href=\"#custom-collapse-1-3\">KMD - Krajowy Magazyn Danych. Uniwersalna infrastruktura<\/a>\n\t\t\t\t\t<\/div>\n\t\t\t\t<\/div>\n\t\t\t\t<div id=\"custom-collapse-1-3\" class=\"panel-collapse collapse\">\n\t\t\t\t\t<div class=\"panel-body\">\n<img loading=\"lazy\" decoding=\"async\" src=\"https:\/\/pb.edu.pl\/biaman\/wp-content\/uploads\/sites\/18\/2023\/11\/logo_KMD1-1408x792-1-e1700138444111-300x169.png\" alt=\"\" width=\"300\" height=\"169\" class=\"alignleft size-medium wp-image-1069\" srcset=\"https:\/\/pb.edu.pl\/biaman\/wp-content\/uploads\/sites\/18\/2023\/11\/logo_KMD1-1408x792-1-e1700138444111-300x169.png 300w, https:\/\/pb.edu.pl\/biaman\/wp-content\/uploads\/sites\/18\/2023\/11\/logo_KMD1-1408x792-1-e1700138444111.png 704w\" sizes=\"auto, (max-width: 300px) 100vw, 300px\" \/><br \/>\nCelem bezpo\u015brednim projektu jest opracowanie i dostarczenie produkcyjnych us\u0142ug przechowywania, dost\u0119pu oraz zabezpieczania danych i zarz\u0105dzania metadanymi a tak\u017ce integracji rozwi\u0105za\u0144 dla przetwarzania du\u017cych i z\u0142o\u017conych wolumen\u00f3w danych na bazie rozproszonej infrastruktury. Umo\u017cliwi to integracj\u0119 platform analitycznych oraz rozwi\u0105za\u0144 z zakresu uczenia maszynowego i sztucznej inteligencji w infrastrukturze danych i \u015bcis\u0142\u0105 integracj\u0119 infrastruktury danych z systemami HPC i HTC w centrach HPC w celu efektywnego przetwarzanie obszernych i z\u0142o\u017conych wolumen\u00f3w i zbior\u00f3w danych.<\/p>\n<p><a href=\"https:\/\/www.pcss.pl\/projekty\/kmd\/\" title=\"Otwiera stron\u0119 z informacjami o projekcie KMD\">Wi\u0119cej informacji mo\u017cna znale\u017a\u0107 na stronie Pozna\u0144skiego Centrum Superkomputerowo-Sieciowego<\/a><br \/>\n<\/div>\n\t\t\t\t<\/div>\n\t\t\t<\/div>\n<div class=\"panel panel-default\">\n\t\t\t\t<div class=\"panel-heading\">\n\t\t\t\t\t<div class=\"panel-title\">\n\t\t\t\t\t\t<a class=\"collapsed h4\" data-toggle=\"collapse\" data-parent=\"#custom-collapse-1\" href=\"#custom-collapse-1-4\">PIONIER-LAB - Krajowa Platforma Integracji Infrastruktur Badawczych z Ekosystemami Innowacji<\/a>\n\t\t\t\t\t<\/div>\n\t\t\t\t<\/div>\n\t\t\t\t<div id=\"custom-collapse-1-4\" class=\"panel-collapse collapse\">\n\t\t\t\t\t<div class=\"panel-body\">\n<img loading=\"lazy\" decoding=\"async\" src=\"https:\/\/pb.edu.pl\/biaman\/wp-content\/uploads\/sites\/18\/2023\/11\/PIONIER-LAB_projekt_LOGO_-1-1408x792-1-e1700138505179-300x169.jpg\" alt=\"\" width=\"300\" height=\"169\" class=\"alignleft size-medium wp-image-1070\" srcset=\"https:\/\/pb.edu.pl\/biaman\/wp-content\/uploads\/sites\/18\/2023\/11\/PIONIER-LAB_projekt_LOGO_-1-1408x792-1-e1700138505179-300x169.jpg 300w, https:\/\/pb.edu.pl\/biaman\/wp-content\/uploads\/sites\/18\/2023\/11\/PIONIER-LAB_projekt_LOGO_-1-1408x792-1-e1700138505179.jpg 704w\" sizes=\"auto, (max-width: 300px) 100vw, 300px\" \/><br \/>\nProjekt zak\u0142ada budow\u0119 nowych, unikalnych laboratori\u00f3w badawczych i wykorzystanie istniej\u0105cej krajowej sieci \u015bwiat\u0142owodowej PIONIER. G\u0142\u00f3wnym za\u0142o\u017ceniem projektu PIONIER-LAB, kt\u00f3ry znajduje si\u0119 na Polskiej Mapie Drogowej Infrastruktury Badawczej, jest udost\u0119pnienie platformy dla jednostek naukowych, przedsi\u0119biorc\u00f3w i innych podmiot\u00f3w zainteresowanych prowadzeniem bada\u0144 naukowych oraz prac rozwojowych. W ramach projektu PIONIER-LAB planowane jest utworzenie 8 specjalizowanych laboratori\u00f3w:<\/p>\n<ul>\n<li>Laboratorium Innowacyjnych Technologii Sieciowych<\/li>\n<li>Rozproszone laboratorium Czasu i Cz\u0119stotliwo\u015bci<\/li>\n<li>Smart Kampus Jako Laboratorium Smart City<\/li>\n<li>Regionalne &#8222;\u017bywe&#8221; Laboratoria Innowacji Inspirowane ICT<\/li>\n<li>Laboratorium Us\u0142ug Chmurowych<\/li>\n<li>Laboratorium Symulacji Weloskalowych<\/li>\n<li>Laboratorium i Us\u0142ugi e-szkole\u0144 (w zakresie PIONIER-LAB i innowacji inspirowanych technologi\u0105)<\/li>\n<li>Laboratorium Preinkubacji<\/li>\n<\/ul>\n<p><a href=\"https:\/\/www.pcss.pl\/projekty\/pionier-lab\/\" title=\"Otwiera stron\u0119 z informacjami o projekcie PIONIER-LAB\">Wi\u0119cej informacji mo\u017cna znale\u017a\u0107 na stronie Pozna\u0144skiego Centrum Superkomputerowo-Sieciowego<\/a><br \/>\n<\/div>\n\t\t\t\t<\/div>\n\t\t\t<\/div>\n<\/div>\n<p><img loading=\"lazy\" decoding=\"async\" src=\"https:\/\/pb.edu.pl\/biaman\/wp-content\/uploads\/sites\/18\/2023\/11\/stopka-projekty-unijne.png\" alt=\"logo Fundusze Europejskie, flaga Polski, logo Uni Europejskiej\" width=\"1111\" height=\"80\" class=\"aligncenter size-full wp-image-1060\" srcset=\"https:\/\/pb.edu.pl\/biaman\/wp-content\/uploads\/sites\/18\/2023\/11\/stopka-projekty-unijne.png 1111w, https:\/\/pb.edu.pl\/biaman\/wp-content\/uploads\/sites\/18\/2023\/11\/stopka-projekty-unijne-300x22.png 300w, https:\/\/pb.edu.pl\/biaman\/wp-content\/uploads\/sites\/18\/2023\/11\/stopka-projekty-unijne-1024x74.png 1024w, https:\/\/pb.edu.pl\/biaman\/wp-content\/uploads\/sites\/18\/2023\/11\/stopka-projekty-unijne-768x55.png 768w\" sizes=\"auto, (max-width: 1111px) 100vw, 1111px\" \/><\/p>\n","protected":false},"excerpt":{"rendered":"<p>Poprzednio realizowane projekty<\/p>\n","protected":false},"author":29,"featured_media":0,"parent":0,"menu_order":0,"comment_status":"closed","ping_status":"closed","template":"","meta":{"_acf_changed":false,"ngg_post_thumbnail":0,"footnotes":""},"class_list":["post-1046","page","type-page","status-publish","hentry"],"acf":[],"_links":{"self":[{"href":"https:\/\/pb.edu.pl\/biaman\/wp-json\/wp\/v2\/pages\/1046","targetHints":{"allow":["GET"]}}],"collection":[{"href":"https:\/\/pb.edu.pl\/biaman\/wp-json\/wp\/v2\/pages"}],"about":[{"href":"https:\/\/pb.edu.pl\/biaman\/wp-json\/wp\/v2\/types\/page"}],"author":[{"embeddable":true,"href":"https:\/\/pb.edu.pl\/biaman\/wp-json\/wp\/v2\/users\/29"}],"replies":[{"embeddable":true,"href":"https:\/\/pb.edu.pl\/biaman\/wp-json\/wp\/v2\/comments?post=1046"}],"version-history":[{"count":2,"href":"https:\/\/pb.edu.pl\/biaman\/wp-json\/wp\/v2\/pages\/1046\/revisions"}],"predecessor-version":[{"id":1123,"href":"https:\/\/pb.edu.pl\/biaman\/wp-json\/wp\/v2\/pages\/1046\/revisions\/1123"}],"wp:attachment":[{"href":"https:\/\/pb.edu.pl\/biaman\/wp-json\/wp\/v2\/media?parent=1046"}],"curies":[{"name":"wp","href":"https:\/\/api.w.org\/{rel}","templated":true}]}}