{"id":102,"date":"2018-07-02T23:57:01","date_gmt":"2018-07-02T21:57:01","guid":{"rendered":"https:\/\/pb.edu.pl\/biaman\/?page_id=102"},"modified":"2022-03-15T09:38:46","modified_gmt":"2022-03-15T08:38:46","slug":"struktury-msk-biaman","status":"publish","type":"page","link":"https:\/\/pb.edu.pl\/biaman\/o-nas\/struktury-msk-biaman\/","title":{"rendered":"Struktury MSK BIAMAN"},"content":{"rendered":"<div class=\"row\">\n<div class=\"col-sm-9\"><div class=\"panel-group\" id=\"custom-collapse-0\">\n<div class=\"panel panel-default\">\n\t\t\t\t<div class=\"panel-heading\">\n\t\t\t\t\t<div class=\"panel-title\">\n\t\t\t\t\t\t<a class=\"collapsed h4\" data-toggle=\"collapse\" data-parent=\"#custom-collapse-0\" href=\"#custom-collapse-0-0\">Szkielet sieci \u015bwiat\u0142owodowej MSK BIAMAN<\/a>\n\t\t\t\t\t<\/div>\n\t\t\t\t<\/div>\n\t\t\t\t<div id=\"custom-collapse-0-0\" class=\"panel-collapse collapse\">\n\t\t\t\t\t<div class=\"panel-body\">\n<a href=\"https:\/\/pb.edu.pl\/biaman\/wp-content\/uploads\/sites\/18\/2018\/09\/topologia-MSK-BIAMAN.jpg\"><img loading=\"lazy\" decoding=\"async\" class=\"alignnone wp-image-228 size-large\" src=\"https:\/\/pb.edu.pl\/biaman\/wp-content\/uploads\/sites\/18\/2018\/09\/topologia-MSK-BIAMAN-971x1024.jpg\" alt=\"mapa typologia miejskiej sieci komputerowej Biaman w Bia\u0142ymstoku\" width=\"971\" height=\"1024\" srcset=\"https:\/\/pb.edu.pl\/biaman\/wp-content\/uploads\/sites\/18\/2018\/09\/topologia-MSK-BIAMAN-971x1024.jpg 971w, https:\/\/pb.edu.pl\/biaman\/wp-content\/uploads\/sites\/18\/2018\/09\/topologia-MSK-BIAMAN-284x300.jpg 284w, https:\/\/pb.edu.pl\/biaman\/wp-content\/uploads\/sites\/18\/2018\/09\/topologia-MSK-BIAMAN-768x810.jpg 768w\" sizes=\"auto, (max-width: 971px) 100vw, 971px\" \/><\/a><\/p>\n<\/div>\n\t\t\t\t<\/div>\n\t\t\t<\/div>\n<\/div><\/div>\n<div class=\"col-sm-3\"><a class=\"button text-center animated zoomIn\" style=\"width: 100%\" href=\"\/biaman\/o-nas\/\">O nas<\/a><br \/>\n<a class=\"button text-center animated zoomIn\" style=\"width: 100%\" href=\"\/biaman\/o-nas\/rada-zalozycieli\/\">Rada Za\u0142o\u017cycieli<\/a><br \/>\n<a class=\"button text-center animated zoomIn\" style=\"width: 100%\" href=\"\/biaman\/o-nas\/rada-uzytkownikow\/\">Rada U\u017cytkownik\u00f3w<\/a><br \/>\n<a class=\"button text-center animated zoomIn\" style=\"width: 100%\" href=\"\/biaman\/o-nas\/aktualny-stan-sieci\/\">Aktualny stan sieci<\/a><br \/>\n<a class=\"button text-center animated zoomIn active\" style=\"width: 100%\" href=\"\/biaman\/o-nas\/struktury-msk-biaman\/\">Struktury MSK BIAMAN<\/a><\/div>\n<\/div>\n","protected":false},"excerpt":{"rendered":"<p>O nas Rada Za\u0142o\u017cycieli Rada U\u017cytkownik\u00f3w Aktualny stan sieci Struktury MSK BIAMAN<\/p>\n","protected":false},"author":2,"featured_media":0,"parent":14,"menu_order":4,"comment_status":"closed","ping_status":"closed","template":"","meta":{"_acf_changed":false,"ngg_post_thumbnail":0,"footnotes":""},"class_list":["post-102","page","type-page","status-publish","hentry"],"acf":[],"_links":{"self":[{"href":"https:\/\/pb.edu.pl\/biaman\/wp-json\/wp\/v2\/pages\/102","targetHints":{"allow":["GET"]}}],"collection":[{"href":"https:\/\/pb.edu.pl\/biaman\/wp-json\/wp\/v2\/pages"}],"about":[{"href":"https:\/\/pb.edu.pl\/biaman\/wp-json\/wp\/v2\/types\/page"}],"author":[{"embeddable":true,"href":"https:\/\/pb.edu.pl\/biaman\/wp-json\/wp\/v2\/users\/2"}],"replies":[{"embeddable":true,"href":"https:\/\/pb.edu.pl\/biaman\/wp-json\/wp\/v2\/comments?post=102"}],"version-history":[{"count":0,"href":"https:\/\/pb.edu.pl\/biaman\/wp-json\/wp\/v2\/pages\/102\/revisions"}],"up":[{"embeddable":true,"href":"https:\/\/pb.edu.pl\/biaman\/wp-json\/wp\/v2\/pages\/14"}],"wp:attachment":[{"href":"https:\/\/pb.edu.pl\/biaman\/wp-json\/wp\/v2\/media?parent=102"}],"curies":[{"name":"wp","href":"https:\/\/api.w.org\/{rel}","templated":true}]}}