{"id":1016,"date":"2022-10-27T20:47:31","date_gmt":"2022-10-27T18:47:31","guid":{"rendered":"https:\/\/pb.edu.pl\/biaman\/?page_id=1016"},"modified":"2022-11-03T19:33:11","modified_gmt":"2022-11-03T18:33:11","slug":"wniosek-o-udostepnienie-na-emeryturze","status":"publish","type":"page","link":"https:\/\/pb.edu.pl\/biaman\/poczta\/wniosek-o-udostepnienie-na-emeryturze\/","title":{"rendered":"Wniosek o udost\u0119pnienie s\u0142u\u017cbowego adresu poczty elektronicznej po zako\u0144czeniu zatrudnienia pracownika z powodu przej\u015bcia na emerytur\u0119"},"content":{"rendered":"<div class=\"hidden-print\">\n<p>Wydrukowany, podpisany wniosek nale\u017cy dostarczy\u0107 do kierownika jednostki organizacyjnej, w kt\u00f3rej wnioskodawca by\u0142 ostatnio zatrudniony, a nast\u0119pnie z\u0142o\u017cy\u0107 do Rektoratu.<\/p>\n<div class=\"h3\">Formularz elektroniczny wniosku o udost\u0119pnienie s\u0142u\u017cbowego adresu poczty elektronicznej po zako\u0144czeniu zatrudnienia pracownika z powodu przej\u015bcia na emerytur\u0119<\/div>\n<p>Prosz\u0119 wype\u0142ni\u0107 pola oznaczone (*) i wydrukowa\u0107 wniosek.\n<\/p><\/div>\n\n\t<div class=\"form-print\">\n\t\t<div class=\"form-print-section\">\n\t\t\t<div class=\"form-print-row\">\n\t\t\t\t<label class=\"col-4 text-right\" for=\"imie\">Imi\u0119:<sup>*<\/sup><\/label>\n\t\t\t\t<div class=\"col-4\"><input type=\"text\" id=\"imie\"><\/div>\n\t\t\t<\/div>\n\t\t\t<div class=\"form-print-row\">\n\t\t\t\t<label class=\"col-4 text-right\" for=\"nazwisko\">Nazwisko:<sup>*<\/sup><\/label>\n\t\t\t\t<div class=\"col-4\"><input type=\"text\" id=\"nazwisko\"><\/div>\n\t\t\t<\/div>\n      <div class=\"form-print-row\">\n\t\t\t\t<label class=\"col-4 text-right\" for=\"jedn\">Jednostka organizacyjna, <br><small>w kt\u00f3rej wnioskodawca by\u0142 ostatnio zatrudniony<\/small>:<sup>*<\/sup><\/label>\n\t\t\t\t<div class=\"col-8\"><input type=\"text\" id=\"jedn\"><\/div>\n\t\t\t<\/div>\n\t\t\t<div class=\"form-print-row\">\n\t\t\t\t<label class=\"col-4 text-right\" for=\"email\">Adres e-mail wykorzystywany w trakcie pracy:<sup>*<\/sup><\/label>\n\t\t\t\t<div class=\"col-4\">\n          <input type=\"text\" id=\"email\" placeholder=\"@pb.edu.pl\" data-sufix=\"@pb.edu.pl\">\n        <\/div>\n\t\t\t<\/div>\n      <div class=\"form-print-row\">\n        <div class=\"col-4 text-right\"><\/div>\n        <div class=\"col-8\">\n          <small class=\"text-small\" style=\"display:block;margin:8px 0 10px\"><em>Prywatny adres poczty elektronicznej zewn\u0119trznego us\u0142ugodawcy wskazany przez wnioskodawc\u0119, na kt\u00f3ry b\u0119dzie automatycznie przekierowywana ca\u0142a korespondencja przychodz\u0105ca na adres s\u0142u\u017cbowy.<\/em><\/small>\n        <\/div>\n      <\/div>\n      <div class=\"form-print-row\">\n        <label class=\"col-4 text-right\" for=\"prywatny-email\">Prywatny adres e-mail:<sup>*<\/sup><\/label>\n        <div class=\"col-4\">\n          <input type=\"text\" id=\"prywatny-email\">\n        <\/div>\n      <\/div>\t\t\t      \n\t\t\t<div class=\"form-print-row\">\n        <label class=\"col-4 text-right\" for=\"jedn\">Uzasadnienie:<sup>*<\/sup><\/label>\n\t\t\t\t<div class=\"col-8\">\n          <textarea id=\"uzasadnienie\" placeholder=\"uzasadnienie wniosku opisuj\u0105ce potrzeb\u0119 dalszego utrzymywania kontakt\u00f3w zawodowych, kt\u00f3re wymagaj\u0105 korzystania z dotychczasowego adresu poczty elektronicznej (np. adres jest zarejestrowany w zewn\u0119trznych systemach naukowych lub badawczych i nie ma mo\u017cliwo\u015bci jego zmiany)\"><\/textarea>\n        <\/div>\n\t\t\t<\/div>\n\t\t<\/div>\n\t\t<div class=\"form-print-section\">\n\t\t\t<div class=\"form-print-row\">\n\t\t\t\t<label>\n\t\t\t\t\t<input type=\"checkbox\" id=\"zgoda\">\n\t\t\t\t\t<em>Przyjmuj\u0119 do wiadomo\u015bci, \u017ce udost\u0119pnienie s\u0142u\u017cbowego adresu poczty elektronicznej jest ograniczone czasowo do 12 miesi\u0119cy. Na 30 dni przed wy\u0142\u0105czeniem przekierowania serwer przesy\u0142a na adres poczty elektronicznej pracownika emerytowanego komunikat o ko\u0144cz\u0105cym si\u0119 okresie przekierowania. Okres ten mo\u017ce zosta\u0107 przed\u0142u\u017cony na kolejne 12 miesi\u0119cy poprzez z\u0142o\u017cenie nowego wniosku.<\/em>\n\t\t\t\t<\/label>\n\t\t\t<\/div>\n\t\t\t<div class=\"form-print-row\">\n        <div class=\"col-6\"><\/div>\n\t\t\t\t<div class=\"col-6\">\n\t\t\t\t\t<div class=\"form-print-sign\"><span>Data i podpis Wnioskodawcy<\/span><\/div>\n\t\t\t\t<\/div>\t\t\t\t\n\t\t\t<\/div>\n    <\/div>\n   \n\t\t<div class=\"form-print-section\">\n      <div class=\"form-print-row\">\n        <div div class=\"col-12\">\n          <div class=\"form-print-sign\"><span>Zgoda kierownika jednostki organizacyjnej, w kt\u00f3rej wnioskodawca by\u0142 ostatnio zatrudniony<\/span><\/div>\n        <\/div>\n      <\/div>\n      <br>\n      <br>\n      <div class=\"form-print-row\">\n        <div div class=\"col-12\">\n          <div class=\"form-print-sign\"><span>Zgoda Rektora Politechniki Bia\u0142ostockiej<\/span><\/div>\n        <\/div>\n      <\/div>\n\t\t<\/div>\n   \n\t\t<div class=\"form-print-section\">\n\t\t\t<p><strong>Wype\u0142nia Centrum Komputerowych Sieci Rozleg\u0142ych<\/strong><\/p>\n\t\t\t<div class=\"form-print-row\">\n\t\t\t\t<div class=\"col-6\">\n\t\t\t\t<\/div>\n\t\t\t\t<div class=\"col-6\">\n\t\t\t\t\t<div class=\"form-print-sign\"><span>Data uruchomienia przekierowania i podpis administratora<\/span><\/div>\n\t\t\t\t<\/div>\n\t\t\t<\/div>\n\t\t<\/div>\n\t\t<div class=\"text-right\"><button class=\"button hidden-print\" onclick=\"javascript:printForm()\">Wydrukuj wniosek<\/button><\/div>\n\t<\/div>\n\t<script src=\"https:\/\/cdn.jsdelivr.net\/npm\/@tarekraafat\/autocomplete.js@10.2.6\/dist\/autoComplete.min.js\"><\/script>\n\t<script>\n\t\tjQuery(document).ready(function() {\n\t\t\tjQuery('[name=\"forma\"]').on('change', function(e) {\n\t\t\t\tvar value = jQuery('[name=\"forma\"]:checked').val();\n\t\t\t\tjQuery('[data-form=\"1\"]').toggleClass('hidden', value != '1');\n\t\t\t\tjQuery('[data-form=\"2\"]').toggleClass('hidden', value != '2');\n\t\t\t});\n\t\t\tjQuery('input#zgoda').on('change', function(e) {\n\t\t\t\tjQuery('input#email2').prop('disabled', !jQuery('input#zgoda').prop('checked'));\n\t\t\t});\n\n\t\t\twindow.genPassword = function(length) {\n\t\t\t\tjQuery.ajax({\n\t\t\t\t\t\turl: _pb.ajax_url + '?action=gen_password',\n\t\t\t\t\t\tmethod: 'post',\n\t\t\t\t\t\tdata: {\n\t\t\t\t\t\t\tlength: length,\n\t\t\t\t\t\t\tsecurity: _pb.ajax_nonce\n\t\t\t\t\t\t}\n\t\t\t\t\t}).done(function(data) {\n\t\t\t\t\t\tjQuery('input#pass').val(data);\n\t\t\t\t\t});\n\t\t\t}\n\n\t\t\twindow.genEmail = function() {\n\t\t\t\tvar firstname = jQuery('input#imie').val().toLowerCase();\n\t\t\t\tvar lastname = jQuery('input#nazwisko').val().toLowerCase();\n\n\t\t\t\tif (!firstname || !lastname) {\n\t\t\t\t\treturn;\n\t\t\t\t}\n\n\t\t\t\tjQuery('.loader').addClass('active');\n\n\t\t\t\tif (firstname && lastname) {\n\t\t\t\t\tjQuery.ajax({\n\t\t\t\t\t\turl: _pb.ajax_url + '?action=check_mail',\n\t\t\t\t\t\tmethod: 'post',\n\t\t\t\t\t\tdata: {\n\t\t\t\t\t\t\tfirstname,\n\t\t\t\t\t\t\tlastname,\n\t\t\t\t\t\t\tsecurity: _pb.ajax_nonce\n\t\t\t\t\t\t}\n\t\t\t\t\t}).done(function(data) {\n\t\t\t\t\t\tjQuery('input#email').val(data);\n\t\t\t\t\t\tjQuery('.loader').removeClass('active');\n\t\t\t\t\t\twindow.genPassword(10);\n\t\t\t\t\t}).fail(function(jqXHR, textStatus) {\n\t\t\t\t\t\tjQuery('input#email').addClass('invalid');\n\t\t\t\t\t\tjQuery('.loader').removeClass('active');\n\t\t\t\t\t});\n\t\t\t\t}\n\t\t\t}\n\n\t\t\twindow.printForm = function() {\n\t\t\t\tjQuery('input#nazwisko').toggleClass('invalid', !jQuery('input#nazwisko').val());\n\t\t\t\tjQuery('input#imie').toggleClass('invalid', !jQuery('input#imie').val());\n\t\t\t\tjQuery('input#jedn').toggleClass('invalid', !jQuery('input#jedn').val());\n\t\t\t\tjQuery('input#email2').toggleClass('invalid', !jQuery('input#email2').val() && jQuery('input#zgoda').prop('checked'));\n\n\t\t\t\tif (jQuery('.form-print .invalid').length > 0) {\n\t\t\t\t\talert('Formularz zawiera braki, uzupe\u0142nij przed wydrukiem.');\n\t\t\t\t} else {\n\t\t\t\t\twindow.print();\n\t\t\t\t}\n\t\t\t}\n\n\t\t\tconst autoCompleteConfig = {\n\t\t\t\tselector: \"#jedn\",\n\t\t\t\tdata: {\n\t\t\t\t\tsrc: async (query) => {\n\t\t\t\t\t\ttry {\n\t\t\t\t\t\t\tdocument\n\t\t\t\t\t\t\t\t.getElementById(\"jedn\")\n\t\t\t\t\t\t\t\t.setAttribute(\"placeholder\", \"szukam...\");\n\t\t\t\t\t\t\tconst source = await fetch(\n\t\t\t\t\t\t\t\t_pb.ajax_url + \"?action=units_autocomplete&s=\" + query\n\t\t\t\t\t\t\t);\n\t\t\t\t\t\t\tconst data = await source.json();\n\n\t\t\t\t\t\t\tdocument\n\t\t\t\t\t\t\t\t.getElementById(\"jedn\")\n\t\t\t\t\t\t\t\t.setAttribute(\"placeholder\", autoCompleteJS.placeHolder);\n\t\t\t\t\t\t\treturn data;\n\t\t\t\t\t\t} catch (error) {\n\t\t\t\t\t\t\tconsole.log(error);\n\t\t\t\t\t\t\treturn error;\n\t\t\t\t\t\t}\n\t\t\t\t\t},\n\t\t\t\t\tkeys: [\"name\"],\n\t\t\t\t\tcache: false,\n\t\t\t\t\tfilter: (list) => {\n\t\t\t\t\t\tconst filteredResults = Array.from(\n\t\t\t\t\t\t\tnew Set(list.map((value) => value.match))\n\t\t\t\t\t\t).map((food) => {\n\t\t\t\t\t\t\treturn list.find((value) => value.match === food);\n\t\t\t\t\t\t});\n\n\t\t\t\t\t\treturn filteredResults;\n\t\t\t\t\t},\n\t\t\t\t},\n\t\t\t\tplaceHolder: \"Wyszukaj lub wpisz...\",\n\t\t\t\tresultsList: {\n\t\t\t\t\telement: (list, data) => {},\n\t\t\t\t\tnoResults: true,\n\t\t\t\t\tmaxResults: 15,\n\t\t\t\t\ttabSelect: true,\n\t\t\t\t},\n\t\t\t\tresultItem: {\n\t\t\t\t\telement: (item, data) => {\n\t\t\t\t\t\titem.style = \"display: flex; justify-content: space-between;\";\n\t\t\t\t\t\titem.innerHTML = '<span style=\"text-overflow: ellipsis; white-space: nowrap; overflow: hidden;\">' + data.match + '<\/span><span style=\"display: flex; align-items: center; font-size: 13px; font-weight: 100; text-transform: uppercase; color: rgba(0,0,0,.2);white-space: nowrap;\">' + data.value.short + '<\/span>';\n\t\t\t\t\t},\n\t\t\t\t\thighlight: true,\n\t\t\t\t},\n\t\t\t\tevents: {\n\t\t\t\t\tinput: {\n\t\t\t\t\t\tfocus() {\n\t\t\t\t\t\t\tif (autoCompleteJS.input.value.length)\n\t\t\t\t\t\t\t\tautoCompleteJS.start();\n\t\t\t\t\t\t},\n\t\t\t\t\t\tselection(event) {\n\t\t\t\t\t\t\tconst feedback = event.detail;\n\t\t\t\t\t\t\tautoCompleteJS.input.blur();\n\t\t\t\t\t\t\tconst selection = feedback.selection.value[feedback.selection.key];\n\t\t\t\t\t\t\tautoCompleteJS.input.value = (feedback.selection.value.short ? feedback.selection.value.short + ' - ' : '') + selection;\n\n\t\t\t\t\t\t},\n\t\t\t\t\t\tclose(event) {\n\t\t\t\t\t\t\t\n\t\t\t\t\t\t}\n\t\t\t\t\t},\n\t\t\t\t},\n\t\t\t};\n\n\t\t\twindow.autoCompleteJS = new autoComplete(autoCompleteConfig);\n\n      function setCaretPosition(ctrl, pos) {\n        \/\/ Modern browsers\n        if (ctrl.setSelectionRange) {\n          ctrl.focus();\n          ctrl.setSelectionRange(pos, pos);\n\n          \/\/ IE8 and below\n        } else if (ctrl.createTextRange) {\n          var range = ctrl.createTextRange();\n          range.collapse(true);\n          range.moveEnd('character', pos);\n          range.moveStart('character', pos);\n          range.select();\n        }\n      }\n\n      jQuery('input[data-sufix]').on('keyup', function(e) {\n\t\t\t\tvar sufix = jQuery(e.target).data('sufix');\n\t\t\t\tvar value = e.target.value.replace(sufix, '');\n\t\t\t\tif (e.target.value) {\n\t\t\t\t\te.target.value = value + sufix;\n\t\t\t\t\tsetCaretPosition(e.target, value.length);\n\t\t\t\t}\n\t\t\t});\n\t\t});\n\t<\/script>\n\n\n<div class=\"hidden-print\">\n<hr>\n<div class=\"h3\">W celu pobrania pustego formularza u\u017cyj skr\u00f3tu klawiszowego: ctrl+P<\/div>\n<\/div>\n","protected":false},"excerpt":{"rendered":"<p>Wydrukowany, podpisany wniosek nale\u017cy dostarczy\u0107 do kierownika jednostki organizacyjnej, w kt\u00f3rej wnioskodawca by\u0142 ostatnio zatrudniony,<\/p>\n","protected":false},"author":2,"featured_media":0,"parent":789,"menu_order":5,"comment_status":"closed","ping_status":"closed","template":"","meta":{"_acf_changed":false,"ngg_post_thumbnail":0,"footnotes":""},"class_list":["post-1016","page","type-page","status-publish","hentry"],"acf":[],"_links":{"self":[{"href":"https:\/\/pb.edu.pl\/biaman\/wp-json\/wp\/v2\/pages\/1016","targetHints":{"allow":["GET"]}}],"collection":[{"href":"https:\/\/pb.edu.pl\/biaman\/wp-json\/wp\/v2\/pages"}],"about":[{"href":"https:\/\/pb.edu.pl\/biaman\/wp-json\/wp\/v2\/types\/page"}],"author":[{"embeddable":true,"href":"https:\/\/pb.edu.pl\/biaman\/wp-json\/wp\/v2\/users\/2"}],"replies":[{"embeddable":true,"href":"https:\/\/pb.edu.pl\/biaman\/wp-json\/wp\/v2\/comments?post=1016"}],"version-history":[{"count":0,"href":"https:\/\/pb.edu.pl\/biaman\/wp-json\/wp\/v2\/pages\/1016\/revisions"}],"up":[{"embeddable":true,"href":"https:\/\/pb.edu.pl\/biaman\/wp-json\/wp\/v2\/pages\/789"}],"wp:attachment":[{"href":"https:\/\/pb.edu.pl\/biaman\/wp-json\/wp\/v2\/media?parent=1016"}],"curies":[{"name":"wp","href":"https:\/\/api.w.org\/{rel}","templated":true}]}}