{"id":11,"date":"2018-09-23T16:22:22","date_gmt":"2018-09-23T14:22:22","guid":{"rendered":"https:\/\/pb.edu.pl\/azs\/?page_id=11"},"modified":"2021-03-23T22:57:31","modified_gmt":"2021-03-23T21:57:31","slug":"azs-pb","status":"publish","type":"page","link":"https:\/\/pb.edu.pl\/azs\/","title":{"rendered":"AZS PB"},"content":{"rendered":"<p>&nbsp;<\/p>\n<div id=\"aktualnosci\" class=\"href\"><\/div>\n<p><a class=\"h1 color\"\" style=\"text-decoration: none\" title=\"Aktualno\u015bci\" href=\"\/azs\/aktualnosci\/\">Aktualno\u015bci <i class=\"fa fa-caret-right\" aria-hidden=\"true\"><\/i><\/a><br \/>\n\t\t<div class=\"box news-box \">\n\t\t<div class=\"row\">\n\t\t\t\n\t\t\t\n\t\t\t\t\n\t\t\t\t\t\t\t\t\t\t<div class=\"col-sm-3\">\n\t\t\t\t\t\t\t\n<article class=\"format-standard\">\n    <span class=\"date text-right\"><i class=\"fal fa-calendar-alt\"><\/i> 18-02-2025<\/span>\n    <a href=\"https:\/\/pb.edu.pl\/azs\/2025\/02\/18\/akademickie-mistrzostwa-polski-w-karate-wkf\/\">\n      <div class=\"article-image\">\n        <img loading=\"lazy\" decoding=\"async\" width=\"480\" height=\"300\" src=\"https:\/\/pb.edu.pl\/azs\/wp-content\/uploads\/sites\/22\/2025\/02\/Karate-2025-480x300.jpg\" class=\"attachment-medium-image-16x10 size-medium-image-16x10 wp-post-image\" alt=\"\" \/>      <\/div>\n      <h3>AMP w Karate WKF<\/h3>\n      &nbsp;Hej, mamy wielkie wie\u015bci!&nbsp;Z ogromn\u0105 przyjemno\u015bci\u0105 informujemy, \u017ce jeste\u015bmy organizatorami Akademickich    <\/a>\n<\/article>\t\t\t\t\t\t<\/div>\n\t\t\t\t\t\t\t\t\t\t\t<div class=\"col-sm-3\">\n\t\t\t\t\t\t\t\n<article class=\"format-standard\">\n    <span class=\"date text-right\"><i class=\"fal fa-calendar-alt\"><\/i> 24-01-2025<\/span>\n    <a href=\"https:\/\/pb.edu.pl\/azs\/2025\/01\/24\/akademickie-mistrzostwa-polski-w-judo-2\/\">\n      <div class=\"article-image\">\n        <img loading=\"lazy\" decoding=\"async\" width=\"480\" height=\"300\" src=\"https:\/\/pb.edu.pl\/azs\/wp-content\/uploads\/sites\/22\/2025\/01\/Judo-480x300.jpg\" class=\"attachment-medium-image-16x10 size-medium-image-16x10 wp-post-image\" alt=\"\" \/>      <\/div>\n      <h3>Akademickie Mistrzostwa Polski w Judo<\/h3>\n      Z ogromn\u0105 przyjemno\u015bci\u0105 informujemy, \u017ce jeste\u015bmy organizatorami Akademickich Mistrzostw Polski w    <\/a>\n<\/article>\t\t\t\t\t\t<\/div>\n\t\t\t\t\t\t\t\t\t\t\t<div class=\"col-sm-3\">\n\t\t\t\t\t\t\t\n<article class=\"format-standard\">\n    <span class=\"date text-right\"><i class=\"fal fa-calendar-alt\"><\/i> 27-09-2024<\/span>\n    <a href=\"https:\/\/pb.edu.pl\/azs\/2024\/09\/27\/755\/\">\n      <div class=\"article-image\">\n              <\/div>\n      <h3>Harmonogram trening\u00f3w sekcji sportowych AZS PB w roku akademickim 2024\/2025<\/h3>\n      Zapraszamy wszystkich Student\u00f3w\/ Absolwent\u00f3w Politechniki Bia\u0142ostockiej na treningi sekcji sportowych Klubu    <\/a>\n<\/article>\t\t\t\t\t\t<\/div>\n\t\t\t\t\t\t\t\t\t\t\t<div class=\"col-sm-3\">\n\t\t\t\t\t\t\t\n<article class=\"format-standard\">\n    <span class=\"date text-right\"><i class=\"fal fa-calendar-alt\"><\/i> 25-03-2024<\/span>\n    <a href=\"https:\/\/pb.edu.pl\/azs\/2024\/03\/25\/ordynacja-wyborcza-klubu-uczelnianego-azs-politechniki-bialostockiej\/\">\n      <div class=\"article-image\">\n              <\/div>\n      <h3>Walne Zebranie Sprawozdawczo &#8211; Wyborcze<\/h3>\n      Walne Zebranie Sprawozdawczo &#8211; Wyborcze Termin: 18.04.2024 r, godzina 18.00 Miejsce:    <\/a>\n<\/article>\t\t\t\t\t\t<\/div>\n\t\t\t\t\t\t\t\t\t\t\t<div class=\"col-sm-3\">\n\t\t\t\t\t\t\t\n<article class=\"format-standard\">\n    <span class=\"date text-right\"><i class=\"fal fa-calendar-alt\"><\/i> 26-02-2024<\/span>\n    <a href=\"https:\/\/pb.edu.pl\/azs\/2024\/02\/26\/instrukcja-wyrobienia-legitymacji-azs-isic\/\">\n      <div class=\"article-image\">\n              <\/div>\n      <h3>Instrukcja wyrobienia legitymacji AZS &#8211; ISIC<\/h3>\n      Instrukcja wyrobienia legitymacji:&nbsp; http:\/\/azs.pl\/legitymacja-azs Wybieramy zak\u0142adk\u0119: Cz\u0142onkostwo w AZS -&gt; Rodzaje    <\/a>\n<\/article>\t\t\t\t\t\t<\/div>\n\t\t\t\t\t\t\t\t\t\t\t<div class=\"col-sm-3\">\n\t\t\t\t\t\t\t\n<article class=\"format-standard\">\n    <span class=\"date text-right\"><i class=\"fal fa-calendar-alt\"><\/i> 19-10-2023<\/span>\n    <a href=\"https:\/\/pb.edu.pl\/azs\/2023\/10\/19\/harmonogram-treningow-sekcji-sportowych-klubu-uczelnianego-azs-politechniki-bialostockiej\/\">\n      <div class=\"article-image\">\n              <\/div>\n      <h3>Harmonogram trening\u00f3w sekcji sportowych Klubu Uczelnianego AZS Politechniki Bia\u0142ostockiej<\/h3>\n      Zapraszamy wszystkich Student\u00f3w\/ Absolwent\u00f3w Politechniki Bia\u0142ostockiej na treningi sekcji sportowych Klubu    <\/a>\n<\/article>\t\t\t\t\t\t<\/div>\n\t\t\t\t\t\t\t\t\t\t\t<div class=\"col-sm-3\">\n\t\t\t\t\t\t\t\n<article class=\"format-standard\">\n    <span class=\"date text-right\"><i class=\"fal fa-calendar-alt\"><\/i> 04-10-2022<\/span>\n    <a href=\"https:\/\/pb.edu.pl\/azs\/2022\/10\/04\/plan-treningowy-sekcji-klubu-uczelnianego-azs-politechniki-bialostockiej-w-roku-akademickim-2019-2020\/\">\n      <div class=\"article-image\">\n              <\/div>\n      <h3>PLAN  TRENINGOWY SEKCJI KLUBU UCZELNIANEGO AZS POLITECHNIKI BIA\u0141OSTOCKIEJ W ROKU AKADEMICKIM 2022\/2023<\/h3>\n      ZAPRASZAMY WSZYSTKICH STUDENT\u00d3W, SPORTOWC\u00d3W NA TRENINGI SEKCJI !!! &nbsp; Judo \u2013    <\/a>\n<\/article>\t\t\t\t\t\t<\/div>\n\t\t\t\t\t\t\t\t\t\t\t<div class=\"col-sm-3\">\n\t\t\t\t\t\t\t\n<article class=\"format-standard\">\n    <span class=\"date text-right\"><i class=\"fal fa-calendar-alt\"><\/i> 30-09-2019<\/span>\n    <a href=\"https:\/\/pb.edu.pl\/azs\/2019\/09\/30\/zapraszamy-na-test-coopera-dla-wszystkich\/\">\n      <div class=\"article-image\">\n              <\/div>\n      <h3>ZAPRASZAMY NA TEST COOPERA DLA WSZYSTKICH<\/h3>\n      Zapraszamy na jesienn\u0105 edycj\u0119 Testu Coopera. Ka\u017cdy mo\u017ce si\u0119 sprawdzi\u0107 w    <\/a>\n<\/article>\t\t\t\t\t\t<\/div>\n\t\t\t\t\t\t\t\t\t\t\t<div class=\"col-sm-3\">\n\t\t\t\t\t\t\t\n<article class=\"format-standard\">\n    <span class=\"date text-right\"><i class=\"fal fa-calendar-alt\"><\/i> 04-06-2019<\/span>\n    <a href=\"https:\/\/pb.edu.pl\/azs\/2019\/06\/04\/mistrzostwa-politechniki-bialostockiej-w-siatkowce-2019\/\">\n      <div class=\"article-image\">\n        <img loading=\"lazy\" decoding=\"async\" width=\"449\" height=\"300\" src=\"https:\/\/pb.edu.pl\/azs\/wp-content\/uploads\/sites\/22\/2019\/01\/siata.jpg\" class=\"attachment-medium-image-16x10 size-medium-image-16x10 wp-post-image\" alt=\"\" srcset=\"https:\/\/pb.edu.pl\/azs\/wp-content\/uploads\/sites\/22\/2019\/01\/siata.jpg 620w, https:\/\/pb.edu.pl\/azs\/wp-content\/uploads\/sites\/22\/2019\/01\/siata-300x200.jpg 300w, https:\/\/pb.edu.pl\/azs\/wp-content\/uploads\/sites\/22\/2019\/01\/siata-480x320.jpg 480w\" sizes=\"auto, (max-width: 449px) 100vw, 449px\" \/>      <\/div>\n      <h3>Mistrzostwa Politechniki Bia\u0142ostockiej w Siatk\u00f3wce 2019<\/h3>\n      Mistrzostwa Politechniki Bia\u0142ostockiej w Siatk\u00f3wce 2019. W dniach 13.05.2019 \u2013 29.05.2019    <\/a>\n<\/article>\t\t\t\t\t\t<\/div>\n\t\t\t\t\t\t\t\t\t\t\t<div class=\"col-sm-3\">\n\t\t\t\t\t\t\t\n<article class=\"format-standard\">\n    <span class=\"date text-right\"><i class=\"fal fa-calendar-alt\"><\/i> 04-06-2019<\/span>\n    <a href=\"https:\/\/pb.edu.pl\/azs\/2019\/06\/04\/akademickie-mistrzostwa-polski-w-lekkiej-atletyce-lodz-2019\/\">\n      <div class=\"article-image\">\n        <img loading=\"lazy\" decoding=\"async\" width=\"345\" height=\"300\" src=\"https:\/\/pb.edu.pl\/azs\/wp-content\/uploads\/sites\/22\/2019\/06\/amp_la.jpg\" class=\"attachment-medium-image-16x10 size-medium-image-16x10 wp-post-image\" alt=\"\" srcset=\"https:\/\/pb.edu.pl\/azs\/wp-content\/uploads\/sites\/22\/2019\/06\/amp_la.jpg 782w, https:\/\/pb.edu.pl\/azs\/wp-content\/uploads\/sites\/22\/2019\/06\/amp_la-300x261.jpg 300w, https:\/\/pb.edu.pl\/azs\/wp-content\/uploads\/sites\/22\/2019\/06\/amp_la-768x668.jpg 768w\" sizes=\"auto, (max-width: 345px) 100vw, 345px\" \/>      <\/div>\n      <h3>AKADEMICKIE MISTRZOSTWA POLSKI w LEKKIEJ ATLETYCE \u0141\u00f3d\u017a 2019<\/h3>\n      Po raz 60 \u2013 ty w historii lekkoatletyczna reprezentacja Politechniki Bia\u0142ostockiej    <\/a>\n<\/article>\t\t\t\t\t\t<\/div>\n\t\t\t\t\t\t\t\t\t\t\t<div class=\"col-sm-3\">\n\t\t\t\t\t\t\t\n<article class=\"format-standard\">\n    <span class=\"date text-right\"><i class=\"fal fa-calendar-alt\"><\/i> 04-06-2019<\/span>\n    <a href=\"https:\/\/pb.edu.pl\/azs\/2019\/06\/04\/mistrzostwa-polski-w-karate-wkf\/\">\n      <div class=\"article-image\">\n        <img loading=\"lazy\" decoding=\"async\" width=\"318\" height=\"300\" src=\"https:\/\/pb.edu.pl\/azs\/wp-content\/uploads\/sites\/22\/2019\/06\/amp_karate.jpg\" class=\"attachment-medium-image-16x10 size-medium-image-16x10 wp-post-image\" alt=\"\" srcset=\"https:\/\/pb.edu.pl\/azs\/wp-content\/uploads\/sites\/22\/2019\/06\/amp_karate.jpg 824w, https:\/\/pb.edu.pl\/azs\/wp-content\/uploads\/sites\/22\/2019\/06\/amp_karate-300x283.jpg 300w, https:\/\/pb.edu.pl\/azs\/wp-content\/uploads\/sites\/22\/2019\/06\/amp_karate-768x724.jpg 768w\" sizes=\"auto, (max-width: 318px) 100vw, 318px\" \/>      <\/div>\n      <h3>AKADEMICKIE MISTRZOSTWA POLSKI W KARATE<\/h3>\n      W dniach 25 \u2013 26 maja 2019 roku dru\u017cyna karate WKF    <\/a>\n<\/article>\t\t\t\t\t\t<\/div>\n\t\t\t\t\t\t\t\t\t\t\t<div class=\"col-sm-3\">\n\t\t\t\t\t\t\t\n<article class=\"format-standard\">\n    <span class=\"date text-right\"><i class=\"fal fa-calendar-alt\"><\/i> 04-06-2019<\/span>\n    <a href=\"https:\/\/pb.edu.pl\/azs\/2019\/06\/04\/wyniki-ligi-miedzyuczelnianej-w-pilce-siatkowej-w-roku-akademickim-2018-2019\/\">\n      <div class=\"article-image\">\n        <img loading=\"lazy\" decoding=\"async\" width=\"449\" height=\"300\" src=\"https:\/\/pb.edu.pl\/azs\/wp-content\/uploads\/sites\/22\/2019\/01\/siata.jpg\" class=\"attachment-medium-image-16x10 size-medium-image-16x10 wp-post-image\" alt=\"\" srcset=\"https:\/\/pb.edu.pl\/azs\/wp-content\/uploads\/sites\/22\/2019\/01\/siata.jpg 620w, https:\/\/pb.edu.pl\/azs\/wp-content\/uploads\/sites\/22\/2019\/01\/siata-300x200.jpg 300w, https:\/\/pb.edu.pl\/azs\/wp-content\/uploads\/sites\/22\/2019\/01\/siata-480x320.jpg 480w\" sizes=\"auto, (max-width: 449px) 100vw, 449px\" \/>      <\/div>\n      <h3>Wyniki  ligi mi\u0119dzyuczelnianej w pi\u0142ce siatkowej w roku akademickim 2018\/2019<\/h3>\n      Wyniki&nbsp; ligi mi\u0119dzyuczelnianej w pi\u0142ce siatkowej m\u0119\u017cczyzn w roku akademickim 2018\/2019    <\/a>\n<\/article>\t\t\t\t\t\t<\/div>\n\t\t\t\t\t\t\t\t\t\t\t<div class=\"col-sm-3\">\n\t\t\t\t\t\t\t\n<article class=\"format-standard\">\n    <span class=\"date text-right\"><i class=\"fal fa-calendar-alt\"><\/i> 28-05-2019<\/span>\n    <a href=\"https:\/\/pb.edu.pl\/azs\/2019\/05\/28\/uroczyste-zakonczenie-sportowego-roku-akademickiego-2018-19\/\">\n      <div class=\"article-image\">\n        <img loading=\"lazy\" decoding=\"async\" width=\"400\" height=\"300\" src=\"https:\/\/pb.edu.pl\/azs\/wp-content\/uploads\/sites\/22\/2019\/05\/azs_puchary.jpg\" class=\"attachment-medium-image-16x10 size-medium-image-16x10 wp-post-image\" alt=\"\" srcset=\"https:\/\/pb.edu.pl\/azs\/wp-content\/uploads\/sites\/22\/2019\/05\/azs_puchary.jpg 800w, https:\/\/pb.edu.pl\/azs\/wp-content\/uploads\/sites\/22\/2019\/05\/azs_puchary-300x225.jpg 300w, https:\/\/pb.edu.pl\/azs\/wp-content\/uploads\/sites\/22\/2019\/05\/azs_puchary-768x576.jpg 768w\" sizes=\"auto, (max-width: 400px) 100vw, 400px\" \/>      <\/div>\n      <h3>Uroczyste zako\u0144czenie Sportowego Roku Akademickiego 2018\/19<\/h3>\n      Zapraszamy wszystkich cz\u0142onk\u00f3w AZS i sympatyk\u00f3w sportu akademickiego na Uroczyste Zako\u0144czenie    <\/a>\n<\/article>\t\t\t\t\t\t<\/div>\n\t\t\t\t\t\t\t\t\t\t\t<div class=\"col-sm-3\">\n\t\t\t\t\t\t\t\n<article class=\"format-standard\">\n    <span class=\"date text-right\"><i class=\"fal fa-calendar-alt\"><\/i> 19-05-2019<\/span>\n    <a href=\"https:\/\/pb.edu.pl\/azs\/2019\/05\/19\/akademicki-srodowiskowy-turniej-koszykowki-mezczyzn-o-mistrzostwo-wojewodztwa-podlaskiego\/\">\n      <div class=\"article-image\">\n        <img loading=\"lazy\" decoding=\"async\" width=\"434\" height=\"285\" src=\"https:\/\/pb.edu.pl\/azs\/wp-content\/uploads\/sites\/22\/2019\/04\/image024.jpg\" class=\"attachment-medium-image-16x10 size-medium-image-16x10 wp-post-image\" alt=\"\" srcset=\"https:\/\/pb.edu.pl\/azs\/wp-content\/uploads\/sites\/22\/2019\/04\/image024.jpg 434w, https:\/\/pb.edu.pl\/azs\/wp-content\/uploads\/sites\/22\/2019\/04\/image024-300x197.jpg 300w\" sizes=\"auto, (max-width: 434px) 100vw, 434px\" \/>      <\/div>\n      <h3>AKADEMICKI \u015aRODOWISKOWY TURNIEJ KOSZYK\u00d3WKI  M\u0118\u017bCZYZN O MISTRZOSTWO WOJEW\u00d3DZTWA PODLASKIEGO<\/h3>\n      W dniach 21.05.2019 \u2013 4.06.2019 r. w hali ACS Politechniki Bia\u0142ostockiej    <\/a>\n<\/article>\t\t\t\t\t\t<\/div>\n\t\t\t\t\t\t\t\t\t\t\t<div class=\"col-sm-3\">\n\t\t\t\t\t\t\t\n<article class=\"format-standard\">\n    <span class=\"date text-right\"><i class=\"fal fa-calendar-alt\"><\/i> 19-05-2019<\/span>\n    <a href=\"https:\/\/pb.edu.pl\/azs\/2019\/05\/19\/akademickie-mistrzostwa-polski-w-strzelectwie-sportowym\/\">\n      <div class=\"article-image\">\n        <img loading=\"lazy\" decoding=\"async\" width=\"317\" height=\"300\" src=\"https:\/\/pb.edu.pl\/azs\/wp-content\/uploads\/sites\/22\/2019\/05\/amp_strzelectwo.jpg\" class=\"attachment-medium-image-16x10 size-medium-image-16x10 wp-post-image\" alt=\"\" srcset=\"https:\/\/pb.edu.pl\/azs\/wp-content\/uploads\/sites\/22\/2019\/05\/amp_strzelectwo.jpg 448w, https:\/\/pb.edu.pl\/azs\/wp-content\/uploads\/sites\/22\/2019\/05\/amp_strzelectwo-300x284.jpg 300w\" sizes=\"auto, (max-width: 317px) 100vw, 317px\" \/>      <\/div>\n      <h3>AKADEMICKIE MISTRZOSTWA POLSKI W STRZELECTWIE SPORTOWYM<\/h3>\n      AMP w strzelectwie sportowym (Bydgoszcz 12-14.04.2019) https:\/\/pasja.azs.pl\/bydgoszczanie-najlepsi-u-siebie\/ Klasyfikacja generalna &#8211; PB    <\/a>\n<\/article>\t\t\t\t\t\t<\/div>\n\t\t\t\t\t\t\t\t\t\t\t<div class=\"col-sm-3\">\n\t\t\t\t\t\t\t\n<article class=\"format-standard\">\n    <span class=\"date text-right\"><i class=\"fal fa-calendar-alt\"><\/i> 19-05-2019<\/span>\n    <a href=\"https:\/\/pb.edu.pl\/azs\/2019\/05\/19\/akademickie-mistrzostwa-polski-w-judo\/\">\n      <div class=\"article-image\">\n        <img loading=\"lazy\" decoding=\"async\" width=\"298\" height=\"300\" src=\"https:\/\/pb.edu.pl\/azs\/wp-content\/uploads\/sites\/22\/2019\/05\/amp_judo.jpg\" class=\"attachment-medium-image-16x10 size-medium-image-16x10 wp-post-image\" alt=\"\" srcset=\"https:\/\/pb.edu.pl\/azs\/wp-content\/uploads\/sites\/22\/2019\/05\/amp_judo.jpg 476w, https:\/\/pb.edu.pl\/azs\/wp-content\/uploads\/sites\/22\/2019\/05\/amp_judo-150x150.jpg 150w, https:\/\/pb.edu.pl\/azs\/wp-content\/uploads\/sites\/22\/2019\/05\/amp_judo-298x300.jpg 298w\" sizes=\"auto, (max-width: 298px) 100vw, 298px\" \/>      <\/div>\n      <h3>AKADEMICKIE MISTRZOSTWA POLSKI W JUDO<\/h3>\n      AMP w judo (Pi\u0142a 12-14.04.2019) Pawe\u0142 Radgowski &#8211; 2 miejsce w    <\/a>\n<\/article>\t\t\t\t\t\t<\/div>\n\t\t\t\t\t\t\t\t\t\t\t<div class=\"col-sm-3\">\n\t\t\t\t\t\t\t\n<article class=\"format-standard\">\n    <span class=\"date text-right\"><i class=\"fal fa-calendar-alt\"><\/i> 19-05-2019<\/span>\n    <a href=\"https:\/\/pb.edu.pl\/azs\/2019\/05\/19\/akademicki-mistrzostwa-polski-biegi-przelajowe-suprasl-12-13-04-2019\/\">\n      <div class=\"article-image\">\n        <img loading=\"lazy\" decoding=\"async\" width=\"480\" height=\"270\" src=\"https:\/\/pb.edu.pl\/azs\/wp-content\/uploads\/sites\/22\/2019\/03\/amp_supra\u015bl.jpg\" class=\"attachment-medium-image-16x10 size-medium-image-16x10 wp-post-image\" alt=\"\" srcset=\"https:\/\/pb.edu.pl\/azs\/wp-content\/uploads\/sites\/22\/2019\/03\/amp_supra\u015bl.jpg 1919w, https:\/\/pb.edu.pl\/azs\/wp-content\/uploads\/sites\/22\/2019\/03\/amp_supra\u015bl-300x169.jpg 300w, https:\/\/pb.edu.pl\/azs\/wp-content\/uploads\/sites\/22\/2019\/03\/amp_supra\u015bl-768x432.jpg 768w, https:\/\/pb.edu.pl\/azs\/wp-content\/uploads\/sites\/22\/2019\/03\/amp_supra\u015bl-1024x576.jpg 1024w\" sizes=\"auto, (max-width: 480px) 100vw, 480px\" \/>      <\/div>\n      <h3>Akademicki Mistrzostwa Polski &#8211; BIEGI PRZE\u0141AJOWE, Supra\u015bl 12-13.04.2019<\/h3>\n      KLUB \u015aRODOWISKOWY AKADEMICKIEGO ZWI\u0104ZKU SPORTOWEGO WOJEW\u00d3DZTWA PODLASKIEGO ORGANIZATOREM AKADEMICKICH MISTRZOSTW POLSKI    <\/a>\n<\/article>\t\t\t\t\t\t<\/div>\n\t\t\t\t\t\t\t\t\t\t\t<div class=\"col-sm-3\">\n\t\t\t\t\t\t\t\n<article class=\"format-standard\">\n    <span class=\"date text-right\"><i class=\"fal fa-calendar-alt\"><\/i> 14-05-2019<\/span>\n    <a href=\"https:\/\/pb.edu.pl\/azs\/2019\/05\/14\/mistrzostwa-politechniki-w-siatkowce\/\">\n      <div class=\"article-image\">\n        <img loading=\"lazy\" decoding=\"async\" width=\"263\" height=\"173\" src=\"https:\/\/pb.edu.pl\/azs\/wp-content\/uploads\/sites\/22\/2019\/04\/mp_siatkowka.jpg\" class=\"attachment-medium-image-16x10 size-medium-image-16x10 wp-post-image\" alt=\"\" \/>      <\/div>\n      <h3>MISTRZOSTWA  POLITECHNIKI  W SIATK\u00d3WCE<\/h3>\n      Zespo\u0142y: Grupa \u201eA\u201d Budownictwo (kapitan Piotr Andraka) In\u017cynieria Zarz. (kapitan Piotr    <\/a>\n<\/article>\t\t\t\t\t\t<\/div>\n\t\t\t\t\t\t\t\t\t\t\t<div class=\"col-sm-3\">\n\t\t\t\t\t\t\t\n<article class=\"format-standard\">\n    <span class=\"date text-right\"><i class=\"fal fa-calendar-alt\"><\/i> 08-05-2019<\/span>\n    <a href=\"https:\/\/pb.edu.pl\/azs\/2019\/05\/08\/amp-kolarstwo-gorskie-ogrodzieniec-26-28-04-2019\/\">\n      <div class=\"article-image\">\n        <img loading=\"lazy\" decoding=\"async\" width=\"450\" height=\"300\" src=\"https:\/\/pb.edu.pl\/azs\/wp-content\/uploads\/sites\/22\/2019\/04\/azs_mtb.jpg\" class=\"attachment-medium-image-16x10 size-medium-image-16x10 wp-post-image\" alt=\"\" srcset=\"https:\/\/pb.edu.pl\/azs\/wp-content\/uploads\/sites\/22\/2019\/04\/azs_mtb.jpg 957w, https:\/\/pb.edu.pl\/azs\/wp-content\/uploads\/sites\/22\/2019\/04\/azs_mtb-300x200.jpg 300w, https:\/\/pb.edu.pl\/azs\/wp-content\/uploads\/sites\/22\/2019\/04\/azs_mtb-768x512.jpg 768w, https:\/\/pb.edu.pl\/azs\/wp-content\/uploads\/sites\/22\/2019\/04\/azs_mtb-480x320.jpg 480w\" sizes=\"auto, (max-width: 450px) 100vw, 450px\" \/>      <\/div>\n      <h3>AMP KOLARSTWO G\u00d3RSKIE Ogrodzieniec 26-28.04.2019<\/h3>\n      Trzech student\u00f3w Klubu Uczelnianego Politechniki Bia\u0142ostockiej reprezentowa\u0142o nasz\u0105 Uczelni\u0119 na Akademickich    <\/a>\n<\/article>\t\t\t\t\t\t<\/div>\n\t\t\t\t\t\t\t\t\t\t\t<div class=\"col-sm-3\">\n\t\t\t\t\t\t\t\n<article class=\"format-standard\">\n    <span class=\"date text-right\"><i class=\"fal fa-calendar-alt\"><\/i> 08-05-2019<\/span>\n    <a href=\"https:\/\/pb.edu.pl\/azs\/2019\/05\/08\/mistrzostwa-politechniki-bialostockiej-w-koszykowce-13-05-20-05-2019\/\">\n      <div class=\"article-image\">\n        <img loading=\"lazy\" decoding=\"async\" width=\"434\" height=\"285\" src=\"https:\/\/pb.edu.pl\/azs\/wp-content\/uploads\/sites\/22\/2019\/04\/image024.jpg\" class=\"attachment-medium-image-16x10 size-medium-image-16x10 wp-post-image\" alt=\"\" srcset=\"https:\/\/pb.edu.pl\/azs\/wp-content\/uploads\/sites\/22\/2019\/04\/image024.jpg 434w, https:\/\/pb.edu.pl\/azs\/wp-content\/uploads\/sites\/22\/2019\/04\/image024-300x197.jpg 300w\" sizes=\"auto, (max-width: 434px) 100vw, 434px\" \/>      <\/div>\n      <h3>MISTRZOSTWA POLITECHNIKI BIA\u0141OSTOCKIEJ W KOSZYK\u00d3WCE  13.05 &#8211; 20.05.2019<\/h3>\n      UCZESTNICY ZAWOD\u00d3W: WYDZIA\u0141 ZARZ\u0104DZANIA &#8211; Z WYDZIA\u0141 ELEKTRYCZNY &#8211; E PRACOWNICY    <\/a>\n<\/article>\t\t\t\t\t\t<\/div>\n\t\t\t\t\t\n\t\t\t\t\n\t\t\t\t\t<\/div>\n\t\t\t\t\t<\/div>\n\n&nbsp;<\/p>\n<div id=\"box-menu\" class=\"href\"><\/div>\n<div class=\"row\">\n<div class=\"col-sm-3\">\n<div class=\"panel panel-default panel-sport animated zoomIn\">\n<div class=\"panel-heading text-center\"><span class=\"lead\">Sekcje AZS PB<\/span><\/div>\n<div class=\"panel-body\">\n<div class=\"image\"><a title=\"Przejd\u017a do sekcji AZS PB\" href=\"\/azs\/sekcje-azs-pb\/\"><img loading=\"lazy\" decoding=\"async\" class=\"aligncenter size-full wp-image-65\" src=\"https:\/\/pb.edu.pl\/azs\/wp-content\/uploads\/sites\/22\/2018\/10\/azs_sekcje.png\" alt=\"gwizdek grafika\" width=\"600\" height=\"363\" srcset=\"https:\/\/pb.edu.pl\/azs\/wp-content\/uploads\/sites\/22\/2018\/10\/azs_sekcje.png 600w, https:\/\/pb.edu.pl\/azs\/wp-content\/uploads\/sites\/22\/2018\/10\/azs_sekcje-300x182.png 300w\" sizes=\"auto, (max-width: 600px) 100vw, 600px\" \/><\/a><\/div>\n<\/div>\n<\/div>\n<\/div>\n<div class=\"col-sm-3\">\n<div class=\"panel panel-default panel-sport animated zoomIn\">\n<div class=\"panel-heading text-center\"><span class=\"lead\">Zarz\u0105d AZS PB<\/span><\/div>\n<div class=\"panel-body\">\n<div class=\"image\"><a title=\"Przejd\u017a do zarz\u0105du AZS PB\" href=\"\/azs\/zarzad-azs-pb\/\"><img loading=\"lazy\" decoding=\"async\" class=\"aligncenter size-full wp-image-66\" src=\"https:\/\/pb.edu.pl\/azs\/wp-content\/uploads\/sites\/22\/2018\/10\/azs_zarzad.png\" alt=\"3 osoby przy biurku grafika\" width=\"600\" height=\"363\" srcset=\"https:\/\/pb.edu.pl\/azs\/wp-content\/uploads\/sites\/22\/2018\/10\/azs_zarzad.png 600w, https:\/\/pb.edu.pl\/azs\/wp-content\/uploads\/sites\/22\/2018\/10\/azs_zarzad-300x182.png 300w\" sizes=\"auto, (max-width: 600px) 100vw, 600px\" \/><\/a><\/div>\n<\/div>\n<\/div>\n<\/div>\n<div class=\"col-sm-3\">\n<div class=\"panel panel-default panel-sport animated zoomIn\">\n<div class=\"panel-heading text-center\"><span class=\"lead\">Galeria<\/span><\/div>\n<div class=\"panel-body\">\n<div class=\"image\"><a title=\"Przejd\u017a do galerii zdj\u0119\u0107\" href=\"\/azs\/galeria\/\"><img loading=\"lazy\" decoding=\"async\" class=\"aligncenter size-full wp-image-67\" src=\"https:\/\/pb.edu.pl\/azs\/wp-content\/uploads\/sites\/22\/2018\/10\/azs_galeria.png\" alt=\"aparat fotograficzny grafika\" width=\"600\" height=\"363\" srcset=\"https:\/\/pb.edu.pl\/azs\/wp-content\/uploads\/sites\/22\/2018\/10\/azs_galeria.png 600w, https:\/\/pb.edu.pl\/azs\/wp-content\/uploads\/sites\/22\/2018\/10\/azs_galeria-300x182.png 300w\" sizes=\"auto, (max-width: 600px) 100vw, 600px\" \/><\/a><\/div>\n<\/div>\n<\/div>\n<\/div>\n<div class=\"col-sm-3\">\n<div class=\"panel panel-default panel-sport animated zoomIn\">\n<div class=\"panel-heading text-center\"><span class=\"lead\">Kontakt<\/span><\/div>\n<div class=\"panel-body\">\n<div class=\"image\"><a title=\"Przejd\u017a do kontaktu\" href=\"\/azs\/kontakt\/\"><img loading=\"lazy\" decoding=\"async\" class=\"aligncenter size-full wp-image-68\" src=\"https:\/\/pb.edu.pl\/azs\/wp-content\/uploads\/sites\/22\/2018\/10\/azs_kontakt-1.png\" alt=\"informacja w dymkach grafika\" width=\"600\" height=\"363\" srcset=\"https:\/\/pb.edu.pl\/azs\/wp-content\/uploads\/sites\/22\/2018\/10\/azs_kontakt-1.png 600w, https:\/\/pb.edu.pl\/azs\/wp-content\/uploads\/sites\/22\/2018\/10\/azs_kontakt-1-300x182.png 300w\" sizes=\"auto, (max-width: 600px) 100vw, 600px\" \/><\/a><\/div>\n<\/div>\n<\/div>\n<\/div>\n<\/div>\n","protected":false},"excerpt":{"rendered":"<p>&nbsp;<\/p>\n","protected":false},"author":2,"featured_media":0,"parent":0,"menu_order":1,"comment_status":"closed","ping_status":"closed","template":"templates\/dzial.php","meta":{"_acf_changed":false,"ngg_post_thumbnail":0,"footnotes":""},"class_list":["post-11","page","type-page","status-publish","hentry"],"acf":[],"_links":{"self":[{"href":"https:\/\/pb.edu.pl\/azs\/wp-json\/wp\/v2\/pages\/11","targetHints":{"allow":["GET"]}}],"collection":[{"href":"https:\/\/pb.edu.pl\/azs\/wp-json\/wp\/v2\/pages"}],"about":[{"href":"https:\/\/pb.edu.pl\/azs\/wp-json\/wp\/v2\/types\/page"}],"author":[{"embeddable":true,"href":"https:\/\/pb.edu.pl\/azs\/wp-json\/wp\/v2\/users\/2"}],"replies":[{"embeddable":true,"href":"https:\/\/pb.edu.pl\/azs\/wp-json\/wp\/v2\/comments?post=11"}],"version-history":[{"count":0,"href":"https:\/\/pb.edu.pl\/azs\/wp-json\/wp\/v2\/pages\/11\/revisions"}],"wp:attachment":[{"href":"https:\/\/pb.edu.pl\/azs\/wp-json\/wp\/v2\/media?parent=11"}],"curies":[{"name":"wp","href":"https:\/\/api.w.org\/{rel}","templated":true}]}}